{"id":1048,"date":"2022-04-20T21:28:23","date_gmt":"2022-04-20T19:28:23","guid":{"rendered":"https:\/\/www.taisykla7.lt\/?page_id=1048"},"modified":"2024-12-07T00:07:03","modified_gmt":"2024-12-06T21:07:03","slug":"tomtom-garmin-igo-atnaujinimas","status":"publish","type":"page","link":"https:\/\/www.taisykla7.lt\/en\/tomtom-garmin-igo-atnaujinimas\/","title":{"rendered":"TomTom, Garmin, iGo update"},"content":{"rendered":"<ul class=\"wp-block-list\">\n<li><strong>Vilnius<\/strong> - Kareivi\u0173 g. 11A \"RIMI\" <a href=\"tel:+37065577057\">+370-655-77057<\/a><\/li>\n\n\n\n<li><strong>Kaunas<\/strong> - 155 Savanori\u0173 Ave. <a href=\"tel:+37063969600\">+370-639-69600<\/a><\/li>\n\n\n\n<li><strong>Klaip\u0117da<\/strong> - Sausio 15-osios str. 13 <a href=\"tel:+37064707741\">+370-647-07741<\/a><\/li>\n\n\n\n<li><strong>\u0160iauliai<\/strong> - Gegu\u017ei\u0173 g. 30 \"Arena\" <a href=\"tel:+37068229052\">+370-682-29052<\/a><\/li>\n<\/ul>\n\n\n\n<p>Taisykla7 for all types of portable navigation devices (PNDs) <strong>Repair and update of TomTom, Garmin, iGo <\/strong>and others. We update with the latest Lithuanian and European maps. We can record road maps for both cars and trucks.<\/p>\n\n\n\n<ul class=\"wp-block-list\">\n<li><strong>Updating TomTom navigation maps<\/strong><\/li>\n\n\n\n<li><strong>TomTom navigation repair<\/strong><\/li>\n\n\n\n<li>Garmin navigation map update<\/li>\n\n\n\n<li>Garmin navigation repair<\/li>\n\n\n\n<li><strong>Updating and repairing navigation devices with iGo maps<\/strong><\/li>\n<\/ul>\n\n\n\n<p>We also record navigation on iPhone, Samsung Galaxy and other phones, and carry out various repairs.<\/p>\n\n\n\n<ul class=\"wp-block-list\">\n<li>Replacing broken navigation screens<\/li>\n\n\n\n<li>Rewiring broken sockets<\/li>\n\n\n\n<li>Recording radar, speed cameras, landmarks<\/li>\n\n\n\n<li>Software overwriting<\/li>\n\n\n\n<li>Lithuanian language implementation, voices<\/li>\n\n\n\n<li>Repair of all software and technical faults<\/li>\n<\/ul>\n\n\n\n<p><strong>We always carry out an initial diagnosis within 1 working day before repairs<\/strong>. <strong>Need more detailed information? <a href=\"\/en\/kontaktai\/\">Contact us<\/a>.<\/strong><\/p>\n\n\n\n<figure class=\"wp-block-image size-full\"><img loading=\"lazy\" decoding=\"async\" width=\"640\" height=\"378\" src=\"https:\/\/www.taisykla7.lt\/wp-content\/uploads\/2022\/04\/tomtom_atnaujinimas.jpg\" alt=\"tomtom atnaujinimas\" class=\"wp-image-1050\" srcset=\"https:\/\/www.taisykla7.lt\/wp-content\/uploads\/2022\/04\/tomtom_atnaujinimas.jpg 640w, https:\/\/www.taisykla7.lt\/wp-content\/uploads\/2022\/04\/tomtom_atnaujinimas-300x177.jpg 300w\" sizes=\"auto, (max-width: 640px) 100vw, 640px\" \/><\/figure>\n\n\n\n<h2 class=\"wp-block-heading\">iGo \/ Garmin \/ TomTom upgrade and repair - price list<\/h2>\n\n\n\n<p>These are indicative prices. Prices do not include parts. Exact prices vary depending on the specifics of the fault - sometimes the part can be repaired, sometimes it needs to be replaced (parts prices vary for each navigation and require disassembly of the navigation to determine the price). Diagnostics are usually carried out on the same day if brought in before lunchtime. Otherwise, the next working day. Post-diagnosis work is usually completed within 1-5 working days. When specific parts need to be ordered, work may take longer.<\/p>\n\n\n\n<ul class=\"wp-block-list\">\n<li><strong>5 eur<\/strong> - diagnostics, fault and repair timescales, by telephone<\/li>\n\n\n\n<li><strong>from \u20ac15<\/strong> - replacing or repairing a power or other socket (usually broken)<\/li>\n\n\n\n<li><strong>from 10 eur<\/strong> - replacing the screen (matrix)<\/li>\n\n\n\n<li><strong>from 12 eur<\/strong> - updating or recording iGo navigation for various manufacturers<\/li>\n\n\n\n<li><strong>64 euros<\/strong> - TomTom, Garmin navigation upgrade (includes the cost of the necessary licence)<\/li>\n<\/ul>\n\n\n\n<p><a href=\"https:\/\/www.igonavigation.com\/\" target=\"_blank\" rel=\"noreferrer noopener\">iGO's latest map information.<\/a><\/p>","protected":false},"excerpt":{"rendered":"<p>Taisykla7 repairs and upgrades all types of portable navigation devices (PNDs) - TomTom, Garmin, iGo and others. We update with the latest Lithuanian and European maps. We can record road maps for both cars and trucks. We also record navigation on iPhone, Samsung Galaxy and other phones and perform various repairs. iGo \/ Garmin \/ TomTom update and...&nbsp;<a href=\"https:\/\/www.taisykla7.lt\/en\/tomtom-garmin-igo-atnaujinimas\/\" rel=\"bookmark\">Read More \"<span class=\"screen-reader-text\">TomTom, Garmin, iGo update<\/span><\/a><\/p>","protected":false},"author":1,"featured_media":0,"parent":0,"menu_order":0,"comment_status":"closed","ping_status":"closed","template":"","meta":{"_uag_custom_page_level_css":"","neve_meta_sidebar":"","neve_meta_container":"","neve_meta_enable_content_width":"","neve_meta_content_width":0,"neve_meta_title_alignment":"","neve_meta_author_avatar":"","neve_post_elements_order":"","neve_meta_disable_header":"","neve_meta_disable_footer":"","neve_meta_disable_title":"","footnotes":""},"class_list":["post-1048","page","type-page","status-publish","hentry"],"yoast_head":"<!-- This site is optimized with the Yoast SEO plugin v27.3 - https:\/\/yoast.com\/product\/yoast-seo-wordpress\/ -->\n<title>TomTom, Garmin, iGo atnaujinimas Elektronikos remontas Vilniuje, Kaune, Klaip\u0117doje, \u0160iauliuose<\/title>\n<meta name=\"description\" content=\"TomTom, Garmin, iGo remontas ir \u017eem\u0117lapi\u0173 atnaujinimas. Vilniuj, Kaune, Klaip\u0117doje, \u0160iauliuose. Tel. 8-639-69600\" \/>\n<meta name=\"robots\" content=\"index, follow, max-snippet:-1, max-image-preview:large, max-video-preview:-1\" \/>\n<link rel=\"canonical\" href=\"https:\/\/www.taisykla7.lt\/en\/tomtom-garmin-igo-atnaujinimas\/\" \/>\n<meta property=\"og:locale\" content=\"en_US\" \/>\n<meta property=\"og:type\" content=\"article\" \/>\n<meta property=\"og:title\" content=\"TomTom, Garmin, iGo atnaujinimas Elektronikos remontas Vilniuje, Kaune, Klaip\u0117doje, \u0160iauliuose\" \/>\n<meta property=\"og:description\" content=\"TomTom, Garmin, iGo remontas ir \u017eem\u0117lapi\u0173 atnaujinimas. Vilniuj, Kaune, Klaip\u0117doje, \u0160iauliuose. Tel. 8-639-69600\" \/>\n<meta property=\"og:url\" content=\"https:\/\/www.taisykla7.lt\/en\/tomtom-garmin-igo-atnaujinimas\/\" \/>\n<meta property=\"og:site_name\" content=\"Elektronikos remontas Vilniuje, Kaune, Klaip\u0117doje, \u0160iauliuose\" \/>\n<meta property=\"article:modified_time\" content=\"2024-12-06T21:07:03+00:00\" \/>\n<meta property=\"og:image\" content=\"https:\/\/www.taisykla7.lt\/wp-content\/uploads\/2022\/04\/tomtom_atnaujinimas.jpg\" \/>\n\t<meta property=\"og:image:width\" content=\"640\" \/>\n\t<meta property=\"og:image:height\" content=\"378\" \/>\n\t<meta property=\"og:image:type\" content=\"image\/jpeg\" \/>\n<meta name=\"twitter:card\" content=\"summary_large_image\" \/>\n<meta name=\"twitter:label1\" content=\"Est. reading time\" \/>\n\t<meta name=\"twitter:data1\" content=\"2 minutes\" \/>\n<script type=\"application\/ld+json\" class=\"yoast-schema-graph\">{\"@context\":\"https:\\\/\\\/schema.org\",\"@graph\":[{\"@type\":\"WebPage\",\"@id\":\"https:\\\/\\\/www.taisykla7.lt\\\/tomtom-garmin-igo-atnaujinimas\\\/\",\"url\":\"https:\\\/\\\/www.taisykla7.lt\\\/tomtom-garmin-igo-atnaujinimas\\\/\",\"name\":\"TomTom, Garmin, iGo atnaujinimas Elektronikos remontas Vilniuje, Kaune, Klaip\u0117doje, \u0160iauliuose\",\"isPartOf\":{\"@id\":\"https:\\\/\\\/www.taisykla7.lt\\\/#website\"},\"primaryImageOfPage\":{\"@id\":\"https:\\\/\\\/www.taisykla7.lt\\\/tomtom-garmin-igo-atnaujinimas\\\/#primaryimage\"},\"image\":{\"@id\":\"https:\\\/\\\/www.taisykla7.lt\\\/tomtom-garmin-igo-atnaujinimas\\\/#primaryimage\"},\"thumbnailUrl\":\"https:\\\/\\\/www.taisykla7.lt\\\/wp-content\\\/uploads\\\/2022\\\/04\\\/tomtom_atnaujinimas.jpg\",\"datePublished\":\"2022-04-20T19:28:23+00:00\",\"dateModified\":\"2024-12-06T21:07:03+00:00\",\"description\":\"TomTom, Garmin, iGo remontas ir \u017eem\u0117lapi\u0173 atnaujinimas. Vilniuj, Kaune, Klaip\u0117doje, \u0160iauliuose. Tel. 8-639-69600\",\"breadcrumb\":{\"@id\":\"https:\\\/\\\/www.taisykla7.lt\\\/tomtom-garmin-igo-atnaujinimas\\\/#breadcrumb\"},\"inLanguage\":\"en-US\",\"potentialAction\":[{\"@type\":\"ReadAction\",\"target\":[\"https:\\\/\\\/www.taisykla7.lt\\\/tomtom-garmin-igo-atnaujinimas\\\/\"]}]},{\"@type\":\"ImageObject\",\"inLanguage\":\"en-US\",\"@id\":\"https:\\\/\\\/www.taisykla7.lt\\\/tomtom-garmin-igo-atnaujinimas\\\/#primaryimage\",\"url\":\"https:\\\/\\\/www.taisykla7.lt\\\/wp-content\\\/uploads\\\/2022\\\/04\\\/tomtom_atnaujinimas.jpg\",\"contentUrl\":\"https:\\\/\\\/www.taisykla7.lt\\\/wp-content\\\/uploads\\\/2022\\\/04\\\/tomtom_atnaujinimas.jpg\"},{\"@type\":\"BreadcrumbList\",\"@id\":\"https:\\\/\\\/www.taisykla7.lt\\\/tomtom-garmin-igo-atnaujinimas\\\/#breadcrumb\",\"itemListElement\":[{\"@type\":\"ListItem\",\"position\":1,\"name\":\"Pagrindinis\",\"item\":\"https:\\\/\\\/www.taisykla7.lt\\\/\"},{\"@type\":\"ListItem\",\"position\":2,\"name\":\"TomTom, Garmin, iGo atnaujinimas\"}]},{\"@type\":\"WebSite\",\"@id\":\"https:\\\/\\\/www.taisykla7.lt\\\/#website\",\"url\":\"https:\\\/\\\/www.taisykla7.lt\\\/\",\"name\":\"Elektronikos remontas Vilniuje, Kaune, Klaip\u0117doje, \u0160iauliuose\",\"description\":\"Televizori\u0173, paspirtuk\u0173, kompiuteri\u0173, telefon\u0173, kavos aparat\u0173 ir kitos technikos remontas \\\/ taisykla\",\"publisher\":{\"@id\":\"https:\\\/\\\/www.taisykla7.lt\\\/#organization\"},\"potentialAction\":[{\"@type\":\"SearchAction\",\"target\":{\"@type\":\"EntryPoint\",\"urlTemplate\":\"https:\\\/\\\/www.taisykla7.lt\\\/?s={search_term_string}\"},\"query-input\":{\"@type\":\"PropertyValueSpecification\",\"valueRequired\":true,\"valueName\":\"search_term_string\"}}],\"inLanguage\":\"en-US\"},{\"@type\":\"Organization\",\"@id\":\"https:\\\/\\\/www.taisykla7.lt\\\/#organization\",\"name\":\"Elektronikos remontas Vilniuje, Kaune, Klaip\u0117doje, \u0160iauliuose\",\"url\":\"https:\\\/\\\/www.taisykla7.lt\\\/\",\"logo\":{\"@type\":\"ImageObject\",\"inLanguage\":\"en-US\",\"@id\":\"https:\\\/\\\/www.taisykla7.lt\\\/#\\\/schema\\\/logo\\\/image\\\/\",\"url\":\"https:\\\/\\\/www.taisykla7.lt\\\/wp-content\\\/uploads\\\/2022\\\/04\\\/taisykla7_logo.jpg\",\"contentUrl\":\"https:\\\/\\\/www.taisykla7.lt\\\/wp-content\\\/uploads\\\/2022\\\/04\\\/taisykla7_logo.jpg\",\"width\":400,\"height\":100,\"caption\":\"Elektronikos remontas Vilniuje, Kaune, Klaip\u0117doje, \u0160iauliuose\"},\"image\":{\"@id\":\"https:\\\/\\\/www.taisykla7.lt\\\/#\\\/schema\\\/logo\\\/image\\\/\"}}]}<\/script>\n<!-- \/ Yoast SEO plugin. -->","yoast_head_json":{"title":"TomTom, Garmin, iGo atnaujinimas Elektronikos remontas Vilniuje, Kaune, Klaip\u0117doje, \u0160iauliuose","description":"TomTom, Garmin, iGo repairs and map updates. Vilnius, Kaunas, Klaip\u0117da, \u0160iauliai. Tel. 8-639-69600","robots":{"index":"index","follow":"follow","max-snippet":"max-snippet:-1","max-image-preview":"max-image-preview:large","max-video-preview":"max-video-preview:-1"},"canonical":"https:\/\/www.taisykla7.lt\/en\/tomtom-garmin-igo-atnaujinimas\/","og_locale":"en_US","og_type":"article","og_title":"TomTom, Garmin, iGo atnaujinimas Elektronikos remontas Vilniuje, Kaune, Klaip\u0117doje, \u0160iauliuose","og_description":"TomTom, Garmin, iGo remontas ir \u017eem\u0117lapi\u0173 atnaujinimas. Vilniuj, Kaune, Klaip\u0117doje, \u0160iauliuose. Tel. 8-639-69600","og_url":"https:\/\/www.taisykla7.lt\/en\/tomtom-garmin-igo-atnaujinimas\/","og_site_name":"Elektronikos remontas Vilniuje, Kaune, Klaip\u0117doje, \u0160iauliuose","article_modified_time":"2024-12-06T21:07:03+00:00","og_image":[{"width":640,"height":378,"url":"https:\/\/www.taisykla7.lt\/wp-content\/uploads\/2022\/04\/tomtom_atnaujinimas.jpg","type":"image\/jpeg"}],"twitter_card":"summary_large_image","twitter_misc":{"Est. reading time":"2 minutes"},"schema":{"@context":"https:\/\/schema.org","@graph":[{"@type":"WebPage","@id":"https:\/\/www.taisykla7.lt\/tomtom-garmin-igo-atnaujinimas\/","url":"https:\/\/www.taisykla7.lt\/tomtom-garmin-igo-atnaujinimas\/","name":"TomTom, Garmin, iGo atnaujinimas Elektronikos remontas Vilniuje, Kaune, Klaip\u0117doje, \u0160iauliuose","isPartOf":{"@id":"https:\/\/www.taisykla7.lt\/#website"},"primaryImageOfPage":{"@id":"https:\/\/www.taisykla7.lt\/tomtom-garmin-igo-atnaujinimas\/#primaryimage"},"image":{"@id":"https:\/\/www.taisykla7.lt\/tomtom-garmin-igo-atnaujinimas\/#primaryimage"},"thumbnailUrl":"https:\/\/www.taisykla7.lt\/wp-content\/uploads\/2022\/04\/tomtom_atnaujinimas.jpg","datePublished":"2022-04-20T19:28:23+00:00","dateModified":"2024-12-06T21:07:03+00:00","description":"TomTom, Garmin, iGo repairs and map updates. Vilnius, Kaunas, Klaip\u0117da, \u0160iauliai. Tel. 8-639-69600","breadcrumb":{"@id":"https:\/\/www.taisykla7.lt\/tomtom-garmin-igo-atnaujinimas\/#breadcrumb"},"inLanguage":"en-US","potentialAction":[{"@type":"ReadAction","target":["https:\/\/www.taisykla7.lt\/tomtom-garmin-igo-atnaujinimas\/"]}]},{"@type":"ImageObject","inLanguage":"en-US","@id":"https:\/\/www.taisykla7.lt\/tomtom-garmin-igo-atnaujinimas\/#primaryimage","url":"https:\/\/www.taisykla7.lt\/wp-content\/uploads\/2022\/04\/tomtom_atnaujinimas.jpg","contentUrl":"https:\/\/www.taisykla7.lt\/wp-content\/uploads\/2022\/04\/tomtom_atnaujinimas.jpg"},{"@type":"BreadcrumbList","@id":"https:\/\/www.taisykla7.lt\/tomtom-garmin-igo-atnaujinimas\/#breadcrumb","itemListElement":[{"@type":"ListItem","position":1,"name":"Pagrindinis","item":"https:\/\/www.taisykla7.lt\/"},{"@type":"ListItem","position":2,"name":"TomTom, Garmin, iGo atnaujinimas"}]},{"@type":"WebSite","@id":"https:\/\/www.taisykla7.lt\/#website","url":"https:\/\/www.taisykla7.lt\/","name":"Elektronikos remontas Vilniuje, Kaune, Klaip\u0117doje, \u0160iauliuose","description":"Repair\/repair of TVs, scooters, computers, telephones, coffee machines and other appliances","publisher":{"@id":"https:\/\/www.taisykla7.lt\/#organization"},"potentialAction":[{"@type":"SearchAction","target":{"@type":"EntryPoint","urlTemplate":"https:\/\/www.taisykla7.lt\/?s={search_term_string}"},"query-input":{"@type":"PropertyValueSpecification","valueRequired":true,"valueName":"search_term_string"}}],"inLanguage":"en-US"},{"@type":"Organization","@id":"https:\/\/www.taisykla7.lt\/#organization","name":"Elektronikos remontas Vilniuje, Kaune, Klaip\u0117doje, \u0160iauliuose","url":"https:\/\/www.taisykla7.lt\/","logo":{"@type":"ImageObject","inLanguage":"en-US","@id":"https:\/\/www.taisykla7.lt\/#\/schema\/logo\/image\/","url":"https:\/\/www.taisykla7.lt\/wp-content\/uploads\/2022\/04\/taisykla7_logo.jpg","contentUrl":"https:\/\/www.taisykla7.lt\/wp-content\/uploads\/2022\/04\/taisykla7_logo.jpg","width":400,"height":100,"caption":"Elektronikos remontas Vilniuje, Kaune, Klaip\u0117doje, \u0160iauliuose"},"image":{"@id":"https:\/\/www.taisykla7.lt\/#\/schema\/logo\/image\/"}}]}},"uagb_featured_image_src":{"full":false,"thumbnail":false,"medium":false,"medium_large":false,"large":false,"1536x1536":false,"2048x2048":false,"trp-custom-language-flag":false,"neve-blog":false},"uagb_author_info":{"display_name":"admin","author_link":"https:\/\/www.taisykla7.lt\/en\/author\/admin\/"},"uagb_comment_info":0,"uagb_excerpt":"Taisykla7 atliekamas vis\u0173 tip\u0173 ne\u0161iojam\u0173 navigacijos prietais\u0173 (PND) remontas ir atnaujinimas: TomTom, Garmin, iGo ir kit\u0173. Atnaujiname naujausiais Lietuvos ir Europos \u017eem\u0117lapiais. Galime \u012fra\u0161yti tiek lengv\u0173j\u0173 automobili\u0173, tiek sunkiasvori\u0173 automobili\u0173 keli\u0173 \u017eem\u0117lapius. Taip pat \u012fra\u0161ome navigacijas \u012f iPhone, Samsung Galaxy ir kitus telefonus bei atliekame \u012fvairius remonto darbus. iGo \/ Garmin \/ TomTom atnaujinimas ir&hellip;&nbsp;Read&hellip;","_links":{"self":[{"href":"https:\/\/www.taisykla7.lt\/en\/wp-json\/wp\/v2\/pages\/1048","targetHints":{"allow":["GET"]}}],"collection":[{"href":"https:\/\/www.taisykla7.lt\/en\/wp-json\/wp\/v2\/pages"}],"about":[{"href":"https:\/\/www.taisykla7.lt\/en\/wp-json\/wp\/v2\/types\/page"}],"author":[{"embeddable":true,"href":"https:\/\/www.taisykla7.lt\/en\/wp-json\/wp\/v2\/users\/1"}],"replies":[{"embeddable":true,"href":"https:\/\/www.taisykla7.lt\/en\/wp-json\/wp\/v2\/comments?post=1048"}],"version-history":[{"count":7,"href":"https:\/\/www.taisykla7.lt\/en\/wp-json\/wp\/v2\/pages\/1048\/revisions"}],"predecessor-version":[{"id":5013,"href":"https:\/\/www.taisykla7.lt\/en\/wp-json\/wp\/v2\/pages\/1048\/revisions\/5013"}],"wp:attachment":[{"href":"https:\/\/www.taisykla7.lt\/en\/wp-json\/wp\/v2\/media?parent=1048"}],"curies":[{"name":"wp","href":"https:\/\/api.w.org\/{rel}","templated":true}]}}