{"id":1153,"date":"2022-04-20T23:13:01","date_gmt":"2022-04-20T21:13:01","guid":{"rendered":"https:\/\/www.taisykla7.lt\/?page_id=1153"},"modified":"2022-04-21T23:41:13","modified_gmt":"2022-04-21T21:41:13","slug":"honda-navigacija","status":"publish","type":"page","link":"https:\/\/www.taisykla7.lt\/en\/honda-navigacija\/","title":{"rendered":"HONDA navigation"},"content":{"rendered":"<ul class=\"wp-block-list\">\n<li><strong>Vilnius<\/strong> - Kareivi\u0173 g. 11A \"RIMI\" <a href=\"tel:+37065577057\">+370-655-77057<\/a><\/li>\n\n\n\n<li><strong>Kaunas<\/strong> - 155 Savanori\u0173 Ave. <a href=\"tel:+37063969600\">+370-639-69600<\/a><\/li>\n\n\n\n<li><strong>Klaip\u0117da<\/strong> - Sausio 15-osios str. 13 <a href=\"tel:+37064707741\">+370-647-07741<\/a><\/li>\n\n\n\n<li><strong>\u0160iauliai<\/strong> - Gegu\u017ei\u0173 g. 30 \"Arena\" <a href=\"tel:+37068229052\">+370-682-29052<\/a><\/li>\n<\/ul>\n\n\n\n<p><strong>HONDA navigation Lithuania, Europe. Latest discs, maps.<\/strong><\/p>\n\n\n\n<p>Find your car navigation system. If you have any questions or concerns, please call <a href=\"tel:861777751\">our car navigation master at 8-617-77751<\/a> and we'll be happy to help.<\/p>\n\n\n\n<ul class=\"wp-block-list\"><li><strong>HONDA navigation WITH VOICE RECOGNITION and DVDs (APN2\/APN3) (code h1)<\/strong><\/li><li><strong>HONDA Navigation with Non voice recognition and DVD (APN2) (code h2)<\/strong><\/li><li><strong>HONDA Navigation Blaupunkt TravelPilot DX (code h3)<\/strong><\/li><li><strong>HONDA navigacija &#8220;HDD navigation system&#8221; (su HDD) (kodas h4)<\/strong><\/li><li><strong>HONDA navigacija &#8220;SD navigation system&#8221; (su SD kortele) (kodas h5)<\/strong><\/li><li><strong>HONDA navigacija &#8220;SSD navigation system&#8221; (su SD kortele) (kodas h6)<\/strong><\/li><\/ul>\n\n\n\n<h2 class=\"wp-block-heading\">HONDA Navigation Lithuania and Europe for Voice Recognition and DVD (APN2\/APN3) systems (code h1)<\/h2>\n\n\n\n<div class=\"wp-block-columns is-layout-flex wp-container-core-columns-is-layout-9d6595d7 wp-block-columns-is-layout-flex\">\n<div class=\"wp-block-column is-layout-flow wp-block-column-is-layout-flow\">\n<p><strong>DVD1 latest v3.8 navigation disc with maps<br><\/strong> Andorra, Austria, Belgium, Denmark, France, Germany, Ireland, Ireland, Italy, Liechtenstein, Luxembourg, Monaco, Netherlands, Portugal, Spain, San Marino, Switzerland, Vatican City, Vatican City<br><strong>DVD2 latest v3.8 navigation disc with maps<br><\/strong> Austria, Bulgaria, Croatia, Czech Republic, Denmark, Estonia, Estonia, Greece, Italy, Latvia, Poland, <strong>Lithuania (detailed)<\/strong>, Liechtenstein, Norway, Romania, San Marino, Slovakia, Slovenia, Finland, Sweden, Switzerland, Hungary, Vatican City, Germany<\/p>\n\n\n\n<p>The system is available on the following cars:<\/p>\n\n\n\n<ul class=\"wp-block-list\"><li>Legend 2006 - 2010<\/li><li>Accord 2005.12 - 2013<\/li><li>CR-V 2007 - 2013<\/li><li>Civic 3dr 2006 - 2011<\/li><li>Civic 5dr 2006 - 2011<\/li><li>Civic 4dr (IMA) 2008 - 2011<\/li><li>CR-Z 2010 - 2013<\/li><li>Insight 2009 - 2013<\/li><\/ul>\n<\/div>\n\n\n\n<div class=\"wp-block-column is-layout-flow wp-block-column-is-layout-flow\">\n<p>Different cars may have completely different appearances, so the photo does not fit.<br>Identified by the year of manufacture of the car and by the rejection principle:<br>1. There must be no SD card slot when the screen is open<br>2. There must be no SD card slot when you open the screen (there may be a CIF card slot when you open the screen!)<br>2. When the screen opens, the word HDD must not appear<br>3. Must have voice recognition. Usually a button with a talking person icon - almost always on the steering wheel. If you press it and say e.g. MENU opens the menu and Honda's voice tells you that MENU is open. Just seeing the microphone is not enough, as it can be for a hands-free device or a phone.<\/p>\n<\/div>\n<\/div>\n\n\n\n<p><strong>Latest Navigation Maps | Best Price |<\/strong> Please contact the navigation master on tel. <strong><a href=\"tel:861777751\">8-617-77751<\/a><\/strong> <a href=\"\/en\/kontaktai\/\"><strong>Vilnius, Kaunas, Klaip\u0117da, \u0160iauliai<\/strong><\/a> and we will be happy to answer any questions you may have!<\/p><hr>\n\n\n\n<h2 class=\"wp-block-heading\">HONDA Navigation Europe for Non voice recognition and DVD (APN2) systems (code h2)<\/h2>\n\n\n\n<div class=\"wp-block-columns is-layout-flex wp-container-core-columns-is-layout-9d6595d7 wp-block-columns-is-layout-flex\">\n<div class=\"wp-block-column is-layout-flow wp-block-column-is-layout-flow\">\n<p><strong>DVD1 latest v2.11 navigation disc with maps (latest version, no more updates)<br><\/strong> Austria, Belgium, Luxembourg, Denmark, France, Germany, France, Germany, Hungary, Ireland, Ireland, Italy, Portugal, Netherlands, Norway, Spain, UK, Andorra, Monaco, San Marino, Liechtenstein, Finland, Sweden, Switzerland, Vatican<\/p>\n\n\n\n<p>The system is available on the following cars:<\/p>\n\n\n\n<ul class=\"wp-block-list\"><li>Accord 2003 - 2005<\/li><li>CR-V 2002 - 2006<\/li><li>FR-V 2005 - 2009<\/li><li>Stream 2004 - 2006<\/li><li>Civic 3dr 2004 - 2005<\/li><li>Civic 5dr 2004 - 2005<\/li><li>Jazz 2002-2007<\/li><\/ul>\n<\/div>\n\n\n\n<div class=\"wp-block-column is-layout-flow wp-block-column-is-layout-flow\">\n<p>Different cars may have completely different appearances, so the photo does not fit.<br>Identified by the year of manufacture of the car and by the rejection principle:<br>1. There must be no SD card slot when the screen is open<br>2. There must be no SD card slot when the screen is open (there may be a CIF card slot when the screen is open!)<br>2. When the screen opens, the word HDD must not appear<br>3. There must NOT be voice recognition.<\/p>\n<\/div>\n<\/div>\n\n\n\n<p><strong>Latest Navigation Maps | Best Price |<\/strong> Please contact the navigation master on tel. <strong><a href=\"tel:861777751\">8-617-77751<\/a><\/strong> <a href=\"\/en\/kontaktai\/\"><strong>Vilnius, Kaunas, Klaip\u0117da, \u0160iauliai<\/strong><\/a> and we will be happy to answer any questions you may have!<\/p><hr>\n\n\n\n<h2 class=\"wp-block-heading\">HONDA navigation for Europe systems Blaupunkt TravelPilot DX (code h3)<\/h2>\n\n\n\n<div class=\"wp-block-columns is-layout-flex wp-container-core-columns-is-layout-9d6595d7 wp-block-columns-is-layout-flex\">\n<div class=\"wp-block-column is-layout-flow wp-block-column-is-layout-flow\">\n<p><strong>Latest navigation discs with maps<br><\/strong> CD1 - Austria, Switzerland, Liechtenstein, France, Germany, Italy + MRE<br>CD2 - Belgium, Netherlands, Luxembourg + European transit maps<br>CD3 - Czech Republic, <strong>Poland<\/strong> + European transit maps<br>CD4 - Germany + European transit maps<br>CD5 - Italy, San Marino, Vatican City + European transit maps<br>CD6 - Finland, Sweden, Norway, Denmark + European transit maps<br>CD7 - Spain, Portugal + European transit maps<br>CD8 - France + European transit maps<br>CD9 MRE - Transit maps of Europe<\/p>\n\n\n\n<p>The system is available on the following cars<\/p>\n\n\n\n<ul class=\"wp-block-list\"><li>Accord 1995-2007<\/li><\/ul>\n<\/div>\n\n\n\n<div class=\"wp-block-column is-layout-flow wp-block-column-is-layout-flow\">\n<div class=\"wp-block-image\"><figure class=\"aligncenter size-full\"><img loading=\"lazy\" decoding=\"async\" width=\"259\" height=\"194\" src=\"https:\/\/www.taisykla7.lt\/wp-content\/uploads\/2022\/04\/honda-navigacija-blaupunkt-travelpilot-dx.png\" alt=\"HONDA navigacija Europa sistemoms Blaupunkt TravelPilot DX (kodas h3)\" class=\"wp-image-1154\"\/><figcaption>Small screen<\/figcaption><\/figure><\/div>\n<\/div>\n<\/div>\n\n\n\n<p><strong>Latest Navigation Maps | Best Price |<\/strong> Please contact the navigation master on tel. <strong><a href=\"tel:861777751\">8-617-77751<\/a><\/strong> <a href=\"\/en\/kontaktai\/\"><strong>Vilnius, Kaunas, Klaip\u0117da, \u0160iauliai<\/strong><\/a> and we will be happy to answer any questions you may have!<\/p><hr>\n\n\n\n<h2 class=\"wp-block-heading\">HONDA navigacija sistemoms &#8220;HDD navigation system&#8221; (su HDD) (kodas h4)<\/h2>\n\n\n\n<div class=\"wp-block-columns is-layout-flex wp-container-core-columns-is-layout-9d6595d7 wp-block-columns-is-layout-flex\">\n<div class=\"wp-block-column is-layout-flow wp-block-column-is-layout-flow\">\n<p>Not updating<\/p>\n\n\n\n<p>The system is available on the following cars<\/p>\n\n\n\n<ul class=\"wp-block-list\"><li>CR-V 2009 - 2011<\/li><li>Civic 3dr 2009 - 2011<\/li><li>Civic 5dr 2009 - 2011<\/li><li>Civic 4dr (IMA) 2009 - 2011<\/li><li>CR-Z 2010 - 2011<\/li><li>Jazz 2009 - 2011<\/li><li>Insight 2009 - 2011<\/li><\/ul>\n<\/div>\n\n\n\n<div class=\"wp-block-column is-layout-flow wp-block-column-is-layout-flow\">\n<div class=\"wp-block-image\"><figure class=\"aligncenter size-full\"><img loading=\"lazy\" decoding=\"async\" width=\"229\" height=\"135\" src=\"https:\/\/www.taisykla7.lt\/wp-content\/uploads\/2022\/04\/honda-navigacija-hdd-navigation-system-su-hdd.png\" alt=\"HONDA navigacija sistemoms &quot;HDD navigation system&quot; (su HDD) (kodas h4)\" class=\"wp-image-1155\"\/><figcaption>When the screen opens, we see the HDD message. There are no other HONDA systems with HDD.<\/figcaption><\/figure><\/div>\n<\/div>\n<\/div>\n\n\n\n<p><strong>Latest Navigation Maps | Best Price |<\/strong> Please contact the navigation master on tel. <strong><a href=\"tel:861777751\">8-617-77751<\/a><\/strong> <a href=\"\/en\/kontaktai\/\"><strong>Vilnius, Kaunas, Klaip\u0117da, \u0160iauliai<\/strong><\/a> and we will be happy to answer any questions you may have!<\/p><hr>\n\n\n\n<h2 class=\"wp-block-heading\">HONDA navigacija sistemoms &#8220;SD navigation system&#8221; (su SD kortele) (kodas h5)<\/h2>\n\n\n\n<div class=\"wp-block-columns is-layout-flex wp-container-core-columns-is-layout-9d6595d7 wp-block-columns-is-layout-flex\">\n<div class=\"wp-block-column is-layout-flow wp-block-column-is-layout-flow\">\n<p>Not updating<\/p>\n\n\n\n<p>The system is available on the following cars:<\/p>\n\n\n\n<ul class=\"wp-block-list\"><li>HONDA CR-V from 2012<\/li><li>HONDA CR-Z from 2012<\/li><li>HONDA Civic 5dr from 2012<\/li><li>HONDA Insight from 2012<\/li><li>HONDA Jazz from 2012<\/li><\/ul>\n<\/div>\n\n\n\n<div class=\"wp-block-column is-layout-flow wp-block-column-is-layout-flow\">\n<div class=\"wp-block-image\"><figure class=\"aligncenter size-full\"><img loading=\"lazy\" decoding=\"async\" width=\"224\" height=\"135\" src=\"https:\/\/www.taisykla7.lt\/wp-content\/uploads\/2022\/04\/honda-navigacija-sd-navigation-system-su-sd-kortele.png\" alt=\"HONDA navigacija sistemoms &quot;SD navigation system&quot; (su SD kortele) (kodas h5)\" class=\"wp-image-1156\"\/><figcaption>The navigation SD card is inserted without opening the screen<\/figcaption><\/figure><\/div>\n<\/div>\n<\/div>\n\n\n\n<p><strong>Latest Navigation Maps | Best Price |<\/strong> Please contact the navigation master on tel. <strong><a href=\"tel:861777751\">8-617-77751<\/a><\/strong> <a href=\"\/en\/kontaktai\/\"><strong>Vilnius, Kaunas, Klaip\u0117da, \u0160iauliai<\/strong><\/a> and we will be happy to answer any questions you may have!<\/p><hr>\n\n\n\n<h2 class=\"wp-block-heading\">HONDA navigacija sistemoms &#8220;SSD navigation system&#8221; (su SD kortele) (kodas h6)<\/h2>\n\n\n\n<div class=\"wp-block-columns is-layout-flex wp-container-core-columns-is-layout-9d6595d7 wp-block-columns-is-layout-flex\">\n<div class=\"wp-block-column is-layout-flow wp-block-column-is-layout-flow\">\n<p>Not updating<\/p>\n\n\n\n<p>The system is available on the following cars:<\/p>\n\n\n\n<ul class=\"wp-block-list\"><li>HONDA CR-V 2009 - 2012<\/li><li>HONDA Civic 3dr 2009 - 2012<\/li><li>HONDA Civic 5dr 2009 - 2012<\/li><li>HONDA Civic 4dr (IMA) 2009 - 2012<\/li><li>HONDA CR-Z 2009 - 2012<\/li><li>HONDA Jazz 2009 - 2012<\/li><li>HONDA Insight 2009 - 2012<\/li><\/ul>\n<\/div>\n\n\n\n<div class=\"wp-block-column is-layout-flow wp-block-column-is-layout-flow\">\n<div class=\"wp-block-image\"><figure class=\"aligncenter size-full\"><img loading=\"lazy\" decoding=\"async\" width=\"244\" height=\"146\" src=\"https:\/\/www.taisykla7.lt\/wp-content\/uploads\/2022\/04\/honda-navigacija-ssd-navigation-system-su-sd-kortele-1.png\" alt=\"HONDA navigacija sistemoms &quot;SSD navigation system&quot; (su SD kortele) (kodas h6)\" class=\"wp-image-1157\"\/><\/figure><\/div>\n\n\n\n<div class=\"wp-block-image\"><figure class=\"aligncenter size-full\"><img loading=\"lazy\" decoding=\"async\" width=\"246\" height=\"158\" src=\"https:\/\/www.taisykla7.lt\/wp-content\/uploads\/2022\/04\/honda-navigacija-ssd-navigation-system-su-sd-kortele-2.png\" alt=\"HONDA navigacija sistemoms &quot;SSD navigation system&quot; (su SD kortele) (kodas h6)\" class=\"wp-image-1158\"\/><figcaption>The navigation SD card is inserted when the screen is open<\/figcaption><\/figure><\/div>\n<\/div>\n<\/div>\n\n\n\n<p><strong>Latest Navigation Maps | Best Price |<\/strong> Please contact the navigation master on tel. <strong><a href=\"tel:861777751\">8-617-77751<\/a><\/strong> <a href=\"\/en\/kontaktai\/\"><strong>Vilnius, Kaunas, Klaip\u0117da, \u0160iauliai<\/strong><\/a> and we will be happy to answer any questions you may have!<\/p><hr>","protected":false},"excerpt":{"rendered":"<p>HONDA navigacija Lietuva, Europa. Naujausi diskai, \u017eem\u0117lapiai. HONDA navigacija SU BALSINIU VALDYMU (Voice Recognition) ir DVD diskais (APN2\/APN3) (kodas h1) HONDA navigacija BE BALSINIO VALDYMO (Non voice recognition) ir DVD diskais (APN2) (kodas h2) HONDA navigacija Blaupunkt TravelPilot DX (kodas h3) HONDA navigacija &#8220;HDD navigation system&#8221; (su HDD) (kodas h4) HONDA navigacija &#8220;SD navigation system&#8221;&hellip;&nbsp;<a href=\"https:\/\/www.taisykla7.lt\/en\/honda-navigacija\/\" rel=\"bookmark\">Read More \"<span class=\"screen-reader-text\">HONDA navigation<\/span><\/a><\/p>","protected":false},"author":1,"featured_media":0,"parent":0,"menu_order":0,"comment_status":"closed","ping_status":"closed","template":"","meta":{"_uag_custom_page_level_css":"","neve_meta_sidebar":"","neve_meta_container":"","neve_meta_enable_content_width":"","neve_meta_content_width":0,"neve_meta_title_alignment":"","neve_meta_author_avatar":"","neve_post_elements_order":"","neve_meta_disable_header":"","neve_meta_disable_footer":"","neve_meta_disable_title":"","footnotes":""},"class_list":["post-1153","page","type-page","status-publish","hentry"],"yoast_head":"<!-- This site is optimized with the Yoast SEO plugin v27.3 - https:\/\/yoast.com\/product\/yoast-seo-wordpress\/ -->\n<title>HONDA navigacija Elektronikos remontas Vilniuje, Kaune, Klaip\u0117doje, \u0160iauliuose<\/title>\n<meta name=\"description\" content=\"HONDA navigacija Lietuva, Europa. Naujausi diskai, \u017eem\u0117lapiai. Vilniuje, Kaune, Klaip\u0117doje, \u0160iauliuose. Tel. 8-617-77751\" \/>\n<meta name=\"robots\" content=\"index, follow, max-snippet:-1, max-image-preview:large, max-video-preview:-1\" \/>\n<link rel=\"canonical\" href=\"https:\/\/www.taisykla7.lt\/en\/honda-navigacija\/\" \/>\n<meta property=\"og:locale\" content=\"en_US\" \/>\n<meta property=\"og:type\" content=\"article\" \/>\n<meta property=\"og:title\" content=\"HONDA navigacija Elektronikos remontas Vilniuje, Kaune, Klaip\u0117doje, \u0160iauliuose\" \/>\n<meta property=\"og:description\" content=\"HONDA navigacija Lietuva, Europa. Naujausi diskai, \u017eem\u0117lapiai. Vilniuje, Kaune, Klaip\u0117doje, \u0160iauliuose. Tel. 8-617-77751\" \/>\n<meta property=\"og:url\" content=\"https:\/\/www.taisykla7.lt\/en\/honda-navigacija\/\" \/>\n<meta property=\"og:site_name\" content=\"Elektronikos remontas Vilniuje, Kaune, Klaip\u0117doje, \u0160iauliuose\" \/>\n<meta property=\"article:modified_time\" content=\"2022-04-21T21:41:13+00:00\" \/>\n<meta property=\"og:image\" content=\"https:\/\/www.taisykla7.lt\/wp-content\/uploads\/2022\/04\/honda-navigacija-blaupunkt-travelpilot-dx.png\" \/>\n<meta name=\"twitter:card\" content=\"summary_large_image\" \/>\n<meta name=\"twitter:label1\" content=\"Est. reading time\" \/>\n\t<meta name=\"twitter:data1\" content=\"4 minutes\" \/>\n<script type=\"application\/ld+json\" class=\"yoast-schema-graph\">{\"@context\":\"https:\\\/\\\/schema.org\",\"@graph\":[{\"@type\":\"WebPage\",\"@id\":\"https:\\\/\\\/www.taisykla7.lt\\\/honda-navigacija\\\/\",\"url\":\"https:\\\/\\\/www.taisykla7.lt\\\/honda-navigacija\\\/\",\"name\":\"HONDA navigacija Elektronikos remontas Vilniuje, Kaune, Klaip\u0117doje, \u0160iauliuose\",\"isPartOf\":{\"@id\":\"https:\\\/\\\/www.taisykla7.lt\\\/#website\"},\"primaryImageOfPage\":{\"@id\":\"https:\\\/\\\/www.taisykla7.lt\\\/honda-navigacija\\\/#primaryimage\"},\"image\":{\"@id\":\"https:\\\/\\\/www.taisykla7.lt\\\/honda-navigacija\\\/#primaryimage\"},\"thumbnailUrl\":\"https:\\\/\\\/www.taisykla7.lt\\\/wp-content\\\/uploads\\\/2022\\\/04\\\/honda-navigacija-blaupunkt-travelpilot-dx.png\",\"datePublished\":\"2022-04-20T21:13:01+00:00\",\"dateModified\":\"2022-04-21T21:41:13+00:00\",\"description\":\"HONDA navigacija Lietuva, Europa. Naujausi diskai, \u017eem\u0117lapiai. Vilniuje, Kaune, Klaip\u0117doje, \u0160iauliuose. Tel. 8-617-77751\",\"breadcrumb\":{\"@id\":\"https:\\\/\\\/www.taisykla7.lt\\\/honda-navigacija\\\/#breadcrumb\"},\"inLanguage\":\"en-US\",\"potentialAction\":[{\"@type\":\"ReadAction\",\"target\":[\"https:\\\/\\\/www.taisykla7.lt\\\/honda-navigacija\\\/\"]}]},{\"@type\":\"ImageObject\",\"inLanguage\":\"en-US\",\"@id\":\"https:\\\/\\\/www.taisykla7.lt\\\/honda-navigacija\\\/#primaryimage\",\"url\":\"https:\\\/\\\/www.taisykla7.lt\\\/wp-content\\\/uploads\\\/2022\\\/04\\\/honda-navigacija-blaupunkt-travelpilot-dx.png\",\"contentUrl\":\"https:\\\/\\\/www.taisykla7.lt\\\/wp-content\\\/uploads\\\/2022\\\/04\\\/honda-navigacija-blaupunkt-travelpilot-dx.png\"},{\"@type\":\"BreadcrumbList\",\"@id\":\"https:\\\/\\\/www.taisykla7.lt\\\/honda-navigacija\\\/#breadcrumb\",\"itemListElement\":[{\"@type\":\"ListItem\",\"position\":1,\"name\":\"Pagrindinis\",\"item\":\"https:\\\/\\\/www.taisykla7.lt\\\/\"},{\"@type\":\"ListItem\",\"position\":2,\"name\":\"HONDA navigacija\"}]},{\"@type\":\"WebSite\",\"@id\":\"https:\\\/\\\/www.taisykla7.lt\\\/#website\",\"url\":\"https:\\\/\\\/www.taisykla7.lt\\\/\",\"name\":\"Elektronikos remontas Vilniuje, Kaune, Klaip\u0117doje, \u0160iauliuose\",\"description\":\"Televizori\u0173, paspirtuk\u0173, kompiuteri\u0173, telefon\u0173, kavos aparat\u0173 ir kitos technikos remontas \\\/ taisykla\",\"publisher\":{\"@id\":\"https:\\\/\\\/www.taisykla7.lt\\\/#organization\"},\"potentialAction\":[{\"@type\":\"SearchAction\",\"target\":{\"@type\":\"EntryPoint\",\"urlTemplate\":\"https:\\\/\\\/www.taisykla7.lt\\\/?s={search_term_string}\"},\"query-input\":{\"@type\":\"PropertyValueSpecification\",\"valueRequired\":true,\"valueName\":\"search_term_string\"}}],\"inLanguage\":\"en-US\"},{\"@type\":\"Organization\",\"@id\":\"https:\\\/\\\/www.taisykla7.lt\\\/#organization\",\"name\":\"Elektronikos remontas Vilniuje, Kaune, Klaip\u0117doje, \u0160iauliuose\",\"url\":\"https:\\\/\\\/www.taisykla7.lt\\\/\",\"logo\":{\"@type\":\"ImageObject\",\"inLanguage\":\"en-US\",\"@id\":\"https:\\\/\\\/www.taisykla7.lt\\\/#\\\/schema\\\/logo\\\/image\\\/\",\"url\":\"https:\\\/\\\/www.taisykla7.lt\\\/wp-content\\\/uploads\\\/2022\\\/04\\\/taisykla7_logo.jpg\",\"contentUrl\":\"https:\\\/\\\/www.taisykla7.lt\\\/wp-content\\\/uploads\\\/2022\\\/04\\\/taisykla7_logo.jpg\",\"width\":400,\"height\":100,\"caption\":\"Elektronikos remontas Vilniuje, Kaune, Klaip\u0117doje, \u0160iauliuose\"},\"image\":{\"@id\":\"https:\\\/\\\/www.taisykla7.lt\\\/#\\\/schema\\\/logo\\\/image\\\/\"}}]}<\/script>\n<!-- \/ Yoast SEO plugin. -->","yoast_head_json":{"title":"HONDA navigacija Elektronikos remontas Vilniuje, Kaune, Klaip\u0117doje, \u0160iauliuose","description":"HONDA navigation Lithuania, Europe. Latest discs, maps. In Vilnius, Kaunas, Klaipeda, \u0160iauliai. Tel. 8-617-77751","robots":{"index":"index","follow":"follow","max-snippet":"max-snippet:-1","max-image-preview":"max-image-preview:large","max-video-preview":"max-video-preview:-1"},"canonical":"https:\/\/www.taisykla7.lt\/en\/honda-navigacija\/","og_locale":"en_US","og_type":"article","og_title":"HONDA navigacija Elektronikos remontas Vilniuje, Kaune, Klaip\u0117doje, \u0160iauliuose","og_description":"HONDA navigacija Lietuva, Europa. Naujausi diskai, \u017eem\u0117lapiai. Vilniuje, Kaune, Klaip\u0117doje, \u0160iauliuose. Tel. 8-617-77751","og_url":"https:\/\/www.taisykla7.lt\/en\/honda-navigacija\/","og_site_name":"Elektronikos remontas Vilniuje, Kaune, Klaip\u0117doje, \u0160iauliuose","article_modified_time":"2022-04-21T21:41:13+00:00","og_image":[{"url":"https:\/\/www.taisykla7.lt\/wp-content\/uploads\/2022\/04\/honda-navigacija-blaupunkt-travelpilot-dx.png","type":"","width":"","height":""}],"twitter_card":"summary_large_image","twitter_misc":{"Est. reading time":"4 minutes"},"schema":{"@context":"https:\/\/schema.org","@graph":[{"@type":"WebPage","@id":"https:\/\/www.taisykla7.lt\/honda-navigacija\/","url":"https:\/\/www.taisykla7.lt\/honda-navigacija\/","name":"HONDA navigacija Elektronikos remontas Vilniuje, Kaune, Klaip\u0117doje, \u0160iauliuose","isPartOf":{"@id":"https:\/\/www.taisykla7.lt\/#website"},"primaryImageOfPage":{"@id":"https:\/\/www.taisykla7.lt\/honda-navigacija\/#primaryimage"},"image":{"@id":"https:\/\/www.taisykla7.lt\/honda-navigacija\/#primaryimage"},"thumbnailUrl":"https:\/\/www.taisykla7.lt\/wp-content\/uploads\/2022\/04\/honda-navigacija-blaupunkt-travelpilot-dx.png","datePublished":"2022-04-20T21:13:01+00:00","dateModified":"2022-04-21T21:41:13+00:00","description":"HONDA navigation Lithuania, Europe. Latest discs, maps. In Vilnius, Kaunas, Klaipeda, \u0160iauliai. Tel. 8-617-77751","breadcrumb":{"@id":"https:\/\/www.taisykla7.lt\/honda-navigacija\/#breadcrumb"},"inLanguage":"en-US","potentialAction":[{"@type":"ReadAction","target":["https:\/\/www.taisykla7.lt\/honda-navigacija\/"]}]},{"@type":"ImageObject","inLanguage":"en-US","@id":"https:\/\/www.taisykla7.lt\/honda-navigacija\/#primaryimage","url":"https:\/\/www.taisykla7.lt\/wp-content\/uploads\/2022\/04\/honda-navigacija-blaupunkt-travelpilot-dx.png","contentUrl":"https:\/\/www.taisykla7.lt\/wp-content\/uploads\/2022\/04\/honda-navigacija-blaupunkt-travelpilot-dx.png"},{"@type":"BreadcrumbList","@id":"https:\/\/www.taisykla7.lt\/honda-navigacija\/#breadcrumb","itemListElement":[{"@type":"ListItem","position":1,"name":"Pagrindinis","item":"https:\/\/www.taisykla7.lt\/"},{"@type":"ListItem","position":2,"name":"HONDA navigacija"}]},{"@type":"WebSite","@id":"https:\/\/www.taisykla7.lt\/#website","url":"https:\/\/www.taisykla7.lt\/","name":"Elektronikos remontas Vilniuje, Kaune, Klaip\u0117doje, \u0160iauliuose","description":"Repair\/repair of TVs, scooters, computers, telephones, coffee machines and other appliances","publisher":{"@id":"https:\/\/www.taisykla7.lt\/#organization"},"potentialAction":[{"@type":"SearchAction","target":{"@type":"EntryPoint","urlTemplate":"https:\/\/www.taisykla7.lt\/?s={search_term_string}"},"query-input":{"@type":"PropertyValueSpecification","valueRequired":true,"valueName":"search_term_string"}}],"inLanguage":"en-US"},{"@type":"Organization","@id":"https:\/\/www.taisykla7.lt\/#organization","name":"Elektronikos remontas Vilniuje, Kaune, Klaip\u0117doje, \u0160iauliuose","url":"https:\/\/www.taisykla7.lt\/","logo":{"@type":"ImageObject","inLanguage":"en-US","@id":"https:\/\/www.taisykla7.lt\/#\/schema\/logo\/image\/","url":"https:\/\/www.taisykla7.lt\/wp-content\/uploads\/2022\/04\/taisykla7_logo.jpg","contentUrl":"https:\/\/www.taisykla7.lt\/wp-content\/uploads\/2022\/04\/taisykla7_logo.jpg","width":400,"height":100,"caption":"Elektronikos remontas Vilniuje, Kaune, Klaip\u0117doje, \u0160iauliuose"},"image":{"@id":"https:\/\/www.taisykla7.lt\/#\/schema\/logo\/image\/"}}]}},"uagb_featured_image_src":{"full":false,"thumbnail":false,"medium":false,"medium_large":false,"large":false,"1536x1536":false,"2048x2048":false,"trp-custom-language-flag":false,"neve-blog":false},"uagb_author_info":{"display_name":"admin","author_link":"https:\/\/www.taisykla7.lt\/en\/author\/admin\/"},"uagb_comment_info":0,"uagb_excerpt":"HONDA navigacija Lietuva, Europa. Naujausi diskai, \u017eem\u0117lapiai. HONDA navigacija SU BALSINIU VALDYMU (Voice Recognition) ir DVD diskais (APN2\/APN3) (kodas h1) HONDA navigacija BE BALSINIO VALDYMO (Non voice recognition) ir DVD diskais (APN2) (kodas h2) HONDA navigacija Blaupunkt TravelPilot DX (kodas h3) HONDA navigacija &#8220;HDD navigation system&#8221; (su HDD) (kodas h4) HONDA navigacija &#8220;SD navigation system&#8221;&hellip;&nbsp;Read&hellip;","_links":{"self":[{"href":"https:\/\/www.taisykla7.lt\/en\/wp-json\/wp\/v2\/pages\/1153","targetHints":{"allow":["GET"]}}],"collection":[{"href":"https:\/\/www.taisykla7.lt\/en\/wp-json\/wp\/v2\/pages"}],"about":[{"href":"https:\/\/www.taisykla7.lt\/en\/wp-json\/wp\/v2\/types\/page"}],"author":[{"embeddable":true,"href":"https:\/\/www.taisykla7.lt\/en\/wp-json\/wp\/v2\/users\/1"}],"replies":[{"embeddable":true,"href":"https:\/\/www.taisykla7.lt\/en\/wp-json\/wp\/v2\/comments?post=1153"}],"version-history":[{"count":3,"href":"https:\/\/www.taisykla7.lt\/en\/wp-json\/wp\/v2\/pages\/1153\/revisions"}],"predecessor-version":[{"id":1534,"href":"https:\/\/www.taisykla7.lt\/en\/wp-json\/wp\/v2\/pages\/1153\/revisions\/1534"}],"wp:attachment":[{"href":"https:\/\/www.taisykla7.lt\/en\/wp-json\/wp\/v2\/media?parent=1153"}],"curies":[{"name":"wp","href":"https:\/\/api.w.org\/{rel}","templated":true}]}}