{"id":1165,"date":"2022-04-20T23:19:23","date_gmt":"2022-04-20T21:19:23","guid":{"rendered":"https:\/\/www.taisykla7.lt\/?page_id=1165"},"modified":"2022-04-21T23:42:09","modified_gmt":"2022-04-21T21:42:09","slug":"infiniti-navigacija","status":"publish","type":"page","link":"https:\/\/www.taisykla7.lt\/en\/infiniti-navigacija\/","title":{"rendered":"INFINITI navigation"},"content":{"rendered":"<ul class=\"wp-block-list\">\n<li><strong>Vilnius<\/strong> - Kareivi\u0173 g. 11A \"RIMI\" <a href=\"tel:+37065577057\">+370-655-77057<\/a><\/li>\n\n\n\n<li><strong>Kaunas<\/strong> - 155 Savanori\u0173 Ave. <a href=\"tel:+37063969600\">+370-639-69600<\/a><\/li>\n\n\n\n<li><strong>Klaip\u0117da<\/strong> - Sausio 15-osios str. 13 <a href=\"tel:+37064707741\">+370-647-07741<\/a><\/li>\n\n\n\n<li><strong>\u0160iauliai<\/strong> - Gegu\u017ei\u0173 g. 30 \"Arena\" <a href=\"tel:+37068229052\">+370-682-29052<\/a><\/li>\n<\/ul>\n\n\n\n<p><strong>INFINITI navigation Lithuania, Europe. Latest discs, maps.<\/strong><\/p>\n\n\n\n<p>Find your car navigation system. If you have any questions or concerns, please call <a href=\"tel:861777751\">our car navigation master at 8-617-77751<\/a> and we'll be happy to help.<\/p>\n\n\n\n<ul class=\"wp-block-list\"><li><strong>INFINITI Navigation Connect Premium X7 (code i1)<\/strong><\/li><li><strong>INFINITI Navigation Connect Premium X9 (code i2)<\/strong><\/li><\/ul>\n\n\n\n<h2 class=\"wp-block-heading\">INFINITI Navigation Lithuania and Europe for Connect Premium X7 Xanavi (code i1)<\/h2>\n\n\n\n<div class=\"wp-block-columns is-layout-flex wp-container-core-columns-is-layout-9d6595d7 wp-block-columns-is-layout-flex\">\n<div class=\"wp-block-column is-layout-flow wp-block-column-is-layout-flow\">\n<p><strong>DVD1 up-to-date navigation disc with maps<\/strong><br>Ireland, Andorra, Austria, Belgium, Bulgaria, Czech Republic, Denmark, Great Britain, Estonia, Gibraltar, Greece, Spain, Italy, Croatia, Latvia, Liechtenstein, Poland,<strong>Lithuania (detailed)<\/strong>, Luxembourg, Monaco, Norway, Netherlands, Portugal including Madeira, France, Romania, San Marino, Slovakia, Slovenia, Finland, Germany, Hungary, Sweden, Switzerland, Turkey, Vatican City<\/p>\n\n\n\n<p>The system is available on the following cars:<\/p>\n\n\n\n<ul class=\"wp-block-list\"><li>EX<\/li><li>FX<\/li><li>Skyline<\/li><li>Skyline Coupe<\/li><\/ul>\n<\/div>\n\n\n\n<div class=\"wp-block-column is-layout-flow wp-block-column-is-layout-flow\">\n<div class=\"wp-block-image\"><figure class=\"aligncenter size-full\"><img loading=\"lazy\" decoding=\"async\" width=\"236\" height=\"178\" src=\"https:\/\/www.taisykla7.lt\/wp-content\/uploads\/2022\/04\/infiniti-navigacija-connect-premium-x7.png\" alt=\"INFINITI navigacija Lietuva ir Europa sistemoms Connect Premium X7 Xanavi (kodas i1)\" class=\"wp-image-1166\"\/><figcaption>Identified by the menu principle.<\/figcaption><\/figure><\/div>\n<\/div>\n<\/div>\n\n\n\n<p><strong>Latest Navigation Maps | Best Price |<\/strong> Please contact the navigation master on tel. <strong><a href=\"tel:861777751\">8-617-77751<\/a><\/strong> <a href=\"\/en\/kontaktai\/\"><strong>Vilnius, Kaunas, Klaip\u0117da, \u0160iauliai<\/strong><\/a> and we will be happy to answer any questions you may have!<\/p><hr>\n\n\n\n<h2 class=\"wp-block-heading\">INFINITI Navigation Lithuania and Europe for Connect Premium X9 (code i2)<\/h2>\n\n\n\n<div class=\"wp-block-columns is-layout-flex wp-container-core-columns-is-layout-9d6595d7 wp-block-columns-is-layout-flex\">\n<div class=\"wp-block-column is-layout-flow wp-block-column-is-layout-flow\">\n<p><strong>4 pcs of up-to-date navigation discs with maps updating the internal HDD - maps, software, POIs<\/strong><br>Ireland, Andorra, Austria, Belgium, Bulgaria, Czech Republic, Denmark, Great Britain, Estonia, Gibraltar, Greece, Spain, Italy, Croatia, Latvia, Liechtenstein, Poland,<strong>Lithuania (detailed)<\/strong>, Luxembourg, Monaco, Norway, Netherlands, Portugal including Madeira, France, Romania, San Marino, Slovakia, Slovenia, Finland, Germany, Hungary, Sweden, Switzerland, Turkey, Vatican City<\/p>\n\n\n\n<p>The system is available on the following cars:<\/p>\n\n\n\n<ul class=\"wp-block-list\"><li>EX 2008-2012<\/li><li>FX 2008-2012<\/li><li>G Coupe 2010-2012<\/li><li>G Sedan 2010-2012<\/li><li>G Convertible 2010-2012<\/li><li>M 2011-2012<\/li><li>QX56 2011-2012<\/li><\/ul>\n<\/div>\n\n\n\n<div class=\"wp-block-column is-layout-flow wp-block-column-is-layout-flow\">\n<div class=\"wp-block-image\"><figure class=\"aligncenter size-full\"><img loading=\"lazy\" decoding=\"async\" width=\"244\" height=\"238\" src=\"https:\/\/www.taisykla7.lt\/wp-content\/uploads\/2022\/04\/infiniti-navigacija-connect-premium-x9-1.png\" alt=\"INFINITI navigacija Lietuva ir Europa sistemoms Connect Premium X9 (kodas i2)\" class=\"wp-image-1167\"\/><\/figure><\/div>\n\n\n\n<div class=\"wp-block-image\"><figure class=\"aligncenter size-full\"><img loading=\"lazy\" decoding=\"async\" width=\"119\" height=\"150\" src=\"https:\/\/www.taisykla7.lt\/wp-content\/uploads\/2022\/04\/infiniti-navigacija-connect-premium-x9-2.png\" alt=\"INFINITI navigacija Lietuva ir Europa sistemoms Connect Premium X9 (kodas i2)\" class=\"wp-image-1168\"\/><\/figure><\/div>\n\n\n\n<div class=\"wp-block-image\"><figure class=\"aligncenter size-full\"><img loading=\"lazy\" decoding=\"async\" width=\"121\" height=\"146\" src=\"https:\/\/www.taisykla7.lt\/wp-content\/uploads\/2022\/04\/infiniti-navigacija-connect-premium-x9-3.png\" alt=\"INFINITI navigacija Lietuva ir Europa sistemoms Connect Premium X9 (kodas i2)\" class=\"wp-image-1169\"\/><figcaption>The process takes 2.5 hours. The car must always be started and not driven.<\/figcaption><\/figure><\/div>\n<\/div>\n<\/div>\n\n\n\n<p><strong>Latest Navigation Maps | Best Price |<\/strong> Please contact the navigation master on tel. <strong><a href=\"tel:861777751\">8-617-77751<\/a><\/strong> <a href=\"\/en\/kontaktai\/\"><strong>Vilnius, Kaunas, Klaip\u0117da, \u0160iauliai<\/strong><\/a> and we will be happy to answer any questions you may have!<\/p><hr>","protected":false},"excerpt":{"rendered":"<p>INFINITI navigation Lithuania, Europe. Latest discs, maps. INFINITI navigation Connect Premium X7 (code i1) INFINITI navigation Connect Premium X9 (code i2) INFINITI navigation Lithuania and Europe Connect Premium X7 Xanavi (code i1) DVD1 latest navigation disc with mapsAiria, Andorra, Austria, Belgium, Bulgaria, Croatia, Cyprus, the Czech Republic, Denmark, Denmark, Estonia, Gibraltar, Greece, Spain, Italy, Latvia, Liechtenstein, Lithuania, Lithuania,...&nbsp;<a href=\"https:\/\/www.taisykla7.lt\/en\/infiniti-navigacija\/\" rel=\"bookmark\">Read More \"<span class=\"screen-reader-text\">INFINITI navigation<\/span><\/a><\/p>","protected":false},"author":1,"featured_media":0,"parent":0,"menu_order":0,"comment_status":"closed","ping_status":"closed","template":"","meta":{"_uag_custom_page_level_css":"","neve_meta_sidebar":"","neve_meta_container":"","neve_meta_enable_content_width":"","neve_meta_content_width":0,"neve_meta_title_alignment":"","neve_meta_author_avatar":"","neve_post_elements_order":"","neve_meta_disable_header":"","neve_meta_disable_footer":"","neve_meta_disable_title":"","footnotes":""},"class_list":["post-1165","page","type-page","status-publish","hentry"],"yoast_head":"<!-- This site is optimized with the Yoast SEO plugin v27.5 - https:\/\/yoast.com\/product\/yoast-seo-wordpress\/ -->\n<title>INFINITI navigacija Elektronikos remontas Vilniuje, Kaune, Klaip\u0117doje, \u0160iauliuose<\/title>\n<meta name=\"description\" content=\"INFINITI navigacija Lietuva, Europa. Naujausi diskai, \u017eem\u0117lapiai. Vilniuje, Kaune, Klaip\u0117doje, \u0160iauliuose. Tel. 8-617-77751\" \/>\n<meta name=\"robots\" content=\"index, follow, max-snippet:-1, max-image-preview:large, max-video-preview:-1\" \/>\n<link rel=\"canonical\" href=\"https:\/\/www.taisykla7.lt\/en\/infiniti-navigacija\/\" \/>\n<meta property=\"og:locale\" content=\"en_US\" \/>\n<meta property=\"og:type\" content=\"article\" \/>\n<meta property=\"og:title\" content=\"INFINITI navigacija Elektronikos remontas Vilniuje, Kaune, Klaip\u0117doje, \u0160iauliuose\" \/>\n<meta property=\"og:description\" content=\"INFINITI navigacija Lietuva, Europa. Naujausi diskai, \u017eem\u0117lapiai. Vilniuje, Kaune, Klaip\u0117doje, \u0160iauliuose. Tel. 8-617-77751\" \/>\n<meta property=\"og:url\" content=\"https:\/\/www.taisykla7.lt\/en\/infiniti-navigacija\/\" \/>\n<meta property=\"og:site_name\" content=\"Elektronikos remontas Vilniuje, Kaune, Klaip\u0117doje, \u0160iauliuose\" \/>\n<meta property=\"article:modified_time\" content=\"2022-04-21T21:42:09+00:00\" \/>\n<meta property=\"og:image\" content=\"https:\/\/www.taisykla7.lt\/wp-content\/uploads\/2022\/04\/infiniti-navigacija-connect-premium-x7.png\" \/>\n<meta name=\"twitter:card\" content=\"summary_large_image\" \/>\n<meta name=\"twitter:label1\" content=\"Est. reading time\" \/>\n\t<meta name=\"twitter:data1\" content=\"2 minutes\" \/>\n<script type=\"application\/ld+json\" class=\"yoast-schema-graph\">{\"@context\":\"https:\\\/\\\/schema.org\",\"@graph\":[{\"@type\":\"WebPage\",\"@id\":\"https:\\\/\\\/www.taisykla7.lt\\\/infiniti-navigacija\\\/\",\"url\":\"https:\\\/\\\/www.taisykla7.lt\\\/infiniti-navigacija\\\/\",\"name\":\"INFINITI navigacija Elektronikos remontas Vilniuje, Kaune, Klaip\u0117doje, \u0160iauliuose\",\"isPartOf\":{\"@id\":\"https:\\\/\\\/www.taisykla7.lt\\\/#website\"},\"primaryImageOfPage\":{\"@id\":\"https:\\\/\\\/www.taisykla7.lt\\\/infiniti-navigacija\\\/#primaryimage\"},\"image\":{\"@id\":\"https:\\\/\\\/www.taisykla7.lt\\\/infiniti-navigacija\\\/#primaryimage\"},\"thumbnailUrl\":\"https:\\\/\\\/www.taisykla7.lt\\\/wp-content\\\/uploads\\\/2022\\\/04\\\/infiniti-navigacija-connect-premium-x7.png\",\"datePublished\":\"2022-04-20T21:19:23+00:00\",\"dateModified\":\"2022-04-21T21:42:09+00:00\",\"description\":\"INFINITI navigacija Lietuva, Europa. Naujausi diskai, \u017eem\u0117lapiai. Vilniuje, Kaune, Klaip\u0117doje, \u0160iauliuose. Tel. 8-617-77751\",\"breadcrumb\":{\"@id\":\"https:\\\/\\\/www.taisykla7.lt\\\/infiniti-navigacija\\\/#breadcrumb\"},\"inLanguage\":\"en-US\",\"potentialAction\":[{\"@type\":\"ReadAction\",\"target\":[\"https:\\\/\\\/www.taisykla7.lt\\\/infiniti-navigacija\\\/\"]}]},{\"@type\":\"ImageObject\",\"inLanguage\":\"en-US\",\"@id\":\"https:\\\/\\\/www.taisykla7.lt\\\/infiniti-navigacija\\\/#primaryimage\",\"url\":\"https:\\\/\\\/www.taisykla7.lt\\\/wp-content\\\/uploads\\\/2022\\\/04\\\/infiniti-navigacija-connect-premium-x7.png\",\"contentUrl\":\"https:\\\/\\\/www.taisykla7.lt\\\/wp-content\\\/uploads\\\/2022\\\/04\\\/infiniti-navigacija-connect-premium-x7.png\"},{\"@type\":\"BreadcrumbList\",\"@id\":\"https:\\\/\\\/www.taisykla7.lt\\\/infiniti-navigacija\\\/#breadcrumb\",\"itemListElement\":[{\"@type\":\"ListItem\",\"position\":1,\"name\":\"Pagrindinis\",\"item\":\"https:\\\/\\\/www.taisykla7.lt\\\/\"},{\"@type\":\"ListItem\",\"position\":2,\"name\":\"INFINITI navigacija\"}]},{\"@type\":\"WebSite\",\"@id\":\"https:\\\/\\\/www.taisykla7.lt\\\/#website\",\"url\":\"https:\\\/\\\/www.taisykla7.lt\\\/\",\"name\":\"Elektronikos remontas Vilniuje, Kaune, Klaip\u0117doje, \u0160iauliuose\",\"description\":\"Televizori\u0173, paspirtuk\u0173, kompiuteri\u0173, telefon\u0173, kavos aparat\u0173 ir kitos technikos remontas \\\/ taisykla\",\"publisher\":{\"@id\":\"https:\\\/\\\/www.taisykla7.lt\\\/#organization\"},\"potentialAction\":[{\"@type\":\"SearchAction\",\"target\":{\"@type\":\"EntryPoint\",\"urlTemplate\":\"https:\\\/\\\/www.taisykla7.lt\\\/?s={search_term_string}\"},\"query-input\":{\"@type\":\"PropertyValueSpecification\",\"valueRequired\":true,\"valueName\":\"search_term_string\"}}],\"inLanguage\":\"en-US\"},{\"@type\":\"Organization\",\"@id\":\"https:\\\/\\\/www.taisykla7.lt\\\/#organization\",\"name\":\"Elektronikos remontas Vilniuje, Kaune, Klaip\u0117doje, \u0160iauliuose\",\"url\":\"https:\\\/\\\/www.taisykla7.lt\\\/\",\"logo\":{\"@type\":\"ImageObject\",\"inLanguage\":\"en-US\",\"@id\":\"https:\\\/\\\/www.taisykla7.lt\\\/#\\\/schema\\\/logo\\\/image\\\/\",\"url\":\"https:\\\/\\\/www.taisykla7.lt\\\/wp-content\\\/uploads\\\/2022\\\/04\\\/taisykla7_logo.jpg\",\"contentUrl\":\"https:\\\/\\\/www.taisykla7.lt\\\/wp-content\\\/uploads\\\/2022\\\/04\\\/taisykla7_logo.jpg\",\"width\":400,\"height\":100,\"caption\":\"Elektronikos remontas Vilniuje, Kaune, Klaip\u0117doje, \u0160iauliuose\"},\"image\":{\"@id\":\"https:\\\/\\\/www.taisykla7.lt\\\/#\\\/schema\\\/logo\\\/image\\\/\"}}]}<\/script>\n<!-- \/ Yoast SEO plugin. -->","yoast_head_json":{"title":"INFINITI navigacija Elektronikos remontas Vilniuje, Kaune, Klaip\u0117doje, \u0160iauliuose","description":"INFINITI navigation Lithuania, Europe. Latest discs, maps. In Vilnius, Kaunas, Klaip\u0117da, \u0160iauliai. Tel. 8-617-77751","robots":{"index":"index","follow":"follow","max-snippet":"max-snippet:-1","max-image-preview":"max-image-preview:large","max-video-preview":"max-video-preview:-1"},"canonical":"https:\/\/www.taisykla7.lt\/en\/infiniti-navigacija\/","og_locale":"en_US","og_type":"article","og_title":"INFINITI navigacija Elektronikos remontas Vilniuje, Kaune, Klaip\u0117doje, \u0160iauliuose","og_description":"INFINITI navigacija Lietuva, Europa. Naujausi diskai, \u017eem\u0117lapiai. Vilniuje, Kaune, Klaip\u0117doje, \u0160iauliuose. Tel. 8-617-77751","og_url":"https:\/\/www.taisykla7.lt\/en\/infiniti-navigacija\/","og_site_name":"Elektronikos remontas Vilniuje, Kaune, Klaip\u0117doje, \u0160iauliuose","article_modified_time":"2022-04-21T21:42:09+00:00","og_image":[{"url":"https:\/\/www.taisykla7.lt\/wp-content\/uploads\/2022\/04\/infiniti-navigacija-connect-premium-x7.png","type":"","width":"","height":""}],"twitter_card":"summary_large_image","twitter_misc":{"Est. reading time":"2 minutes"},"schema":{"@context":"https:\/\/schema.org","@graph":[{"@type":"WebPage","@id":"https:\/\/www.taisykla7.lt\/infiniti-navigacija\/","url":"https:\/\/www.taisykla7.lt\/infiniti-navigacija\/","name":"INFINITI navigacija Elektronikos remontas Vilniuje, Kaune, Klaip\u0117doje, \u0160iauliuose","isPartOf":{"@id":"https:\/\/www.taisykla7.lt\/#website"},"primaryImageOfPage":{"@id":"https:\/\/www.taisykla7.lt\/infiniti-navigacija\/#primaryimage"},"image":{"@id":"https:\/\/www.taisykla7.lt\/infiniti-navigacija\/#primaryimage"},"thumbnailUrl":"https:\/\/www.taisykla7.lt\/wp-content\/uploads\/2022\/04\/infiniti-navigacija-connect-premium-x7.png","datePublished":"2022-04-20T21:19:23+00:00","dateModified":"2022-04-21T21:42:09+00:00","description":"INFINITI navigation Lithuania, Europe. Latest discs, maps. In Vilnius, Kaunas, Klaip\u0117da, \u0160iauliai. Tel. 8-617-77751","breadcrumb":{"@id":"https:\/\/www.taisykla7.lt\/infiniti-navigacija\/#breadcrumb"},"inLanguage":"en-US","potentialAction":[{"@type":"ReadAction","target":["https:\/\/www.taisykla7.lt\/infiniti-navigacija\/"]}]},{"@type":"ImageObject","inLanguage":"en-US","@id":"https:\/\/www.taisykla7.lt\/infiniti-navigacija\/#primaryimage","url":"https:\/\/www.taisykla7.lt\/wp-content\/uploads\/2022\/04\/infiniti-navigacija-connect-premium-x7.png","contentUrl":"https:\/\/www.taisykla7.lt\/wp-content\/uploads\/2022\/04\/infiniti-navigacija-connect-premium-x7.png"},{"@type":"BreadcrumbList","@id":"https:\/\/www.taisykla7.lt\/infiniti-navigacija\/#breadcrumb","itemListElement":[{"@type":"ListItem","position":1,"name":"Pagrindinis","item":"https:\/\/www.taisykla7.lt\/"},{"@type":"ListItem","position":2,"name":"INFINITI navigacija"}]},{"@type":"WebSite","@id":"https:\/\/www.taisykla7.lt\/#website","url":"https:\/\/www.taisykla7.lt\/","name":"Elektronikos remontas Vilniuje, Kaune, Klaip\u0117doje, \u0160iauliuose","description":"Repair\/repair of TVs, scooters, computers, telephones, coffee machines and other appliances","publisher":{"@id":"https:\/\/www.taisykla7.lt\/#organization"},"potentialAction":[{"@type":"SearchAction","target":{"@type":"EntryPoint","urlTemplate":"https:\/\/www.taisykla7.lt\/?s={search_term_string}"},"query-input":{"@type":"PropertyValueSpecification","valueRequired":true,"valueName":"search_term_string"}}],"inLanguage":"en-US"},{"@type":"Organization","@id":"https:\/\/www.taisykla7.lt\/#organization","name":"Elektronikos remontas Vilniuje, Kaune, Klaip\u0117doje, \u0160iauliuose","url":"https:\/\/www.taisykla7.lt\/","logo":{"@type":"ImageObject","inLanguage":"en-US","@id":"https:\/\/www.taisykla7.lt\/#\/schema\/logo\/image\/","url":"https:\/\/www.taisykla7.lt\/wp-content\/uploads\/2022\/04\/taisykla7_logo.jpg","contentUrl":"https:\/\/www.taisykla7.lt\/wp-content\/uploads\/2022\/04\/taisykla7_logo.jpg","width":400,"height":100,"caption":"Elektronikos remontas Vilniuje, Kaune, Klaip\u0117doje, \u0160iauliuose"},"image":{"@id":"https:\/\/www.taisykla7.lt\/#\/schema\/logo\/image\/"}}]}},"uagb_featured_image_src":{"full":false,"thumbnail":false,"medium":false,"medium_large":false,"large":false,"1536x1536":false,"2048x2048":false,"trp-custom-language-flag":false,"neve-blog":false},"uagb_author_info":{"display_name":"admin","author_link":"https:\/\/www.taisykla7.lt\/en\/author\/admin\/"},"uagb_comment_info":0,"uagb_excerpt":"INFINITI navigacija Lietuva, Europa. Naujausi diskai, \u017eem\u0117lapiai. INFINITI navigacija Connect Premium X7 (kodas i1) INFINITI navigacija Connect Premium X9 (kodas i2) INFINITI navigacija Lietuva ir Europa sistemoms Connect Premium X7 Xanavi (kodas i1) DVD1 naujausias navigacijos diskas su \u017eem\u0117lapiaisAirija, Andora, Austrija, Belgija, Bulgarija, \u010cekija, Danija, D.Britanija, Estija, Gibraltaras, Graikija, Ispanija, Italija, Kroatija, Latvija, Lenkija, Lichten\u0161teinas,Lietuva&hellip;&nbsp;Read&hellip;","_links":{"self":[{"href":"https:\/\/www.taisykla7.lt\/en\/wp-json\/wp\/v2\/pages\/1165","targetHints":{"allow":["GET"]}}],"collection":[{"href":"https:\/\/www.taisykla7.lt\/en\/wp-json\/wp\/v2\/pages"}],"about":[{"href":"https:\/\/www.taisykla7.lt\/en\/wp-json\/wp\/v2\/types\/page"}],"author":[{"embeddable":true,"href":"https:\/\/www.taisykla7.lt\/en\/wp-json\/wp\/v2\/users\/1"}],"replies":[{"embeddable":true,"href":"https:\/\/www.taisykla7.lt\/en\/wp-json\/wp\/v2\/comments?post=1165"}],"version-history":[{"count":3,"href":"https:\/\/www.taisykla7.lt\/en\/wp-json\/wp\/v2\/pages\/1165\/revisions"}],"predecessor-version":[{"id":1536,"href":"https:\/\/www.taisykla7.lt\/en\/wp-json\/wp\/v2\/pages\/1165\/revisions\/1536"}],"wp:attachment":[{"href":"https:\/\/www.taisykla7.lt\/en\/wp-json\/wp\/v2\/media?parent=1165"}],"curies":[{"name":"wp","href":"https:\/\/api.w.org\/{rel}","templated":true}]}}