{"id":1196,"date":"2022-04-21T12:46:14","date_gmt":"2022-04-21T10:46:14","guid":{"rendered":"https:\/\/www.taisykla7.lt\/?page_id=1196"},"modified":"2022-04-21T23:43:30","modified_gmt":"2022-04-21T21:43:30","slug":"lancia-navigacija","status":"publish","type":"page","link":"https:\/\/www.taisykla7.lt\/en\/lancia-navigacija\/","title":{"rendered":"LANCIA navigation"},"content":{"rendered":"<ul class=\"wp-block-list\">\n<li><strong>Vilnius<\/strong> - Kareivi\u0173 g. 11A \"RIMI\" <a href=\"tel:+37065577057\">+370-655-77057<\/a><\/li>\n\n\n\n<li><strong>Kaunas<\/strong> - 155 Savanori\u0173 Ave. <a href=\"tel:+37063969600\">+370-639-69600<\/a><\/li>\n\n\n\n<li><strong>Klaip\u0117da<\/strong> - Sausio 15-osios str. 13 <a href=\"tel:+37064707741\">+370-647-07741<\/a><\/li>\n\n\n\n<li><strong>\u0160iauliai<\/strong> - Gegu\u017ei\u0173 g. 30 \"Arena\" <a href=\"tel:+37068229052\">+370-682-29052<\/a><\/li>\n<\/ul>\n\n\n\n<p><strong>LANCIA navigation Lithuania, Europe. Latest discs, maps.<\/strong><\/p>\n\n\n\n<p><strong>Latest Navigation Maps | Best Price |<\/strong> Please contact the navigation master on tel. <strong><a href=\"tel:861777751\">8-617-77751<\/a><\/strong> <a href=\"\/en\/kontaktai\/\"><strong>Vilnius, Kaunas, Klaip\u0117da, \u0160iauliai<\/strong><\/a> and we will be happy to answer any questions you may have!<\/p><hr>\n\n\n\n<ul class=\"wp-block-list\"><li><strong>LANCIA navigation Lithuania and Europe for Connect G2\/DB3 systems with CD (code lan1)<\/strong><\/li><li><strong>LANCIA navigation Lithuania and Europe for RT4\/RT5 systems with CD (code lan2)<\/strong><\/li><\/ul>\n\n\n\n<h2 class=\"wp-block-heading\">LANCIA navigation Lithuania and Europe for Connect G2\/DB3 systems with CD (code lan1)<\/h2>\n\n\n\n<div class=\"wp-block-columns is-layout-flex wp-container-core-columns-is-layout-9d6595d7 wp-block-columns-is-layout-flex\">\n<div class=\"wp-block-column is-layout-flow wp-block-column-is-layout-flow\">\n<p><strong>Latest navigation CDs with maps:<\/strong><br>CD01 - France<br>CD02 - Spain, Portugal<br>CD03 - Italy<br>CD04 - Belgium, Netherlands, Luxembourg<br>CD05 - Austria, Switzerland, Germany, sh. Italy<br>CD06 - Germany<br>CD07 - Great Britain, Ireland<br>CD08 - Scandinavia<br>CD09 - Czech Republic, Poland, Slovakia, Slovenia, Hungary<br>CD10 - Estonia, Latvia,<strong> Lithuania (detailed)<\/strong>, Belarus, Ukraine<br>CD11 - Albania, Bosnia-Herzegovina, Croatia, Greece, Macedonia, Montenegro, Romania, Serbia<\/p>\n\n\n\n<p>The system is available on the following cars:<\/p>\n\n\n\n<ul class=\"wp-block-list\"><li>Lancia Phedra 2005-2007<\/li><li>Lancia Musa 2007.12-2012<\/li><li>Lancia Ypsilon 2008.03-2011<\/li><\/ul>\n<\/div>\n\n\n\n<div class=\"wp-block-column is-layout-flow wp-block-column-is-layout-flow\">\n<div class=\"wp-block-image\"><figure class=\"aligncenter size-full\"><img loading=\"lazy\" decoding=\"async\" width=\"152\" height=\"153\" src=\"https:\/\/www.taisykla7.lt\/wp-content\/uploads\/2022\/04\/LANCIA-navigacija-Lietuva-ir-Europa-sistemoms-Connect-G2-DB3-su-CD-kodas-lan1.png\" alt=\"LANCIA navigacija Lietuva ir Europa sistemoms Connect G2\/DB3 su CD (kodas lan1)\" class=\"wp-image-1199\" srcset=\"https:\/\/www.taisykla7.lt\/wp-content\/uploads\/2022\/04\/LANCIA-navigacija-Lietuva-ir-Europa-sistemoms-Connect-G2-DB3-su-CD-kodas-lan1.png 152w, https:\/\/www.taisykla7.lt\/wp-content\/uploads\/2022\/04\/LANCIA-navigacija-Lietuva-ir-Europa-sistemoms-Connect-G2-DB3-su-CD-kodas-lan1-150x150.png 150w\" sizes=\"auto, (max-width: 152px) 100vw, 152px\" \/><\/figure><\/div>\n<\/div>\n<\/div>\n\n\n\n<p><strong>Latest Navigation Maps | Best Price |<\/strong> Please contact the navigation master on tel. <strong><a href=\"tel:861777751\">8-617-77751<\/a><\/strong> <a href=\"\/en\/kontaktai\/\"><strong>Vilnius, Kaunas, Klaip\u0117da, \u0160iauliai<\/strong><\/a> and we will be happy to answer any questions you may have!<\/p><hr>\n\n\n\n<h2 class=\"wp-block-heading\">LANCIA navigation Lithuania and Europe for RT4\/RT5 systems with CD (code lan2)<\/h2>\n\n\n\n<div class=\"wp-block-columns is-layout-flex wp-container-core-columns-is-layout-9d6595d7 wp-block-columns-is-layout-flex\">\n<div class=\"wp-block-column is-layout-flow wp-block-column-is-layout-flow\">\n<p><strong>Latest navigation CDs with maps:<\/strong><br>CD01 - France<br>CD02 - Spain, Portugal<br>CD03 - Italy<br>CD04 - Belgium, Netherlands, Luxembourg<br>CD05 - Austria, Switzerland, Germany, sh. Italy<br>CD06 - Germany<br>CD07 - Great Britain, Ireland<br>CD08 - Scandinavia<br>CD09 - Czech Republic, Poland, Slovakia, Slovenia, Hungary<br>CD10 - Estonia, Latvia,<strong> Lithuania (detailed)<\/strong>, Belarus, Ukraine<br>CD11 - Albania, Bosnia-Herzegovina, Croatia, Greece, Macedonia, Montenegro, Romania, Serbia<\/p>\n\n\n\n<p>The system is available on the following cars:<\/p>\n\n\n\n<ul class=\"wp-block-list\"><li>Lancia Phedra from 2007.06<\/li><\/ul>\n<\/div>\n\n\n\n<div class=\"wp-block-column is-layout-flow wp-block-column-is-layout-flow\">\n<div class=\"wp-block-image\"><figure class=\"aligncenter size-full\"><img loading=\"lazy\" decoding=\"async\" width=\"152\" height=\"153\" src=\"https:\/\/www.taisykla7.lt\/wp-content\/uploads\/2022\/04\/LANCIA-navigacija-Lietuva-ir-Europa-sistemoms-Connect-G2-DB3-su-CD-kodas-lan1.png\" alt=\"LANCIA navigacija Lietuva ir Europa sistemoms RT4\/RT5 su CD (kodas lan2)\" class=\"wp-image-1199\" srcset=\"https:\/\/www.taisykla7.lt\/wp-content\/uploads\/2022\/04\/LANCIA-navigacija-Lietuva-ir-Europa-sistemoms-Connect-G2-DB3-su-CD-kodas-lan1.png 152w, https:\/\/www.taisykla7.lt\/wp-content\/uploads\/2022\/04\/LANCIA-navigacija-Lietuva-ir-Europa-sistemoms-Connect-G2-DB3-su-CD-kodas-lan1-150x150.png 150w\" sizes=\"auto, (max-width: 152px) 100vw, 152px\" \/><\/figure><\/div>\n<\/div>\n<\/div>\n\n\n\n<p><strong>Latest Navigation Maps | Best Price |<\/strong> Please contact the navigation master on tel. <strong><a href=\"tel:861777751\">8-617-77751<\/a><\/strong> <a href=\"\/en\/kontaktai\/\"><strong>Vilnius, Kaunas, Klaip\u0117da, \u0160iauliai<\/strong><\/a> and we will be happy to answer any questions you may have!<\/p><hr>","protected":false},"excerpt":{"rendered":"<p>LANCIA navigation Lithuania, Europe. Latest discs, maps. LANCIA navigation Lithuania and Europe for Connect G2\/DB3 with CD (code lan1) LANCIA navigation Lithuania and Europe for RT4\/RT5 with CD (code lan2) LANCIA navigation Lithuania and Europe for Connect G2\/DB3 with CD (code lan1) Latest navigation CDs with maps:CD01 - FranceCD02 - Spain, PortugalCD03 - ItalyCD04...&nbsp;<a href=\"https:\/\/www.taisykla7.lt\/en\/lancia-navigacija\/\" rel=\"bookmark\">Read More \"<span class=\"screen-reader-text\">LANCIA navigation<\/span><\/a><\/p>","protected":false},"author":1,"featured_media":0,"parent":0,"menu_order":0,"comment_status":"closed","ping_status":"closed","template":"","meta":{"_uag_custom_page_level_css":"","neve_meta_sidebar":"","neve_meta_container":"","neve_meta_enable_content_width":"","neve_meta_content_width":0,"neve_meta_title_alignment":"","neve_meta_author_avatar":"","neve_post_elements_order":"","neve_meta_disable_header":"","neve_meta_disable_footer":"","neve_meta_disable_title":"","footnotes":""},"class_list":["post-1196","page","type-page","status-publish","hentry"],"yoast_head":"<!-- This site is optimized with the Yoast SEO plugin v27.4 - https:\/\/yoast.com\/product\/yoast-seo-wordpress\/ -->\n<title>LANCIA navigacija Elektronikos remontas Vilniuje, Kaune, Klaip\u0117doje, \u0160iauliuose<\/title>\n<meta name=\"description\" content=\"LANCIA navigacija Lietuva, Europa. Naujausi diskai, \u017eem\u0117lapiai. Vilniuje, Kaune, Klaip\u0117doje, \u0160iauliuose. Tel. 8-617-77751\" \/>\n<meta name=\"robots\" content=\"index, follow, max-snippet:-1, max-image-preview:large, max-video-preview:-1\" \/>\n<link rel=\"canonical\" href=\"https:\/\/www.taisykla7.lt\/en\/lancia-navigacija\/\" \/>\n<meta property=\"og:locale\" content=\"en_US\" \/>\n<meta property=\"og:type\" content=\"article\" \/>\n<meta property=\"og:title\" content=\"LANCIA navigacija Elektronikos remontas Vilniuje, Kaune, Klaip\u0117doje, \u0160iauliuose\" \/>\n<meta property=\"og:description\" content=\"LANCIA navigacija Lietuva, Europa. Naujausi diskai, \u017eem\u0117lapiai. Vilniuje, Kaune, Klaip\u0117doje, \u0160iauliuose. Tel. 8-617-77751\" \/>\n<meta property=\"og:url\" content=\"https:\/\/www.taisykla7.lt\/en\/lancia-navigacija\/\" \/>\n<meta property=\"og:site_name\" content=\"Elektronikos remontas Vilniuje, Kaune, Klaip\u0117doje, \u0160iauliuose\" \/>\n<meta property=\"article:modified_time\" content=\"2022-04-21T21:43:30+00:00\" \/>\n<meta property=\"og:image\" content=\"https:\/\/www.taisykla7.lt\/wp-content\/uploads\/2022\/04\/LANCIA-navigacija-Lietuva-ir-Europa-sistemoms-Connect-G2-DB3-su-CD-kodas-lan1.png\" \/>\n<meta name=\"twitter:card\" content=\"summary_large_image\" \/>\n<meta name=\"twitter:label1\" content=\"Est. reading time\" \/>\n\t<meta name=\"twitter:data1\" content=\"2 minutes\" \/>\n<script type=\"application\/ld+json\" class=\"yoast-schema-graph\">{\"@context\":\"https:\\\/\\\/schema.org\",\"@graph\":[{\"@type\":\"WebPage\",\"@id\":\"https:\\\/\\\/www.taisykla7.lt\\\/lancia-navigacija\\\/\",\"url\":\"https:\\\/\\\/www.taisykla7.lt\\\/lancia-navigacija\\\/\",\"name\":\"LANCIA navigacija Elektronikos remontas Vilniuje, Kaune, Klaip\u0117doje, \u0160iauliuose\",\"isPartOf\":{\"@id\":\"https:\\\/\\\/www.taisykla7.lt\\\/#website\"},\"primaryImageOfPage\":{\"@id\":\"https:\\\/\\\/www.taisykla7.lt\\\/lancia-navigacija\\\/#primaryimage\"},\"image\":{\"@id\":\"https:\\\/\\\/www.taisykla7.lt\\\/lancia-navigacija\\\/#primaryimage\"},\"thumbnailUrl\":\"https:\\\/\\\/www.taisykla7.lt\\\/wp-content\\\/uploads\\\/2022\\\/04\\\/LANCIA-navigacija-Lietuva-ir-Europa-sistemoms-Connect-G2-DB3-su-CD-kodas-lan1.png\",\"datePublished\":\"2022-04-21T10:46:14+00:00\",\"dateModified\":\"2022-04-21T21:43:30+00:00\",\"description\":\"LANCIA navigacija Lietuva, Europa. Naujausi diskai, \u017eem\u0117lapiai. Vilniuje, Kaune, Klaip\u0117doje, \u0160iauliuose. Tel. 8-617-77751\",\"breadcrumb\":{\"@id\":\"https:\\\/\\\/www.taisykla7.lt\\\/lancia-navigacija\\\/#breadcrumb\"},\"inLanguage\":\"en-US\",\"potentialAction\":[{\"@type\":\"ReadAction\",\"target\":[\"https:\\\/\\\/www.taisykla7.lt\\\/lancia-navigacija\\\/\"]}]},{\"@type\":\"ImageObject\",\"inLanguage\":\"en-US\",\"@id\":\"https:\\\/\\\/www.taisykla7.lt\\\/lancia-navigacija\\\/#primaryimage\",\"url\":\"https:\\\/\\\/www.taisykla7.lt\\\/wp-content\\\/uploads\\\/2022\\\/04\\\/LANCIA-navigacija-Lietuva-ir-Europa-sistemoms-Connect-G2-DB3-su-CD-kodas-lan1.png\",\"contentUrl\":\"https:\\\/\\\/www.taisykla7.lt\\\/wp-content\\\/uploads\\\/2022\\\/04\\\/LANCIA-navigacija-Lietuva-ir-Europa-sistemoms-Connect-G2-DB3-su-CD-kodas-lan1.png\"},{\"@type\":\"BreadcrumbList\",\"@id\":\"https:\\\/\\\/www.taisykla7.lt\\\/lancia-navigacija\\\/#breadcrumb\",\"itemListElement\":[{\"@type\":\"ListItem\",\"position\":1,\"name\":\"Pagrindinis\",\"item\":\"https:\\\/\\\/www.taisykla7.lt\\\/\"},{\"@type\":\"ListItem\",\"position\":2,\"name\":\"LANCIA navigacija\"}]},{\"@type\":\"WebSite\",\"@id\":\"https:\\\/\\\/www.taisykla7.lt\\\/#website\",\"url\":\"https:\\\/\\\/www.taisykla7.lt\\\/\",\"name\":\"Elektronikos remontas Vilniuje, Kaune, Klaip\u0117doje, \u0160iauliuose\",\"description\":\"Televizori\u0173, paspirtuk\u0173, kompiuteri\u0173, telefon\u0173, kavos aparat\u0173 ir kitos technikos remontas \\\/ taisykla\",\"publisher\":{\"@id\":\"https:\\\/\\\/www.taisykla7.lt\\\/#organization\"},\"potentialAction\":[{\"@type\":\"SearchAction\",\"target\":{\"@type\":\"EntryPoint\",\"urlTemplate\":\"https:\\\/\\\/www.taisykla7.lt\\\/?s={search_term_string}\"},\"query-input\":{\"@type\":\"PropertyValueSpecification\",\"valueRequired\":true,\"valueName\":\"search_term_string\"}}],\"inLanguage\":\"en-US\"},{\"@type\":\"Organization\",\"@id\":\"https:\\\/\\\/www.taisykla7.lt\\\/#organization\",\"name\":\"Elektronikos remontas Vilniuje, Kaune, Klaip\u0117doje, \u0160iauliuose\",\"url\":\"https:\\\/\\\/www.taisykla7.lt\\\/\",\"logo\":{\"@type\":\"ImageObject\",\"inLanguage\":\"en-US\",\"@id\":\"https:\\\/\\\/www.taisykla7.lt\\\/#\\\/schema\\\/logo\\\/image\\\/\",\"url\":\"https:\\\/\\\/www.taisykla7.lt\\\/wp-content\\\/uploads\\\/2022\\\/04\\\/taisykla7_logo.jpg\",\"contentUrl\":\"https:\\\/\\\/www.taisykla7.lt\\\/wp-content\\\/uploads\\\/2022\\\/04\\\/taisykla7_logo.jpg\",\"width\":400,\"height\":100,\"caption\":\"Elektronikos remontas Vilniuje, Kaune, Klaip\u0117doje, \u0160iauliuose\"},\"image\":{\"@id\":\"https:\\\/\\\/www.taisykla7.lt\\\/#\\\/schema\\\/logo\\\/image\\\/\"}}]}<\/script>\n<!-- \/ Yoast SEO plugin. -->","yoast_head_json":{"title":"LANCIA navigacija Elektronikos remontas Vilniuje, Kaune, Klaip\u0117doje, \u0160iauliuose","description":"LANCIA navigation Lithuania, Europe. Latest discs, maps. In Vilnius, Kaunas, Klaip\u0117da, \u0160iauliai. Tel. 8-617-77751","robots":{"index":"index","follow":"follow","max-snippet":"max-snippet:-1","max-image-preview":"max-image-preview:large","max-video-preview":"max-video-preview:-1"},"canonical":"https:\/\/www.taisykla7.lt\/en\/lancia-navigacija\/","og_locale":"en_US","og_type":"article","og_title":"LANCIA navigacija Elektronikos remontas Vilniuje, Kaune, Klaip\u0117doje, \u0160iauliuose","og_description":"LANCIA navigacija Lietuva, Europa. Naujausi diskai, \u017eem\u0117lapiai. Vilniuje, Kaune, Klaip\u0117doje, \u0160iauliuose. Tel. 8-617-77751","og_url":"https:\/\/www.taisykla7.lt\/en\/lancia-navigacija\/","og_site_name":"Elektronikos remontas Vilniuje, Kaune, Klaip\u0117doje, \u0160iauliuose","article_modified_time":"2022-04-21T21:43:30+00:00","og_image":[{"url":"https:\/\/www.taisykla7.lt\/wp-content\/uploads\/2022\/04\/LANCIA-navigacija-Lietuva-ir-Europa-sistemoms-Connect-G2-DB3-su-CD-kodas-lan1.png","type":"","width":"","height":""}],"twitter_card":"summary_large_image","twitter_misc":{"Est. reading time":"2 minutes"},"schema":{"@context":"https:\/\/schema.org","@graph":[{"@type":"WebPage","@id":"https:\/\/www.taisykla7.lt\/lancia-navigacija\/","url":"https:\/\/www.taisykla7.lt\/lancia-navigacija\/","name":"LANCIA navigacija Elektronikos remontas Vilniuje, Kaune, Klaip\u0117doje, \u0160iauliuose","isPartOf":{"@id":"https:\/\/www.taisykla7.lt\/#website"},"primaryImageOfPage":{"@id":"https:\/\/www.taisykla7.lt\/lancia-navigacija\/#primaryimage"},"image":{"@id":"https:\/\/www.taisykla7.lt\/lancia-navigacija\/#primaryimage"},"thumbnailUrl":"https:\/\/www.taisykla7.lt\/wp-content\/uploads\/2022\/04\/LANCIA-navigacija-Lietuva-ir-Europa-sistemoms-Connect-G2-DB3-su-CD-kodas-lan1.png","datePublished":"2022-04-21T10:46:14+00:00","dateModified":"2022-04-21T21:43:30+00:00","description":"LANCIA navigation Lithuania, Europe. Latest discs, maps. In Vilnius, Kaunas, Klaip\u0117da, \u0160iauliai. Tel. 8-617-77751","breadcrumb":{"@id":"https:\/\/www.taisykla7.lt\/lancia-navigacija\/#breadcrumb"},"inLanguage":"en-US","potentialAction":[{"@type":"ReadAction","target":["https:\/\/www.taisykla7.lt\/lancia-navigacija\/"]}]},{"@type":"ImageObject","inLanguage":"en-US","@id":"https:\/\/www.taisykla7.lt\/lancia-navigacija\/#primaryimage","url":"https:\/\/www.taisykla7.lt\/wp-content\/uploads\/2022\/04\/LANCIA-navigacija-Lietuva-ir-Europa-sistemoms-Connect-G2-DB3-su-CD-kodas-lan1.png","contentUrl":"https:\/\/www.taisykla7.lt\/wp-content\/uploads\/2022\/04\/LANCIA-navigacija-Lietuva-ir-Europa-sistemoms-Connect-G2-DB3-su-CD-kodas-lan1.png"},{"@type":"BreadcrumbList","@id":"https:\/\/www.taisykla7.lt\/lancia-navigacija\/#breadcrumb","itemListElement":[{"@type":"ListItem","position":1,"name":"Pagrindinis","item":"https:\/\/www.taisykla7.lt\/"},{"@type":"ListItem","position":2,"name":"LANCIA navigacija"}]},{"@type":"WebSite","@id":"https:\/\/www.taisykla7.lt\/#website","url":"https:\/\/www.taisykla7.lt\/","name":"Elektronikos remontas Vilniuje, Kaune, Klaip\u0117doje, \u0160iauliuose","description":"Repair\/repair of TVs, scooters, computers, telephones, coffee machines and other appliances","publisher":{"@id":"https:\/\/www.taisykla7.lt\/#organization"},"potentialAction":[{"@type":"SearchAction","target":{"@type":"EntryPoint","urlTemplate":"https:\/\/www.taisykla7.lt\/?s={search_term_string}"},"query-input":{"@type":"PropertyValueSpecification","valueRequired":true,"valueName":"search_term_string"}}],"inLanguage":"en-US"},{"@type":"Organization","@id":"https:\/\/www.taisykla7.lt\/#organization","name":"Elektronikos remontas Vilniuje, Kaune, Klaip\u0117doje, \u0160iauliuose","url":"https:\/\/www.taisykla7.lt\/","logo":{"@type":"ImageObject","inLanguage":"en-US","@id":"https:\/\/www.taisykla7.lt\/#\/schema\/logo\/image\/","url":"https:\/\/www.taisykla7.lt\/wp-content\/uploads\/2022\/04\/taisykla7_logo.jpg","contentUrl":"https:\/\/www.taisykla7.lt\/wp-content\/uploads\/2022\/04\/taisykla7_logo.jpg","width":400,"height":100,"caption":"Elektronikos remontas Vilniuje, Kaune, Klaip\u0117doje, \u0160iauliuose"},"image":{"@id":"https:\/\/www.taisykla7.lt\/#\/schema\/logo\/image\/"}}]}},"uagb_featured_image_src":{"full":false,"thumbnail":false,"medium":false,"medium_large":false,"large":false,"1536x1536":false,"2048x2048":false,"trp-custom-language-flag":false,"neve-blog":false},"uagb_author_info":{"display_name":"admin","author_link":"https:\/\/www.taisykla7.lt\/en\/author\/admin\/"},"uagb_comment_info":0,"uagb_excerpt":"LANCIA navigacija Lietuva, Europa. Naujausi diskai, \u017eem\u0117lapiai. LANCIA navigacija Lietuva ir Europa sistemoms Connect G2\/DB3 su CD (kodas lan1) LANCIA navigacija Lietuva ir Europa sistemoms RT4\/RT5 su CD (kodas lan2) LANCIA navigacija Lietuva ir Europa sistemoms Connect G2\/DB3 su CD (kodas lan1) Naujausias navigacijos CD diskai su \u017eem\u0117lapiais:CD01 &#8211; Pranc\u016bzijaCD02 &#8211; Ispanija, PortugalijaCD03 &#8211; ItalijaCD04&hellip;&nbsp;Read&hellip;","_links":{"self":[{"href":"https:\/\/www.taisykla7.lt\/en\/wp-json\/wp\/v2\/pages\/1196","targetHints":{"allow":["GET"]}}],"collection":[{"href":"https:\/\/www.taisykla7.lt\/en\/wp-json\/wp\/v2\/pages"}],"about":[{"href":"https:\/\/www.taisykla7.lt\/en\/wp-json\/wp\/v2\/types\/page"}],"author":[{"embeddable":true,"href":"https:\/\/www.taisykla7.lt\/en\/wp-json\/wp\/v2\/users\/1"}],"replies":[{"embeddable":true,"href":"https:\/\/www.taisykla7.lt\/en\/wp-json\/wp\/v2\/comments?post=1196"}],"version-history":[{"count":4,"href":"https:\/\/www.taisykla7.lt\/en\/wp-json\/wp\/v2\/pages\/1196\/revisions"}],"predecessor-version":[{"id":1539,"href":"https:\/\/www.taisykla7.lt\/en\/wp-json\/wp\/v2\/pages\/1196\/revisions\/1539"}],"wp:attachment":[{"href":"https:\/\/www.taisykla7.lt\/en\/wp-json\/wp\/v2\/media?parent=1196"}],"curies":[{"name":"wp","href":"https:\/\/api.w.org\/{rel}","templated":true}]}}