{"id":1216,"date":"2022-04-21T13:18:53","date_gmt":"2022-04-21T11:18:53","guid":{"rendered":"https:\/\/www.taisykla7.lt\/?page_id=1216"},"modified":"2022-04-21T23:45:31","modified_gmt":"2022-04-21T21:45:31","slug":"mazda-navigacija","status":"publish","type":"page","link":"https:\/\/www.taisykla7.lt\/en\/mazda-navigacija\/","title":{"rendered":"MAZDA navigation"},"content":{"rendered":"<ul class=\"wp-block-list\">\n<li><strong>Vilnius<\/strong> - Kareivi\u0173 g. 11A \"RIMI\" <a href=\"tel:+37065577057\">+370-655-77057<\/a><\/li>\n\n\n\n<li><strong>Kaunas<\/strong> - 155 Savanori\u0173 Ave. <a href=\"tel:+37063969600\">+370-639-69600<\/a><\/li>\n\n\n\n<li><strong>Klaip\u0117da<\/strong> - Sausio 15-osios str. 13 <a href=\"tel:+37064707741\">+370-647-07741<\/a><\/li>\n\n\n\n<li><strong>\u0160iauliai<\/strong> - Gegu\u017ei\u0173 g. 30 \"Arena\" <a href=\"tel:+37068229052\">+370-682-29052<\/a><\/li>\n<\/ul>\n\n\n\n<p><strong>MAZDA navigation Lithuania, Europe. Latest discs, maps.<\/strong><\/p>\n\n\n\n<p>Find your car navigation system. If you have any questions or concerns, please call <a href=\"tel:861777751\">our car navigation master at 8-617-77751<\/a> and we'll be happy to help.<\/p>\n\n\n\n<ul class=\"wp-block-list\"><li><strong>MAZDA navigation Lithuania and Europe for Denso systems with DVD (code m1)<\/strong><\/li><li><strong>MAZDA navigation Lithuania and Europe for Denso systems with DVD (code m2)<\/strong><\/li><li><strong>MAZDA navigation Lithuania and Europe for systems with SD CARD (code m3)<\/strong><\/li><li><strong>MAZDA navigation Lithuania and Europe for Mazda Connect with SD CARD (code m4)<\/strong><\/li><\/ul>\n\n\n\n<h2 class=\"wp-block-heading\">MAZDA navigation Lithuania and Europe for Denso systems with DVD (code m1)<\/h2>\n\n\n\n<div class=\"wp-block-columns is-layout-flex wp-container-core-columns-is-layout-9d6595d7 wp-block-columns-is-layout-flex\">\n<div class=\"wp-block-column is-layout-flow wp-block-column-is-layout-flow\">\n<p><strong>DVD1 up-to-date navigation disc with maps<\/strong><br>Andorra, France, Ireland, Gibraltar, Monaco, Portugal, Spain, United Kingdom, United Kingdom<\/p>\n\n\n\n<p><strong>DVD2 up-to-date navigation disc with maps<\/strong><br>Austria, Belgium, Czech Republic, Denmark, Finland, Germany, Italy, Liechtenstein, Luxembourg, Norway, Netherlands, San Marino, Sweden, Switzerland, Vatican City<\/p>\n\n\n\n<p><strong>DVD3 up-to-date navigation disc with maps<\/strong><br>Albania, Austria, Belarus, Bosnia and Herzegovina, Bulgaria, Croatia, Czech Republic, Estonia, Greece, Hungary, Montenegro, Latvia, Poland, <strong>Lithuania (detailed)<\/strong>Macedonia, Moldova, Romania, Serbia, Slovakia, Slovenia, Turkey, Ukraine, Hungary, Germany<\/p>\n\n\n\n<p>The system is available on the following cars:<\/p>\n\n\n\n<ul class=\"wp-block-list\"><li>Mazda 3 from 2005-09<\/li><li>Mazda 5<\/li><li>Mazda RX-8 from 2005-09<\/li><li>Mazda 6 from 2007<\/li><li>New Mazda 6 from 2008<\/li><\/ul>\n<\/div>\n\n\n\n<div class=\"wp-block-column is-layout-flow wp-block-column-is-layout-flow\">\n<div class=\"wp-block-image\"><figure class=\"aligncenter size-full\"><img loading=\"lazy\" decoding=\"async\" width=\"299\" height=\"209\" src=\"https:\/\/www.taisykla7.lt\/wp-content\/uploads\/2022\/04\/MAZDA-navigacija-Lietuva-ir-Europa-sistemoms-Denso-su-DVD-kodas-m1.jpg\" alt=\"MAZDA navigacija Lietuva ir Europa sistemoms Denso su DVD (kodas m1)\" class=\"wp-image-1217\"\/><\/figure><\/div>\n<\/div>\n<\/div>\n\n\n\n<p><strong>Latest Navigation Maps | Best Price |<\/strong> Please contact the navigation master on tel. <strong><a href=\"tel:861777751\">8-617-77751<\/a><\/strong> <a href=\"\/en\/kontaktai\/\"><strong>Vilnius, Kaunas, Klaip\u0117da, \u0160iauliai<\/strong><\/a> and we will be happy to answer any questions you may have!<\/p><hr>\n\n\n\n<h2 class=\"wp-block-heading\">MAZDA navigation Lithuania and Europe for Denso systems with DVD (code m2)<\/h2>\n\n\n\n<div class=\"wp-block-columns is-layout-flex wp-container-core-columns-is-layout-9d6595d7 wp-block-columns-is-layout-flex\">\n<div class=\"wp-block-column is-layout-flow wp-block-column-is-layout-flow\">\n<p><strong>DVD of the latest navigation disc with maps<\/strong><br>Albania, Austria, Belarus, Bosnia and Herzegovina, Bulgaria, Croatia, Czech Republic, Estonia, Greece, Hungary, Montenegro, Latvia, Poland,<strong>Lithuania (detailed)<\/strong>, Macedonia, Moldova, Romania, Serbia, Slovakia, Slovenia, Turkey, Ukraine, Hungary, Germany<\/p>\n\n\n\n<p>The system is available on the following cars:<\/p>\n\n\n\n<ul class=\"wp-block-list\"><li>Mazda CX-7<\/li><li>Mazda CX-9<\/li><\/ul>\n<\/div>\n\n\n\n<div class=\"wp-block-column is-layout-flow wp-block-column-is-layout-flow\">\n<div class=\"wp-block-image\"><figure class=\"aligncenter size-full\"><img loading=\"lazy\" decoding=\"async\" width=\"220\" height=\"224\" src=\"https:\/\/www.taisykla7.lt\/wp-content\/uploads\/2022\/04\/MAZDA-navigacija-Lietuva-ir-Europa-sistemoms-Denso-su-DVD-kodas-m2.jpg\" alt=\"MAZDA navigacija Lietuva ir Europa sistemoms Denso su DVD (kodas m2)\" class=\"wp-image-1218\"\/><\/figure><\/div>\n<\/div>\n<\/div>\n\n\n\n<p><strong>Latest Navigation Maps | Best Price |<\/strong> Please contact the navigation master on tel. <strong><a href=\"tel:861777751\">8-617-77751<\/a><\/strong> <a href=\"\/en\/kontaktai\/\"><strong>Vilnius, Kaunas, Klaip\u0117da, \u0160iauliai<\/strong><\/a> and we will be happy to answer any questions you may have!<\/p><hr>\n\n\n\n<h2 class=\"wp-block-heading\">MAZDA navigation Lithuania and Europe for systems with SD CARD (code m3) Multi-model Navigation<\/h2>\n\n\n\n<div class=\"wp-block-columns is-layout-flex wp-container-core-columns-is-layout-9d6595d7 wp-block-columns-is-layout-flex\">\n<div class=\"wp-block-column is-layout-flow wp-block-column-is-layout-flow\">\n<p><strong>4GB SD card with up-to-date maps of Europe<\/strong><br>Albania, Andorra, Austria, Belgium, Bulgaria, Bosnia and Herzegovina, Belarus, Switzerland, Czech Republic, Germany, Denmark, Spain, Estonia, Finland, France, United Kingdom, Gibraltar, Greece, Croatia, Hungary, Ireland, Ireland, Italy, Liechtenstein,<strong> Lithuania (detailed)<\/strong>, Luxembourg, Latvia, Monaco, Moldova, Macedonia, Malta, Montenegro, Netherlands, Norway, Poland, Portugal, Romania, Russia, San Marino, Serbia, Slovakia, Slovenia, Sweden, Turkey, Ukraine, Vatican City<\/p>\n\n\n\n<p>The system is available on the following cars:<\/p>\n\n\n\n<ul class=\"wp-block-list\"><li>2010-2014 Mazda cars with SD card<\/li><\/ul>\n<\/div>\n\n\n\n<div class=\"wp-block-column is-layout-flow wp-block-column-is-layout-flow\">\n<div class=\"wp-block-image\"><figure class=\"aligncenter size-full\"><img loading=\"lazy\" decoding=\"async\" width=\"150\" height=\"120\" src=\"https:\/\/www.taisykla7.lt\/wp-content\/uploads\/2022\/04\/MAZDA-navigacija-Lietuva-ir-Europa-sistemoms-su-SD-CARD-kodas-m3.jpg\" alt=\"MAZDA navigacija Lietuva ir Europa sistemoms su SD CARD (kodas m3) Multi-model Navigation\" class=\"wp-image-1219\"\/><\/figure><\/div>\n<\/div>\n<\/div>\n\n\n\n<p><strong>Latest Navigation Maps | Best Price |<\/strong> Please contact the navigation master on tel. <strong><a href=\"tel:861777751\">8-617-77751<\/a><\/strong> <a href=\"\/en\/kontaktai\/\"><strong>Vilnius, Kaunas, Klaip\u0117da, \u0160iauliai<\/strong><\/a> and we will be happy to answer any questions you may have!<\/p><hr>\n\n\n\n<h2 class=\"wp-block-heading\">MAZDA Navigation Lithuania and Europe for Mazda Connect with SD CARD and 7\" screen (code m4)<\/h2>\n\n\n\n<div class=\"wp-block-columns is-layout-flex wp-container-core-columns-is-layout-9d6595d7 wp-block-columns-is-layout-flex\">\n<div class=\"wp-block-column is-layout-flow wp-block-column-is-layout-flow\">\n<p><strong>SD card with up-to-date maps of Europe<\/strong><br>Albania, Andorra, Austria, Belgium, Bulgaria, Bosnia and Herzegovina, Belarus, Switzerland, Czech Republic, Germany, Denmark, Spain, Estonia, Finland, France, United Kingdom, Gibraltar, Greece, Croatia, Hungary, Ireland, Ireland, Italy, Liechtenstein,<strong> Lithuania (detailed)<\/strong>, Luxembourg, Latvia, Monaco, Moldova, Macedonia, Malta, Montenegro, Netherlands, Norway, Poland, Portugal, Romania, Russia, San Marino, Serbia, Slovakia, Slovenia, Sweden, Turkey, Ukraine, Vatican City<\/p>\n\n\n\n<p>The system is available on the following cars:<\/p>\n\n\n\n<ul class=\"wp-block-list\"><li>Mazda 2 2015-2016<\/li><li>Mazda 3 2013-2016<\/li><li>Mazda 6 2015-2016<\/li><li>Mazda CX-3 2015-2016<\/li><li>Mazda CX-5 2015-2016<\/li><li>Mazda MX-5 Miata 2015-2016<\/li><\/ul>\n<\/div>\n\n\n\n<div class=\"wp-block-column is-layout-flow wp-block-column-is-layout-flow\">\n<div class=\"wp-block-image\"><figure class=\"aligncenter size-full\"><img loading=\"lazy\" decoding=\"async\" width=\"325\" height=\"196\" src=\"https:\/\/www.taisykla7.lt\/wp-content\/uploads\/2022\/04\/mazda-navigacija-lietuva-ir-europa-sistemoms-mazda-connect-su-sd-card-kodas-m4-2.jpg\" alt=\"MAZDA navigacija Lietuva ir Europa sistemoms Mazda Connect su SD CARD ir 7 coli\u0173 ekranu (kodas m4)\" class=\"wp-image-1220\" srcset=\"https:\/\/www.taisykla7.lt\/wp-content\/uploads\/2022\/04\/mazda-navigacija-lietuva-ir-europa-sistemoms-mazda-connect-su-sd-card-kodas-m4-2.jpg 325w, https:\/\/www.taisykla7.lt\/wp-content\/uploads\/2022\/04\/mazda-navigacija-lietuva-ir-europa-sistemoms-mazda-connect-su-sd-card-kodas-m4-2-300x181.jpg 300w\" sizes=\"auto, (max-width: 325px) 100vw, 325px\" \/><\/figure><\/div>\n<\/div>\n<\/div>\n\n\n\n<p><strong>Latest Navigation Maps | Best Price |<\/strong> Please contact the navigation master on tel. <strong><a href=\"tel:861777751\">8-617-77751<\/a><\/strong> <a href=\"\/en\/kontaktai\/\"><strong>Vilnius, Kaunas, Klaip\u0117da, \u0160iauliai<\/strong><\/a> and we will be happy to answer any questions you may have!<\/p><hr>\n\n\n\n<p><\/p>","protected":false},"excerpt":{"rendered":"<p>MAZDA navigation Lithuania, Europe. Latest discs, maps. MAZDA navigation Lithuania and Europe for Denso systems with DVD (code m1) MAZDA navigation Lithuania and Europe for Denso systems with DVD (code m2) MAZDA navigation Lithuania and Europe for Denso systems with SD CARD (code m3) MAZDA navigation Lithuania and Europe for Mazda Connect systems with SD CARD (code m4) MAZDA...&nbsp;<a href=\"https:\/\/www.taisykla7.lt\/en\/mazda-navigacija\/\" rel=\"bookmark\">Read More \"<span class=\"screen-reader-text\">MAZDA navigation<\/span><\/a><\/p>","protected":false},"author":1,"featured_media":0,"parent":0,"menu_order":0,"comment_status":"closed","ping_status":"closed","template":"","meta":{"_uag_custom_page_level_css":"","neve_meta_sidebar":"","neve_meta_container":"","neve_meta_enable_content_width":"","neve_meta_content_width":0,"neve_meta_title_alignment":"","neve_meta_author_avatar":"","neve_post_elements_order":"","neve_meta_disable_header":"","neve_meta_disable_footer":"","neve_meta_disable_title":"","footnotes":""},"class_list":["post-1216","page","type-page","status-publish","hentry"],"yoast_head":"<!-- This site is optimized with the Yoast SEO plugin v27.3 - https:\/\/yoast.com\/product\/yoast-seo-wordpress\/ -->\n<title>MAZDA navigacija Elektronikos remontas Vilniuje, Kaune, Klaip\u0117doje, \u0160iauliuose<\/title>\n<meta name=\"description\" content=\"MAZDA navigacija Lietuva, Europa. Naujausi diskai, \u017eem\u0117lapiai. Vilniuje, Kaune, Klaip\u0117doje, \u0160iauliuose. Tel. 8-617-77751\" \/>\n<meta name=\"robots\" content=\"index, follow, max-snippet:-1, max-image-preview:large, max-video-preview:-1\" \/>\n<link rel=\"canonical\" href=\"https:\/\/www.taisykla7.lt\/en\/mazda-navigacija\/\" \/>\n<meta property=\"og:locale\" content=\"en_US\" \/>\n<meta property=\"og:type\" content=\"article\" \/>\n<meta property=\"og:title\" content=\"MAZDA navigacija Elektronikos remontas Vilniuje, Kaune, Klaip\u0117doje, \u0160iauliuose\" \/>\n<meta property=\"og:description\" content=\"MAZDA navigacija Lietuva, Europa. Naujausi diskai, \u017eem\u0117lapiai. Vilniuje, Kaune, Klaip\u0117doje, \u0160iauliuose. Tel. 8-617-77751\" \/>\n<meta property=\"og:url\" content=\"https:\/\/www.taisykla7.lt\/en\/mazda-navigacija\/\" \/>\n<meta property=\"og:site_name\" content=\"Elektronikos remontas Vilniuje, Kaune, Klaip\u0117doje, \u0160iauliuose\" \/>\n<meta property=\"article:modified_time\" content=\"2022-04-21T21:45:31+00:00\" \/>\n<meta property=\"og:image\" content=\"https:\/\/www.taisykla7.lt\/wp-content\/uploads\/2022\/04\/MAZDA-navigacija-Lietuva-ir-Europa-sistemoms-Denso-su-DVD-kodas-m1.jpg\" \/>\n<meta name=\"twitter:card\" content=\"summary_large_image\" \/>\n<meta name=\"twitter:label1\" content=\"Est. reading time\" \/>\n\t<meta name=\"twitter:data1\" content=\"3 minutes\" \/>\n<script type=\"application\/ld+json\" class=\"yoast-schema-graph\">{\"@context\":\"https:\\\/\\\/schema.org\",\"@graph\":[{\"@type\":\"WebPage\",\"@id\":\"https:\\\/\\\/www.taisykla7.lt\\\/mazda-navigacija\\\/\",\"url\":\"https:\\\/\\\/www.taisykla7.lt\\\/mazda-navigacija\\\/\",\"name\":\"MAZDA navigacija Elektronikos remontas Vilniuje, Kaune, Klaip\u0117doje, \u0160iauliuose\",\"isPartOf\":{\"@id\":\"https:\\\/\\\/www.taisykla7.lt\\\/#website\"},\"primaryImageOfPage\":{\"@id\":\"https:\\\/\\\/www.taisykla7.lt\\\/mazda-navigacija\\\/#primaryimage\"},\"image\":{\"@id\":\"https:\\\/\\\/www.taisykla7.lt\\\/mazda-navigacija\\\/#primaryimage\"},\"thumbnailUrl\":\"https:\\\/\\\/www.taisykla7.lt\\\/wp-content\\\/uploads\\\/2022\\\/04\\\/MAZDA-navigacija-Lietuva-ir-Europa-sistemoms-Denso-su-DVD-kodas-m1.jpg\",\"datePublished\":\"2022-04-21T11:18:53+00:00\",\"dateModified\":\"2022-04-21T21:45:31+00:00\",\"description\":\"MAZDA navigacija Lietuva, Europa. Naujausi diskai, \u017eem\u0117lapiai. Vilniuje, Kaune, Klaip\u0117doje, \u0160iauliuose. Tel. 8-617-77751\",\"breadcrumb\":{\"@id\":\"https:\\\/\\\/www.taisykla7.lt\\\/mazda-navigacija\\\/#breadcrumb\"},\"inLanguage\":\"en-US\",\"potentialAction\":[{\"@type\":\"ReadAction\",\"target\":[\"https:\\\/\\\/www.taisykla7.lt\\\/mazda-navigacija\\\/\"]}]},{\"@type\":\"ImageObject\",\"inLanguage\":\"en-US\",\"@id\":\"https:\\\/\\\/www.taisykla7.lt\\\/mazda-navigacija\\\/#primaryimage\",\"url\":\"https:\\\/\\\/www.taisykla7.lt\\\/wp-content\\\/uploads\\\/2022\\\/04\\\/MAZDA-navigacija-Lietuva-ir-Europa-sistemoms-Denso-su-DVD-kodas-m1.jpg\",\"contentUrl\":\"https:\\\/\\\/www.taisykla7.lt\\\/wp-content\\\/uploads\\\/2022\\\/04\\\/MAZDA-navigacija-Lietuva-ir-Europa-sistemoms-Denso-su-DVD-kodas-m1.jpg\"},{\"@type\":\"BreadcrumbList\",\"@id\":\"https:\\\/\\\/www.taisykla7.lt\\\/mazda-navigacija\\\/#breadcrumb\",\"itemListElement\":[{\"@type\":\"ListItem\",\"position\":1,\"name\":\"Pagrindinis\",\"item\":\"https:\\\/\\\/www.taisykla7.lt\\\/\"},{\"@type\":\"ListItem\",\"position\":2,\"name\":\"MAZDA navigacija\"}]},{\"@type\":\"WebSite\",\"@id\":\"https:\\\/\\\/www.taisykla7.lt\\\/#website\",\"url\":\"https:\\\/\\\/www.taisykla7.lt\\\/\",\"name\":\"Elektronikos remontas Vilniuje, Kaune, Klaip\u0117doje, \u0160iauliuose\",\"description\":\"Televizori\u0173, paspirtuk\u0173, kompiuteri\u0173, telefon\u0173, kavos aparat\u0173 ir kitos technikos remontas \\\/ taisykla\",\"publisher\":{\"@id\":\"https:\\\/\\\/www.taisykla7.lt\\\/#organization\"},\"potentialAction\":[{\"@type\":\"SearchAction\",\"target\":{\"@type\":\"EntryPoint\",\"urlTemplate\":\"https:\\\/\\\/www.taisykla7.lt\\\/?s={search_term_string}\"},\"query-input\":{\"@type\":\"PropertyValueSpecification\",\"valueRequired\":true,\"valueName\":\"search_term_string\"}}],\"inLanguage\":\"en-US\"},{\"@type\":\"Organization\",\"@id\":\"https:\\\/\\\/www.taisykla7.lt\\\/#organization\",\"name\":\"Elektronikos remontas Vilniuje, Kaune, Klaip\u0117doje, \u0160iauliuose\",\"url\":\"https:\\\/\\\/www.taisykla7.lt\\\/\",\"logo\":{\"@type\":\"ImageObject\",\"inLanguage\":\"en-US\",\"@id\":\"https:\\\/\\\/www.taisykla7.lt\\\/#\\\/schema\\\/logo\\\/image\\\/\",\"url\":\"https:\\\/\\\/www.taisykla7.lt\\\/wp-content\\\/uploads\\\/2022\\\/04\\\/taisykla7_logo.jpg\",\"contentUrl\":\"https:\\\/\\\/www.taisykla7.lt\\\/wp-content\\\/uploads\\\/2022\\\/04\\\/taisykla7_logo.jpg\",\"width\":400,\"height\":100,\"caption\":\"Elektronikos remontas Vilniuje, Kaune, Klaip\u0117doje, \u0160iauliuose\"},\"image\":{\"@id\":\"https:\\\/\\\/www.taisykla7.lt\\\/#\\\/schema\\\/logo\\\/image\\\/\"}}]}<\/script>\n<!-- \/ Yoast SEO plugin. -->","yoast_head_json":{"title":"MAZDA navigacija Elektronikos remontas Vilniuje, Kaune, Klaip\u0117doje, \u0160iauliuose","description":"MAZDA navigation Lithuania, Europe. Latest discs, maps. In Vilnius, Kaunas, Klaipeda, \u0160iauliai. Tel. 8-617-77751","robots":{"index":"index","follow":"follow","max-snippet":"max-snippet:-1","max-image-preview":"max-image-preview:large","max-video-preview":"max-video-preview:-1"},"canonical":"https:\/\/www.taisykla7.lt\/en\/mazda-navigacija\/","og_locale":"en_US","og_type":"article","og_title":"MAZDA navigacija Elektronikos remontas Vilniuje, Kaune, Klaip\u0117doje, \u0160iauliuose","og_description":"MAZDA navigacija Lietuva, Europa. Naujausi diskai, \u017eem\u0117lapiai. Vilniuje, Kaune, Klaip\u0117doje, \u0160iauliuose. Tel. 8-617-77751","og_url":"https:\/\/www.taisykla7.lt\/en\/mazda-navigacija\/","og_site_name":"Elektronikos remontas Vilniuje, Kaune, Klaip\u0117doje, \u0160iauliuose","article_modified_time":"2022-04-21T21:45:31+00:00","og_image":[{"url":"https:\/\/www.taisykla7.lt\/wp-content\/uploads\/2022\/04\/MAZDA-navigacija-Lietuva-ir-Europa-sistemoms-Denso-su-DVD-kodas-m1.jpg","type":"","width":"","height":""}],"twitter_card":"summary_large_image","twitter_misc":{"Est. reading time":"3 minutes"},"schema":{"@context":"https:\/\/schema.org","@graph":[{"@type":"WebPage","@id":"https:\/\/www.taisykla7.lt\/mazda-navigacija\/","url":"https:\/\/www.taisykla7.lt\/mazda-navigacija\/","name":"MAZDA navigacija Elektronikos remontas Vilniuje, Kaune, Klaip\u0117doje, \u0160iauliuose","isPartOf":{"@id":"https:\/\/www.taisykla7.lt\/#website"},"primaryImageOfPage":{"@id":"https:\/\/www.taisykla7.lt\/mazda-navigacija\/#primaryimage"},"image":{"@id":"https:\/\/www.taisykla7.lt\/mazda-navigacija\/#primaryimage"},"thumbnailUrl":"https:\/\/www.taisykla7.lt\/wp-content\/uploads\/2022\/04\/MAZDA-navigacija-Lietuva-ir-Europa-sistemoms-Denso-su-DVD-kodas-m1.jpg","datePublished":"2022-04-21T11:18:53+00:00","dateModified":"2022-04-21T21:45:31+00:00","description":"MAZDA navigation Lithuania, Europe. Latest discs, maps. In Vilnius, Kaunas, Klaipeda, \u0160iauliai. Tel. 8-617-77751","breadcrumb":{"@id":"https:\/\/www.taisykla7.lt\/mazda-navigacija\/#breadcrumb"},"inLanguage":"en-US","potentialAction":[{"@type":"ReadAction","target":["https:\/\/www.taisykla7.lt\/mazda-navigacija\/"]}]},{"@type":"ImageObject","inLanguage":"en-US","@id":"https:\/\/www.taisykla7.lt\/mazda-navigacija\/#primaryimage","url":"https:\/\/www.taisykla7.lt\/wp-content\/uploads\/2022\/04\/MAZDA-navigacija-Lietuva-ir-Europa-sistemoms-Denso-su-DVD-kodas-m1.jpg","contentUrl":"https:\/\/www.taisykla7.lt\/wp-content\/uploads\/2022\/04\/MAZDA-navigacija-Lietuva-ir-Europa-sistemoms-Denso-su-DVD-kodas-m1.jpg"},{"@type":"BreadcrumbList","@id":"https:\/\/www.taisykla7.lt\/mazda-navigacija\/#breadcrumb","itemListElement":[{"@type":"ListItem","position":1,"name":"Pagrindinis","item":"https:\/\/www.taisykla7.lt\/"},{"@type":"ListItem","position":2,"name":"MAZDA navigacija"}]},{"@type":"WebSite","@id":"https:\/\/www.taisykla7.lt\/#website","url":"https:\/\/www.taisykla7.lt\/","name":"Elektronikos remontas Vilniuje, Kaune, Klaip\u0117doje, \u0160iauliuose","description":"Repair\/repair of TVs, scooters, computers, telephones, coffee machines and other appliances","publisher":{"@id":"https:\/\/www.taisykla7.lt\/#organization"},"potentialAction":[{"@type":"SearchAction","target":{"@type":"EntryPoint","urlTemplate":"https:\/\/www.taisykla7.lt\/?s={search_term_string}"},"query-input":{"@type":"PropertyValueSpecification","valueRequired":true,"valueName":"search_term_string"}}],"inLanguage":"en-US"},{"@type":"Organization","@id":"https:\/\/www.taisykla7.lt\/#organization","name":"Elektronikos remontas Vilniuje, Kaune, Klaip\u0117doje, \u0160iauliuose","url":"https:\/\/www.taisykla7.lt\/","logo":{"@type":"ImageObject","inLanguage":"en-US","@id":"https:\/\/www.taisykla7.lt\/#\/schema\/logo\/image\/","url":"https:\/\/www.taisykla7.lt\/wp-content\/uploads\/2022\/04\/taisykla7_logo.jpg","contentUrl":"https:\/\/www.taisykla7.lt\/wp-content\/uploads\/2022\/04\/taisykla7_logo.jpg","width":400,"height":100,"caption":"Elektronikos remontas Vilniuje, Kaune, Klaip\u0117doje, \u0160iauliuose"},"image":{"@id":"https:\/\/www.taisykla7.lt\/#\/schema\/logo\/image\/"}}]}},"uagb_featured_image_src":{"full":false,"thumbnail":false,"medium":false,"medium_large":false,"large":false,"1536x1536":false,"2048x2048":false,"trp-custom-language-flag":false,"neve-blog":false},"uagb_author_info":{"display_name":"admin","author_link":"https:\/\/www.taisykla7.lt\/en\/author\/admin\/"},"uagb_comment_info":0,"uagb_excerpt":"MAZDA navigacija Lietuva, Europa. Naujausi diskai, \u017eem\u0117lapiai. MAZDA navigacija Lietuva ir Europa sistemoms Denso su DVD (kodas m1) MAZDA navigacija Lietuva ir Europa sistemoms Denso su DVD (kodas m2) MAZDA navigacija Lietuva ir Europa sistemoms su SD CARD (kodas m3) MAZDA navigacija Lietuva ir Europa sistemoms Mazda Connect su SD CARD (kodas m4) MAZDA navigacija&hellip;&nbsp;Read&hellip;","_links":{"self":[{"href":"https:\/\/www.taisykla7.lt\/en\/wp-json\/wp\/v2\/pages\/1216","targetHints":{"allow":["GET"]}}],"collection":[{"href":"https:\/\/www.taisykla7.lt\/en\/wp-json\/wp\/v2\/pages"}],"about":[{"href":"https:\/\/www.taisykla7.lt\/en\/wp-json\/wp\/v2\/types\/page"}],"author":[{"embeddable":true,"href":"https:\/\/www.taisykla7.lt\/en\/wp-json\/wp\/v2\/users\/1"}],"replies":[{"embeddable":true,"href":"https:\/\/www.taisykla7.lt\/en\/wp-json\/wp\/v2\/comments?post=1216"}],"version-history":[{"count":3,"href":"https:\/\/www.taisykla7.lt\/en\/wp-json\/wp\/v2\/pages\/1216\/revisions"}],"predecessor-version":[{"id":1542,"href":"https:\/\/www.taisykla7.lt\/en\/wp-json\/wp\/v2\/pages\/1216\/revisions\/1542"}],"wp:attachment":[{"href":"https:\/\/www.taisykla7.lt\/en\/wp-json\/wp\/v2\/media?parent=1216"}],"curies":[{"name":"wp","href":"https:\/\/api.w.org\/{rel}","templated":true}]}}