{"id":1261,"date":"2022-04-21T13:58:35","date_gmt":"2022-04-21T11:58:35","guid":{"rendered":"https:\/\/www.taisykla7.lt\/?page_id=1261"},"modified":"2022-04-21T23:49:39","modified_gmt":"2022-04-21T21:49:39","slug":"nissan-navigacija","status":"publish","type":"page","link":"https:\/\/www.taisykla7.lt\/en\/nissan-navigacija\/","title":{"rendered":"NISSAN navigation"},"content":{"rendered":"<ul class=\"wp-block-list\">\n<li><strong>Vilnius<\/strong> - Kareivi\u0173 g. 11A \"RIMI\" <a href=\"tel:+37065577057\">+370-655-77057<\/a><\/li>\n\n\n\n<li><strong>Kaunas<\/strong> - 155 Savanori\u0173 Ave. <a href=\"tel:+37063969600\">+370-639-69600<\/a><\/li>\n\n\n\n<li><strong>Klaip\u0117da<\/strong> - Sausio 15-osios str. 13 <a href=\"tel:+37064707741\">+370-647-07741<\/a><\/li>\n\n\n\n<li><strong>\u0160iauliai<\/strong> - Gegu\u017ei\u0173 g. 30 \"Arena\" <a href=\"tel:+37068229052\">+370-682-29052<\/a><\/li>\n<\/ul>\n\n\n\n<p><strong>NISSAN navigation Lithuania, Europe. Latest discs, maps.<\/strong><\/p>\n\n\n\n<p>Find your car navigation system. If you have any questions or concerns, please call <a href=\"tel:861777751\">our car navigation master at 8-617-77751<\/a> and we'll be happy to help.<\/p>\n\n\n\n<ul class=\"wp-block-list\"><li><strong>NISSAN navigacija Connect Premium X6 &#8220;Navigation Birdview&#8221; (kodas n1)<\/strong><\/li><li><strong>NISSAN navigation Connect Premium X7 (code n2)<\/strong><\/li><li><strong>NISSAN navigation Connect Premium X9 (code n3)<\/strong><\/li><li><strong>NISSAN navigation CONNECT 1 LCN1 (with SD card) (code n4)<\/strong><\/li><li><strong>NISSAN navigation CONNECT 2 LCN2 v1 (with SD card) (code n5)<\/strong><\/li><li><strong>NISSAN navigation CONNECT 3 LCN2 v2 (with SD card) (code n7)<\/strong><\/li><\/ul>\n\n\n\n<h2 class=\"wp-block-heading\">NISSAN navigacija Europa sistemoms Connect Premium X6 &#8220;Navigation Birdview&#8221; (kodas n1)<\/h2>\n\n\n\n<div class=\"wp-block-columns is-layout-flex wp-container-core-columns-is-layout-9d6595d7 wp-block-columns-is-layout-flex\">\n<div class=\"wp-block-column is-layout-flow wp-block-column-is-layout-flow\">\n<p><strong>DVD1 up-to-date navigation disc with maps<\/strong><br>Andorra, Austria, Belgium, Denmark, Finland, France, Germany, Ireland, Gibraltar, Ireland, Great Britain, Gibraltar, Italy, Liechtenstein, Luxembourg, Monaco, Norway, Netherlands, Portugal, San Marino, Spain, Sweden, Switzerland, Vatican City<\/p>\n\n\n\n<p>The system is available on the following cars:<\/p>\n\n\n\n<ul class=\"wp-block-list\"><li>Micra K12<\/li><li>Tino V10<\/li><li>350Z 2003-2005<\/li><li>Almera 2003-2006<\/li><li>Primera 2003-2007<\/li><li>X-Trail 2003-2006<\/li><li>Patrol 2003-2005<\/li><li>Murano 2005-2006<\/li><\/ul>\n<\/div>\n\n\n\n<div class=\"wp-block-column is-layout-flow wp-block-column-is-layout-flow\">\n<div class=\"wp-block-image\"><figure class=\"aligncenter size-full\"><img loading=\"lazy\" decoding=\"async\" width=\"236\" height=\"178\" src=\"https:\/\/www.taisykla7.lt\/wp-content\/uploads\/2022\/04\/nissan-navigacija-connect-premium-x6-navigation-birdview.png\" alt=\"NISSAN navigacija Europa sistemoms Connect Premium X6 &quot;Navigation Birdview&quot; (kodas n1)\" class=\"wp-image-1262\"\/><figcaption>The X6 and X7 systems look the same. The system can be identified by the year of the car, but there are places where the same year applies to both the X7 and the X6. It is also identifiable by the start screen.<\/figcaption><\/figure><\/div>\n<\/div>\n<\/div>\n\n\n\n<p><strong>Latest Navigation Maps | Best Price |<\/strong> Please contact the navigation master on tel. <strong><a href=\"tel:861777751\">8-617-77751<\/a><\/strong> <a href=\"\/en\/kontaktai\/\"><strong>Vilnius, Kaunas, Klaip\u0117da, \u0160iauliai<\/strong><\/a> and we will be happy to answer any questions you may have!<\/p><hr>\n\n\n\n<h2 class=\"wp-block-heading\">NISSAN Navigation Lithuania and Europe for Connect Premium X7 Xanavi (code n2)<\/h2>\n\n\n\n<div class=\"wp-block-columns is-layout-flex wp-container-core-columns-is-layout-9d6595d7 wp-block-columns-is-layout-flex\">\n<div class=\"wp-block-column is-layout-flow wp-block-column-is-layout-flow\">\n<p><strong>DVD1 up-to-date navigation disc with maps<\/strong><br>Ireland, Andorra, Austria, Belgium, Bulgaria, Czech Republic, Denmark, Great Britain, Estonia, Gibraltar, Greece, Spain, Italy, Croatia, Latvia, Liechtenstein, Poland, <strong>Lithuania (detailed)<\/strong>, Luxembourg, Monaco, Norway, Netherlands, Portugal including Madeira, France, Romania, San Marino, Slovakia, Slovenia, Finland, Germany, Hungary, Sweden, Switzerland, Turkey, Vatican City<\/p>\n\n\n\n<p>The system is available on the following cars:<\/p>\n\n\n\n<ul class=\"wp-block-list\"><li>350Z (Fairlady Z) 2005-2009<\/li><li>370Z 2007<\/li><li>Qashqai until 2009<\/li><li>Murano 2005-2009<\/li><li>Navara 2005-2009<\/li><li>Pathfinder 2005-2009<\/li><li>Patrol 2005-2009<\/li><li>Primera 2005-2007<\/li><li>Tiida 2005-2007<\/li><li>X-trail 2005-2009<\/li><\/ul>\n<\/div>\n\n\n\n<div class=\"wp-block-column is-layout-flow wp-block-column-is-layout-flow\">\n<div class=\"wp-block-image\"><figure class=\"aligncenter size-full\"><img loading=\"lazy\" decoding=\"async\" width=\"228\" height=\"152\" src=\"https:\/\/www.taisykla7.lt\/wp-content\/uploads\/2022\/04\/nissan-navigacija-connect-premium-x7.png\" alt=\"NISSAN navigacija Lietuva ir Europa sistemoms Connect Premium X7 Xanavi (kodas n2)\" class=\"wp-image-1264\"\/><figcaption>Identified by the year of manufacture of the car, but there are cars where the same year is used for both X7 and X6, so in this case it is identified by the menu principle.<\/figcaption><\/figure><\/div>\n<\/div>\n<\/div>\n\n\n\n<p><strong>Latest Navigation Maps | Best Price |<\/strong> Please contact the navigation master on tel. <strong><a href=\"tel:861777751\">8-617-77751<\/a><\/strong> <a href=\"\/en\/kontaktai\/\"><strong>Vilnius, Kaunas, Klaip\u0117da, \u0160iauliai<\/strong><\/a> and we will be happy to answer any questions you may have!<\/p><hr>\n\n\n\n<h2 class=\"wp-block-heading\">NISSAN Navigation Lithuania and Europe for Connect Premium X9 (code n3)<\/h2>\n\n\n\n<div class=\"wp-block-columns is-layout-flex wp-container-core-columns-is-layout-9d6595d7 wp-block-columns-is-layout-flex\">\n<div class=\"wp-block-column is-layout-flow wp-block-column-is-layout-flow\">\n<p><strong>4pcs. DVDs of the latest navigation discs with maps updating the internal HDD - maps, software, POIs<\/strong><br>Ireland, Andorra, Austria, Belgium, Bulgaria, Czech Republic, Denmark, Great Britain, Estonia, Gibraltar, Greece, Spain, Italy, Croatia, Latvia, Liechtenstein, Poland, <strong>Lithuania (detailed)<\/strong>, Luxembourg, Monaco, Norway, Netherlands, Portugal including Madeira, France, Romania, San Marino, Slovakia, Slovenia, Finland, Germany, Hungary, Sweden, Switzerland, Turkey, Vatican City<\/p>\n\n\n\n<p>The system is available on the following cars:<\/p>\n\n\n\n<ul class=\"wp-block-list\"><li>Pathfinder (2009 -&gt;)<\/li><li>Navara (2009 -&gt;)<\/li><li>Murano (2009 -&gt;)<\/li><li>X-Trail (2009 -&gt;)<\/li><li>370Z (2009 -&gt;)<\/li><li>GT-R (2009 -&gt;)<\/li><\/ul>\n<\/div>\n\n\n\n<div class=\"wp-block-column is-layout-flow wp-block-column-is-layout-flow\">\n<div class=\"wp-block-image\"><figure class=\"aligncenter size-full\"><img loading=\"lazy\" decoding=\"async\" width=\"244\" height=\"238\" src=\"https:\/\/www.taisykla7.lt\/wp-content\/uploads\/2022\/04\/nissan-navigacija-connect-premium-x9-1.png\" alt=\"NISSAN navigacija Lietuva ir Europa sistemoms Connect Premium X9 (kodas n3)\" class=\"wp-image-1266\"\/><\/figure><\/div>\n\n\n\n<div class=\"wp-block-image\"><figure class=\"aligncenter size-full\"><img loading=\"lazy\" decoding=\"async\" width=\"119\" height=\"150\" src=\"https:\/\/www.taisykla7.lt\/wp-content\/uploads\/2022\/04\/nissan-navigacija-connect-premium-x9-2.png\" alt=\"NISSAN navigacija Lietuva ir Europa sistemoms Connect Premium X9 (kodas n3)\" class=\"wp-image-1267\"\/><\/figure><\/div>\n\n\n\n<div class=\"wp-block-image\"><figure class=\"aligncenter size-full\"><img loading=\"lazy\" decoding=\"async\" width=\"121\" height=\"146\" src=\"https:\/\/www.taisykla7.lt\/wp-content\/uploads\/2022\/04\/nissan-navigacija-connect-premium-x9-3.png\" alt=\"NISSAN navigacija Lietuva ir Europa sistemoms Connect Premium X9 (kodas n3)\" class=\"wp-image-1268\"\/><figcaption>The process takes 2.5 hours. The car must always be started and not driven.<\/figcaption><\/figure><\/div>\n<\/div>\n<\/div>\n\n\n\n<p><strong>Latest Navigation Maps | Best Price |<\/strong> Please contact the navigation master on tel. <strong><a href=\"tel:861777751\">8-617-77751<\/a><\/strong> <a href=\"\/en\/kontaktai\/\"><strong>Vilnius, Kaunas, Klaip\u0117da, \u0160iauliai<\/strong><\/a> and we will be happy to answer any questions you may have!<\/p><hr>\n\n\n\n<h2 class=\"wp-block-heading\">NISSAN Navigation Lithuania and Europe for CONNECT 1 LCN1 (with SD card) (code n4)<\/h2>\n\n\n\n<div class=\"wp-block-columns is-layout-flex wp-container-core-columns-is-layout-9d6595d7 wp-block-columns-is-layout-flex\">\n<div class=\"wp-block-column is-layout-flow wp-block-column-is-layout-flow\">\n<p><strong>SD card with up-to-date maps<\/strong><br>Austria, Belgium, Bulgaria, Croatia, Czech Republic, Denmark, Estonia, Finland, France, Germany, Greece, Hungary, Ireland, Ireland, Italy, Latvia, <strong>Lithuania (detailed)<\/strong>, Luxembourg, Netherlands, Norway, Poland, Portugal, Romania, Slovakia, Slovenia, Spain, Sweden, Switzerland, Turkey, UK<\/p>\n\n\n\n<p>The system is available on the following cars:<\/p>\n\n\n\n<ul class=\"wp-block-list\"><li><strong>Not suitable for Nissan cars from USA<\/strong><\/li><li>Nissan MICRA (from 2009 to 2010)<\/li><li>Nissan NOTE (from 2009 to 2013)<\/li><li>Nissan CUBE (2009 to 2013)<\/li><li>Nissan QASHQAI (from 2009 to 2013)<\/li><li>Nissan QASHQAI +2 (2009 to 2013)<\/li><li>Nissan JUKE (2011 to 2013)<\/li><\/ul>\n<\/div>\n\n\n\n<div class=\"wp-block-column is-layout-flow wp-block-column-is-layout-flow\">\n<div class=\"wp-block-image\"><figure class=\"aligncenter size-full\"><img loading=\"lazy\" decoding=\"async\" width=\"250\" height=\"158\" src=\"https:\/\/www.taisykla7.lt\/wp-content\/uploads\/2022\/04\/nissan-navigacija-connect-lcn1-su-sd-kortele.png\" alt=\"NISSAN navigacija Lietuva ir Europa sistemoms CONNECT 1 LCN1 (su SD kortele) (kodas n4)\" class=\"wp-image-1270\"\/><\/figure><\/div>\n<\/div>\n<\/div>\n\n\n\n<p><strong>Latest Navigation Maps | Best Price |<\/strong> Please contact the navigation master on tel. <strong><a href=\"tel:861777751\">8-617-77751<\/a><\/strong> <a href=\"\/en\/kontaktai\/\"><strong>Vilnius, Kaunas, Klaip\u0117da, \u0160iauliai<\/strong><\/a> and we will be happy to answer any questions you may have!<\/p><hr>\n\n\n\n<h2 class=\"wp-block-heading\">NISSAN Navigation Lithuania and Europe for CONNECT 2 (LCN2 v1) (with SD card) (code n5)<\/h2>\n\n\n\n<div class=\"wp-block-columns is-layout-flex wp-container-core-columns-is-layout-9d6595d7 wp-block-columns-is-layout-flex\">\n<div class=\"wp-block-column is-layout-flow wp-block-column-is-layout-flow\">\n<p><strong>SD card with up-to-date maps<\/strong><br>Austria, Belgium, Bulgaria, Croatia, Czech Republic, Denmark, Estonia, Finland, France, Germany, Greece, Hungary, Ireland, Ireland, Italy, Latvia, <strong>Lithuania (detailed)<\/strong>, Luxembourg, Netherlands, Norway, Poland, Portugal, Romania, Slovakia, Slovenia, Spain, Sweden, Switzerland, Turkey, UK<\/p>\n\n\n\n<p>The system is available on the following cars:<\/p>\n\n\n\n<ul class=\"wp-block-list\"><li>Nissan after 2012 by appearance<\/li><\/ul>\n<\/div>\n\n\n\n<div class=\"wp-block-column is-layout-flow wp-block-column-is-layout-flow\">\n<div class=\"wp-block-image\"><figure class=\"aligncenter size-full\"><img loading=\"lazy\" decoding=\"async\" width=\"240\" height=\"133\" src=\"https:\/\/www.taisykla7.lt\/wp-content\/uploads\/2022\/04\/nissan-navigacija-connect-lcn2-su-sd-kortele.png\" alt=\"NISSAN navigacija Lietuva ir Europa sistemoms CONNECT 2 (LCN2 v1) (su SD kortele) (kodas n5)\" class=\"wp-image-1272\"\/><\/figure><\/div>\n<\/div>\n<\/div>\n\n\n\n<p><strong>Latest Navigation Maps | Best Price |<\/strong> Please contact the navigation master on tel. <strong><a href=\"tel:861777751\">8-617-77751<\/a><\/strong> <a href=\"\/en\/kontaktai\/\"><strong>Vilnius, Kaunas, Klaip\u0117da, \u0160iauliai<\/strong><\/a> and we will be happy to answer any questions you may have!<\/p><hr>\n\n\n\n<h2 class=\"wp-block-heading\">NISSAN Navigation Lithuania and Europe for CONNECT 3 (LCN2 v2) (with SD card) (code n6)<\/h2>\n\n\n\n<div class=\"wp-block-columns is-layout-flex wp-container-core-columns-is-layout-9d6595d7 wp-block-columns-is-layout-flex\">\n<div class=\"wp-block-column is-layout-flow wp-block-column-is-layout-flow\">\n<p><strong>SD card with up-to-date maps<\/strong><br>Austria, Belgium, Bulgaria, Croatia, Czech Republic, Denmark, Estonia, Finland, France, Germany, Greece, Hungary, Ireland, Ireland, Italy, Latvia, <strong>Lithuania (detailed)<\/strong>, Luxembourg, Netherlands, Norway, Poland, Portugal, Romania, Slovakia, Slovenia, Spain, Sweden, Switzerland, Turkey, UK<\/p>\n\n\n\n<p>The system is available on the following cars:<\/p>\n\n\n\n<ul class=\"wp-block-list\"><li>Nissan from 2014 onwards with SD card<\/li><li>Nissan Pulsar C13 from 2014-07<\/li><li>Nissan Note E12E from 2014-07<\/li><li>Nissan Juke F15E from 2014-05<\/li><li>Nissan Qashqai J11E from 2014-12<\/li><li>Nissan Xtrail T32 from 2014-04<\/li><li>Nissan Micra from 2015<\/li><li>Nissan X-Trail from 2015<\/li><\/ul>\n<\/div>\n\n\n\n<div class=\"wp-block-column is-layout-flow wp-block-column-is-layout-flow\">\n<div class=\"wp-block-image\"><figure class=\"aligncenter size-large\"><img loading=\"lazy\" decoding=\"async\" width=\"1024\" height=\"680\" src=\"https:\/\/www.taisykla7.lt\/wp-content\/uploads\/2022\/04\/nissan-navigacija-connect-lcn4-su-sd-kortele-1024x680.jpg\" alt=\"NISSAN navigacija Lietuva ir Europa sistemoms CONNECT 3 (LCN2 v2) (su SD kortele) (kodas n6)\" class=\"wp-image-1273\" srcset=\"https:\/\/www.taisykla7.lt\/wp-content\/uploads\/2022\/04\/nissan-navigacija-connect-lcn4-su-sd-kortele-1024x680.jpg 1024w, https:\/\/www.taisykla7.lt\/wp-content\/uploads\/2022\/04\/nissan-navigacija-connect-lcn4-su-sd-kortele-300x199.jpg 300w, https:\/\/www.taisykla7.lt\/wp-content\/uploads\/2022\/04\/nissan-navigacija-connect-lcn4-su-sd-kortele-768x510.jpg 768w, https:\/\/www.taisykla7.lt\/wp-content\/uploads\/2022\/04\/nissan-navigacija-connect-lcn4-su-sd-kortele.jpg 1280w\" sizes=\"auto, (max-width: 1024px) 100vw, 1024px\" \/><\/figure><\/div>\n<\/div>\n<\/div>\n\n\n\n<p><strong>Latest Navigation Maps | Best Price |<\/strong> Please contact the navigation master on tel. <strong><a href=\"tel:861777751\">8-617-77751<\/a><\/strong> <a href=\"\/en\/kontaktai\/\"><strong>Vilnius, Kaunas, Klaip\u0117da, \u0160iauliai<\/strong><\/a> and we will be happy to answer any questions you may have!<\/p><hr>","protected":false},"excerpt":{"rendered":"<p>NISSAN navigacija Lietuva, Europa. Naujausi diskai, \u017eem\u0117lapiai. NISSAN navigacija Connect Premium X6 &#8220;Navigation Birdview&#8221; (kodas n1) NISSAN navigacija Connect Premium X7 (kodas n2) NISSAN navigacija Connect Premium X9 (kodas n3) NISSAN navigacija CONNECT 1 LCN1 (su SD kortele) (kodas n4) NISSAN navigacija CONNECT 2 LCN2 v1 (su SD kortele) (kodas n5) NISSAN navigacija CONNECT 3&hellip;&nbsp;<a href=\"https:\/\/www.taisykla7.lt\/en\/nissan-navigacija\/\" rel=\"bookmark\">Read More \"<span class=\"screen-reader-text\">NISSAN navigation<\/span><\/a><\/p>","protected":false},"author":1,"featured_media":0,"parent":0,"menu_order":0,"comment_status":"closed","ping_status":"closed","template":"","meta":{"_uag_custom_page_level_css":"","neve_meta_sidebar":"","neve_meta_container":"","neve_meta_enable_content_width":"","neve_meta_content_width":0,"neve_meta_title_alignment":"","neve_meta_author_avatar":"","neve_post_elements_order":"","neve_meta_disable_header":"","neve_meta_disable_footer":"","neve_meta_disable_title":"","footnotes":""},"class_list":["post-1261","page","type-page","status-publish","hentry"],"yoast_head":"<!-- This site is optimized with the Yoast SEO plugin v27.5 - https:\/\/yoast.com\/product\/yoast-seo-wordpress\/ -->\n<title>NISSAN navigacija Elektronikos remontas Vilniuje, Kaune, Klaip\u0117doje, \u0160iauliuose<\/title>\n<meta name=\"description\" content=\"NISSAN navigacija Lietuva, Europa. Naujausi diskai, \u017eem\u0117lapiai. Vilniuje, Kaune, Klaip\u0117doje, \u0160iauliuose. Tel. 8-617-77751\" \/>\n<meta name=\"robots\" content=\"index, follow, max-snippet:-1, max-image-preview:large, max-video-preview:-1\" \/>\n<link rel=\"canonical\" href=\"https:\/\/www.taisykla7.lt\/en\/nissan-navigacija\/\" \/>\n<meta property=\"og:locale\" content=\"en_US\" \/>\n<meta property=\"og:type\" content=\"article\" \/>\n<meta property=\"og:title\" content=\"NISSAN navigacija Elektronikos remontas Vilniuje, Kaune, Klaip\u0117doje, \u0160iauliuose\" \/>\n<meta property=\"og:description\" content=\"NISSAN navigacija Lietuva, Europa. Naujausi diskai, \u017eem\u0117lapiai. Vilniuje, Kaune, Klaip\u0117doje, \u0160iauliuose. Tel. 8-617-77751\" \/>\n<meta property=\"og:url\" content=\"https:\/\/www.taisykla7.lt\/en\/nissan-navigacija\/\" \/>\n<meta property=\"og:site_name\" content=\"Elektronikos remontas Vilniuje, Kaune, Klaip\u0117doje, \u0160iauliuose\" \/>\n<meta property=\"article:modified_time\" content=\"2022-04-21T21:49:39+00:00\" \/>\n<meta property=\"og:image\" content=\"https:\/\/www.taisykla7.lt\/wp-content\/uploads\/2022\/04\/nissan-navigacija-connect-premium-x6-navigation-birdview.png\" \/>\n<meta name=\"twitter:card\" content=\"summary_large_image\" \/>\n<meta name=\"twitter:label1\" content=\"Est. reading time\" \/>\n\t<meta name=\"twitter:data1\" content=\"5 minutes\" \/>\n<script type=\"application\/ld+json\" class=\"yoast-schema-graph\">{\"@context\":\"https:\\\/\\\/schema.org\",\"@graph\":[{\"@type\":\"WebPage\",\"@id\":\"https:\\\/\\\/www.taisykla7.lt\\\/nissan-navigacija\\\/\",\"url\":\"https:\\\/\\\/www.taisykla7.lt\\\/nissan-navigacija\\\/\",\"name\":\"NISSAN navigacija Elektronikos remontas Vilniuje, Kaune, Klaip\u0117doje, \u0160iauliuose\",\"isPartOf\":{\"@id\":\"https:\\\/\\\/www.taisykla7.lt\\\/#website\"},\"primaryImageOfPage\":{\"@id\":\"https:\\\/\\\/www.taisykla7.lt\\\/nissan-navigacija\\\/#primaryimage\"},\"image\":{\"@id\":\"https:\\\/\\\/www.taisykla7.lt\\\/nissan-navigacija\\\/#primaryimage\"},\"thumbnailUrl\":\"https:\\\/\\\/www.taisykla7.lt\\\/wp-content\\\/uploads\\\/2022\\\/04\\\/nissan-navigacija-connect-premium-x6-navigation-birdview.png\",\"datePublished\":\"2022-04-21T11:58:35+00:00\",\"dateModified\":\"2022-04-21T21:49:39+00:00\",\"description\":\"NISSAN navigacija Lietuva, Europa. Naujausi diskai, \u017eem\u0117lapiai. Vilniuje, Kaune, Klaip\u0117doje, \u0160iauliuose. Tel. 8-617-77751\",\"breadcrumb\":{\"@id\":\"https:\\\/\\\/www.taisykla7.lt\\\/nissan-navigacija\\\/#breadcrumb\"},\"inLanguage\":\"en-US\",\"potentialAction\":[{\"@type\":\"ReadAction\",\"target\":[\"https:\\\/\\\/www.taisykla7.lt\\\/nissan-navigacija\\\/\"]}]},{\"@type\":\"ImageObject\",\"inLanguage\":\"en-US\",\"@id\":\"https:\\\/\\\/www.taisykla7.lt\\\/nissan-navigacija\\\/#primaryimage\",\"url\":\"https:\\\/\\\/www.taisykla7.lt\\\/wp-content\\\/uploads\\\/2022\\\/04\\\/nissan-navigacija-connect-premium-x6-navigation-birdview.png\",\"contentUrl\":\"https:\\\/\\\/www.taisykla7.lt\\\/wp-content\\\/uploads\\\/2022\\\/04\\\/nissan-navigacija-connect-premium-x6-navigation-birdview.png\"},{\"@type\":\"BreadcrumbList\",\"@id\":\"https:\\\/\\\/www.taisykla7.lt\\\/nissan-navigacija\\\/#breadcrumb\",\"itemListElement\":[{\"@type\":\"ListItem\",\"position\":1,\"name\":\"Pagrindinis\",\"item\":\"https:\\\/\\\/www.taisykla7.lt\\\/\"},{\"@type\":\"ListItem\",\"position\":2,\"name\":\"NISSAN navigacija\"}]},{\"@type\":\"WebSite\",\"@id\":\"https:\\\/\\\/www.taisykla7.lt\\\/#website\",\"url\":\"https:\\\/\\\/www.taisykla7.lt\\\/\",\"name\":\"Elektronikos remontas Vilniuje, Kaune, Klaip\u0117doje, \u0160iauliuose\",\"description\":\"Televizori\u0173, paspirtuk\u0173, kompiuteri\u0173, telefon\u0173, kavos aparat\u0173 ir kitos technikos remontas \\\/ taisykla\",\"publisher\":{\"@id\":\"https:\\\/\\\/www.taisykla7.lt\\\/#organization\"},\"potentialAction\":[{\"@type\":\"SearchAction\",\"target\":{\"@type\":\"EntryPoint\",\"urlTemplate\":\"https:\\\/\\\/www.taisykla7.lt\\\/?s={search_term_string}\"},\"query-input\":{\"@type\":\"PropertyValueSpecification\",\"valueRequired\":true,\"valueName\":\"search_term_string\"}}],\"inLanguage\":\"en-US\"},{\"@type\":\"Organization\",\"@id\":\"https:\\\/\\\/www.taisykla7.lt\\\/#organization\",\"name\":\"Elektronikos remontas Vilniuje, Kaune, Klaip\u0117doje, \u0160iauliuose\",\"url\":\"https:\\\/\\\/www.taisykla7.lt\\\/\",\"logo\":{\"@type\":\"ImageObject\",\"inLanguage\":\"en-US\",\"@id\":\"https:\\\/\\\/www.taisykla7.lt\\\/#\\\/schema\\\/logo\\\/image\\\/\",\"url\":\"https:\\\/\\\/www.taisykla7.lt\\\/wp-content\\\/uploads\\\/2022\\\/04\\\/taisykla7_logo.jpg\",\"contentUrl\":\"https:\\\/\\\/www.taisykla7.lt\\\/wp-content\\\/uploads\\\/2022\\\/04\\\/taisykla7_logo.jpg\",\"width\":400,\"height\":100,\"caption\":\"Elektronikos remontas Vilniuje, Kaune, Klaip\u0117doje, \u0160iauliuose\"},\"image\":{\"@id\":\"https:\\\/\\\/www.taisykla7.lt\\\/#\\\/schema\\\/logo\\\/image\\\/\"}}]}<\/script>\n<!-- \/ Yoast SEO plugin. -->","yoast_head_json":{"title":"NISSAN navigacija Elektronikos remontas Vilniuje, Kaune, Klaip\u0117doje, \u0160iauliuose","description":"NISSAN navigation Lithuania, Europe. Latest discs, maps. In Vilnius, Kaunas, Klaipeda, \u0160iauliai. Tel. 8-617-77751","robots":{"index":"index","follow":"follow","max-snippet":"max-snippet:-1","max-image-preview":"max-image-preview:large","max-video-preview":"max-video-preview:-1"},"canonical":"https:\/\/www.taisykla7.lt\/en\/nissan-navigacija\/","og_locale":"en_US","og_type":"article","og_title":"NISSAN navigacija Elektronikos remontas Vilniuje, Kaune, Klaip\u0117doje, \u0160iauliuose","og_description":"NISSAN navigacija Lietuva, Europa. Naujausi diskai, \u017eem\u0117lapiai. Vilniuje, Kaune, Klaip\u0117doje, \u0160iauliuose. Tel. 8-617-77751","og_url":"https:\/\/www.taisykla7.lt\/en\/nissan-navigacija\/","og_site_name":"Elektronikos remontas Vilniuje, Kaune, Klaip\u0117doje, \u0160iauliuose","article_modified_time":"2022-04-21T21:49:39+00:00","og_image":[{"url":"https:\/\/www.taisykla7.lt\/wp-content\/uploads\/2022\/04\/nissan-navigacija-connect-premium-x6-navigation-birdview.png","type":"","width":"","height":""}],"twitter_card":"summary_large_image","twitter_misc":{"Est. reading time":"5 minutes"},"schema":{"@context":"https:\/\/schema.org","@graph":[{"@type":"WebPage","@id":"https:\/\/www.taisykla7.lt\/nissan-navigacija\/","url":"https:\/\/www.taisykla7.lt\/nissan-navigacija\/","name":"NISSAN navigacija Elektronikos remontas Vilniuje, Kaune, Klaip\u0117doje, \u0160iauliuose","isPartOf":{"@id":"https:\/\/www.taisykla7.lt\/#website"},"primaryImageOfPage":{"@id":"https:\/\/www.taisykla7.lt\/nissan-navigacija\/#primaryimage"},"image":{"@id":"https:\/\/www.taisykla7.lt\/nissan-navigacija\/#primaryimage"},"thumbnailUrl":"https:\/\/www.taisykla7.lt\/wp-content\/uploads\/2022\/04\/nissan-navigacija-connect-premium-x6-navigation-birdview.png","datePublished":"2022-04-21T11:58:35+00:00","dateModified":"2022-04-21T21:49:39+00:00","description":"NISSAN navigation Lithuania, Europe. Latest discs, maps. In Vilnius, Kaunas, Klaipeda, \u0160iauliai. Tel. 8-617-77751","breadcrumb":{"@id":"https:\/\/www.taisykla7.lt\/nissan-navigacija\/#breadcrumb"},"inLanguage":"en-US","potentialAction":[{"@type":"ReadAction","target":["https:\/\/www.taisykla7.lt\/nissan-navigacija\/"]}]},{"@type":"ImageObject","inLanguage":"en-US","@id":"https:\/\/www.taisykla7.lt\/nissan-navigacija\/#primaryimage","url":"https:\/\/www.taisykla7.lt\/wp-content\/uploads\/2022\/04\/nissan-navigacija-connect-premium-x6-navigation-birdview.png","contentUrl":"https:\/\/www.taisykla7.lt\/wp-content\/uploads\/2022\/04\/nissan-navigacija-connect-premium-x6-navigation-birdview.png"},{"@type":"BreadcrumbList","@id":"https:\/\/www.taisykla7.lt\/nissan-navigacija\/#breadcrumb","itemListElement":[{"@type":"ListItem","position":1,"name":"Pagrindinis","item":"https:\/\/www.taisykla7.lt\/"},{"@type":"ListItem","position":2,"name":"NISSAN navigacija"}]},{"@type":"WebSite","@id":"https:\/\/www.taisykla7.lt\/#website","url":"https:\/\/www.taisykla7.lt\/","name":"Elektronikos remontas Vilniuje, Kaune, Klaip\u0117doje, \u0160iauliuose","description":"Repair\/repair of TVs, scooters, computers, telephones, coffee machines and other appliances","publisher":{"@id":"https:\/\/www.taisykla7.lt\/#organization"},"potentialAction":[{"@type":"SearchAction","target":{"@type":"EntryPoint","urlTemplate":"https:\/\/www.taisykla7.lt\/?s={search_term_string}"},"query-input":{"@type":"PropertyValueSpecification","valueRequired":true,"valueName":"search_term_string"}}],"inLanguage":"en-US"},{"@type":"Organization","@id":"https:\/\/www.taisykla7.lt\/#organization","name":"Elektronikos remontas Vilniuje, Kaune, Klaip\u0117doje, \u0160iauliuose","url":"https:\/\/www.taisykla7.lt\/","logo":{"@type":"ImageObject","inLanguage":"en-US","@id":"https:\/\/www.taisykla7.lt\/#\/schema\/logo\/image\/","url":"https:\/\/www.taisykla7.lt\/wp-content\/uploads\/2022\/04\/taisykla7_logo.jpg","contentUrl":"https:\/\/www.taisykla7.lt\/wp-content\/uploads\/2022\/04\/taisykla7_logo.jpg","width":400,"height":100,"caption":"Elektronikos remontas Vilniuje, Kaune, Klaip\u0117doje, \u0160iauliuose"},"image":{"@id":"https:\/\/www.taisykla7.lt\/#\/schema\/logo\/image\/"}}]}},"uagb_featured_image_src":{"full":false,"thumbnail":false,"medium":false,"medium_large":false,"large":false,"1536x1536":false,"2048x2048":false,"trp-custom-language-flag":false,"neve-blog":false},"uagb_author_info":{"display_name":"admin","author_link":"https:\/\/www.taisykla7.lt\/en\/author\/admin\/"},"uagb_comment_info":0,"uagb_excerpt":"NISSAN navigacija Lietuva, Europa. Naujausi diskai, \u017eem\u0117lapiai. NISSAN navigacija Connect Premium X6 &#8220;Navigation Birdview&#8221; (kodas n1) NISSAN navigacija Connect Premium X7 (kodas n2) NISSAN navigacija Connect Premium X9 (kodas n3) NISSAN navigacija CONNECT 1 LCN1 (su SD kortele) (kodas n4) NISSAN navigacija CONNECT 2 LCN2 v1 (su SD kortele) (kodas n5) NISSAN navigacija CONNECT 3&hellip;&nbsp;Read&hellip;","_links":{"self":[{"href":"https:\/\/www.taisykla7.lt\/en\/wp-json\/wp\/v2\/pages\/1261","targetHints":{"allow":["GET"]}}],"collection":[{"href":"https:\/\/www.taisykla7.lt\/en\/wp-json\/wp\/v2\/pages"}],"about":[{"href":"https:\/\/www.taisykla7.lt\/en\/wp-json\/wp\/v2\/types\/page"}],"author":[{"embeddable":true,"href":"https:\/\/www.taisykla7.lt\/en\/wp-json\/wp\/v2\/users\/1"}],"replies":[{"embeddable":true,"href":"https:\/\/www.taisykla7.lt\/en\/wp-json\/wp\/v2\/comments?post=1261"}],"version-history":[{"count":5,"href":"https:\/\/www.taisykla7.lt\/en\/wp-json\/wp\/v2\/pages\/1261\/revisions"}],"predecessor-version":[{"id":1547,"href":"https:\/\/www.taisykla7.lt\/en\/wp-json\/wp\/v2\/pages\/1261\/revisions\/1547"}],"wp:attachment":[{"href":"https:\/\/www.taisykla7.lt\/en\/wp-json\/wp\/v2\/media?parent=1261"}],"curies":[{"name":"wp","href":"https:\/\/api.w.org\/{rel}","templated":true}]}}