{"id":1320,"date":"2022-04-21T15:31:26","date_gmt":"2022-04-21T13:31:26","guid":{"rendered":"https:\/\/www.taisykla7.lt\/?page_id=1320"},"modified":"2022-04-21T23:52:47","modified_gmt":"2022-04-21T21:52:47","slug":"saab-navigacija","status":"publish","type":"page","link":"https:\/\/www.taisykla7.lt\/en\/saab-navigacija\/","title":{"rendered":"SAAB navigation"},"content":{"rendered":"<ul class=\"wp-block-list\">\n<li><strong>Vilnius<\/strong> - Kareivi\u0173 g. 11A \"RIMI\" <a href=\"tel:+37065577057\">+370-655-77057<\/a><\/li>\n\n\n\n<li><strong>Kaunas<\/strong> - 155 Savanori\u0173 Ave. <a href=\"tel:+37063969600\">+370-639-69600<\/a><\/li>\n\n\n\n<li><strong>Klaip\u0117da<\/strong> - Sausio 15-osios str. 13 <a href=\"tel:+37064707741\">+370-647-07741<\/a><\/li>\n\n\n\n<li><strong>\u0160iauliai<\/strong> - Gegu\u017ei\u0173 g. 30 \"Arena\" <a href=\"tel:+37068229052\">+370-682-29052<\/a><\/li>\n<\/ul>\n\n\n\n<p><strong>SAAB navigation Lithuania, Europe. Latest discs, maps.<\/strong><\/p>\n\n\n\n<p>Find your car navigation system. If you have any questions or concerns, please call <a href=\"tel:861777751\">our car navigation master at 8-617-77751<\/a> and we'll be happy to help.<\/p>\n\n\n\n<ul class=\"wp-block-list\"><li><strong>SAAB 9-5 navigation Lithuania and Europe for Denso G00\/G01 (KNA 2200\/S\/) with DVD (code s1)<\/strong><\/li><li><strong>SAAB 9-5 navigation for Europa systems Denso G00\/G01 (KNA 2200\/S\/) with DVD (code s2)<\/strong><\/li><li><strong>SAAB 9-5 navigation Lithuania and Europe for Denso systems with DVD (code s3)<\/strong><\/li><li><strong>SAAB 9-3 navigation Lithuania and Europe for Aisin systems with DVD (code s4)<\/strong><\/li><li><strong>SAAB Navigation for Europe Aisin with HDD (code s5)<\/strong><\/li><\/ul>\n\n\n\n<h2 class=\"wp-block-heading\">SAAB 9-5 navigation Lithuania and Europe for Denso G00\/G01 (KNA 2200\/S\/) with DVD (code s1)<\/h2>\n\n\n\n<div class=\"wp-block-columns is-layout-flex wp-container-core-columns-is-layout-9d6595d7 wp-block-columns-is-layout-flex\">\n<div class=\"wp-block-column is-layout-flow wp-block-column-is-layout-flow\">\n<p><strong>DVD of the latest navigation disc with maps:<\/strong><br>Albania, Belarus, Bosnia and Herzegovina, Bulgaria, Croatia, Czech Republic, Estonia, Greece, Hungary, Latvia, <strong>Lithuania (detailed)<\/strong>, Macedonia, Moldova, Poland, Romania, Serbia and Montenegro, Slovakia, Slovenia, Ukraine<\/p>\n\n\n\n<p>The system is available on the following cars:<\/p>\n\n\n\n<ul class=\"wp-block-list\"><li>SAAB 9-5 2002-2007<\/li><\/ul>\n<\/div>\n\n\n\n<div class=\"wp-block-column is-layout-flow wp-block-column-is-layout-flow\">\n<div class=\"wp-block-image\"><figure class=\"aligncenter size-full\"><img loading=\"lazy\" decoding=\"async\" width=\"292\" height=\"173\" src=\"https:\/\/www.taisykla7.lt\/wp-content\/uploads\/2022\/04\/SAAB-9-5-navigacija-Lietuva-ir-Europa-sistemoms-Denso-G00G01-KNA-2200S-su-DVD-kodas-s1.jpg\" alt=\"SAAB 9-5 navigacija Lietuva ir Europa sistemoms Denso G00\/G01 (KNA 2200\/S\/) su DVD (kodas s1)\" class=\"wp-image-1321\"\/><\/figure><\/div>\n<\/div>\n<\/div>\n\n\n\n<p><strong>Latest Navigation Maps | Best Price |<\/strong> Please contact the navigation master on tel. <strong><a href=\"tel:861777751\">8-617-77751<\/a><\/strong> <a href=\"\/en\/kontaktai\/\"><strong>Vilnius, Kaunas, Klaip\u0117da, \u0160iauliai<\/strong><\/a> and we will be happy to answer any questions you may have!<\/p><hr>\n\n\n\n<h2 class=\"wp-block-heading\">SAAB 9-5 navigation for Europa systems Denso G00\/G01 (KNA 2200\/S\/) with DVD (code s2)<\/h2>\n\n\n\n<div class=\"wp-block-columns is-layout-flex wp-container-core-columns-is-layout-9d6595d7 wp-block-columns-is-layout-flex\">\n<div class=\"wp-block-column is-layout-flow wp-block-column-is-layout-flow\">\n<p><strong>DVD1 latest navigation disc with maps :<\/strong><br>Austria, Belgium, Switzerland, Czech Republic, Germany, Denmark, Spain, France, Finland, Liechtenstein, Italy, Ireland, Luxembourg, Monaco, Norway, Netherlands, Portugal, San Marino, Sweden, United Kingdom, Vatican City<br><strong>DVD2 latest navigation disc with maps :<\/strong><br>Austria, Andorra, Belgium, Switzerland, Czech Republic, Germany, Denmark, Spain, France, Finland, Liechtenstein, Italy, Ireland, Luxembourg, Monaco, Monaco, Norway, Netherlands, Portugal, San Marino, Sweden, United Kingdom, Vatican City<br><strong>DVD3 latest navigation disc with maps :<\/strong><br>Austria, Andorra, Belgium, Switzerland, Czech Republic, Germany, Denmark, Spain, France, Finland, Liechtenstein, Italy, Ireland, Luxembourg, Monaco, Monaco, Norway, Netherlands, Portugal, Poland, San Marino, Sweden, United Kingdom, Vatican City<\/p>\n\n\n\n<p>The system is available on the following cars:<\/p>\n\n\n\n<ul class=\"wp-block-list\"><li>SAAB 9-5 2002-2007<\/li><\/ul>\n<\/div>\n\n\n\n<div class=\"wp-block-column is-layout-flow wp-block-column-is-layout-flow\">\n<div class=\"wp-block-image\"><figure class=\"aligncenter size-full\"><img loading=\"lazy\" decoding=\"async\" width=\"292\" height=\"173\" src=\"https:\/\/www.taisykla7.lt\/wp-content\/uploads\/2022\/04\/SAAB-9-5-navigacija-Lietuva-ir-Europa-sistemoms-Denso-G00G01-KNA-2200S-su-DVD-kodas-s1.jpg\" alt=\"SAAB 9-5 navigacija Europa sistemoms Denso G00\/G01 (KNA 2200\/S\/) su DVD (kodas s2)\" class=\"wp-image-1321\"\/><\/figure><\/div>\n<\/div>\n<\/div>\n\n\n\n<p><strong>Latest Navigation Maps | Best Price |<\/strong> Please contact the navigation master on tel. <strong><a href=\"tel:861777751\">8-617-77751<\/a><\/strong> <a href=\"\/en\/kontaktai\/\"><strong>Vilnius, Kaunas, Klaip\u0117da, \u0160iauliai<\/strong><\/a> and we will be happy to answer any questions you may have!<\/p><hr>\n\n\n\n<h2 class=\"wp-block-heading\">SAAB 9-5 navigation Lithuania and Europe for Denso systems with DVD (code s3)<\/h2>\n\n\n\n<div class=\"wp-block-columns is-layout-flex wp-container-core-columns-is-layout-9d6595d7 wp-block-columns-is-layout-flex\">\n<div class=\"wp-block-column is-layout-flow wp-block-column-is-layout-flow\">\n<p><strong>DVD1 latest navigation disc with maps :<\/strong><br>Austria, Belgium, Switzerland, Czech Republic, Germany, Denmark, Spain, France, Finland, Liechtenstein, Italy, Ireland, Luxembourg, Monaco, Norway, Netherlands, Portugal, San Marino, Sweden, United Kingdom, Vatican City<br><strong>DVD2 latest navigation disc with maps :<\/strong><br>Andorra, France, Ireland, Monaco, Portugal, Spain, United Kingdom<br><strong>DVD3 latest navigation disc with maps :<\/strong><br>the latest navigation disc with maps of Albania, Austria, Belarus, Bosnia and Herzegovina, Bulgaria, Croatia, Czech Republic, Estonia, Germany, Greece, Hungary, Latvia, <strong>Lithuania (detailed)<\/strong>, Macedonia, Moldova, Montenegro, Poland, Romania, Serbia, Slovakia, Slovenia, Turkey, Ukraine<\/p>\n\n\n\n<p>The system is available on the following cars:<\/p>\n\n\n\n<ul class=\"wp-block-list\"><li>SAAB 9-5 2004-2009<\/li><\/ul>\n<\/div>\n\n\n\n<div class=\"wp-block-column is-layout-flow wp-block-column-is-layout-flow\">\n<div class=\"wp-block-image\"><figure class=\"aligncenter size-full\"><img loading=\"lazy\" decoding=\"async\" width=\"260\" height=\"348\" src=\"https:\/\/www.taisykla7.lt\/wp-content\/uploads\/2022\/04\/SAAB-9-5-navigacija-Lietuva-ir-Europa-sistemoms-Denso-su-DVD-kodas-s3.jpg\" alt=\"SAAB 9-5 navigacija Lietuva ir Europa sistemoms Denso su DVD (kodas s3)\" class=\"wp-image-1323\" srcset=\"https:\/\/www.taisykla7.lt\/wp-content\/uploads\/2022\/04\/SAAB-9-5-navigacija-Lietuva-ir-Europa-sistemoms-Denso-su-DVD-kodas-s3.jpg 260w, https:\/\/www.taisykla7.lt\/wp-content\/uploads\/2022\/04\/SAAB-9-5-navigacija-Lietuva-ir-Europa-sistemoms-Denso-su-DVD-kodas-s3-224x300.jpg 224w\" sizes=\"auto, (max-width: 260px) 100vw, 260px\" \/><\/figure><\/div>\n<\/div>\n<\/div>\n\n\n\n<p><strong>Latest Navigation Maps | Best Price |<\/strong> Please contact the navigation master on tel. <strong><a href=\"tel:861777751\">8-617-77751<\/a><\/strong> <a href=\"\/en\/kontaktai\/\"><strong>Vilnius, Kaunas, Klaip\u0117da, \u0160iauliai<\/strong><\/a> and we will be happy to answer any questions you may have!<\/p><hr>\n\n\n\n<h2 class=\"wp-block-heading\">SAAB 9-3 navigation Lithuania and Europe for Aisin systems with DVD (code s4)<\/h2>\n\n\n\n<div class=\"wp-block-columns is-layout-flex wp-container-core-columns-is-layout-9d6595d7 wp-block-columns-is-layout-flex\">\n<div class=\"wp-block-column is-layout-flow wp-block-column-is-layout-flow\">\n<p><strong>DVD1 latest navigation disc with maps :<\/strong><br>Russia, Ukraine, Czech Republic, Estonia, Finland, Hungary, <strong>Lithuania (detailed)<\/strong>, Latvia, Poland, Romania, Slovakia<br><strong>DVD2 latest navigation disc with maps :<\/strong><br>United Kingdom, Ireland, Netherlands, Belgium, Luxembourg, Portugal, Spain, Andorra, France, Switzerland, Iceland, Liechtenstein, Italy, San Marino, Vatican City, Monaco, and the islands of Sardinia, Sicily and Corsica<br><strong>DVD3 latest navigation disc with maps :<\/strong><br>Austria, Bulgaria, Croatia, Czech Republic, Greece, Hungary, Liechtenstein, Italy, Luxembourg, Monaco, Poland, Romania, San Marino, San Marino, Slovakia, Slovenia, Turkey, Switzerland, Vatican City, Ukraine<br><strong>DVD4 latest navigation disc with maps :<\/strong><br>Germany, Austria, Belgium, Switzerland, Liechtenstein, Luxembourg, the Netherlands, Sweden, Norway, Denmark, Finland, Poland, <strong>Lithuania (detailed)<\/strong>, Latvia, Estonia, Czech Republic, Slovakia<\/p>\n\n\n\n<p>The system is available on the following cars:<\/p>\n\n\n\n<ul class=\"wp-block-list\"><li>SAAB 9-3 2005-2009<\/li><\/ul>\n<\/div>\n\n\n\n<div class=\"wp-block-column is-layout-flow wp-block-column-is-layout-flow\">\n<div class=\"wp-block-image\"><figure class=\"aligncenter size-full\"><img loading=\"lazy\" decoding=\"async\" width=\"360\" height=\"270\" src=\"https:\/\/www.taisykla7.lt\/wp-content\/uploads\/2022\/04\/SAAB-9-3-navigacija-Lietuva-ir-Europa-sistemoms-Aisin-su-DVD-kodas-s4.jpg\" alt=\"SAAB 9-3 navigacija Lietuva ir Europa sistemoms Aisin su DVD (kodas s4)\" class=\"wp-image-1325\" srcset=\"https:\/\/www.taisykla7.lt\/wp-content\/uploads\/2022\/04\/SAAB-9-3-navigacija-Lietuva-ir-Europa-sistemoms-Aisin-su-DVD-kodas-s4.jpg 360w, https:\/\/www.taisykla7.lt\/wp-content\/uploads\/2022\/04\/SAAB-9-3-navigacija-Lietuva-ir-Europa-sistemoms-Aisin-su-DVD-kodas-s4-300x225.jpg 300w\" sizes=\"auto, (max-width: 360px) 100vw, 360px\" \/><\/figure><\/div>\n<\/div>\n<\/div>\n\n\n\n<p><strong>Latest Navigation Maps | Best Price |<\/strong> Please contact the navigation master on tel. <strong><a href=\"tel:861777751\">8-617-77751<\/a><\/strong> <a href=\"\/en\/kontaktai\/\"><strong>Vilnius, Kaunas, Klaip\u0117da, \u0160iauliai<\/strong><\/a> and we will be happy to answer any questions you may have!<\/p><hr>\n\n\n\n<h2 class=\"wp-block-heading\">SAAB Navigation for Europe Aisin with HDD (code s5)<\/h2>\n\n\n\n<div class=\"wp-block-columns is-layout-flex wp-container-core-columns-is-layout-9d6595d7 wp-block-columns-is-layout-flex\">\n<div class=\"wp-block-column is-layout-flow wp-block-column-is-layout-flow\">\n<p><strong>HDD update - latest navigation maps :<\/strong> Austria, Belgium, Czech Republic, Denmark, Finland, France, Germany, Ireland, Italy, Luxembourg, Netherlands, Norway, Portugal, Spain, Sweden, Switzerland, United Kingdom<\/p>\n\n\n\n<p>The system is available on the following cars:<\/p>\n\n\n\n<ul class=\"wp-block-list\"><li>SAAB 9-5 2010-2012<\/li><li>(Chevrolet Volt 2011-2013 \/ Opel Ampera 2011-2013)<\/li><\/ul>\n<\/div>\n\n\n\n<div class=\"wp-block-column is-layout-flow wp-block-column-is-layout-flow\">\n<div class=\"wp-block-image\"><figure class=\"aligncenter size-full\"><img loading=\"lazy\" decoding=\"async\" width=\"401\" height=\"301\" src=\"https:\/\/www.taisykla7.lt\/wp-content\/uploads\/2022\/04\/SAAB-navigacija-Europa-sistemoms-Aisin-su-HDD-kodas-s5.jpg\" alt=\"SAAB navigacija Europa sistemoms Aisin su HDD (kodas s5)\" class=\"wp-image-1326\" srcset=\"https:\/\/www.taisykla7.lt\/wp-content\/uploads\/2022\/04\/SAAB-navigacija-Europa-sistemoms-Aisin-su-HDD-kodas-s5.jpg 401w, https:\/\/www.taisykla7.lt\/wp-content\/uploads\/2022\/04\/SAAB-navigacija-Europa-sistemoms-Aisin-su-HDD-kodas-s5-300x225.jpg 300w\" sizes=\"auto, (max-width: 401px) 100vw, 401px\" \/><figcaption>at<\/figcaption><\/figure><\/div>\n<\/div>\n<\/div>\n\n\n\n<p><strong>Latest Navigation Maps | Best Price |<\/strong> Please contact the navigation master on tel. <strong><a href=\"tel:861777751\">8-617-77751<\/a><\/strong> <a href=\"\/en\/kontaktai\/\"><strong>Vilnius, Kaunas, Klaip\u0117da, \u0160iauliai<\/strong><\/a> and we will be happy to answer any questions you may have!<\/p><hr>","protected":false},"excerpt":{"rendered":"<p>SAAB navigation Lithuania, Europe. Latest discs, maps. SAAB 9-5 navigation Lithuania and Europe for Denso G00\/G01 (KNA 2200\/S\/) with DVD (code s1) SAAB 9-5 navigation Europe for Denso G00\/G01 (KNA 2200\/S\/) with DVD (code s2) SAAB 9-5 navigation Lithuania and Europe for Denso with DVD (code s3) SAAB 9-3 navigation Lithuania and Europe for Aisin...&nbsp;<a href=\"https:\/\/www.taisykla7.lt\/en\/saab-navigacija\/\" rel=\"bookmark\">Read More \"<span class=\"screen-reader-text\">SAAB navigation<\/span><\/a><\/p>","protected":false},"author":1,"featured_media":0,"parent":0,"menu_order":0,"comment_status":"closed","ping_status":"closed","template":"","meta":{"_uag_custom_page_level_css":"","neve_meta_sidebar":"","neve_meta_container":"","neve_meta_enable_content_width":"","neve_meta_content_width":0,"neve_meta_title_alignment":"","neve_meta_author_avatar":"","neve_post_elements_order":"","neve_meta_disable_header":"","neve_meta_disable_footer":"","neve_meta_disable_title":"","footnotes":""},"class_list":["post-1320","page","type-page","status-publish","hentry"],"yoast_head":"<!-- This site is optimized with the Yoast SEO plugin v27.3 - https:\/\/yoast.com\/product\/yoast-seo-wordpress\/ -->\n<title>SAAB navigacija Elektronikos remontas Vilniuje, Kaune, Klaip\u0117doje, \u0160iauliuose<\/title>\n<meta name=\"description\" content=\"SAAB navigacija Lietuva, Europa. Naujausi diskai, \u017eem\u0117lapiai. Vilniuje, Kaune, Klaip\u0117doje, \u0160iauliuose. Tel. 8-617-77751\" \/>\n<meta name=\"robots\" content=\"index, follow, max-snippet:-1, max-image-preview:large, max-video-preview:-1\" \/>\n<link rel=\"canonical\" href=\"https:\/\/www.taisykla7.lt\/en\/saab-navigacija\/\" \/>\n<meta property=\"og:locale\" content=\"en_US\" \/>\n<meta property=\"og:type\" content=\"article\" \/>\n<meta property=\"og:title\" content=\"SAAB navigacija Elektronikos remontas Vilniuje, Kaune, Klaip\u0117doje, \u0160iauliuose\" \/>\n<meta property=\"og:description\" content=\"SAAB navigacija Lietuva, Europa. Naujausi diskai, \u017eem\u0117lapiai. Vilniuje, Kaune, Klaip\u0117doje, \u0160iauliuose. Tel. 8-617-77751\" \/>\n<meta property=\"og:url\" content=\"https:\/\/www.taisykla7.lt\/en\/saab-navigacija\/\" \/>\n<meta property=\"og:site_name\" content=\"Elektronikos remontas Vilniuje, Kaune, Klaip\u0117doje, \u0160iauliuose\" \/>\n<meta property=\"article:modified_time\" content=\"2022-04-21T21:52:47+00:00\" \/>\n<meta property=\"og:image\" content=\"https:\/\/www.taisykla7.lt\/wp-content\/uploads\/2022\/04\/SAAB-9-5-navigacija-Lietuva-ir-Europa-sistemoms-Denso-G00G01-KNA-2200S-su-DVD-kodas-s1.jpg\" \/>\n<meta name=\"twitter:card\" content=\"summary_large_image\" \/>\n<meta name=\"twitter:label1\" content=\"Est. reading time\" \/>\n\t<meta name=\"twitter:data1\" content=\"4 minutes\" \/>\n<script type=\"application\/ld+json\" class=\"yoast-schema-graph\">{\"@context\":\"https:\\\/\\\/schema.org\",\"@graph\":[{\"@type\":\"WebPage\",\"@id\":\"https:\\\/\\\/www.taisykla7.lt\\\/saab-navigacija\\\/\",\"url\":\"https:\\\/\\\/www.taisykla7.lt\\\/saab-navigacija\\\/\",\"name\":\"SAAB navigacija Elektronikos remontas Vilniuje, Kaune, Klaip\u0117doje, \u0160iauliuose\",\"isPartOf\":{\"@id\":\"https:\\\/\\\/www.taisykla7.lt\\\/#website\"},\"primaryImageOfPage\":{\"@id\":\"https:\\\/\\\/www.taisykla7.lt\\\/saab-navigacija\\\/#primaryimage\"},\"image\":{\"@id\":\"https:\\\/\\\/www.taisykla7.lt\\\/saab-navigacija\\\/#primaryimage\"},\"thumbnailUrl\":\"https:\\\/\\\/www.taisykla7.lt\\\/wp-content\\\/uploads\\\/2022\\\/04\\\/SAAB-9-5-navigacija-Lietuva-ir-Europa-sistemoms-Denso-G00G01-KNA-2200S-su-DVD-kodas-s1.jpg\",\"datePublished\":\"2022-04-21T13:31:26+00:00\",\"dateModified\":\"2022-04-21T21:52:47+00:00\",\"description\":\"SAAB navigacija Lietuva, Europa. Naujausi diskai, \u017eem\u0117lapiai. Vilniuje, Kaune, Klaip\u0117doje, \u0160iauliuose. Tel. 8-617-77751\",\"breadcrumb\":{\"@id\":\"https:\\\/\\\/www.taisykla7.lt\\\/saab-navigacija\\\/#breadcrumb\"},\"inLanguage\":\"en-US\",\"potentialAction\":[{\"@type\":\"ReadAction\",\"target\":[\"https:\\\/\\\/www.taisykla7.lt\\\/saab-navigacija\\\/\"]}]},{\"@type\":\"ImageObject\",\"inLanguage\":\"en-US\",\"@id\":\"https:\\\/\\\/www.taisykla7.lt\\\/saab-navigacija\\\/#primaryimage\",\"url\":\"https:\\\/\\\/www.taisykla7.lt\\\/wp-content\\\/uploads\\\/2022\\\/04\\\/SAAB-9-5-navigacija-Lietuva-ir-Europa-sistemoms-Denso-G00G01-KNA-2200S-su-DVD-kodas-s1.jpg\",\"contentUrl\":\"https:\\\/\\\/www.taisykla7.lt\\\/wp-content\\\/uploads\\\/2022\\\/04\\\/SAAB-9-5-navigacija-Lietuva-ir-Europa-sistemoms-Denso-G00G01-KNA-2200S-su-DVD-kodas-s1.jpg\"},{\"@type\":\"BreadcrumbList\",\"@id\":\"https:\\\/\\\/www.taisykla7.lt\\\/saab-navigacija\\\/#breadcrumb\",\"itemListElement\":[{\"@type\":\"ListItem\",\"position\":1,\"name\":\"Pagrindinis\",\"item\":\"https:\\\/\\\/www.taisykla7.lt\\\/\"},{\"@type\":\"ListItem\",\"position\":2,\"name\":\"SAAB navigacija\"}]},{\"@type\":\"WebSite\",\"@id\":\"https:\\\/\\\/www.taisykla7.lt\\\/#website\",\"url\":\"https:\\\/\\\/www.taisykla7.lt\\\/\",\"name\":\"Elektronikos remontas Vilniuje, Kaune, Klaip\u0117doje, \u0160iauliuose\",\"description\":\"Televizori\u0173, paspirtuk\u0173, kompiuteri\u0173, telefon\u0173, kavos aparat\u0173 ir kitos technikos remontas \\\/ taisykla\",\"publisher\":{\"@id\":\"https:\\\/\\\/www.taisykla7.lt\\\/#organization\"},\"potentialAction\":[{\"@type\":\"SearchAction\",\"target\":{\"@type\":\"EntryPoint\",\"urlTemplate\":\"https:\\\/\\\/www.taisykla7.lt\\\/?s={search_term_string}\"},\"query-input\":{\"@type\":\"PropertyValueSpecification\",\"valueRequired\":true,\"valueName\":\"search_term_string\"}}],\"inLanguage\":\"en-US\"},{\"@type\":\"Organization\",\"@id\":\"https:\\\/\\\/www.taisykla7.lt\\\/#organization\",\"name\":\"Elektronikos remontas Vilniuje, Kaune, Klaip\u0117doje, \u0160iauliuose\",\"url\":\"https:\\\/\\\/www.taisykla7.lt\\\/\",\"logo\":{\"@type\":\"ImageObject\",\"inLanguage\":\"en-US\",\"@id\":\"https:\\\/\\\/www.taisykla7.lt\\\/#\\\/schema\\\/logo\\\/image\\\/\",\"url\":\"https:\\\/\\\/www.taisykla7.lt\\\/wp-content\\\/uploads\\\/2022\\\/04\\\/taisykla7_logo.jpg\",\"contentUrl\":\"https:\\\/\\\/www.taisykla7.lt\\\/wp-content\\\/uploads\\\/2022\\\/04\\\/taisykla7_logo.jpg\",\"width\":400,\"height\":100,\"caption\":\"Elektronikos remontas Vilniuje, Kaune, Klaip\u0117doje, \u0160iauliuose\"},\"image\":{\"@id\":\"https:\\\/\\\/www.taisykla7.lt\\\/#\\\/schema\\\/logo\\\/image\\\/\"}}]}<\/script>\n<!-- \/ Yoast SEO plugin. -->","yoast_head_json":{"title":"SAAB navigacija Elektronikos remontas Vilniuje, Kaune, Klaip\u0117doje, \u0160iauliuose","description":"SAAB navigation Lithuania, Europe. Latest discs, maps. In Vilnius, Kaunas, Klaipeda, \u0160iauliai. Tel. 8-617-77751","robots":{"index":"index","follow":"follow","max-snippet":"max-snippet:-1","max-image-preview":"max-image-preview:large","max-video-preview":"max-video-preview:-1"},"canonical":"https:\/\/www.taisykla7.lt\/en\/saab-navigacija\/","og_locale":"en_US","og_type":"article","og_title":"SAAB navigacija Elektronikos remontas Vilniuje, Kaune, Klaip\u0117doje, \u0160iauliuose","og_description":"SAAB navigacija Lietuva, Europa. Naujausi diskai, \u017eem\u0117lapiai. Vilniuje, Kaune, Klaip\u0117doje, \u0160iauliuose. Tel. 8-617-77751","og_url":"https:\/\/www.taisykla7.lt\/en\/saab-navigacija\/","og_site_name":"Elektronikos remontas Vilniuje, Kaune, Klaip\u0117doje, \u0160iauliuose","article_modified_time":"2022-04-21T21:52:47+00:00","og_image":[{"url":"https:\/\/www.taisykla7.lt\/wp-content\/uploads\/2022\/04\/SAAB-9-5-navigacija-Lietuva-ir-Europa-sistemoms-Denso-G00G01-KNA-2200S-su-DVD-kodas-s1.jpg","type":"","width":"","height":""}],"twitter_card":"summary_large_image","twitter_misc":{"Est. reading time":"4 minutes"},"schema":{"@context":"https:\/\/schema.org","@graph":[{"@type":"WebPage","@id":"https:\/\/www.taisykla7.lt\/saab-navigacija\/","url":"https:\/\/www.taisykla7.lt\/saab-navigacija\/","name":"SAAB navigacija Elektronikos remontas Vilniuje, Kaune, Klaip\u0117doje, \u0160iauliuose","isPartOf":{"@id":"https:\/\/www.taisykla7.lt\/#website"},"primaryImageOfPage":{"@id":"https:\/\/www.taisykla7.lt\/saab-navigacija\/#primaryimage"},"image":{"@id":"https:\/\/www.taisykla7.lt\/saab-navigacija\/#primaryimage"},"thumbnailUrl":"https:\/\/www.taisykla7.lt\/wp-content\/uploads\/2022\/04\/SAAB-9-5-navigacija-Lietuva-ir-Europa-sistemoms-Denso-G00G01-KNA-2200S-su-DVD-kodas-s1.jpg","datePublished":"2022-04-21T13:31:26+00:00","dateModified":"2022-04-21T21:52:47+00:00","description":"SAAB navigation Lithuania, Europe. Latest discs, maps. In Vilnius, Kaunas, Klaipeda, \u0160iauliai. Tel. 8-617-77751","breadcrumb":{"@id":"https:\/\/www.taisykla7.lt\/saab-navigacija\/#breadcrumb"},"inLanguage":"en-US","potentialAction":[{"@type":"ReadAction","target":["https:\/\/www.taisykla7.lt\/saab-navigacija\/"]}]},{"@type":"ImageObject","inLanguage":"en-US","@id":"https:\/\/www.taisykla7.lt\/saab-navigacija\/#primaryimage","url":"https:\/\/www.taisykla7.lt\/wp-content\/uploads\/2022\/04\/SAAB-9-5-navigacija-Lietuva-ir-Europa-sistemoms-Denso-G00G01-KNA-2200S-su-DVD-kodas-s1.jpg","contentUrl":"https:\/\/www.taisykla7.lt\/wp-content\/uploads\/2022\/04\/SAAB-9-5-navigacija-Lietuva-ir-Europa-sistemoms-Denso-G00G01-KNA-2200S-su-DVD-kodas-s1.jpg"},{"@type":"BreadcrumbList","@id":"https:\/\/www.taisykla7.lt\/saab-navigacija\/#breadcrumb","itemListElement":[{"@type":"ListItem","position":1,"name":"Pagrindinis","item":"https:\/\/www.taisykla7.lt\/"},{"@type":"ListItem","position":2,"name":"SAAB navigacija"}]},{"@type":"WebSite","@id":"https:\/\/www.taisykla7.lt\/#website","url":"https:\/\/www.taisykla7.lt\/","name":"Elektronikos remontas Vilniuje, Kaune, Klaip\u0117doje, \u0160iauliuose","description":"Repair\/repair of TVs, scooters, computers, telephones, coffee machines and other appliances","publisher":{"@id":"https:\/\/www.taisykla7.lt\/#organization"},"potentialAction":[{"@type":"SearchAction","target":{"@type":"EntryPoint","urlTemplate":"https:\/\/www.taisykla7.lt\/?s={search_term_string}"},"query-input":{"@type":"PropertyValueSpecification","valueRequired":true,"valueName":"search_term_string"}}],"inLanguage":"en-US"},{"@type":"Organization","@id":"https:\/\/www.taisykla7.lt\/#organization","name":"Elektronikos remontas Vilniuje, Kaune, Klaip\u0117doje, \u0160iauliuose","url":"https:\/\/www.taisykla7.lt\/","logo":{"@type":"ImageObject","inLanguage":"en-US","@id":"https:\/\/www.taisykla7.lt\/#\/schema\/logo\/image\/","url":"https:\/\/www.taisykla7.lt\/wp-content\/uploads\/2022\/04\/taisykla7_logo.jpg","contentUrl":"https:\/\/www.taisykla7.lt\/wp-content\/uploads\/2022\/04\/taisykla7_logo.jpg","width":400,"height":100,"caption":"Elektronikos remontas Vilniuje, Kaune, Klaip\u0117doje, \u0160iauliuose"},"image":{"@id":"https:\/\/www.taisykla7.lt\/#\/schema\/logo\/image\/"}}]}},"uagb_featured_image_src":{"full":false,"thumbnail":false,"medium":false,"medium_large":false,"large":false,"1536x1536":false,"2048x2048":false,"trp-custom-language-flag":false,"neve-blog":false},"uagb_author_info":{"display_name":"admin","author_link":"https:\/\/www.taisykla7.lt\/en\/author\/admin\/"},"uagb_comment_info":0,"uagb_excerpt":"SAAB navigacija Lietuva, Europa. Naujausi diskai, \u017eem\u0117lapiai. SAAB 9-5 navigacija Lietuva ir Europa sistemoms Denso G00\/G01 (KNA 2200\/S\/) su DVD (kodas s1) SAAB 9-5 navigacija Europa sistemoms Denso G00\/G01 (KNA 2200\/S\/) su DVD (kodas s2) SAAB 9-5 navigacija Lietuva ir Europa sistemoms Denso su DVD (kodas s3) SAAB 9-3 navigacija Lietuva ir Europa sistemoms Aisin&hellip;&nbsp;Read&hellip;","_links":{"self":[{"href":"https:\/\/www.taisykla7.lt\/en\/wp-json\/wp\/v2\/pages\/1320","targetHints":{"allow":["GET"]}}],"collection":[{"href":"https:\/\/www.taisykla7.lt\/en\/wp-json\/wp\/v2\/pages"}],"about":[{"href":"https:\/\/www.taisykla7.lt\/en\/wp-json\/wp\/v2\/types\/page"}],"author":[{"embeddable":true,"href":"https:\/\/www.taisykla7.lt\/en\/wp-json\/wp\/v2\/users\/1"}],"replies":[{"embeddable":true,"href":"https:\/\/www.taisykla7.lt\/en\/wp-json\/wp\/v2\/comments?post=1320"}],"version-history":[{"count":4,"href":"https:\/\/www.taisykla7.lt\/en\/wp-json\/wp\/v2\/pages\/1320\/revisions"}],"predecessor-version":[{"id":1552,"href":"https:\/\/www.taisykla7.lt\/en\/wp-json\/wp\/v2\/pages\/1320\/revisions\/1552"}],"wp:attachment":[{"href":"https:\/\/www.taisykla7.lt\/en\/wp-json\/wp\/v2\/media?parent=1320"}],"curies":[{"name":"wp","href":"https:\/\/api.w.org\/{rel}","templated":true}]}}