{"id":1328,"date":"2022-04-21T15:36:23","date_gmt":"2022-04-21T13:36:23","guid":{"rendered":"https:\/\/www.taisykla7.lt\/?page_id=1328"},"modified":"2022-04-21T23:53:18","modified_gmt":"2022-04-21T21:53:18","slug":"seat-navigacija","status":"publish","type":"page","link":"https:\/\/www.taisykla7.lt\/en\/seat-navigacija\/","title":{"rendered":"SEAT navigation"},"content":{"rendered":"<ul class=\"wp-block-list\">\n<li><strong>Vilnius<\/strong> - Kareivi\u0173 g. 11A \"RIMI\" <a href=\"tel:+37065577057\">+370-655-77057<\/a><\/li>\n\n\n\n<li><strong>Kaunas<\/strong> - 155 Savanori\u0173 Ave. <a href=\"tel:+37063969600\">+370-639-69600<\/a><\/li>\n\n\n\n<li><strong>Klaip\u0117da<\/strong> - Sausio 15-osios str. 13 <a href=\"tel:+37064707741\">+370-647-07741<\/a><\/li>\n\n\n\n<li><strong>\u0160iauliai<\/strong> - Gegu\u017ei\u0173 g. 30 \"Arena\" <a href=\"tel:+37068229052\">+370-682-29052<\/a><\/li>\n<\/ul>\n\n\n\n<p><strong>SEAT navigation Lithuania, Europe. Latest discs, maps.<\/strong><\/p>\n\n\n\n<p>Find your car navigation system. If you have any questions or concerns, please call <a href=\"tel:861777751\">our car navigation master at 8-617-77751<\/a> and we'll be happy to help.<\/p>\n\n\n\n<ul class=\"wp-block-list\"><li><strong>SEAT Navigation Lithuania and Europe for RNS Mediasystem with DVD\/SD (code se1)<\/strong><\/li><li><strong>SEAT Navigation Lithuania and Europe for RNS Mediasystem 2.0 with CD\/SD (code se2)<\/strong><\/li><li><strong>SEAT Navigation Lithuania and Europe for RNS Mediasystem 2.1 \/ 2.2 with CD\/SD (code se3)<\/strong><\/li><li><strong>SEAT navigation for Europa systems DNS DX with CD (code se4)<\/strong><\/li><\/ul>\n\n\n\n<h2 class=\"wp-block-heading\">SEAT Navigation Lithuania and Europe for RNS Mediasystem with DVD\/SD (code se1)<\/h2>\n\n\n\n<div class=\"wp-block-columns is-layout-flex wp-container-core-columns-is-layout-9d6595d7 wp-block-columns-is-layout-flex\">\n<div class=\"wp-block-column is-layout-flow wp-block-column-is-layout-flow\">\n<p><strong>DVD1 latest navigation disc with maps:<\/strong><br>Andorra, Austria, Belgium, Belgium, Czech Republic, Denmark, Finland, France, Germany, Greece, Hungary, Ireland, Ireland, Gibraltar, Italy, Liechtenstein, Luxembourg, Poland, Monaco, Norway, Netherlands, Portugal, Slovakia, Spain, Sweden, Switzerland, Vatican City, Vatican City, UK<br><strong>DVD2 latest navigation disc with maps:<\/strong><br>Albania, Austria, Belarus, Bulgaria, Bosnia and Herzegovina, Czech Republic, Denmark, Estonia, Greece, Italy, Montenegro, Croatia, Poland, Latvia, <strong>Lithuania (detailed)<\/strong> , Romania, Serbia, Slovakia, Slovenia, Finland, Switzerland, Sweden, Hungary, Germany<\/p>\n\n\n\n<p>The system is available on the following cars:<\/p>\n\n\n\n<ul class=\"wp-block-list\"><li>Seat Alhambra from 2007<\/li><li>Seat Altea from 2007<\/li><li>Seat Toledo from 2007<\/li><li>Seat Cordoba from 2007<\/li><li>Seat Ibiza from 2007<\/li><li>Seat Leon from 2007<\/li><li>Seat Toledo from 2007<\/li><li>Seat Arosa from 2007<\/li><li>Seat Exeo from 2007<\/li><li>Seat Inca from 2007<\/li><li>Seat Malaga from 2007<\/li><li>Seat Marbella from 2007<\/li><li>Seat Mii from 2007<\/li><li>Seat Terra from 2007<\/li><\/ul>\n<\/div>\n\n\n\n<div class=\"wp-block-column is-layout-flow wp-block-column-is-layout-flow\">\n<div class=\"wp-block-image\"><figure class=\"aligncenter size-full\"><img loading=\"lazy\" decoding=\"async\" width=\"237\" height=\"178\" src=\"https:\/\/www.taisykla7.lt\/wp-content\/uploads\/2022\/04\/SEAT-navigacija-Lietuva-ir-Europa-sistemoms-RNS-Mediasystem-su-DVD-SD-kodas-se1.jpg\" alt=\"SEAT navigacija Lietuva ir Europa sistemoms RNS Mediasystem su DVD\/SD (kodas se1)\" class=\"wp-image-1329\"\/><\/figure><\/div>\n<\/div>\n<\/div>\n\n\n\n<p><strong>Latest Navigation Maps | Best Price |<\/strong> Please contact the navigation master on tel. <strong><a href=\"tel:861777751\">8-617-77751<\/a><\/strong> <a href=\"\/en\/kontaktai\/\"><strong>Vilnius, Kaunas, Klaip\u0117da, \u0160iauliai<\/strong><\/a> and we will be happy to answer any questions you may have!<\/p><hr>\n\n\n\n<h2 class=\"wp-block-heading\">SEAT Navigation Lithuania and Europe for RNS Mediasystem 2.0 with CD\/SD (code se2)<\/h2>\n\n\n\n<div class=\"wp-block-columns is-layout-flex wp-container-core-columns-is-layout-9d6595d7 wp-block-columns-is-layout-flex\">\n<div class=\"wp-block-column is-layout-flow wp-block-column-is-layout-flow\">\n<p><strong>SD1 latest navigation SD card with maps<\/strong><br>Andorra, Austria, Belgium, Belgium, Czech Republic, Denmark, Finland, France, Germany, Greece, Hungary, Ireland, Ireland, Gibraltar, Italy, Liechtenstein, Luxembourg, Poland, Monaco, Norway, Netherlands, Portugal, Slovakia, Spain, Sweden, Switzerland, Vatican City, Vatican City, UK<br><strong>SD2 latest navigation SD card with maps<\/strong><br>Albania, Austria, Belarus, Bulgaria, Bosnia and Herzegovina, Czech Republic, Denmark, Estonia, Greece, Italy, Montenegro, Croatia, Poland, Latvia, <strong>Lithuania (detailed)<\/strong>, Romania, Serbia, Slovakia, Slovenia, Switzerland, Hungary, Germany<\/p>\n\n\n\n<p>or older maps<br><strong>CDs of the latest navigation discs with maps that update the SD card<\/strong><br>CD01 Major road maps for 38 European countries.<br>CD02 Austria, Switzerland, Liechtenstein, eastern France, southern Germany, northern Italy, Hungary to Budapest.<br>CD03 Belgium, Netherlands, Luxembourg<br>CD04 Ireland, Great Britain, including England, Northern Ireland, Scotland and Wales.<br>CD05 Germany.<br>CD06 Greece, Croatia, Slovenia.<br>CD07 Spain, Portugal, Gibraltar, Andorra.<br>CD08 Italy, San Marino, Vatican City.<br>CD09 Poland,<strong>Lithuania (detailed) <\/strong>, Latvia, Estonia.<br>CD10 Denmark, Norway, Finland, Sweden.<br>CD11 Turkey<br>CD12 France, Monaco.<br>CD13 Czech Republic, Slovakia, Hungary.<\/p>\n\n\n\n<p>The system is available on the following cars:<\/p>\n\n\n\n<ul class=\"wp-block-list\"><li>Seat Altea from 2009.03<\/li><li>Seat Ibisa from 2009.03<\/li><li>Seat Toledo from 2009.03<\/li><\/ul>\n<\/div>\n\n\n\n<div class=\"wp-block-column is-layout-flow wp-block-column-is-layout-flow\">\n<div class=\"wp-block-image\"><figure class=\"aligncenter size-full\"><img loading=\"lazy\" decoding=\"async\" width=\"222\" height=\"196\" src=\"https:\/\/www.taisykla7.lt\/wp-content\/uploads\/2022\/04\/SEAT-navigacija-Lietuva-ir-Europa-sistemoms-RNS-Mediasystem-2.0-su-CD-SD-kodas-se2.jpg\" alt=\"SEAT navigacija Lietuva ir Europa sistemoms RNS Mediasystem 2.0 su CD\/SD (kodas se2)\" class=\"wp-image-1330\"\/><figcaption>MediaSystem 2.0 and MediaSystem 2.1-2.2 look the same, but the cards do not fit together. In addition, Amundsen+ has an internal memory while MediaSystem 2.0 does not. Identification: press SETUP and hold for 5-10 sec -&gt; VERSIONS. If 3 lines of information are displayed -&gt; MediaSystem 2.0, if 6 lines are displayed -&gt; MediaSystem 2.1-2.2 or SW Version 026x, 04xx -&gt; you have MediaSystem 2.0, otherwise MediaSystem 2.1-2.2.<\/figcaption><\/figure><\/div>\n<\/div>\n<\/div>\n\n\n\n<p><strong>Latest Navigation Maps | Best Price |<\/strong> Please contact the navigation master on tel. <strong><a href=\"tel:861777751\">8-617-77751<\/a><\/strong> <a href=\"\/en\/kontaktai\/\"><strong>Vilnius, Kaunas, Klaip\u0117da, \u0160iauliai<\/strong><\/a> and we will be happy to answer any questions you may have!<\/p><hr>\n\n\n\n<h2 class=\"wp-block-heading\">SEAT Navigation Lithuania and Europe for RNS Mediasystem 2.1 \/ 2.2 with CD\/SD (code se3)<\/h2>\n\n\n\n<div class=\"wp-block-columns is-layout-flex wp-container-core-columns-is-layout-9d6595d7 wp-block-columns-is-layout-flex\">\n<div class=\"wp-block-column is-layout-flow wp-block-column-is-layout-flow\">\n<p><strong>SD1 latest navigation SD card with maps<\/strong><br>Andorra, Austria, Belgium, Belgium, Czech Republic, Denmark, Finland, France, Germany, Greece, Hungary, Ireland, Ireland, Gibraltar, Italy, Liechtenstein, Luxembourg, Poland, Monaco, Norway, Netherlands, Portugal, Slovakia, Spain, Sweden, Switzerland, Vatican City, Vatican City, UK<br><strong>SD2 latest navigation SD card with maps<\/strong><br>Albania, Austria, Belarus, Bulgaria, Bosnia and Herzegovina, Czech Republic, Denmark, Estonia, Greece, Italy, Montenegro, Croatia, Poland, Latvia, <strong>Lithuania (detailed)<\/strong>, Romania, Serbia, Slovakia, Slovenia, Switzerland, Hungary, Germany<\/p>\n\n\n\n<p>The system is available on the following cars:<\/p>\n\n\n\n<ul class=\"wp-block-list\"><li>Seat Altea from 2011<\/li><li>Seat Ibisa from 2011<\/li><li>Seat Toledo from 2011<\/li><\/ul>\n<\/div>\n\n\n\n<div class=\"wp-block-column is-layout-flow wp-block-column-is-layout-flow\">\n<div class=\"wp-block-image\"><figure class=\"aligncenter size-full\"><img loading=\"lazy\" decoding=\"async\" width=\"222\" height=\"196\" src=\"https:\/\/www.taisykla7.lt\/wp-content\/uploads\/2022\/04\/SEAT-navigacija-Lietuva-ir-Europa-sistemoms-RNS-Mediasystem-2.0-su-CD-SD-kodas-se2.jpg\" alt=\"SEAT navigacija Lietuva ir Europa sistemoms RNS Mediasystem 2.1 \/ 2.2 su CD\/SD (kodas se3)\" class=\"wp-image-1330\"\/><figcaption>MediaSystem 2.0 and MediaSystem 2.1-2.2 look the same, but the cards do not fit together. In addition, Amundsen+ has an internal memory while MediaSystem 2.0 does not. Identification: press SETUP and hold for 5-10 sec -&gt; VERSIONS. If 3 lines of information are displayed -&gt; MediaSystem 2.0, if 6 lines are displayed -&gt; MediaSystem 2.1-2.2 or SW Version 026x, 04xx -&gt; you have MediaSystem 2.0, otherwise MediaSystem 2.1-2.2.<\/figcaption><\/figure><\/div>\n<\/div>\n<\/div>\n\n\n\n<p><strong>Latest Navigation Maps | Best Price |<\/strong> Please contact the navigation master on tel. <strong><a href=\"tel:861777751\">8-617-77751<\/a><\/strong> <a href=\"\/en\/kontaktai\/\"><strong>Vilnius, Kaunas, Klaip\u0117da, \u0160iauliai<\/strong><\/a> and we will be happy to answer any questions you may have!<\/p><hr>\n\n\n\n<h2 class=\"wp-block-heading\">SEAT navigation for Europa systems DNS DX with CD (code se4)<\/h2>\n\n\n\n<div class=\"wp-block-columns is-layout-flex wp-container-core-columns-is-layout-9d6595d7 wp-block-columns-is-layout-flex\">\n<div class=\"wp-block-column is-layout-flow wp-block-column-is-layout-flow\">\n<p><strong>CDs of the latest navigation discs with maps:<\/strong><br><br><strong>CD01:<\/strong> Austria, Switzerland, Liechtenstein, France, Germany, Italy<br><strong>CD02:<\/strong> Belgium, Netherlands, Luxembourg<br><strong>CD03:<\/strong> Czech Republic, <strong>Poland<\/strong><br><strong>CD04:<\/strong> Germany<br><strong>CD05:<\/strong> Italy, San Marino, Vatican City<br><strong>CD06:<\/strong> Finland, Sweden, Norway, Denmark<br><strong>CD07:<\/strong> Spain, Portugal<br><strong>CD08:<\/strong> France<br><strong>CD09:<\/strong> D.Britain<br><strong>CD10 MRE:<\/strong> Europe's main roads<\/p>\n<\/div>\n\n\n\n<div class=\"wp-block-column is-layout-flow wp-block-column-is-layout-flow\">\n<div class=\"wp-block-image\"><figure class=\"aligncenter size-full\"><img loading=\"lazy\" decoding=\"async\" width=\"180\" height=\"111\" src=\"https:\/\/www.taisykla7.lt\/wp-content\/uploads\/2022\/04\/SEAT-navigacija-Europa-sistemoms-DNS-DX-su-CD-kodas-se3-1.jpg\" alt=\"SEAT navigacija Europa sistemoms DNS DX su CD (kodas se4)\" class=\"wp-image-1333\"\/><\/figure><\/div>\n\n\n\n<div class=\"wp-block-image\"><figure class=\"aligncenter size-full\"><img loading=\"lazy\" decoding=\"async\" width=\"180\" height=\"113\" src=\"https:\/\/www.taisykla7.lt\/wp-content\/uploads\/2022\/04\/SEAT-navigacija-Europa-sistemoms-DNS-DX-su-CD-kodas-se3-2.jpg\" alt=\"SEAT navigacija Europa sistemoms DNS DX su CD (kodas se4)\" class=\"wp-image-1334\"\/><\/figure><\/div>\n\n\n\n<div class=\"wp-block-image\"><figure class=\"aligncenter size-full\"><img loading=\"lazy\" decoding=\"async\" width=\"180\" height=\"90\" src=\"https:\/\/www.taisykla7.lt\/wp-content\/uploads\/2022\/04\/SEAT-navigacija-Europa-sistemoms-DNS-DX-su-CD-kodas-se3-3.jpg\" alt=\"SEAT navigacija Europa sistemoms DNS DX su CD (kodas se4)\" class=\"wp-image-1335\"\/><\/figure><\/div>\n<\/div>\n<\/div>\n\n\n\n<p><strong>Latest Navigation Maps | Best Price |<\/strong> Please contact the navigation master on tel. <strong><a href=\"tel:861777751\">8-617-77751<\/a><\/strong> <a href=\"\/en\/kontaktai\/\"><strong>Vilnius, Kaunas, Klaip\u0117da, \u0160iauliai<\/strong><\/a> and we will be happy to answer any questions you may have!<\/p><hr>","protected":false},"excerpt":{"rendered":"<p>SEAT navigation Lithuania, Europe. Latest discs, maps. SEAT Navigation Lithuania and Europe for RNS Mediasystem RNS Mediasystem with DVD\/SD (code se1) SEAT Navigation Lithuania and Europe for RNS Mediasystem RNS Mediasystem 2.0 with CD\/SD (code se2) SEAT Navigation Lithuania and Europe for RNS Mediasystem RNS Mediasystem 2.1 \/ 2.2 with CD\/SD (code se3) SEAT Navigation Europe for DNS DX with CD\/SD (code se3) SEAT Navigation Europe for DNS DX with CD\/SD (code se2) SEAT...&nbsp;<a href=\"https:\/\/www.taisykla7.lt\/en\/seat-navigacija\/\" rel=\"bookmark\">Read More \"<span class=\"screen-reader-text\">SEAT navigation<\/span><\/a><\/p>","protected":false},"author":1,"featured_media":0,"parent":0,"menu_order":0,"comment_status":"closed","ping_status":"closed","template":"","meta":{"_uag_custom_page_level_css":"","neve_meta_sidebar":"","neve_meta_container":"","neve_meta_enable_content_width":"","neve_meta_content_width":0,"neve_meta_title_alignment":"","neve_meta_author_avatar":"","neve_post_elements_order":"","neve_meta_disable_header":"","neve_meta_disable_footer":"","neve_meta_disable_title":"","footnotes":""},"class_list":["post-1328","page","type-page","status-publish","hentry"],"yoast_head":"<!-- This site is optimized with the Yoast SEO plugin v27.5 - https:\/\/yoast.com\/product\/yoast-seo-wordpress\/ -->\n<title>SEAT navigacija Elektronikos remontas Vilniuje, Kaune, Klaip\u0117doje, \u0160iauliuose<\/title>\n<meta name=\"description\" content=\"SEAT navigacija Lietuva, Europa. Naujausi diskai, \u017eem\u0117lapiai. Vilniuje, Kaune, Klaip\u0117doje, \u0160iauliuose. Tel. 8-617-77751\" \/>\n<meta name=\"robots\" content=\"index, follow, max-snippet:-1, max-image-preview:large, max-video-preview:-1\" \/>\n<link rel=\"canonical\" href=\"https:\/\/www.taisykla7.lt\/en\/seat-navigacija\/\" \/>\n<meta property=\"og:locale\" content=\"en_US\" \/>\n<meta property=\"og:type\" content=\"article\" \/>\n<meta property=\"og:title\" content=\"SEAT navigacija Elektronikos remontas Vilniuje, Kaune, Klaip\u0117doje, \u0160iauliuose\" \/>\n<meta property=\"og:description\" content=\"SEAT navigacija Lietuva, Europa. Naujausi diskai, \u017eem\u0117lapiai. Vilniuje, Kaune, Klaip\u0117doje, \u0160iauliuose. Tel. 8-617-77751\" \/>\n<meta property=\"og:url\" content=\"https:\/\/www.taisykla7.lt\/en\/seat-navigacija\/\" \/>\n<meta property=\"og:site_name\" content=\"Elektronikos remontas Vilniuje, Kaune, Klaip\u0117doje, \u0160iauliuose\" \/>\n<meta property=\"article:modified_time\" content=\"2022-04-21T21:53:18+00:00\" \/>\n<meta property=\"og:image\" content=\"https:\/\/www.taisykla7.lt\/wp-content\/uploads\/2022\/04\/SEAT-navigacija-Lietuva-ir-Europa-sistemoms-RNS-Mediasystem-su-DVD-SD-kodas-se1.jpg\" \/>\n<meta name=\"twitter:card\" content=\"summary_large_image\" \/>\n<meta name=\"twitter:label1\" content=\"Est. reading time\" \/>\n\t<meta name=\"twitter:data1\" content=\"5 minutes\" \/>\n<script type=\"application\/ld+json\" class=\"yoast-schema-graph\">{\"@context\":\"https:\\\/\\\/schema.org\",\"@graph\":[{\"@type\":\"WebPage\",\"@id\":\"https:\\\/\\\/www.taisykla7.lt\\\/seat-navigacija\\\/\",\"url\":\"https:\\\/\\\/www.taisykla7.lt\\\/seat-navigacija\\\/\",\"name\":\"SEAT navigacija Elektronikos remontas Vilniuje, Kaune, Klaip\u0117doje, \u0160iauliuose\",\"isPartOf\":{\"@id\":\"https:\\\/\\\/www.taisykla7.lt\\\/#website\"},\"primaryImageOfPage\":{\"@id\":\"https:\\\/\\\/www.taisykla7.lt\\\/seat-navigacija\\\/#primaryimage\"},\"image\":{\"@id\":\"https:\\\/\\\/www.taisykla7.lt\\\/seat-navigacija\\\/#primaryimage\"},\"thumbnailUrl\":\"https:\\\/\\\/www.taisykla7.lt\\\/wp-content\\\/uploads\\\/2022\\\/04\\\/SEAT-navigacija-Lietuva-ir-Europa-sistemoms-RNS-Mediasystem-su-DVD-SD-kodas-se1.jpg\",\"datePublished\":\"2022-04-21T13:36:23+00:00\",\"dateModified\":\"2022-04-21T21:53:18+00:00\",\"description\":\"SEAT navigacija Lietuva, Europa. Naujausi diskai, \u017eem\u0117lapiai. Vilniuje, Kaune, Klaip\u0117doje, \u0160iauliuose. Tel. 8-617-77751\",\"breadcrumb\":{\"@id\":\"https:\\\/\\\/www.taisykla7.lt\\\/seat-navigacija\\\/#breadcrumb\"},\"inLanguage\":\"en-US\",\"potentialAction\":[{\"@type\":\"ReadAction\",\"target\":[\"https:\\\/\\\/www.taisykla7.lt\\\/seat-navigacija\\\/\"]}]},{\"@type\":\"ImageObject\",\"inLanguage\":\"en-US\",\"@id\":\"https:\\\/\\\/www.taisykla7.lt\\\/seat-navigacija\\\/#primaryimage\",\"url\":\"https:\\\/\\\/www.taisykla7.lt\\\/wp-content\\\/uploads\\\/2022\\\/04\\\/SEAT-navigacija-Lietuva-ir-Europa-sistemoms-RNS-Mediasystem-su-DVD-SD-kodas-se1.jpg\",\"contentUrl\":\"https:\\\/\\\/www.taisykla7.lt\\\/wp-content\\\/uploads\\\/2022\\\/04\\\/SEAT-navigacija-Lietuva-ir-Europa-sistemoms-RNS-Mediasystem-su-DVD-SD-kodas-se1.jpg\"},{\"@type\":\"BreadcrumbList\",\"@id\":\"https:\\\/\\\/www.taisykla7.lt\\\/seat-navigacija\\\/#breadcrumb\",\"itemListElement\":[{\"@type\":\"ListItem\",\"position\":1,\"name\":\"Pagrindinis\",\"item\":\"https:\\\/\\\/www.taisykla7.lt\\\/\"},{\"@type\":\"ListItem\",\"position\":2,\"name\":\"SEAT navigacija\"}]},{\"@type\":\"WebSite\",\"@id\":\"https:\\\/\\\/www.taisykla7.lt\\\/#website\",\"url\":\"https:\\\/\\\/www.taisykla7.lt\\\/\",\"name\":\"Elektronikos remontas Vilniuje, Kaune, Klaip\u0117doje, \u0160iauliuose\",\"description\":\"Televizori\u0173, paspirtuk\u0173, kompiuteri\u0173, telefon\u0173, kavos aparat\u0173 ir kitos technikos remontas \\\/ taisykla\",\"publisher\":{\"@id\":\"https:\\\/\\\/www.taisykla7.lt\\\/#organization\"},\"potentialAction\":[{\"@type\":\"SearchAction\",\"target\":{\"@type\":\"EntryPoint\",\"urlTemplate\":\"https:\\\/\\\/www.taisykla7.lt\\\/?s={search_term_string}\"},\"query-input\":{\"@type\":\"PropertyValueSpecification\",\"valueRequired\":true,\"valueName\":\"search_term_string\"}}],\"inLanguage\":\"en-US\"},{\"@type\":\"Organization\",\"@id\":\"https:\\\/\\\/www.taisykla7.lt\\\/#organization\",\"name\":\"Elektronikos remontas Vilniuje, Kaune, Klaip\u0117doje, \u0160iauliuose\",\"url\":\"https:\\\/\\\/www.taisykla7.lt\\\/\",\"logo\":{\"@type\":\"ImageObject\",\"inLanguage\":\"en-US\",\"@id\":\"https:\\\/\\\/www.taisykla7.lt\\\/#\\\/schema\\\/logo\\\/image\\\/\",\"url\":\"https:\\\/\\\/www.taisykla7.lt\\\/wp-content\\\/uploads\\\/2022\\\/04\\\/taisykla7_logo.jpg\",\"contentUrl\":\"https:\\\/\\\/www.taisykla7.lt\\\/wp-content\\\/uploads\\\/2022\\\/04\\\/taisykla7_logo.jpg\",\"width\":400,\"height\":100,\"caption\":\"Elektronikos remontas Vilniuje, Kaune, Klaip\u0117doje, \u0160iauliuose\"},\"image\":{\"@id\":\"https:\\\/\\\/www.taisykla7.lt\\\/#\\\/schema\\\/logo\\\/image\\\/\"}}]}<\/script>\n<!-- \/ Yoast SEO plugin. -->","yoast_head_json":{"title":"SEAT navigacija Elektronikos remontas Vilniuje, Kaune, Klaip\u0117doje, \u0160iauliuose","description":"SEAT navigation Lithuania, Europe. Latest discs, maps. In Vilnius, Kaunas, Klaip\u0117da, \u0160iauliai. Tel. 8-617-77751","robots":{"index":"index","follow":"follow","max-snippet":"max-snippet:-1","max-image-preview":"max-image-preview:large","max-video-preview":"max-video-preview:-1"},"canonical":"https:\/\/www.taisykla7.lt\/en\/seat-navigacija\/","og_locale":"en_US","og_type":"article","og_title":"SEAT navigacija Elektronikos remontas Vilniuje, Kaune, Klaip\u0117doje, \u0160iauliuose","og_description":"SEAT navigacija Lietuva, Europa. Naujausi diskai, \u017eem\u0117lapiai. Vilniuje, Kaune, Klaip\u0117doje, \u0160iauliuose. Tel. 8-617-77751","og_url":"https:\/\/www.taisykla7.lt\/en\/seat-navigacija\/","og_site_name":"Elektronikos remontas Vilniuje, Kaune, Klaip\u0117doje, \u0160iauliuose","article_modified_time":"2022-04-21T21:53:18+00:00","og_image":[{"url":"https:\/\/www.taisykla7.lt\/wp-content\/uploads\/2022\/04\/SEAT-navigacija-Lietuva-ir-Europa-sistemoms-RNS-Mediasystem-su-DVD-SD-kodas-se1.jpg","type":"","width":"","height":""}],"twitter_card":"summary_large_image","twitter_misc":{"Est. reading time":"5 minutes"},"schema":{"@context":"https:\/\/schema.org","@graph":[{"@type":"WebPage","@id":"https:\/\/www.taisykla7.lt\/seat-navigacija\/","url":"https:\/\/www.taisykla7.lt\/seat-navigacija\/","name":"SEAT navigacija Elektronikos remontas Vilniuje, Kaune, Klaip\u0117doje, \u0160iauliuose","isPartOf":{"@id":"https:\/\/www.taisykla7.lt\/#website"},"primaryImageOfPage":{"@id":"https:\/\/www.taisykla7.lt\/seat-navigacija\/#primaryimage"},"image":{"@id":"https:\/\/www.taisykla7.lt\/seat-navigacija\/#primaryimage"},"thumbnailUrl":"https:\/\/www.taisykla7.lt\/wp-content\/uploads\/2022\/04\/SEAT-navigacija-Lietuva-ir-Europa-sistemoms-RNS-Mediasystem-su-DVD-SD-kodas-se1.jpg","datePublished":"2022-04-21T13:36:23+00:00","dateModified":"2022-04-21T21:53:18+00:00","description":"SEAT navigation Lithuania, Europe. Latest discs, maps. In Vilnius, Kaunas, Klaip\u0117da, \u0160iauliai. Tel. 8-617-77751","breadcrumb":{"@id":"https:\/\/www.taisykla7.lt\/seat-navigacija\/#breadcrumb"},"inLanguage":"en-US","potentialAction":[{"@type":"ReadAction","target":["https:\/\/www.taisykla7.lt\/seat-navigacija\/"]}]},{"@type":"ImageObject","inLanguage":"en-US","@id":"https:\/\/www.taisykla7.lt\/seat-navigacija\/#primaryimage","url":"https:\/\/www.taisykla7.lt\/wp-content\/uploads\/2022\/04\/SEAT-navigacija-Lietuva-ir-Europa-sistemoms-RNS-Mediasystem-su-DVD-SD-kodas-se1.jpg","contentUrl":"https:\/\/www.taisykla7.lt\/wp-content\/uploads\/2022\/04\/SEAT-navigacija-Lietuva-ir-Europa-sistemoms-RNS-Mediasystem-su-DVD-SD-kodas-se1.jpg"},{"@type":"BreadcrumbList","@id":"https:\/\/www.taisykla7.lt\/seat-navigacija\/#breadcrumb","itemListElement":[{"@type":"ListItem","position":1,"name":"Pagrindinis","item":"https:\/\/www.taisykla7.lt\/"},{"@type":"ListItem","position":2,"name":"SEAT navigacija"}]},{"@type":"WebSite","@id":"https:\/\/www.taisykla7.lt\/#website","url":"https:\/\/www.taisykla7.lt\/","name":"Elektronikos remontas Vilniuje, Kaune, Klaip\u0117doje, \u0160iauliuose","description":"Repair\/repair of TVs, scooters, computers, telephones, coffee machines and other appliances","publisher":{"@id":"https:\/\/www.taisykla7.lt\/#organization"},"potentialAction":[{"@type":"SearchAction","target":{"@type":"EntryPoint","urlTemplate":"https:\/\/www.taisykla7.lt\/?s={search_term_string}"},"query-input":{"@type":"PropertyValueSpecification","valueRequired":true,"valueName":"search_term_string"}}],"inLanguage":"en-US"},{"@type":"Organization","@id":"https:\/\/www.taisykla7.lt\/#organization","name":"Elektronikos remontas Vilniuje, Kaune, Klaip\u0117doje, \u0160iauliuose","url":"https:\/\/www.taisykla7.lt\/","logo":{"@type":"ImageObject","inLanguage":"en-US","@id":"https:\/\/www.taisykla7.lt\/#\/schema\/logo\/image\/","url":"https:\/\/www.taisykla7.lt\/wp-content\/uploads\/2022\/04\/taisykla7_logo.jpg","contentUrl":"https:\/\/www.taisykla7.lt\/wp-content\/uploads\/2022\/04\/taisykla7_logo.jpg","width":400,"height":100,"caption":"Elektronikos remontas Vilniuje, Kaune, Klaip\u0117doje, \u0160iauliuose"},"image":{"@id":"https:\/\/www.taisykla7.lt\/#\/schema\/logo\/image\/"}}]}},"uagb_featured_image_src":{"full":false,"thumbnail":false,"medium":false,"medium_large":false,"large":false,"1536x1536":false,"2048x2048":false,"trp-custom-language-flag":false,"neve-blog":false},"uagb_author_info":{"display_name":"admin","author_link":"https:\/\/www.taisykla7.lt\/en\/author\/admin\/"},"uagb_comment_info":0,"uagb_excerpt":"SEAT navigacija Lietuva, Europa. Naujausi diskai, \u017eem\u0117lapiai. SEAT navigacija Lietuva ir Europa sistemoms RNS Mediasystem su DVD\/SD (kodas se1) SEAT navigacija Lietuva ir Europa sistemoms RNS Mediasystem 2.0 su CD\/SD (kodas se2) SEAT navigacija Lietuva ir Europa sistemoms RNS Mediasystem 2.1 \/ 2.2 su CD\/SD (kodas se3) SEAT navigacija Europa sistemoms DNS DX su CD&hellip;&nbsp;Read&hellip;","_links":{"self":[{"href":"https:\/\/www.taisykla7.lt\/en\/wp-json\/wp\/v2\/pages\/1328","targetHints":{"allow":["GET"]}}],"collection":[{"href":"https:\/\/www.taisykla7.lt\/en\/wp-json\/wp\/v2\/pages"}],"about":[{"href":"https:\/\/www.taisykla7.lt\/en\/wp-json\/wp\/v2\/types\/page"}],"author":[{"embeddable":true,"href":"https:\/\/www.taisykla7.lt\/en\/wp-json\/wp\/v2\/users\/1"}],"replies":[{"embeddable":true,"href":"https:\/\/www.taisykla7.lt\/en\/wp-json\/wp\/v2\/comments?post=1328"}],"version-history":[{"count":4,"href":"https:\/\/www.taisykla7.lt\/en\/wp-json\/wp\/v2\/pages\/1328\/revisions"}],"predecessor-version":[{"id":1553,"href":"https:\/\/www.taisykla7.lt\/en\/wp-json\/wp\/v2\/pages\/1328\/revisions\/1553"}],"wp:attachment":[{"href":"https:\/\/www.taisykla7.lt\/en\/wp-json\/wp\/v2\/media?parent=1328"}],"curies":[{"name":"wp","href":"https:\/\/api.w.org\/{rel}","templated":true}]}}