{"id":516,"date":"2022-04-18T17:52:58","date_gmt":"2022-04-18T15:52:58","guid":{"rendered":"https:\/\/www.taisykla7.lt\/?page_id=516"},"modified":"2022-12-21T14:27:38","modified_gmt":"2022-12-21T11:27:38","slug":"vaizdo-ploksciu-remontas","status":"publish","type":"page","link":"https:\/\/www.taisykla7.lt\/en\/vaizdo-ploksciu-remontas\/","title":{"rendered":"Repair of video panels"},"content":{"rendered":"<ul class=\"wp-block-list\">\n<li><strong>Vilnius<\/strong> - Kareivi\u0173 g. 11A \"RIMI\" <a href=\"tel:+37065577057\">+370-655-77057<\/a><\/li>\n\n\n\n<li><strong>Kaunas<\/strong> - 155 Savanori\u0173 Ave. <a href=\"tel:+37063969600\">+370-639-69600<\/a><\/li>\n\n\n\n<li><strong>Klaip\u0117da<\/strong> - Sausio 15-osios str. 13 <a href=\"tel:+37064707741\">+370-647-07741<\/a><\/li>\n\n\n\n<li><strong>\u0160iauliai<\/strong> - Gegu\u017ei\u0173 g. 30 \"Arena\" <a href=\"tel:+37068229052\">+370-682-29052<\/a><\/li>\n<\/ul>\n\n\n\n<p>Professional service for all types of stationary and portable <strong>repair of computer video cards (VGA \/ BGA repair)<\/strong>. We use certified modern equipment for repairs, so we can carry out repairs of any complexity.<\/p>\n\n\n\n<ul class=\"wp-block-list\">\n<li><strong>Videoram reprogramming<\/strong><\/li>\n\n\n\n<li><strong>BGA chip reflow<\/strong><\/li>\n\n\n\n<li><strong>Reprogramming of EC\/KBC, BIOS, EEPROM and other controllers<\/strong><\/li>\n\n\n\n<li><strong>Chain repairs<\/strong><\/li>\n\n\n\n<li><strong>Replacing broken components<\/strong><\/li>\n<\/ul>\n\n\n\n<p>We work with virtually all manufacturers <strong>Gigabyte, Asus, MSI, Dell, HP, KFA2, Lenovo, TUL, Zotac. Chipsets nVidia GeForce, Intel, AMD<\/strong> and others.<\/p>\n\n\n\n<p>Before repairs can be carried out, diagnostics are the first step. Video cards are subject to a small diagnostic fee, which is negotiated with the technician.<\/p>\n\n\n\n<figure class=\"wp-block-image size-full\"><img loading=\"lazy\" decoding=\"async\" width=\"600\" height=\"287\" src=\"https:\/\/www.taisykla7.lt\/wp-content\/uploads\/2022\/09\/vaizdo_plokste_600.jpg\" alt=\"vaizdo plok\u0161t\u0117 remontui\" class=\"wp-image-1733\" srcset=\"https:\/\/www.taisykla7.lt\/wp-content\/uploads\/2022\/09\/vaizdo_plokste_600.jpg 600w, https:\/\/www.taisykla7.lt\/wp-content\/uploads\/2022\/09\/vaizdo_plokste_600-300x144.jpg 300w\" sizes=\"auto, (max-width: 600px) 100vw, 600px\" \/><\/figure>\n\n\n\n<h2 class=\"wp-block-heading\">Price list - Repair of video boards<\/h2>\n\n\n\n<figure class=\"wp-block-table\"><table><tbody><tr><th>Service<\/th><th>Price<\/th><th>Warranty<\/th><\/tr><tr><td>Video card fault detection (diagnostics)<\/td><td>20 \u20ac<\/td><td>&#8211;<\/td><\/tr><tr><td>Mechanical repairs (broken components)<\/td><td>From 20 \u20ac<\/td><td>2 months.<\/td><\/tr><tr><td>Electrical repairs (not working at all \/ freezing under load \/ bad capacitors \/ fan rotating but not giving a picture, etc. faults)<\/td><td>From 20 \u20ac<\/td><td>2 months.<\/td><\/tr><tr><td>Certificate of defect of the video card to the insurance company (paid by the insurance)<\/td><td>25 \u20ac<\/td><td>&#8211;<\/td><\/tr><\/tbody><\/table><\/figure>\n\n\n\n<p>Interested in how the work is done? Read more <a href=\"https:\/\/www.instructables.com\/How-to-fix-a-graphics-card\/\" target=\"_blank\" rel=\"noreferrer noopener\">here<\/a>.<\/p>\n\n\n\n<p>Video card broken? <a href=\"\/en\/kontaktai\/\">Contact<\/a>!<\/p>","protected":false},"excerpt":{"rendered":"<p>Professional video card repair (VGA \/ BGA repair) for all types of desktop and laptop computers. We use certified modern equipment for repairs, so we can carry out repairs of any complexity. We work with practically all manufacturers Gigabyte, Asus, MSI, Dell, HP, KFA2, Lenovo, TUL, Zotac. Chipsets nVidia GeForce, Intel, AMD and others. Diagnostics are performed first before repairs....&nbsp;<a href=\"https:\/\/www.taisykla7.lt\/en\/vaizdo-ploksciu-remontas\/\" rel=\"bookmark\">Read More \"<span class=\"screen-reader-text\">Repair of video panels<\/span><\/a><\/p>","protected":false},"author":1,"featured_media":0,"parent":0,"menu_order":0,"comment_status":"closed","ping_status":"closed","template":"","meta":{"_uag_custom_page_level_css":"","neve_meta_sidebar":"","neve_meta_container":"","neve_meta_enable_content_width":"","neve_meta_content_width":0,"neve_meta_title_alignment":"","neve_meta_author_avatar":"","neve_post_elements_order":"","neve_meta_disable_header":"","neve_meta_disable_footer":"","neve_meta_disable_title":"","footnotes":""},"class_list":["post-516","page","type-page","status-publish","hentry"],"yoast_head":"<!-- This site is optimized with the Yoast SEO plugin v27.5 - https:\/\/yoast.com\/product\/yoast-seo-wordpress\/ -->\n<title>Vaizdo plok\u0161\u010di\u0173 remontas Elektronikos remontas Vilniuje, Kaune, Klaip\u0117doje, \u0160iauliuose<\/title>\n<meta name=\"description\" content=\"Patikimas ir profesionalus vaizdo plok\u0161\u010di\u0173 remontas Vilniuje, Kaune, Klaip\u0117doje, \u0160iauliuose. Tel. 8-639-69600\" \/>\n<meta name=\"robots\" content=\"index, follow, max-snippet:-1, max-image-preview:large, max-video-preview:-1\" \/>\n<link rel=\"canonical\" href=\"https:\/\/www.taisykla7.lt\/en\/vaizdo-ploksciu-remontas\/\" \/>\n<meta property=\"og:locale\" content=\"en_US\" \/>\n<meta property=\"og:type\" content=\"article\" \/>\n<meta property=\"og:title\" content=\"Vaizdo plok\u0161\u010di\u0173 remontas Elektronikos remontas Vilniuje, Kaune, Klaip\u0117doje, \u0160iauliuose\" \/>\n<meta property=\"og:description\" content=\"Patikimas ir profesionalus vaizdo plok\u0161\u010di\u0173 remontas Vilniuje, Kaune, Klaip\u0117doje, \u0160iauliuose. Tel. 8-639-69600\" \/>\n<meta property=\"og:url\" content=\"https:\/\/www.taisykla7.lt\/en\/vaizdo-ploksciu-remontas\/\" \/>\n<meta property=\"og:site_name\" content=\"Elektronikos remontas Vilniuje, Kaune, Klaip\u0117doje, \u0160iauliuose\" \/>\n<meta property=\"article:modified_time\" content=\"2022-12-21T11:27:38+00:00\" \/>\n<meta property=\"og:image\" content=\"https:\/\/www.taisykla7.lt\/wp-content\/uploads\/2022\/09\/vaizdo_plokste_600.jpg\" \/>\n<meta name=\"twitter:card\" content=\"summary_large_image\" \/>\n<meta name=\"twitter:label1\" content=\"Est. reading time\" \/>\n\t<meta name=\"twitter:data1\" content=\"1 minute\" \/>\n<script type=\"application\/ld+json\" class=\"yoast-schema-graph\">{\"@context\":\"https:\\\/\\\/schema.org\",\"@graph\":[{\"@type\":\"WebPage\",\"@id\":\"https:\\\/\\\/www.taisykla7.lt\\\/vaizdo-ploksciu-remontas\\\/\",\"url\":\"https:\\\/\\\/www.taisykla7.lt\\\/vaizdo-ploksciu-remontas\\\/\",\"name\":\"Vaizdo plok\u0161\u010di\u0173 remontas Elektronikos remontas Vilniuje, Kaune, Klaip\u0117doje, \u0160iauliuose\",\"isPartOf\":{\"@id\":\"https:\\\/\\\/www.taisykla7.lt\\\/#website\"},\"primaryImageOfPage\":{\"@id\":\"https:\\\/\\\/www.taisykla7.lt\\\/vaizdo-ploksciu-remontas\\\/#primaryimage\"},\"image\":{\"@id\":\"https:\\\/\\\/www.taisykla7.lt\\\/vaizdo-ploksciu-remontas\\\/#primaryimage\"},\"thumbnailUrl\":\"https:\\\/\\\/www.taisykla7.lt\\\/wp-content\\\/uploads\\\/2022\\\/09\\\/vaizdo_plokste_600.jpg\",\"datePublished\":\"2022-04-18T15:52:58+00:00\",\"dateModified\":\"2022-12-21T11:27:38+00:00\",\"description\":\"Patikimas ir profesionalus vaizdo plok\u0161\u010di\u0173 remontas Vilniuje, Kaune, Klaip\u0117doje, \u0160iauliuose. Tel. 8-639-69600\",\"breadcrumb\":{\"@id\":\"https:\\\/\\\/www.taisykla7.lt\\\/vaizdo-ploksciu-remontas\\\/#breadcrumb\"},\"inLanguage\":\"en-US\",\"potentialAction\":[{\"@type\":\"ReadAction\",\"target\":[\"https:\\\/\\\/www.taisykla7.lt\\\/vaizdo-ploksciu-remontas\\\/\"]}]},{\"@type\":\"ImageObject\",\"inLanguage\":\"en-US\",\"@id\":\"https:\\\/\\\/www.taisykla7.lt\\\/vaizdo-ploksciu-remontas\\\/#primaryimage\",\"url\":\"https:\\\/\\\/www.taisykla7.lt\\\/wp-content\\\/uploads\\\/2022\\\/09\\\/vaizdo_plokste_600.jpg\",\"contentUrl\":\"https:\\\/\\\/www.taisykla7.lt\\\/wp-content\\\/uploads\\\/2022\\\/09\\\/vaizdo_plokste_600.jpg\"},{\"@type\":\"BreadcrumbList\",\"@id\":\"https:\\\/\\\/www.taisykla7.lt\\\/vaizdo-ploksciu-remontas\\\/#breadcrumb\",\"itemListElement\":[{\"@type\":\"ListItem\",\"position\":1,\"name\":\"Pagrindinis\",\"item\":\"https:\\\/\\\/www.taisykla7.lt\\\/\"},{\"@type\":\"ListItem\",\"position\":2,\"name\":\"Vaizdo plok\u0161\u010di\u0173 remontas\"}]},{\"@type\":\"WebSite\",\"@id\":\"https:\\\/\\\/www.taisykla7.lt\\\/#website\",\"url\":\"https:\\\/\\\/www.taisykla7.lt\\\/\",\"name\":\"Elektronikos remontas Vilniuje, Kaune, Klaip\u0117doje, \u0160iauliuose\",\"description\":\"Televizori\u0173, paspirtuk\u0173, kompiuteri\u0173, telefon\u0173, kavos aparat\u0173 ir kitos technikos remontas \\\/ taisykla\",\"publisher\":{\"@id\":\"https:\\\/\\\/www.taisykla7.lt\\\/#organization\"},\"potentialAction\":[{\"@type\":\"SearchAction\",\"target\":{\"@type\":\"EntryPoint\",\"urlTemplate\":\"https:\\\/\\\/www.taisykla7.lt\\\/?s={search_term_string}\"},\"query-input\":{\"@type\":\"PropertyValueSpecification\",\"valueRequired\":true,\"valueName\":\"search_term_string\"}}],\"inLanguage\":\"en-US\"},{\"@type\":\"Organization\",\"@id\":\"https:\\\/\\\/www.taisykla7.lt\\\/#organization\",\"name\":\"Elektronikos remontas Vilniuje, Kaune, Klaip\u0117doje, \u0160iauliuose\",\"url\":\"https:\\\/\\\/www.taisykla7.lt\\\/\",\"logo\":{\"@type\":\"ImageObject\",\"inLanguage\":\"en-US\",\"@id\":\"https:\\\/\\\/www.taisykla7.lt\\\/#\\\/schema\\\/logo\\\/image\\\/\",\"url\":\"https:\\\/\\\/www.taisykla7.lt\\\/wp-content\\\/uploads\\\/2022\\\/04\\\/taisykla7_logo.jpg\",\"contentUrl\":\"https:\\\/\\\/www.taisykla7.lt\\\/wp-content\\\/uploads\\\/2022\\\/04\\\/taisykla7_logo.jpg\",\"width\":400,\"height\":100,\"caption\":\"Elektronikos remontas Vilniuje, Kaune, Klaip\u0117doje, \u0160iauliuose\"},\"image\":{\"@id\":\"https:\\\/\\\/www.taisykla7.lt\\\/#\\\/schema\\\/logo\\\/image\\\/\"}}]}<\/script>\n<!-- \/ Yoast SEO plugin. -->","yoast_head_json":{"title":"Vaizdo plok\u0161\u010di\u0173 remontas Elektronikos remontas Vilniuje, Kaune, Klaip\u0117doje, \u0160iauliuose","description":"Reliable and professional video board repair in Vilnius, Kaunas, Klaip\u0117da, \u0160iauliai. Tel. 8-639-69600","robots":{"index":"index","follow":"follow","max-snippet":"max-snippet:-1","max-image-preview":"max-image-preview:large","max-video-preview":"max-video-preview:-1"},"canonical":"https:\/\/www.taisykla7.lt\/en\/vaizdo-ploksciu-remontas\/","og_locale":"en_US","og_type":"article","og_title":"Vaizdo plok\u0161\u010di\u0173 remontas Elektronikos remontas Vilniuje, Kaune, Klaip\u0117doje, \u0160iauliuose","og_description":"Patikimas ir profesionalus vaizdo plok\u0161\u010di\u0173 remontas Vilniuje, Kaune, Klaip\u0117doje, \u0160iauliuose. Tel. 8-639-69600","og_url":"https:\/\/www.taisykla7.lt\/en\/vaizdo-ploksciu-remontas\/","og_site_name":"Elektronikos remontas Vilniuje, Kaune, Klaip\u0117doje, \u0160iauliuose","article_modified_time":"2022-12-21T11:27:38+00:00","og_image":[{"url":"https:\/\/www.taisykla7.lt\/wp-content\/uploads\/2022\/09\/vaizdo_plokste_600.jpg","type":"","width":"","height":""}],"twitter_card":"summary_large_image","twitter_misc":{"Est. reading time":"1 minute"},"schema":{"@context":"https:\/\/schema.org","@graph":[{"@type":"WebPage","@id":"https:\/\/www.taisykla7.lt\/vaizdo-ploksciu-remontas\/","url":"https:\/\/www.taisykla7.lt\/vaizdo-ploksciu-remontas\/","name":"Vaizdo plok\u0161\u010di\u0173 remontas Elektronikos remontas Vilniuje, Kaune, Klaip\u0117doje, \u0160iauliuose","isPartOf":{"@id":"https:\/\/www.taisykla7.lt\/#website"},"primaryImageOfPage":{"@id":"https:\/\/www.taisykla7.lt\/vaizdo-ploksciu-remontas\/#primaryimage"},"image":{"@id":"https:\/\/www.taisykla7.lt\/vaizdo-ploksciu-remontas\/#primaryimage"},"thumbnailUrl":"https:\/\/www.taisykla7.lt\/wp-content\/uploads\/2022\/09\/vaizdo_plokste_600.jpg","datePublished":"2022-04-18T15:52:58+00:00","dateModified":"2022-12-21T11:27:38+00:00","description":"Reliable and professional video board repair in Vilnius, Kaunas, Klaip\u0117da, \u0160iauliai. Tel. 8-639-69600","breadcrumb":{"@id":"https:\/\/www.taisykla7.lt\/vaizdo-ploksciu-remontas\/#breadcrumb"},"inLanguage":"en-US","potentialAction":[{"@type":"ReadAction","target":["https:\/\/www.taisykla7.lt\/vaizdo-ploksciu-remontas\/"]}]},{"@type":"ImageObject","inLanguage":"en-US","@id":"https:\/\/www.taisykla7.lt\/vaizdo-ploksciu-remontas\/#primaryimage","url":"https:\/\/www.taisykla7.lt\/wp-content\/uploads\/2022\/09\/vaizdo_plokste_600.jpg","contentUrl":"https:\/\/www.taisykla7.lt\/wp-content\/uploads\/2022\/09\/vaizdo_plokste_600.jpg"},{"@type":"BreadcrumbList","@id":"https:\/\/www.taisykla7.lt\/vaizdo-ploksciu-remontas\/#breadcrumb","itemListElement":[{"@type":"ListItem","position":1,"name":"Pagrindinis","item":"https:\/\/www.taisykla7.lt\/"},{"@type":"ListItem","position":2,"name":"Vaizdo plok\u0161\u010di\u0173 remontas"}]},{"@type":"WebSite","@id":"https:\/\/www.taisykla7.lt\/#website","url":"https:\/\/www.taisykla7.lt\/","name":"Elektronikos remontas Vilniuje, Kaune, Klaip\u0117doje, \u0160iauliuose","description":"Repair\/repair of TVs, scooters, computers, telephones, coffee machines and other appliances","publisher":{"@id":"https:\/\/www.taisykla7.lt\/#organization"},"potentialAction":[{"@type":"SearchAction","target":{"@type":"EntryPoint","urlTemplate":"https:\/\/www.taisykla7.lt\/?s={search_term_string}"},"query-input":{"@type":"PropertyValueSpecification","valueRequired":true,"valueName":"search_term_string"}}],"inLanguage":"en-US"},{"@type":"Organization","@id":"https:\/\/www.taisykla7.lt\/#organization","name":"Elektronikos remontas Vilniuje, Kaune, Klaip\u0117doje, \u0160iauliuose","url":"https:\/\/www.taisykla7.lt\/","logo":{"@type":"ImageObject","inLanguage":"en-US","@id":"https:\/\/www.taisykla7.lt\/#\/schema\/logo\/image\/","url":"https:\/\/www.taisykla7.lt\/wp-content\/uploads\/2022\/04\/taisykla7_logo.jpg","contentUrl":"https:\/\/www.taisykla7.lt\/wp-content\/uploads\/2022\/04\/taisykla7_logo.jpg","width":400,"height":100,"caption":"Elektronikos remontas Vilniuje, Kaune, Klaip\u0117doje, \u0160iauliuose"},"image":{"@id":"https:\/\/www.taisykla7.lt\/#\/schema\/logo\/image\/"}}]}},"uagb_featured_image_src":{"full":false,"thumbnail":false,"medium":false,"medium_large":false,"large":false,"1536x1536":false,"2048x2048":false,"trp-custom-language-flag":false,"neve-blog":false},"uagb_author_info":{"display_name":"admin","author_link":"https:\/\/www.taisykla7.lt\/en\/author\/admin\/"},"uagb_comment_info":0,"uagb_excerpt":"Profesionaliai atliekamas vis\u0173 tip\u0173 stacionari\u0173 ir ne\u0161iojam\u0173j\u0173 kompiuteri\u0173 vaizdo plok\u0161\u010di\u0173 remontas (VGA \/ BGA remontas). Remontui naudojame sertifikuot\u0105 moderni\u0105 \u012frang\u0105, tod\u0117l galime atlikti bet kokio sud\u0117tingumo remonto darbus. Dirbame prakti\u0161kai su visais gamintojais Gigabyte, Asus, MSI, Dell, HP, KFA2, Lenovo, TUL, Zotac. Lustais nVidia GeForce, Intel, AMD ir kitais. Prie\u0161 remont\u0105 pirma yra atliekama diagnostika.&hellip;&nbsp;Read&hellip;","_links":{"self":[{"href":"https:\/\/www.taisykla7.lt\/en\/wp-json\/wp\/v2\/pages\/516","targetHints":{"allow":["GET"]}}],"collection":[{"href":"https:\/\/www.taisykla7.lt\/en\/wp-json\/wp\/v2\/pages"}],"about":[{"href":"https:\/\/www.taisykla7.lt\/en\/wp-json\/wp\/v2\/types\/page"}],"author":[{"embeddable":true,"href":"https:\/\/www.taisykla7.lt\/en\/wp-json\/wp\/v2\/users\/1"}],"replies":[{"embeddable":true,"href":"https:\/\/www.taisykla7.lt\/en\/wp-json\/wp\/v2\/comments?post=516"}],"version-history":[{"count":5,"href":"https:\/\/www.taisykla7.lt\/en\/wp-json\/wp\/v2\/pages\/516\/revisions"}],"predecessor-version":[{"id":1797,"href":"https:\/\/www.taisykla7.lt\/en\/wp-json\/wp\/v2\/pages\/516\/revisions\/1797"}],"wp:attachment":[{"href":"https:\/\/www.taisykla7.lt\/en\/wp-json\/wp\/v2\/media?parent=516"}],"curies":[{"name":"wp","href":"https:\/\/api.w.org\/{rel}","templated":true}]}}