{"id":1048,"date":"2022-04-20T21:28:23","date_gmt":"2022-04-20T19:28:23","guid":{"rendered":"https:\/\/www.taisykla7.lt\/?page_id=1048"},"modified":"2024-12-07T00:07:03","modified_gmt":"2024-12-06T21:07:03","slug":"tomtom-garmin-igo-atnaujinimas","status":"publish","type":"page","link":"https:\/\/www.taisykla7.lt\/pl\/tomtom-garmin-igo-atnaujinimas\/","title":{"rendered":"TomTom, Garmin, aktualizacja iGo"},"content":{"rendered":"<ul class=\"wp-block-list\">\n<li><strong>Wilno<\/strong> - Kareivi\u0173 g. 11A \"RIMI\" <a href=\"tel:+37065577057\">+370-655-77057<\/a><\/li>\n\n\n\n<li><strong>Kowno<\/strong> - Savanori\u0173 pr. 155 <a href=\"tel:+37063969600\">+370-639-69600<\/a><\/li>\n\n\n\n<li><strong>K\u0142ajpeda<\/strong> - Sausio 15-osios str. 13 <a href=\"tel:+37064707741\">+370-647-07741<\/a><\/li>\n\n\n\n<li><strong>Szawle<\/strong> - Gegu\u017ei\u0173 g. 30 \"Arena\" <a href=\"tel:+37068229052\">+370-682-29052<\/a><\/li>\n<\/ul>\n\n\n\n<p>Taisykla7 dla wszystkich typ\u00f3w przeno\u015bnych urz\u0105dze\u0144 nawigacyjnych (PND) <strong>Naprawy i aktualizacje TomTom, Garmin, iGo <\/strong>i inne. Aktualizujemy najnowsze mapy Litwy i Europy. Mo\u017cemy nagrywa\u0107 mapy drogowe zar\u00f3wno dla samochod\u00f3w osobowych, jak i ci\u0119\u017carowych.<\/p>\n\n\n\n<ul class=\"wp-block-list\">\n<li><strong>Aktualizacja map nawigacyjnych TomTom<\/strong><\/li>\n\n\n\n<li><strong>Naprawa nawigacji TomTom<\/strong><\/li>\n\n\n\n<li>Aktualizacja mapy nawigacji Garmin<\/li>\n\n\n\n<li>Naprawa nawigacji Garmin<\/li>\n\n\n\n<li><strong>Aktualizacja i naprawa urz\u0105dze\u0144 nawigacyjnych z mapami iGo<\/strong><\/li>\n<\/ul>\n\n\n\n<p>Zajmujemy si\u0119 r\u00f3wnie\u017c nagrywaniem nawigacji w telefonach iPhone, Samsung Galaxy i innych, a tak\u017ce przeprowadzamy r\u00f3\u017cne naprawy.<\/p>\n\n\n\n<ul class=\"wp-block-list\">\n<li>Wymiana uszkodzonych ekran\u00f3w nawigacyjnych<\/li>\n\n\n\n<li>Przepinanie uszkodzonych gniazdek<\/li>\n\n\n\n<li>Nagrywanie radar\u00f3w, fotoradar\u00f3w, punkt\u00f3w orientacyjnych<\/li>\n\n\n\n<li>Nadpisywanie oprogramowania<\/li>\n\n\n\n<li>Implementacja j\u0119zyka litewskiego, g\u0142osy<\/li>\n\n\n\n<li>Naprawa wszystkich usterek programowych i technicznych<\/li>\n<\/ul>\n\n\n\n<p><strong>Zawsze przeprowadzamy wst\u0119pn\u0105 diagnoz\u0119 w ci\u0105gu 1 dnia roboczego przed napraw\u0105<\/strong>. <strong>Potrzebujesz bardziej szczeg\u00f3\u0142owych informacji? <a href=\"\/pl\/kontaktai\/\">Skontaktuj si\u0119 z nami<\/a>.<\/strong><\/p>\n\n\n\n<figure class=\"wp-block-image size-full\"><img loading=\"lazy\" decoding=\"async\" width=\"640\" height=\"378\" src=\"https:\/\/www.taisykla7.lt\/wp-content\/uploads\/2022\/04\/tomtom_atnaujinimas.jpg\" alt=\"tomtom atnaujinimas\" class=\"wp-image-1050\" srcset=\"https:\/\/www.taisykla7.lt\/wp-content\/uploads\/2022\/04\/tomtom_atnaujinimas.jpg 640w, https:\/\/www.taisykla7.lt\/wp-content\/uploads\/2022\/04\/tomtom_atnaujinimas-300x177.jpg 300w\" sizes=\"auto, (max-width: 640px) 100vw, 640px\" \/><\/figure>\n\n\n\n<h2 class=\"wp-block-heading\">Aktualizacja i naprawa iGo \/ Garmin \/ TomTom - cennik<\/h2>\n\n\n\n<p>S\u0105 to ceny orientacyjne. Ceny nie obejmuj\u0105 cz\u0119\u015bci. Dok\u0142adne ceny r\u00f3\u017cni\u0105 si\u0119 w zale\u017cno\u015bci od specyfiki usterki - czasami cz\u0119\u015b\u0107 mo\u017cna naprawi\u0107, czasami trzeba j\u0105 wymieni\u0107 (ceny cz\u0119\u015bci r\u00f3\u017cni\u0105 si\u0119 dla ka\u017cdej nawigacji i wymagaj\u0105 demonta\u017cu nawigacji w celu ustalenia ceny). Diagnostyka jest zazwyczaj przeprowadzana tego samego dnia, je\u015bli urz\u0105dzenie zostanie dostarczone przed przerw\u0105 obiadow\u0105. W przeciwnym razie nast\u0119pnego dnia roboczego. Prace postdiagnostyczne s\u0105 zwykle wykonywane w ci\u0105gu 1-5 dni roboczych. W przypadku konieczno\u015bci zam\u00f3wienia okre\u015blonych cz\u0119\u015bci, prace mog\u0105 potrwa\u0107 d\u0142u\u017cej.<\/p>\n\n\n\n<ul class=\"wp-block-list\">\n<li><strong>5 eur<\/strong> - diagnostyka, usterki i terminy napraw, telefonicznie<\/li>\n\n\n\n<li><strong>od 15<\/strong> - wymiana lub naprawa gniazdka elektrycznego lub innego (zazwyczaj uszkodzonego)<\/li>\n\n\n\n<li><strong>od 10 euro<\/strong> - wymiana ekranu (matrycy)<\/li>\n\n\n\n<li><strong>od 12 euro<\/strong> - aktualizacja lub nagrywanie nawigacji iGo dla r\u00f3\u017cnych producent\u00f3w<\/li>\n\n\n\n<li><strong>64 euro<\/strong> - Aktualizacja nawigacji TomTom, Garmin (obejmuje koszt niezb\u0119dnej licencji)<\/li>\n<\/ul>\n\n\n\n<p><a href=\"https:\/\/www.igonavigation.com\/\" target=\"_blank\" rel=\"noreferrer noopener\">Najnowsze informacje o mapach iGO.<\/a><\/p>","protected":false},"excerpt":{"rendered":"<p>Taisykla7 naprawia i aktualizuje wszystkie typy przeno\u015bnych urz\u0105dze\u0144 nawigacyjnych (PND) - TomTom, Garmin, iGo i inne. Aktualizujemy najnowsze mapy Litwy i Europy. Mo\u017cemy nagrywa\u0107 mapy drogowe zar\u00f3wno dla samochod\u00f3w osobowych, jak i ci\u0119\u017carowych. Nagrywamy r\u00f3wnie\u017c nawigacj\u0119 na iPhone, Samsung Galaxy i innych telefonach oraz wykonujemy r\u00f3\u017cne naprawy. iGo \/ Garmin \/ TomTom aktualizacja i...&nbsp;<a href=\"https:\/\/www.taisykla7.lt\/pl\/tomtom-garmin-igo-atnaujinimas\/\" rel=\"bookmark\">Dowiedz si\u0119 wi\u0119cej &raquo;<span class=\"screen-reader-text\">TomTom, Garmin, aktualizacja iGo<\/span><\/a><\/p>","protected":false},"author":1,"featured_media":0,"parent":0,"menu_order":0,"comment_status":"closed","ping_status":"closed","template":"","meta":{"_uag_custom_page_level_css":"","neve_meta_sidebar":"","neve_meta_container":"","neve_meta_enable_content_width":"","neve_meta_content_width":0,"neve_meta_title_alignment":"","neve_meta_author_avatar":"","neve_post_elements_order":"","neve_meta_disable_header":"","neve_meta_disable_footer":"","neve_meta_disable_title":"","footnotes":""},"class_list":["post-1048","page","type-page","status-publish","hentry"],"yoast_head":"<!-- This site is optimized with the Yoast SEO plugin v27.3 - https:\/\/yoast.com\/product\/yoast-seo-wordpress\/ -->\n<title>TomTom, Garmin, iGo atnaujinimas Elektronikos remontas Vilniuje, Kaune, Klaip\u0117doje, \u0160iauliuose<\/title>\n<meta name=\"description\" content=\"TomTom, Garmin, iGo remontas ir \u017eem\u0117lapi\u0173 atnaujinimas. Vilniuj, Kaune, Klaip\u0117doje, \u0160iauliuose. Tel. 8-639-69600\" \/>\n<meta name=\"robots\" content=\"index, follow, max-snippet:-1, max-image-preview:large, max-video-preview:-1\" \/>\n<link rel=\"canonical\" href=\"https:\/\/www.taisykla7.lt\/pl\/tomtom-garmin-igo-atnaujinimas\/\" \/>\n<meta property=\"og:locale\" content=\"pl_PL\" \/>\n<meta property=\"og:type\" content=\"article\" \/>\n<meta property=\"og:title\" content=\"TomTom, Garmin, iGo atnaujinimas Elektronikos remontas Vilniuje, Kaune, Klaip\u0117doje, \u0160iauliuose\" \/>\n<meta property=\"og:description\" content=\"TomTom, Garmin, iGo remontas ir \u017eem\u0117lapi\u0173 atnaujinimas. Vilniuj, Kaune, Klaip\u0117doje, \u0160iauliuose. Tel. 8-639-69600\" \/>\n<meta property=\"og:url\" content=\"https:\/\/www.taisykla7.lt\/pl\/tomtom-garmin-igo-atnaujinimas\/\" \/>\n<meta property=\"og:site_name\" content=\"Elektronikos remontas Vilniuje, Kaune, Klaip\u0117doje, \u0160iauliuose\" \/>\n<meta property=\"article:modified_time\" content=\"2024-12-06T21:07:03+00:00\" \/>\n<meta property=\"og:image\" content=\"https:\/\/www.taisykla7.lt\/wp-content\/uploads\/2022\/04\/tomtom_atnaujinimas.jpg\" \/>\n\t<meta property=\"og:image:width\" content=\"640\" \/>\n\t<meta property=\"og:image:height\" content=\"378\" \/>\n\t<meta property=\"og:image:type\" content=\"image\/jpeg\" \/>\n<meta name=\"twitter:card\" content=\"summary_large_image\" \/>\n<meta name=\"twitter:label1\" content=\"Szacowany czas czytania\" \/>\n\t<meta name=\"twitter:data1\" content=\"2 minuty\" \/>\n<script type=\"application\/ld+json\" class=\"yoast-schema-graph\">{\"@context\":\"https:\\\/\\\/schema.org\",\"@graph\":[{\"@type\":\"WebPage\",\"@id\":\"https:\\\/\\\/www.taisykla7.lt\\\/tomtom-garmin-igo-atnaujinimas\\\/\",\"url\":\"https:\\\/\\\/www.taisykla7.lt\\\/tomtom-garmin-igo-atnaujinimas\\\/\",\"name\":\"TomTom, Garmin, iGo atnaujinimas Elektronikos remontas Vilniuje, Kaune, Klaip\u0117doje, \u0160iauliuose\",\"isPartOf\":{\"@id\":\"https:\\\/\\\/www.taisykla7.lt\\\/#website\"},\"primaryImageOfPage\":{\"@id\":\"https:\\\/\\\/www.taisykla7.lt\\\/tomtom-garmin-igo-atnaujinimas\\\/#primaryimage\"},\"image\":{\"@id\":\"https:\\\/\\\/www.taisykla7.lt\\\/tomtom-garmin-igo-atnaujinimas\\\/#primaryimage\"},\"thumbnailUrl\":\"https:\\\/\\\/www.taisykla7.lt\\\/wp-content\\\/uploads\\\/2022\\\/04\\\/tomtom_atnaujinimas.jpg\",\"datePublished\":\"2022-04-20T19:28:23+00:00\",\"dateModified\":\"2024-12-06T21:07:03+00:00\",\"description\":\"TomTom, Garmin, iGo remontas ir \u017eem\u0117lapi\u0173 atnaujinimas. Vilniuj, Kaune, Klaip\u0117doje, \u0160iauliuose. Tel. 8-639-69600\",\"breadcrumb\":{\"@id\":\"https:\\\/\\\/www.taisykla7.lt\\\/tomtom-garmin-igo-atnaujinimas\\\/#breadcrumb\"},\"inLanguage\":\"pl-PL\",\"potentialAction\":[{\"@type\":\"ReadAction\",\"target\":[\"https:\\\/\\\/www.taisykla7.lt\\\/tomtom-garmin-igo-atnaujinimas\\\/\"]}]},{\"@type\":\"ImageObject\",\"inLanguage\":\"pl-PL\",\"@id\":\"https:\\\/\\\/www.taisykla7.lt\\\/tomtom-garmin-igo-atnaujinimas\\\/#primaryimage\",\"url\":\"https:\\\/\\\/www.taisykla7.lt\\\/wp-content\\\/uploads\\\/2022\\\/04\\\/tomtom_atnaujinimas.jpg\",\"contentUrl\":\"https:\\\/\\\/www.taisykla7.lt\\\/wp-content\\\/uploads\\\/2022\\\/04\\\/tomtom_atnaujinimas.jpg\"},{\"@type\":\"BreadcrumbList\",\"@id\":\"https:\\\/\\\/www.taisykla7.lt\\\/tomtom-garmin-igo-atnaujinimas\\\/#breadcrumb\",\"itemListElement\":[{\"@type\":\"ListItem\",\"position\":1,\"name\":\"Pagrindinis\",\"item\":\"https:\\\/\\\/www.taisykla7.lt\\\/\"},{\"@type\":\"ListItem\",\"position\":2,\"name\":\"TomTom, Garmin, iGo atnaujinimas\"}]},{\"@type\":\"WebSite\",\"@id\":\"https:\\\/\\\/www.taisykla7.lt\\\/#website\",\"url\":\"https:\\\/\\\/www.taisykla7.lt\\\/\",\"name\":\"Elektronikos remontas Vilniuje, Kaune, Klaip\u0117doje, \u0160iauliuose\",\"description\":\"Televizori\u0173, paspirtuk\u0173, kompiuteri\u0173, telefon\u0173, kavos aparat\u0173 ir kitos technikos remontas \\\/ taisykla\",\"publisher\":{\"@id\":\"https:\\\/\\\/www.taisykla7.lt\\\/#organization\"},\"potentialAction\":[{\"@type\":\"SearchAction\",\"target\":{\"@type\":\"EntryPoint\",\"urlTemplate\":\"https:\\\/\\\/www.taisykla7.lt\\\/?s={search_term_string}\"},\"query-input\":{\"@type\":\"PropertyValueSpecification\",\"valueRequired\":true,\"valueName\":\"search_term_string\"}}],\"inLanguage\":\"pl-PL\"},{\"@type\":\"Organization\",\"@id\":\"https:\\\/\\\/www.taisykla7.lt\\\/#organization\",\"name\":\"Elektronikos remontas Vilniuje, Kaune, Klaip\u0117doje, \u0160iauliuose\",\"url\":\"https:\\\/\\\/www.taisykla7.lt\\\/\",\"logo\":{\"@type\":\"ImageObject\",\"inLanguage\":\"pl-PL\",\"@id\":\"https:\\\/\\\/www.taisykla7.lt\\\/#\\\/schema\\\/logo\\\/image\\\/\",\"url\":\"https:\\\/\\\/www.taisykla7.lt\\\/wp-content\\\/uploads\\\/2022\\\/04\\\/taisykla7_logo.jpg\",\"contentUrl\":\"https:\\\/\\\/www.taisykla7.lt\\\/wp-content\\\/uploads\\\/2022\\\/04\\\/taisykla7_logo.jpg\",\"width\":400,\"height\":100,\"caption\":\"Elektronikos remontas Vilniuje, Kaune, Klaip\u0117doje, \u0160iauliuose\"},\"image\":{\"@id\":\"https:\\\/\\\/www.taisykla7.lt\\\/#\\\/schema\\\/logo\\\/image\\\/\"}}]}<\/script>\n<!-- \/ Yoast SEO plugin. -->","yoast_head_json":{"title":"TomTom, Garmin, iGo atnaujinimas Elektronikos remontas Vilniuje, Kaune, Klaip\u0117doje, \u0160iauliuose","description":"Naprawy i aktualizacje map TomTom, Garmin, iGo. Wilno, Kowno, K\u0142ajpeda, Szawle. Tel. 8-639-69600","robots":{"index":"index","follow":"follow","max-snippet":"max-snippet:-1","max-image-preview":"max-image-preview:large","max-video-preview":"max-video-preview:-1"},"canonical":"https:\/\/www.taisykla7.lt\/pl\/tomtom-garmin-igo-atnaujinimas\/","og_locale":"pl_PL","og_type":"article","og_title":"TomTom, Garmin, iGo atnaujinimas Elektronikos remontas Vilniuje, Kaune, Klaip\u0117doje, \u0160iauliuose","og_description":"TomTom, Garmin, iGo remontas ir \u017eem\u0117lapi\u0173 atnaujinimas. Vilniuj, Kaune, Klaip\u0117doje, \u0160iauliuose. Tel. 8-639-69600","og_url":"https:\/\/www.taisykla7.lt\/pl\/tomtom-garmin-igo-atnaujinimas\/","og_site_name":"Elektronikos remontas Vilniuje, Kaune, Klaip\u0117doje, \u0160iauliuose","article_modified_time":"2024-12-06T21:07:03+00:00","og_image":[{"width":640,"height":378,"url":"https:\/\/www.taisykla7.lt\/wp-content\/uploads\/2022\/04\/tomtom_atnaujinimas.jpg","type":"image\/jpeg"}],"twitter_card":"summary_large_image","twitter_misc":{"Szacowany czas czytania":"2 minuty"},"schema":{"@context":"https:\/\/schema.org","@graph":[{"@type":"WebPage","@id":"https:\/\/www.taisykla7.lt\/tomtom-garmin-igo-atnaujinimas\/","url":"https:\/\/www.taisykla7.lt\/tomtom-garmin-igo-atnaujinimas\/","name":"TomTom, Garmin, iGo atnaujinimas Elektronikos remontas Vilniuje, Kaune, Klaip\u0117doje, \u0160iauliuose","isPartOf":{"@id":"https:\/\/www.taisykla7.lt\/#website"},"primaryImageOfPage":{"@id":"https:\/\/www.taisykla7.lt\/tomtom-garmin-igo-atnaujinimas\/#primaryimage"},"image":{"@id":"https:\/\/www.taisykla7.lt\/tomtom-garmin-igo-atnaujinimas\/#primaryimage"},"thumbnailUrl":"https:\/\/www.taisykla7.lt\/wp-content\/uploads\/2022\/04\/tomtom_atnaujinimas.jpg","datePublished":"2022-04-20T19:28:23+00:00","dateModified":"2024-12-06T21:07:03+00:00","description":"Naprawy i aktualizacje map TomTom, Garmin, iGo. Wilno, Kowno, K\u0142ajpeda, Szawle. Tel. 8-639-69600","breadcrumb":{"@id":"https:\/\/www.taisykla7.lt\/tomtom-garmin-igo-atnaujinimas\/#breadcrumb"},"inLanguage":"pl-PL","potentialAction":[{"@type":"ReadAction","target":["https:\/\/www.taisykla7.lt\/tomtom-garmin-igo-atnaujinimas\/"]}]},{"@type":"ImageObject","inLanguage":"pl-PL","@id":"https:\/\/www.taisykla7.lt\/tomtom-garmin-igo-atnaujinimas\/#primaryimage","url":"https:\/\/www.taisykla7.lt\/wp-content\/uploads\/2022\/04\/tomtom_atnaujinimas.jpg","contentUrl":"https:\/\/www.taisykla7.lt\/wp-content\/uploads\/2022\/04\/tomtom_atnaujinimas.jpg"},{"@type":"BreadcrumbList","@id":"https:\/\/www.taisykla7.lt\/tomtom-garmin-igo-atnaujinimas\/#breadcrumb","itemListElement":[{"@type":"ListItem","position":1,"name":"Pagrindinis","item":"https:\/\/www.taisykla7.lt\/"},{"@type":"ListItem","position":2,"name":"TomTom, Garmin, iGo atnaujinimas"}]},{"@type":"WebSite","@id":"https:\/\/www.taisykla7.lt\/#website","url":"https:\/\/www.taisykla7.lt\/","name":"Elektronikos remontas Vilniuje, Kaune, Klaip\u0117doje, \u0160iauliuose","description":"Naprawa telewizor\u00f3w, skuter\u00f3w, komputer\u00f3w, telefon\u00f3w, ekspres\u00f3w do kawy i innych urz\u0105dze\u0144.","publisher":{"@id":"https:\/\/www.taisykla7.lt\/#organization"},"potentialAction":[{"@type":"SearchAction","target":{"@type":"EntryPoint","urlTemplate":"https:\/\/www.taisykla7.lt\/?s={search_term_string}"},"query-input":{"@type":"PropertyValueSpecification","valueRequired":true,"valueName":"search_term_string"}}],"inLanguage":"pl-PL"},{"@type":"Organization","@id":"https:\/\/www.taisykla7.lt\/#organization","name":"Elektronikos remontas Vilniuje, Kaune, Klaip\u0117doje, \u0160iauliuose","url":"https:\/\/www.taisykla7.lt\/","logo":{"@type":"ImageObject","inLanguage":"pl-PL","@id":"https:\/\/www.taisykla7.lt\/#\/schema\/logo\/image\/","url":"https:\/\/www.taisykla7.lt\/wp-content\/uploads\/2022\/04\/taisykla7_logo.jpg","contentUrl":"https:\/\/www.taisykla7.lt\/wp-content\/uploads\/2022\/04\/taisykla7_logo.jpg","width":400,"height":100,"caption":"Elektronikos remontas Vilniuje, Kaune, Klaip\u0117doje, \u0160iauliuose"},"image":{"@id":"https:\/\/www.taisykla7.lt\/#\/schema\/logo\/image\/"}}]}},"uagb_featured_image_src":{"full":false,"thumbnail":false,"medium":false,"medium_large":false,"large":false,"1536x1536":false,"2048x2048":false,"trp-custom-language-flag":false,"neve-blog":false},"uagb_author_info":{"display_name":"admin","author_link":"https:\/\/www.taisykla7.lt\/pl\/author\/admin\/"},"uagb_comment_info":0,"uagb_excerpt":"Taisykla7 atliekamas vis\u0173 tip\u0173 ne\u0161iojam\u0173 navigacijos prietais\u0173 (PND) remontas ir atnaujinimas: TomTom, Garmin, iGo ir kit\u0173. Atnaujiname naujausiais Lietuvos ir Europos \u017eem\u0117lapiais. Galime \u012fra\u0161yti tiek lengv\u0173j\u0173 automobili\u0173, tiek sunkiasvori\u0173 automobili\u0173 keli\u0173 \u017eem\u0117lapius. Taip pat \u012fra\u0161ome navigacijas \u012f iPhone, Samsung Galaxy ir kitus telefonus bei atliekame \u012fvairius remonto darbus. iGo \/ Garmin \/ TomTom atnaujinimas ir&hellip;&nbsp;Dowiedz&hellip;","_links":{"self":[{"href":"https:\/\/www.taisykla7.lt\/pl\/wp-json\/wp\/v2\/pages\/1048","targetHints":{"allow":["GET"]}}],"collection":[{"href":"https:\/\/www.taisykla7.lt\/pl\/wp-json\/wp\/v2\/pages"}],"about":[{"href":"https:\/\/www.taisykla7.lt\/pl\/wp-json\/wp\/v2\/types\/page"}],"author":[{"embeddable":true,"href":"https:\/\/www.taisykla7.lt\/pl\/wp-json\/wp\/v2\/users\/1"}],"replies":[{"embeddable":true,"href":"https:\/\/www.taisykla7.lt\/pl\/wp-json\/wp\/v2\/comments?post=1048"}],"version-history":[{"count":7,"href":"https:\/\/www.taisykla7.lt\/pl\/wp-json\/wp\/v2\/pages\/1048\/revisions"}],"predecessor-version":[{"id":5013,"href":"https:\/\/www.taisykla7.lt\/pl\/wp-json\/wp\/v2\/pages\/1048\/revisions\/5013"}],"wp:attachment":[{"href":"https:\/\/www.taisykla7.lt\/pl\/wp-json\/wp\/v2\/media?parent=1048"}],"curies":[{"name":"wp","href":"https:\/\/api.w.org\/{rel}","templated":true}]}}