{"id":1160,"date":"2022-04-20T23:15:58","date_gmt":"2022-04-20T21:15:58","guid":{"rendered":"https:\/\/www.taisykla7.lt\/?page_id=1160"},"modified":"2022-04-21T23:41:44","modified_gmt":"2022-04-21T21:41:44","slug":"hyundai-navigacija","status":"publish","type":"page","link":"https:\/\/www.taisykla7.lt\/pl\/hyundai-navigacija\/","title":{"rendered":"Nawigacja HYUNDAI"},"content":{"rendered":"<ul class=\"wp-block-list\">\n<li><strong>Wilno<\/strong> - Kareivi\u0173 g. 11A \"RIMI\" <a href=\"tel:+37065577057\">+370-655-77057<\/a><\/li>\n\n\n\n<li><strong>Kowno<\/strong> - Savanori\u0173 pr. 155 <a href=\"tel:+37063969600\">+370-639-69600<\/a><\/li>\n\n\n\n<li><strong>K\u0142ajpeda<\/strong> - Sausio 15-osios str. 13 <a href=\"tel:+37064707741\">+370-647-07741<\/a><\/li>\n\n\n\n<li><strong>Szawle<\/strong> - Gegu\u017ei\u0173 g. 30 \"Arena\" <a href=\"tel:+37068229052\">+370-682-29052<\/a><\/li>\n<\/ul>\n\n\n\n<p><strong>Nawigacja HYUNDAI Litwa, Europa. Najnowsze dyski, mapy<\/strong>.<\/p>\n\n\n\n<p>Znajd\u017a sw\u00f3j system nawigacji samochodowej. W razie jakichkolwiek pyta\u0144 lub w\u0105tpliwo\u015bci prosimy o kontakt telefoniczny <a href=\"tel:861777751\">nasz mistrz nawigacji samochodowej pod numerem 8-617-77751<\/a> a my z przyjemno\u015bci\u0105 pomo\u017cemy.<\/p>\n\n\n\n<ul class=\"wp-block-list\"><li><strong>Nawigacja HYUNDAI USB (kod hy1)<\/strong><\/li><li><strong>HYUNDAI navigacija CD (&#8220;Turn by Turn&#8221;) (kodas hy2)<\/strong><\/li><\/ul>\n\n\n\n<h2 class=\"wp-block-heading\">Nawigacja HYUNDAI na Litw\u0119 i Europ\u0119 dla system\u00f3w USB (kod hy1)<\/h2>\n\n\n\n<div class=\"wp-block-columns is-layout-flex wp-container-core-columns-is-layout-9d6595d7 wp-block-columns-is-layout-flex\">\n<div class=\"wp-block-column is-layout-flow wp-block-column-is-layout-flow\">\n<p><strong>Us\u0142uga aktualizacji wewn\u0119trznego dysku twardego z najnowszymi mapami. Aktualizacja z USB.<\/strong><br>Irlandia, Andora, Austria, Belgia, Czechy, Dania, Wielka Brytania, Estonia, Gibraltar, Grecja, Hiszpania, W\u0142ochy, Chorwacja, Liechtenstein, \u0141otwa, Polska,<strong>Litwa (szczeg\u00f3\u0142y)<\/strong>Luksemburg, Monako, Norwegia, Holandia, Portugalia, Francja, Rosja, San Marino, S\u0142owacja, S\u0142owenia, Finlandia, Szwecja, Szwajcaria, Watykan, W\u0119gry, Niemcy<\/p>\n\n\n\n<p>System jest dost\u0119pny w nast\u0119puj\u0105cych samochodach:<\/p>\n\n\n\n<ul class=\"wp-block-list\"><li>Hyundai ix 35 (od 2010)<\/li><li>Hyundai Santa Fe (od 2010 r.)<\/li><li>Hyundai ix 20 (od 2010)<\/li><li>Hyundai i30 (od 2010)<\/li><li>Hyundai i40 (od 2011)<\/li><li><em>Hyundai Veloster (od 2011)<\/em><\/li><\/ul>\n<\/div>\n\n\n\n<div class=\"wp-block-column is-layout-flow wp-block-column-is-layout-flow\">\n<div class=\"wp-block-image\"><figure class=\"aligncenter size-full\"><img loading=\"lazy\" decoding=\"async\" width=\"210\" height=\"175\" src=\"https:\/\/www.taisykla7.lt\/wp-content\/uploads\/2022\/04\/hyundai-navigacija-usb.png\" alt=\"HYUNDAI navigacija Lietuva ir Europa sistemoms USB (kodas hy1)\" class=\"wp-image-1161\"\/><\/figure><\/div>\n<\/div>\n<\/div>\n\n\n\n<p><strong>Najnowsze mapy nawigacyjne | Najlepsza cena |<\/strong> Prosimy o kontakt z mistrzem nawigacji pod numerem tel. <strong><a href=\"tel:861777751\">8-617-77751<\/a><\/strong> <a href=\"\/pl\/kontaktai\/\"><strong>Wilno, Kowno, K\u0142ajpeda, Szawle<\/strong><\/a> a my z przyjemno\u015bci\u0105 odpowiemy na wszelkie pytania!<\/p><hr>\n\n\n\n<h2 class=\"wp-block-heading\">HYUNDAI navigacija Lietuva ir Europa sistemoms CD (&#8220;Turn by Turn&#8221;) (kodas hy2)<\/h2>\n\n\n\n<div class=\"wp-block-columns is-layout-flex wp-container-core-columns-is-layout-9d6595d7 wp-block-columns-is-layout-flex\">\n<div class=\"wp-block-column is-layout-flow wp-block-column-is-layout-flow\">\n<p><strong>Najnowsze p\u0142yty nawigacyjne z mapami<\/strong><br>CD1 - Belgia, Holandia, Luksemburg<br>CD2 - Ausrtia, Liechtenstein, Szwajcaria, p. Niemcy, sz. W\u0142ochy<br>CD3 - Bu\u0142garia, Czechy, Estonia, Chorwacja, \u0141otwa,<strong>Litwa (szczeg\u00f3\u0142y)<\/strong>Polska, Rumunia, S\u0142owacja, S\u0142owenia, W\u0119gry<br>CD4 - sh. Francja<br>CD5 - Pan France<br>CD6 - Anglia, Szkocja, Irlandia<br>CD7 - Niemcy<br>CD8 - W\u0142ochy, San Marino, Watykan, Grecja<br>CD9 - Dania, Szwecja, Finlandia, Norwegia<br>CD10 - Hiszpania, Portugalia<br>CD11 - Mapy g\u0142\u00f3wnych dr\u00f3g europejskich<\/p>\n\n\n\n<p>System jest dost\u0119pny w nast\u0119puj\u0105cych samochodach:<\/p>\n\n\n\n<ul class=\"wp-block-list\"><li><em>W r\u00f3\u017cnych samochodach Hyundai do 2010 roku.<\/em><\/li><\/ul>\n<\/div>\n\n\n\n<div class=\"wp-block-column is-layout-flow wp-block-column-is-layout-flow\">\n<div class=\"wp-block-image\"><figure class=\"aligncenter size-full\"><img loading=\"lazy\" decoding=\"async\" width=\"237\" height=\"266\" src=\"https:\/\/www.taisykla7.lt\/wp-content\/uploads\/2022\/04\/hyundai-navigacija-cd-turn-by-turn.png\" alt=\"HYUNDAI navigacija Lietuva ir Europa sistemoms CD (&quot;Turn by Turn&quot;) (kodas hy2)\" class=\"wp-image-1162\"\/><figcaption>Nawigacja mo\u017ce wygl\u0105da\u0107 inaczej ni\u017c na zdj\u0119ciu. Wystarczy spojrze\u0107 na rocznik samochodu.<\/figcaption><\/figure><\/div>\n<\/div>\n<\/div>\n\n\n\n<p><strong>Najnowsze mapy nawigacyjne | Najlepsza cena |<\/strong> Prosimy o kontakt z mistrzem nawigacji pod numerem tel. <strong><a href=\"tel:861777751\">8-617-77751<\/a><\/strong> <a href=\"\/pl\/kontaktai\/\"><strong>Wilno, Kowno, K\u0142ajpeda, Szawle<\/strong><\/a> a my z przyjemno\u015bci\u0105 odpowiemy na wszelkie pytania!<\/p><hr>","protected":false},"excerpt":{"rendered":"<p>HYUNDAI navigacija Lietuva, Europa. Naujausi diskai, \u017eem\u0117lapiai. HYUNDAI navigacija USB (kodas hy1) HYUNDAI navigacija CD (&#8220;Turn by Turn&#8221;) (kodas hy2) HYUNDAI navigacija Lietuva ir Europa sistemoms USB (kodas hy1) Vidinio HDD atnaujinimo paslauga naujausiais \u017eem\u0117lapiais. Atnaujinama i\u0161 USB.Airija, Andora, Austrija, Belgija, \u010cekija, Danija, D. Britanija, Estija, Gibraltaras, Graikija, Ispanija, Italija, Kroatija, Lichten\u0161teinas, Latvija, Lenkija,Lietuva (detalus),&hellip;&nbsp;<a href=\"https:\/\/www.taisykla7.lt\/pl\/hyundai-navigacija\/\" rel=\"bookmark\">Dowiedz si\u0119 wi\u0119cej &raquo;<span class=\"screen-reader-text\">Nawigacja HYUNDAI<\/span><\/a><\/p>","protected":false},"author":1,"featured_media":0,"parent":0,"menu_order":0,"comment_status":"closed","ping_status":"closed","template":"","meta":{"_uag_custom_page_level_css":"","neve_meta_sidebar":"","neve_meta_container":"","neve_meta_enable_content_width":"","neve_meta_content_width":0,"neve_meta_title_alignment":"","neve_meta_author_avatar":"","neve_post_elements_order":"","neve_meta_disable_header":"","neve_meta_disable_footer":"","neve_meta_disable_title":"","footnotes":""},"class_list":["post-1160","page","type-page","status-publish","hentry"],"yoast_head":"<!-- This site is optimized with the Yoast SEO plugin v27.5 - https:\/\/yoast.com\/product\/yoast-seo-wordpress\/ -->\n<title>HYUNDAI navigacija Elektronikos remontas Vilniuje, Kaune, Klaip\u0117doje, \u0160iauliuose<\/title>\n<meta name=\"description\" content=\"HYUNDAI navigacija Lietuva, Europa. Naujausi diskai, \u017eem\u0117lapiai. Vilniuje, Kaune, Klaip\u0117doje, \u0160iauliuose. Tel. 8-617-77751\" \/>\n<meta name=\"robots\" content=\"index, follow, max-snippet:-1, max-image-preview:large, max-video-preview:-1\" \/>\n<link rel=\"canonical\" href=\"https:\/\/www.taisykla7.lt\/pl\/hyundai-navigacija\/\" \/>\n<meta property=\"og:locale\" content=\"pl_PL\" \/>\n<meta property=\"og:type\" content=\"article\" \/>\n<meta property=\"og:title\" content=\"HYUNDAI navigacija Elektronikos remontas Vilniuje, Kaune, Klaip\u0117doje, \u0160iauliuose\" \/>\n<meta property=\"og:description\" content=\"HYUNDAI navigacija Lietuva, Europa. Naujausi diskai, \u017eem\u0117lapiai. Vilniuje, Kaune, Klaip\u0117doje, \u0160iauliuose. Tel. 8-617-77751\" \/>\n<meta property=\"og:url\" content=\"https:\/\/www.taisykla7.lt\/pl\/hyundai-navigacija\/\" \/>\n<meta property=\"og:site_name\" content=\"Elektronikos remontas Vilniuje, Kaune, Klaip\u0117doje, \u0160iauliuose\" \/>\n<meta property=\"article:modified_time\" content=\"2022-04-21T21:41:44+00:00\" \/>\n<meta property=\"og:image\" content=\"https:\/\/www.taisykla7.lt\/wp-content\/uploads\/2022\/04\/hyundai-navigacija-usb.png\" \/>\n<meta name=\"twitter:card\" content=\"summary_large_image\" \/>\n<meta name=\"twitter:label1\" content=\"Szacowany czas czytania\" \/>\n\t<meta name=\"twitter:data1\" content=\"2 minuty\" \/>\n<script type=\"application\/ld+json\" class=\"yoast-schema-graph\">{\"@context\":\"https:\\\/\\\/schema.org\",\"@graph\":[{\"@type\":\"WebPage\",\"@id\":\"https:\\\/\\\/www.taisykla7.lt\\\/hyundai-navigacija\\\/\",\"url\":\"https:\\\/\\\/www.taisykla7.lt\\\/hyundai-navigacija\\\/\",\"name\":\"HYUNDAI navigacija Elektronikos remontas Vilniuje, Kaune, Klaip\u0117doje, \u0160iauliuose\",\"isPartOf\":{\"@id\":\"https:\\\/\\\/www.taisykla7.lt\\\/#website\"},\"primaryImageOfPage\":{\"@id\":\"https:\\\/\\\/www.taisykla7.lt\\\/hyundai-navigacija\\\/#primaryimage\"},\"image\":{\"@id\":\"https:\\\/\\\/www.taisykla7.lt\\\/hyundai-navigacija\\\/#primaryimage\"},\"thumbnailUrl\":\"https:\\\/\\\/www.taisykla7.lt\\\/wp-content\\\/uploads\\\/2022\\\/04\\\/hyundai-navigacija-usb.png\",\"datePublished\":\"2022-04-20T21:15:58+00:00\",\"dateModified\":\"2022-04-21T21:41:44+00:00\",\"description\":\"HYUNDAI navigacija Lietuva, Europa. Naujausi diskai, \u017eem\u0117lapiai. Vilniuje, Kaune, Klaip\u0117doje, \u0160iauliuose. Tel. 8-617-77751\",\"breadcrumb\":{\"@id\":\"https:\\\/\\\/www.taisykla7.lt\\\/hyundai-navigacija\\\/#breadcrumb\"},\"inLanguage\":\"pl-PL\",\"potentialAction\":[{\"@type\":\"ReadAction\",\"target\":[\"https:\\\/\\\/www.taisykla7.lt\\\/hyundai-navigacija\\\/\"]}]},{\"@type\":\"ImageObject\",\"inLanguage\":\"pl-PL\",\"@id\":\"https:\\\/\\\/www.taisykla7.lt\\\/hyundai-navigacija\\\/#primaryimage\",\"url\":\"https:\\\/\\\/www.taisykla7.lt\\\/wp-content\\\/uploads\\\/2022\\\/04\\\/hyundai-navigacija-usb.png\",\"contentUrl\":\"https:\\\/\\\/www.taisykla7.lt\\\/wp-content\\\/uploads\\\/2022\\\/04\\\/hyundai-navigacija-usb.png\"},{\"@type\":\"BreadcrumbList\",\"@id\":\"https:\\\/\\\/www.taisykla7.lt\\\/hyundai-navigacija\\\/#breadcrumb\",\"itemListElement\":[{\"@type\":\"ListItem\",\"position\":1,\"name\":\"Pagrindinis\",\"item\":\"https:\\\/\\\/www.taisykla7.lt\\\/\"},{\"@type\":\"ListItem\",\"position\":2,\"name\":\"HYUNDAI navigacija\"}]},{\"@type\":\"WebSite\",\"@id\":\"https:\\\/\\\/www.taisykla7.lt\\\/#website\",\"url\":\"https:\\\/\\\/www.taisykla7.lt\\\/\",\"name\":\"Elektronikos remontas Vilniuje, Kaune, Klaip\u0117doje, \u0160iauliuose\",\"description\":\"Televizori\u0173, paspirtuk\u0173, kompiuteri\u0173, telefon\u0173, kavos aparat\u0173 ir kitos technikos remontas \\\/ taisykla\",\"publisher\":{\"@id\":\"https:\\\/\\\/www.taisykla7.lt\\\/#organization\"},\"potentialAction\":[{\"@type\":\"SearchAction\",\"target\":{\"@type\":\"EntryPoint\",\"urlTemplate\":\"https:\\\/\\\/www.taisykla7.lt\\\/?s={search_term_string}\"},\"query-input\":{\"@type\":\"PropertyValueSpecification\",\"valueRequired\":true,\"valueName\":\"search_term_string\"}}],\"inLanguage\":\"pl-PL\"},{\"@type\":\"Organization\",\"@id\":\"https:\\\/\\\/www.taisykla7.lt\\\/#organization\",\"name\":\"Elektronikos remontas Vilniuje, Kaune, Klaip\u0117doje, \u0160iauliuose\",\"url\":\"https:\\\/\\\/www.taisykla7.lt\\\/\",\"logo\":{\"@type\":\"ImageObject\",\"inLanguage\":\"pl-PL\",\"@id\":\"https:\\\/\\\/www.taisykla7.lt\\\/#\\\/schema\\\/logo\\\/image\\\/\",\"url\":\"https:\\\/\\\/www.taisykla7.lt\\\/wp-content\\\/uploads\\\/2022\\\/04\\\/taisykla7_logo.jpg\",\"contentUrl\":\"https:\\\/\\\/www.taisykla7.lt\\\/wp-content\\\/uploads\\\/2022\\\/04\\\/taisykla7_logo.jpg\",\"width\":400,\"height\":100,\"caption\":\"Elektronikos remontas Vilniuje, Kaune, Klaip\u0117doje, \u0160iauliuose\"},\"image\":{\"@id\":\"https:\\\/\\\/www.taisykla7.lt\\\/#\\\/schema\\\/logo\\\/image\\\/\"}}]}<\/script>\n<!-- \/ Yoast SEO plugin. -->","yoast_head_json":{"title":"HYUNDAI navigacija Elektronikos remontas Vilniuje, Kaune, Klaip\u0117doje, \u0160iauliuose","description":"Nawigacja HYUNDAI Litwa, Europa. Najnowsze dyski, mapy. W Wilnie, Kownie, K\u0142ajpedzie, Szawlach. Tel. 8-617-77751","robots":{"index":"index","follow":"follow","max-snippet":"max-snippet:-1","max-image-preview":"max-image-preview:large","max-video-preview":"max-video-preview:-1"},"canonical":"https:\/\/www.taisykla7.lt\/pl\/hyundai-navigacija\/","og_locale":"pl_PL","og_type":"article","og_title":"HYUNDAI navigacija Elektronikos remontas Vilniuje, Kaune, Klaip\u0117doje, \u0160iauliuose","og_description":"HYUNDAI navigacija Lietuva, Europa. Naujausi diskai, \u017eem\u0117lapiai. Vilniuje, Kaune, Klaip\u0117doje, \u0160iauliuose. Tel. 8-617-77751","og_url":"https:\/\/www.taisykla7.lt\/pl\/hyundai-navigacija\/","og_site_name":"Elektronikos remontas Vilniuje, Kaune, Klaip\u0117doje, \u0160iauliuose","article_modified_time":"2022-04-21T21:41:44+00:00","og_image":[{"url":"https:\/\/www.taisykla7.lt\/wp-content\/uploads\/2022\/04\/hyundai-navigacija-usb.png","type":"","width":"","height":""}],"twitter_card":"summary_large_image","twitter_misc":{"Szacowany czas czytania":"2 minuty"},"schema":{"@context":"https:\/\/schema.org","@graph":[{"@type":"WebPage","@id":"https:\/\/www.taisykla7.lt\/hyundai-navigacija\/","url":"https:\/\/www.taisykla7.lt\/hyundai-navigacija\/","name":"HYUNDAI navigacija Elektronikos remontas Vilniuje, Kaune, Klaip\u0117doje, \u0160iauliuose","isPartOf":{"@id":"https:\/\/www.taisykla7.lt\/#website"},"primaryImageOfPage":{"@id":"https:\/\/www.taisykla7.lt\/hyundai-navigacija\/#primaryimage"},"image":{"@id":"https:\/\/www.taisykla7.lt\/hyundai-navigacija\/#primaryimage"},"thumbnailUrl":"https:\/\/www.taisykla7.lt\/wp-content\/uploads\/2022\/04\/hyundai-navigacija-usb.png","datePublished":"2022-04-20T21:15:58+00:00","dateModified":"2022-04-21T21:41:44+00:00","description":"Nawigacja HYUNDAI Litwa, Europa. Najnowsze dyski, mapy. W Wilnie, Kownie, K\u0142ajpedzie, Szawlach. Tel. 8-617-77751","breadcrumb":{"@id":"https:\/\/www.taisykla7.lt\/hyundai-navigacija\/#breadcrumb"},"inLanguage":"pl-PL","potentialAction":[{"@type":"ReadAction","target":["https:\/\/www.taisykla7.lt\/hyundai-navigacija\/"]}]},{"@type":"ImageObject","inLanguage":"pl-PL","@id":"https:\/\/www.taisykla7.lt\/hyundai-navigacija\/#primaryimage","url":"https:\/\/www.taisykla7.lt\/wp-content\/uploads\/2022\/04\/hyundai-navigacija-usb.png","contentUrl":"https:\/\/www.taisykla7.lt\/wp-content\/uploads\/2022\/04\/hyundai-navigacija-usb.png"},{"@type":"BreadcrumbList","@id":"https:\/\/www.taisykla7.lt\/hyundai-navigacija\/#breadcrumb","itemListElement":[{"@type":"ListItem","position":1,"name":"Pagrindinis","item":"https:\/\/www.taisykla7.lt\/"},{"@type":"ListItem","position":2,"name":"HYUNDAI navigacija"}]},{"@type":"WebSite","@id":"https:\/\/www.taisykla7.lt\/#website","url":"https:\/\/www.taisykla7.lt\/","name":"Elektronikos remontas Vilniuje, Kaune, Klaip\u0117doje, \u0160iauliuose","description":"Naprawa telewizor\u00f3w, skuter\u00f3w, komputer\u00f3w, telefon\u00f3w, ekspres\u00f3w do kawy i innych urz\u0105dze\u0144.","publisher":{"@id":"https:\/\/www.taisykla7.lt\/#organization"},"potentialAction":[{"@type":"SearchAction","target":{"@type":"EntryPoint","urlTemplate":"https:\/\/www.taisykla7.lt\/?s={search_term_string}"},"query-input":{"@type":"PropertyValueSpecification","valueRequired":true,"valueName":"search_term_string"}}],"inLanguage":"pl-PL"},{"@type":"Organization","@id":"https:\/\/www.taisykla7.lt\/#organization","name":"Elektronikos remontas Vilniuje, Kaune, Klaip\u0117doje, \u0160iauliuose","url":"https:\/\/www.taisykla7.lt\/","logo":{"@type":"ImageObject","inLanguage":"pl-PL","@id":"https:\/\/www.taisykla7.lt\/#\/schema\/logo\/image\/","url":"https:\/\/www.taisykla7.lt\/wp-content\/uploads\/2022\/04\/taisykla7_logo.jpg","contentUrl":"https:\/\/www.taisykla7.lt\/wp-content\/uploads\/2022\/04\/taisykla7_logo.jpg","width":400,"height":100,"caption":"Elektronikos remontas Vilniuje, Kaune, Klaip\u0117doje, \u0160iauliuose"},"image":{"@id":"https:\/\/www.taisykla7.lt\/#\/schema\/logo\/image\/"}}]}},"uagb_featured_image_src":{"full":false,"thumbnail":false,"medium":false,"medium_large":false,"large":false,"1536x1536":false,"2048x2048":false,"trp-custom-language-flag":false,"neve-blog":false},"uagb_author_info":{"display_name":"admin","author_link":"https:\/\/www.taisykla7.lt\/pl\/author\/admin\/"},"uagb_comment_info":0,"uagb_excerpt":"HYUNDAI navigacija Lietuva, Europa. Naujausi diskai, \u017eem\u0117lapiai. HYUNDAI navigacija USB (kodas hy1) HYUNDAI navigacija CD (&#8220;Turn by Turn&#8221;) (kodas hy2) HYUNDAI navigacija Lietuva ir Europa sistemoms USB (kodas hy1) Vidinio HDD atnaujinimo paslauga naujausiais \u017eem\u0117lapiais. Atnaujinama i\u0161 USB.Airija, Andora, Austrija, Belgija, \u010cekija, Danija, D. Britanija, Estija, Gibraltaras, Graikija, Ispanija, Italija, Kroatija, Lichten\u0161teinas, Latvija, Lenkija,Lietuva (detalus),&hellip;&nbsp;Dowiedz&hellip;","_links":{"self":[{"href":"https:\/\/www.taisykla7.lt\/pl\/wp-json\/wp\/v2\/pages\/1160","targetHints":{"allow":["GET"]}}],"collection":[{"href":"https:\/\/www.taisykla7.lt\/pl\/wp-json\/wp\/v2\/pages"}],"about":[{"href":"https:\/\/www.taisykla7.lt\/pl\/wp-json\/wp\/v2\/types\/page"}],"author":[{"embeddable":true,"href":"https:\/\/www.taisykla7.lt\/pl\/wp-json\/wp\/v2\/users\/1"}],"replies":[{"embeddable":true,"href":"https:\/\/www.taisykla7.lt\/pl\/wp-json\/wp\/v2\/comments?post=1160"}],"version-history":[{"count":4,"href":"https:\/\/www.taisykla7.lt\/pl\/wp-json\/wp\/v2\/pages\/1160\/revisions"}],"predecessor-version":[{"id":1535,"href":"https:\/\/www.taisykla7.lt\/pl\/wp-json\/wp\/v2\/pages\/1160\/revisions\/1535"}],"wp:attachment":[{"href":"https:\/\/www.taisykla7.lt\/pl\/wp-json\/wp\/v2\/media?parent=1160"}],"curies":[{"name":"wp","href":"https:\/\/api.w.org\/{rel}","templated":true}]}}