{"id":1171,"date":"2022-04-20T23:23:40","date_gmt":"2022-04-20T21:23:40","guid":{"rendered":"https:\/\/www.taisykla7.lt\/?page_id=1171"},"modified":"2022-04-21T23:42:36","modified_gmt":"2022-04-21T21:42:36","slug":"jaguar-navigacija","status":"publish","type":"page","link":"https:\/\/www.taisykla7.lt\/pl\/jaguar-navigacija\/","title":{"rendered":"Nawigacja JAGUAR"},"content":{"rendered":"<ul class=\"wp-block-list\">\n<li><strong>Wilno<\/strong> - Kareivi\u0173 g. 11A \"RIMI\" <a href=\"tel:+37065577057\">+370-655-77057<\/a><\/li>\n\n\n\n<li><strong>Kowno<\/strong> - Savanori\u0173 pr. 155 <a href=\"tel:+37063969600\">+370-639-69600<\/a><\/li>\n\n\n\n<li><strong>K\u0142ajpeda<\/strong> - Sausio 15-osios str. 13 <a href=\"tel:+37064707741\">+370-647-07741<\/a><\/li>\n\n\n\n<li><strong>Szawle<\/strong> - Gegu\u017ei\u0173 g. 30 \"Arena\" <a href=\"tel:+37068229052\">+370-682-29052<\/a><\/li>\n<\/ul>\n\n\n\n<p><strong>Nawigacja JAGUAR Litwa, Europa. Najnowsze dyski, mapy.<\/strong><\/p>\n\n\n\n<p>Znajd\u017a sw\u00f3j system nawigacji samochodowej. W razie jakichkolwiek pyta\u0144 lub w\u0105tpliwo\u015bci prosimy o kontakt telefoniczny <a href=\"tel:861777751\">nasz mistrz nawigacji samochodowej pod numerem 8-617-77751<\/a> a my z przyjemno\u015bci\u0105 pomo\u017cemy.<\/p>\n\n\n\n<ul class=\"wp-block-list\"><li><strong>Nawigacja JAGUAR XF XK Denso 2.64 z DVD (kod j1)<\/strong><\/li><li><strong>Nawigacja JAGUAR XJ S-Type X-Type T1000 Denso XCL z DVD (kod j2)<\/strong><\/li><li><strong>JAGUAR Navigation HDD GEN2.1 USB (kod j3)<\/strong><\/li><\/ul>\n\n\n\n<h2 class=\"wp-block-heading\">Nawigacja JAGUAR Litwa i Europa dla XF XK Denso 2.64 z DVD (kod j1)<\/h2>\n\n\n\n<div class=\"wp-block-columns is-layout-flex wp-container-core-columns-is-layout-9d6595d7 wp-block-columns-is-layout-flex\">\n<div class=\"wp-block-column is-layout-flow wp-block-column-is-layout-flow\">\n<p><strong>DVD1 aktualna p\u0142yta nawigacyjna z mapami<\/strong><br>Austria, Belgia, Czechy, Dania, Finlandia, Niemcy, W\u0142ochy, Liechtenstein, Luksemburg, Norwegia, Holandia, San Marino, Szwecja, Szwajcaria, Watykan<br><strong>DVD2 - aktualna p\u0142yta nawigacyjna z mapami<\/strong><br>Andora, Francja, Irlandia, Wielka Brytania, Monako, Portugalia, Hiszpania<br><strong>Aktualna p\u0142yta nawigacyjna DVD3 z mapami<\/strong><br>Andora, Belgia, Dania, Francja, Niemcy, Liechtenstein, Luksemburg, Monako, Holandia, Szwajcaria<br><strong>DVD4 - aktualna p\u0142yta nawigacyjna z mapami<\/strong><br>Albania, Austria, Bia\u0142oru\u015b, Bo\u015bnia i Hercegowina, Bu\u0142garia, Czechy, Estonia, Grecja, Czarnog\u00f3ra, Chorwacja, \u0141otwa,<strong>Litwa (szczeg\u00f3\u0142y)<\/strong>Polska, Macedonia, Mo\u0142dawia, Rumunia, Serbia, S\u0142owacja, S\u0142owenia, Turcja, Ukraina, W\u0119gry, Niemcy<br><strong>DVD5 - aktualna p\u0142yta nawigacyjna z mapami<\/strong><br>Europejska cz\u0119\u015b\u0107 Rosji<\/p>\n\n\n\n<p>System jest dost\u0119pny w nast\u0119puj\u0105cych samochodach:<\/p>\n\n\n\n<ul class=\"wp-block-list\"><li>Jaguar XF 2004 - 2011<\/li><li>Jaguar XK 2007 - 2013<\/li><\/ul>\n<\/div>\n\n\n\n<div class=\"wp-block-column is-layout-flow wp-block-column-is-layout-flow\">\n<div class=\"wp-block-image\"><figure class=\"aligncenter size-full\"><img loading=\"lazy\" decoding=\"async\" width=\"222\" height=\"212\" src=\"https:\/\/www.taisykla7.lt\/wp-content\/uploads\/2022\/04\/jaguar-navigacija-xf-xk-denso-2-64-su-dvd-1.png\" alt=\"JAGUAR navigacija Lietuva ir Europa sistemoms XF XK Denso 2.64 su DVD (kodas j1)\" class=\"wp-image-1172\"\/><\/figure><\/div>\n\n\n\n<div class=\"wp-block-image\"><figure class=\"aligncenter size-full\"><img loading=\"lazy\" decoding=\"async\" width=\"236\" height=\"180\" src=\"https:\/\/www.taisykla7.lt\/wp-content\/uploads\/2022\/04\/jaguar-navigacija-xf-xk-denso-2-64-su-dvd-2.png\" alt=\"JAGUAR navigacija Lietuva ir Europa sistemoms XF XK Denso 2.64 su DVD (kodas j1)\" class=\"wp-image-1173\"\/><figcaption>Identyfikowane na podstawie samochodu (model, rok) i wygl\u0105du nawigacji.<\/figcaption><\/figure><\/div>\n<\/div>\n<\/div>\n\n\n\n<p><strong>Najnowsze mapy nawigacyjne | Najlepsza cena |<\/strong> Prosimy o kontakt z mistrzem nawigacji pod numerem tel. <strong><a href=\"tel:861777751\">8-617-77751<\/a><\/strong> <a href=\"\/pl\/kontaktai\/\"><strong>Wilno, Kowno, K\u0142ajpeda, Szawle<\/strong><\/a> a my z przyjemno\u015bci\u0105 odpowiemy na wszelkie pytania!<\/p><hr>\n\n\n\n<h2 class=\"wp-block-heading\">Nawigacja JAGUAR Litwa i Europa dla XJ S-Type X-Type T1000 Denso XCL z DVD (kod j2)<\/h2>\n\n\n\n<div class=\"wp-block-columns is-layout-flex wp-container-core-columns-is-layout-9d6595d7 wp-block-columns-is-layout-flex\">\n<div class=\"wp-block-column is-layout-flow wp-block-column-is-layout-flow\">\n<p><strong>DVD1 aktualna p\u0142yta nawigacyjna z mapami<\/strong><br>Europa Zachodnia<br><strong>DVD2 - aktualna p\u0142yta nawigacyjna z mapami<\/strong><br>Irlandia, Andora, Austria, Bia\u0142oru\u015b, Belgia, Bo\u015bnia i Hercegowina, Bu\u0142garia, Czechy, Dania, Wielka Brytania, Estonia, Gibraltar, Grecja, Hiszpania, W\u0142ochy, Czarnog\u00f3ra, Wyspy Kanaryjskie, Chorwacja, Liechtenstein, \u0141otwa, Polska,<strong>Litwa (szczeg\u00f3\u0142y)<\/strong>Luksemburg, Macedonia, Mo\u0142dawia, Monako, Norwegia, Holandia, Portugalia, Francja, Rumunia, San Marino, Serbia, S\u0142owacja, S\u0142owenia, Finlandia, Francja, Niemcy, W\u0119gry, Szwecja, Szwajcaria, Ukraina, Watykan.<\/p>\n\n\n\n<p>System jest dost\u0119pny w nast\u0119puj\u0105cych samochodach:<\/p>\n\n\n\n<ul class=\"wp-block-list\"><li>Jaguar X-Type z 2002 roku<\/li><li>Jaguar S-Type z 2003 r.<\/li><li>Jaguar XJ 2004 - 2009<\/li><\/ul>\n<\/div>\n\n\n\n<div class=\"wp-block-column is-layout-flow wp-block-column-is-layout-flow\">\n<div class=\"wp-block-image\"><figure class=\"aligncenter size-full\"><img loading=\"lazy\" decoding=\"async\" width=\"240\" height=\"233\" src=\"https:\/\/www.taisykla7.lt\/wp-content\/uploads\/2022\/04\/jaguar-navigacija-xj-s-type-t1000-denso-xcl-su-dvd.png\" alt=\"JAGUAR navigacija Lietuva ir Europa sistemoms XJ S-Type X-Type T1000 Denso XCL su DVD (kodas j2)\" class=\"wp-image-1174\"\/><figcaption>Identyfikowane na podstawie samochodu (model, rok) i wygl\u0105du.<\/figcaption><\/figure><\/div>\n<\/div>\n<\/div>\n\n\n\n<p><strong>Najnowsze mapy nawigacyjne | Najlepsza cena |<\/strong> Prosimy o kontakt z mistrzem nawigacji pod numerem tel. <strong><a href=\"tel:861777751\">8-617-77751<\/a><\/strong> <a href=\"\/pl\/kontaktai\/\"><strong>Wilno, Kowno, K\u0142ajpeda, Szawle<\/strong><\/a> a my z przyjemno\u015bci\u0105 odpowiemy na wszelkie pytania!<\/p><hr>\n\n\n\n<h2 class=\"wp-block-heading\">Nawigacja JAGUAR Litwa i Europa dla system\u00f3w HDD GEN2.1 USB (kod j3)<\/h2>\n\n\n\n<div class=\"wp-block-columns is-layout-flex wp-container-core-columns-is-layout-9d6595d7 wp-block-columns-is-layout-flex\">\n<div class=\"wp-block-column is-layout-flow wp-block-column-is-layout-flow\">\n<p><strong>Us\u0142uga aktualizacji map na bie\u017c\u0105co<\/strong><br>Niemcy, Austria, Andora, Belgia, Szwajcaria, Czechy, Dania, Hiszpania, Francja, Finlandia, Liechtenstein, Wielka Brytania, Grecja, Irlandia, W\u0142ochy, Luksemburg, Monako, Norwegia, Holandia, Portugalia, San Marino, Szwecja, Watykan, Rosja, Polska, W\u0119gry, Chorwacja, S\u0142owenia, Bia\u0142oru\u015b, Estonia,<strong>Litwa (szczeg\u00f3\u0142y)<\/strong>\u0141otwa<\/p>\n\n\n\n<p>System jest dost\u0119pny w nast\u0119puj\u0105cych samochodach (odpowiedni dla samochod\u00f3w z USA i UE):<\/p>\n\n\n\n<ul class=\"wp-block-list\"><li>Jaguar XJ z 2009 r.<\/li><li>Jaguar XF od 2012 r.<\/li><\/ul>\n<\/div>\n\n\n\n<div class=\"wp-block-column is-layout-flow wp-block-column-is-layout-flow\">\n<div class=\"wp-block-image\"><figure class=\"aligncenter size-full\"><img loading=\"lazy\" decoding=\"async\" width=\"210\" height=\"185\" src=\"https:\/\/www.taisykla7.lt\/wp-content\/uploads\/2022\/04\/jaguar-navigacija-hdd-gen2-1-usb-1.png\" alt=\"JAGUAR navigacija Lietuva ir Europa sistemoms HDD GEN2.1 USB (kodas j3)\" class=\"wp-image-1175\"\/><\/figure><\/div>\n\n\n\n<div class=\"wp-block-image\"><figure class=\"aligncenter size-full\"><img loading=\"lazy\" decoding=\"async\" width=\"204\" height=\"226\" src=\"https:\/\/www.taisykla7.lt\/wp-content\/uploads\/2022\/04\/jaguar-navigacija-hdd-gen2-1-usb-2.png\" alt=\"JAGUAR navigacija Lietuva ir Europa sistemoms HDD GEN2.1 USB (kodas j3)\" class=\"wp-image-1176\"\/><figcaption>Identyfikowane na podstawie samochodu (model, rok) i wygl\u0105du nawigacji.<\/figcaption><\/figure><\/div>\n<\/div>\n<\/div>\n\n\n\n<p><strong>Najnowsze mapy nawigacyjne | Najlepsza cena |<\/strong> Prosimy o kontakt z mistrzem nawigacji pod numerem tel. <strong><a href=\"tel:861777751\">8-617-77751<\/a><\/strong> <a href=\"\/pl\/kontaktai\/\"><strong>Wilno, Kowno, K\u0142ajpeda, Szawle<\/strong><\/a> a my z przyjemno\u015bci\u0105 odpowiemy na wszelkie pytania!<\/p><hr>","protected":false},"excerpt":{"rendered":"<p>Nawigacja JAGUAR Litwa, Europa. Najnowsze p\u0142yty, mapy. Nawigacja JAGUAR XF XK Denso 2.64 z DVD (kod j1) Nawigacja JAGUAR XJ S-Type X-Type T1000 Denso XCL z DVD (kod j2) Nawigacja JAGUAR HDD GEN2.1 USB (kod j3) Nawigacja JAGUAR Litwa i Europa dla system\u00f3w XF XK Denso 2.64 z DVD (kod j1) DVD1 najnowsza p\u0142yta nawigacyjna z...&nbsp;<a href=\"https:\/\/www.taisykla7.lt\/pl\/jaguar-navigacija\/\" rel=\"bookmark\">Dowiedz si\u0119 wi\u0119cej &raquo;<span class=\"screen-reader-text\">Nawigacja JAGUAR<\/span><\/a><\/p>","protected":false},"author":1,"featured_media":0,"parent":0,"menu_order":0,"comment_status":"closed","ping_status":"closed","template":"","meta":{"_uag_custom_page_level_css":"","neve_meta_sidebar":"","neve_meta_container":"","neve_meta_enable_content_width":"","neve_meta_content_width":0,"neve_meta_title_alignment":"","neve_meta_author_avatar":"","neve_post_elements_order":"","neve_meta_disable_header":"","neve_meta_disable_footer":"","neve_meta_disable_title":"","footnotes":""},"class_list":["post-1171","page","type-page","status-publish","hentry"],"yoast_head":"<!-- This site is optimized with the Yoast SEO plugin v27.5 - https:\/\/yoast.com\/product\/yoast-seo-wordpress\/ -->\n<title>JAGUAR navigacija Elektronikos remontas Vilniuje, Kaune, Klaip\u0117doje, \u0160iauliuose<\/title>\n<meta name=\"description\" content=\"JAGUAR navigacija Lietuva, Europa. Naujausi diskai, \u017eem\u0117lapiai. Vilniuje, Kaune, Klaip\u0117doje, \u0160iauliuose. Tel. 8-617-77751\" \/>\n<meta name=\"robots\" content=\"index, follow, max-snippet:-1, max-image-preview:large, max-video-preview:-1\" \/>\n<link rel=\"canonical\" href=\"https:\/\/www.taisykla7.lt\/pl\/jaguar-navigacija\/\" \/>\n<meta property=\"og:locale\" content=\"pl_PL\" \/>\n<meta property=\"og:type\" content=\"article\" \/>\n<meta property=\"og:title\" content=\"JAGUAR navigacija Elektronikos remontas Vilniuje, Kaune, Klaip\u0117doje, \u0160iauliuose\" \/>\n<meta property=\"og:description\" content=\"JAGUAR navigacija Lietuva, Europa. Naujausi diskai, \u017eem\u0117lapiai. Vilniuje, Kaune, Klaip\u0117doje, \u0160iauliuose. Tel. 8-617-77751\" \/>\n<meta property=\"og:url\" content=\"https:\/\/www.taisykla7.lt\/pl\/jaguar-navigacija\/\" \/>\n<meta property=\"og:site_name\" content=\"Elektronikos remontas Vilniuje, Kaune, Klaip\u0117doje, \u0160iauliuose\" \/>\n<meta property=\"article:modified_time\" content=\"2022-04-21T21:42:36+00:00\" \/>\n<meta property=\"og:image\" content=\"https:\/\/www.taisykla7.lt\/wp-content\/uploads\/2022\/04\/jaguar-navigacija-xf-xk-denso-2-64-su-dvd-1.png\" \/>\n<meta name=\"twitter:card\" content=\"summary_large_image\" \/>\n<meta name=\"twitter:label1\" content=\"Szacowany czas czytania\" \/>\n\t<meta name=\"twitter:data1\" content=\"3 minuty\" \/>\n<script type=\"application\/ld+json\" class=\"yoast-schema-graph\">{\"@context\":\"https:\\\/\\\/schema.org\",\"@graph\":[{\"@type\":\"WebPage\",\"@id\":\"https:\\\/\\\/www.taisykla7.lt\\\/jaguar-navigacija\\\/\",\"url\":\"https:\\\/\\\/www.taisykla7.lt\\\/jaguar-navigacija\\\/\",\"name\":\"JAGUAR navigacija Elektronikos remontas Vilniuje, Kaune, Klaip\u0117doje, \u0160iauliuose\",\"isPartOf\":{\"@id\":\"https:\\\/\\\/www.taisykla7.lt\\\/#website\"},\"primaryImageOfPage\":{\"@id\":\"https:\\\/\\\/www.taisykla7.lt\\\/jaguar-navigacija\\\/#primaryimage\"},\"image\":{\"@id\":\"https:\\\/\\\/www.taisykla7.lt\\\/jaguar-navigacija\\\/#primaryimage\"},\"thumbnailUrl\":\"https:\\\/\\\/www.taisykla7.lt\\\/wp-content\\\/uploads\\\/2022\\\/04\\\/jaguar-navigacija-xf-xk-denso-2-64-su-dvd-1.png\",\"datePublished\":\"2022-04-20T21:23:40+00:00\",\"dateModified\":\"2022-04-21T21:42:36+00:00\",\"description\":\"JAGUAR navigacija Lietuva, Europa. Naujausi diskai, \u017eem\u0117lapiai. Vilniuje, Kaune, Klaip\u0117doje, \u0160iauliuose. Tel. 8-617-77751\",\"breadcrumb\":{\"@id\":\"https:\\\/\\\/www.taisykla7.lt\\\/jaguar-navigacija\\\/#breadcrumb\"},\"inLanguage\":\"pl-PL\",\"potentialAction\":[{\"@type\":\"ReadAction\",\"target\":[\"https:\\\/\\\/www.taisykla7.lt\\\/jaguar-navigacija\\\/\"]}]},{\"@type\":\"ImageObject\",\"inLanguage\":\"pl-PL\",\"@id\":\"https:\\\/\\\/www.taisykla7.lt\\\/jaguar-navigacija\\\/#primaryimage\",\"url\":\"https:\\\/\\\/www.taisykla7.lt\\\/wp-content\\\/uploads\\\/2022\\\/04\\\/jaguar-navigacija-xf-xk-denso-2-64-su-dvd-1.png\",\"contentUrl\":\"https:\\\/\\\/www.taisykla7.lt\\\/wp-content\\\/uploads\\\/2022\\\/04\\\/jaguar-navigacija-xf-xk-denso-2-64-su-dvd-1.png\"},{\"@type\":\"BreadcrumbList\",\"@id\":\"https:\\\/\\\/www.taisykla7.lt\\\/jaguar-navigacija\\\/#breadcrumb\",\"itemListElement\":[{\"@type\":\"ListItem\",\"position\":1,\"name\":\"Pagrindinis\",\"item\":\"https:\\\/\\\/www.taisykla7.lt\\\/\"},{\"@type\":\"ListItem\",\"position\":2,\"name\":\"JAGUAR navigacija\"}]},{\"@type\":\"WebSite\",\"@id\":\"https:\\\/\\\/www.taisykla7.lt\\\/#website\",\"url\":\"https:\\\/\\\/www.taisykla7.lt\\\/\",\"name\":\"Elektronikos remontas Vilniuje, Kaune, Klaip\u0117doje, \u0160iauliuose\",\"description\":\"Televizori\u0173, paspirtuk\u0173, kompiuteri\u0173, telefon\u0173, kavos aparat\u0173 ir kitos technikos remontas \\\/ taisykla\",\"publisher\":{\"@id\":\"https:\\\/\\\/www.taisykla7.lt\\\/#organization\"},\"potentialAction\":[{\"@type\":\"SearchAction\",\"target\":{\"@type\":\"EntryPoint\",\"urlTemplate\":\"https:\\\/\\\/www.taisykla7.lt\\\/?s={search_term_string}\"},\"query-input\":{\"@type\":\"PropertyValueSpecification\",\"valueRequired\":true,\"valueName\":\"search_term_string\"}}],\"inLanguage\":\"pl-PL\"},{\"@type\":\"Organization\",\"@id\":\"https:\\\/\\\/www.taisykla7.lt\\\/#organization\",\"name\":\"Elektronikos remontas Vilniuje, Kaune, Klaip\u0117doje, \u0160iauliuose\",\"url\":\"https:\\\/\\\/www.taisykla7.lt\\\/\",\"logo\":{\"@type\":\"ImageObject\",\"inLanguage\":\"pl-PL\",\"@id\":\"https:\\\/\\\/www.taisykla7.lt\\\/#\\\/schema\\\/logo\\\/image\\\/\",\"url\":\"https:\\\/\\\/www.taisykla7.lt\\\/wp-content\\\/uploads\\\/2022\\\/04\\\/taisykla7_logo.jpg\",\"contentUrl\":\"https:\\\/\\\/www.taisykla7.lt\\\/wp-content\\\/uploads\\\/2022\\\/04\\\/taisykla7_logo.jpg\",\"width\":400,\"height\":100,\"caption\":\"Elektronikos remontas Vilniuje, Kaune, Klaip\u0117doje, \u0160iauliuose\"},\"image\":{\"@id\":\"https:\\\/\\\/www.taisykla7.lt\\\/#\\\/schema\\\/logo\\\/image\\\/\"}}]}<\/script>\n<!-- \/ Yoast SEO plugin. -->","yoast_head_json":{"title":"JAGUAR navigacija Elektronikos remontas Vilniuje, Kaune, Klaip\u0117doje, \u0160iauliuose","description":"Nawigacja JAGUAR Litwa, Europa. Najnowsze dyski, mapy. W Wilnie, Kownie, K\u0142ajpedzie, Szawlach. Tel. 8-617-77751","robots":{"index":"index","follow":"follow","max-snippet":"max-snippet:-1","max-image-preview":"max-image-preview:large","max-video-preview":"max-video-preview:-1"},"canonical":"https:\/\/www.taisykla7.lt\/pl\/jaguar-navigacija\/","og_locale":"pl_PL","og_type":"article","og_title":"JAGUAR navigacija Elektronikos remontas Vilniuje, Kaune, Klaip\u0117doje, \u0160iauliuose","og_description":"JAGUAR navigacija Lietuva, Europa. Naujausi diskai, \u017eem\u0117lapiai. Vilniuje, Kaune, Klaip\u0117doje, \u0160iauliuose. Tel. 8-617-77751","og_url":"https:\/\/www.taisykla7.lt\/pl\/jaguar-navigacija\/","og_site_name":"Elektronikos remontas Vilniuje, Kaune, Klaip\u0117doje, \u0160iauliuose","article_modified_time":"2022-04-21T21:42:36+00:00","og_image":[{"url":"https:\/\/www.taisykla7.lt\/wp-content\/uploads\/2022\/04\/jaguar-navigacija-xf-xk-denso-2-64-su-dvd-1.png","type":"","width":"","height":""}],"twitter_card":"summary_large_image","twitter_misc":{"Szacowany czas czytania":"3 minuty"},"schema":{"@context":"https:\/\/schema.org","@graph":[{"@type":"WebPage","@id":"https:\/\/www.taisykla7.lt\/jaguar-navigacija\/","url":"https:\/\/www.taisykla7.lt\/jaguar-navigacija\/","name":"JAGUAR navigacija Elektronikos remontas Vilniuje, Kaune, Klaip\u0117doje, \u0160iauliuose","isPartOf":{"@id":"https:\/\/www.taisykla7.lt\/#website"},"primaryImageOfPage":{"@id":"https:\/\/www.taisykla7.lt\/jaguar-navigacija\/#primaryimage"},"image":{"@id":"https:\/\/www.taisykla7.lt\/jaguar-navigacija\/#primaryimage"},"thumbnailUrl":"https:\/\/www.taisykla7.lt\/wp-content\/uploads\/2022\/04\/jaguar-navigacija-xf-xk-denso-2-64-su-dvd-1.png","datePublished":"2022-04-20T21:23:40+00:00","dateModified":"2022-04-21T21:42:36+00:00","description":"Nawigacja JAGUAR Litwa, Europa. Najnowsze dyski, mapy. W Wilnie, Kownie, K\u0142ajpedzie, Szawlach. Tel. 8-617-77751","breadcrumb":{"@id":"https:\/\/www.taisykla7.lt\/jaguar-navigacija\/#breadcrumb"},"inLanguage":"pl-PL","potentialAction":[{"@type":"ReadAction","target":["https:\/\/www.taisykla7.lt\/jaguar-navigacija\/"]}]},{"@type":"ImageObject","inLanguage":"pl-PL","@id":"https:\/\/www.taisykla7.lt\/jaguar-navigacija\/#primaryimage","url":"https:\/\/www.taisykla7.lt\/wp-content\/uploads\/2022\/04\/jaguar-navigacija-xf-xk-denso-2-64-su-dvd-1.png","contentUrl":"https:\/\/www.taisykla7.lt\/wp-content\/uploads\/2022\/04\/jaguar-navigacija-xf-xk-denso-2-64-su-dvd-1.png"},{"@type":"BreadcrumbList","@id":"https:\/\/www.taisykla7.lt\/jaguar-navigacija\/#breadcrumb","itemListElement":[{"@type":"ListItem","position":1,"name":"Pagrindinis","item":"https:\/\/www.taisykla7.lt\/"},{"@type":"ListItem","position":2,"name":"JAGUAR navigacija"}]},{"@type":"WebSite","@id":"https:\/\/www.taisykla7.lt\/#website","url":"https:\/\/www.taisykla7.lt\/","name":"Elektronikos remontas Vilniuje, Kaune, Klaip\u0117doje, \u0160iauliuose","description":"Naprawa telewizor\u00f3w, skuter\u00f3w, komputer\u00f3w, telefon\u00f3w, ekspres\u00f3w do kawy i innych urz\u0105dze\u0144.","publisher":{"@id":"https:\/\/www.taisykla7.lt\/#organization"},"potentialAction":[{"@type":"SearchAction","target":{"@type":"EntryPoint","urlTemplate":"https:\/\/www.taisykla7.lt\/?s={search_term_string}"},"query-input":{"@type":"PropertyValueSpecification","valueRequired":true,"valueName":"search_term_string"}}],"inLanguage":"pl-PL"},{"@type":"Organization","@id":"https:\/\/www.taisykla7.lt\/#organization","name":"Elektronikos remontas Vilniuje, Kaune, Klaip\u0117doje, \u0160iauliuose","url":"https:\/\/www.taisykla7.lt\/","logo":{"@type":"ImageObject","inLanguage":"pl-PL","@id":"https:\/\/www.taisykla7.lt\/#\/schema\/logo\/image\/","url":"https:\/\/www.taisykla7.lt\/wp-content\/uploads\/2022\/04\/taisykla7_logo.jpg","contentUrl":"https:\/\/www.taisykla7.lt\/wp-content\/uploads\/2022\/04\/taisykla7_logo.jpg","width":400,"height":100,"caption":"Elektronikos remontas Vilniuje, Kaune, Klaip\u0117doje, \u0160iauliuose"},"image":{"@id":"https:\/\/www.taisykla7.lt\/#\/schema\/logo\/image\/"}}]}},"uagb_featured_image_src":{"full":false,"thumbnail":false,"medium":false,"medium_large":false,"large":false,"1536x1536":false,"2048x2048":false,"trp-custom-language-flag":false,"neve-blog":false},"uagb_author_info":{"display_name":"admin","author_link":"https:\/\/www.taisykla7.lt\/pl\/author\/admin\/"},"uagb_comment_info":0,"uagb_excerpt":"JAGUAR navigacija Lietuva, Europa. Naujausi diskai, \u017eem\u0117lapiai. JAGUAR navigacija XF XK Denso 2.64 su DVD (kodas j1) JAGUAR navigacija XJ S-Type X-Type T1000 Denso XCL su DVD (kodas j2) JAGUAR navigacija HDD GEN2.1 USB (kodas j3) JAGUAR navigacija Lietuva ir Europa sistemoms XF XK Denso 2.64 su DVD (kodas j1) DVD1 naujausias navigacijos diskas su&hellip;&nbsp;Dowiedz&hellip;","_links":{"self":[{"href":"https:\/\/www.taisykla7.lt\/pl\/wp-json\/wp\/v2\/pages\/1171","targetHints":{"allow":["GET"]}}],"collection":[{"href":"https:\/\/www.taisykla7.lt\/pl\/wp-json\/wp\/v2\/pages"}],"about":[{"href":"https:\/\/www.taisykla7.lt\/pl\/wp-json\/wp\/v2\/types\/page"}],"author":[{"embeddable":true,"href":"https:\/\/www.taisykla7.lt\/pl\/wp-json\/wp\/v2\/users\/1"}],"replies":[{"embeddable":true,"href":"https:\/\/www.taisykla7.lt\/pl\/wp-json\/wp\/v2\/comments?post=1171"}],"version-history":[{"count":3,"href":"https:\/\/www.taisykla7.lt\/pl\/wp-json\/wp\/v2\/pages\/1171\/revisions"}],"predecessor-version":[{"id":1537,"href":"https:\/\/www.taisykla7.lt\/pl\/wp-json\/wp\/v2\/pages\/1171\/revisions\/1537"}],"wp:attachment":[{"href":"https:\/\/www.taisykla7.lt\/pl\/wp-json\/wp\/v2\/media?parent=1171"}],"curies":[{"name":"wp","href":"https:\/\/api.w.org\/{rel}","templated":true}]}}