{"id":1186,"date":"2022-04-21T12:40:43","date_gmt":"2022-04-21T10:40:43","guid":{"rendered":"https:\/\/www.taisykla7.lt\/?page_id=1186"},"modified":"2022-04-21T23:43:09","modified_gmt":"2022-04-21T21:43:09","slug":"kia-navigacija","status":"publish","type":"page","link":"https:\/\/www.taisykla7.lt\/pl\/kia-navigacija\/","title":{"rendered":"Nawigacja KIA"},"content":{"rendered":"<ul class=\"wp-block-list\">\n<li><strong>Wilno<\/strong> - Kareivi\u0173 g. 11A \"RIMI\" <a href=\"tel:+37065577057\">+370-655-77057<\/a><\/li>\n\n\n\n<li><strong>Kowno<\/strong> - Savanori\u0173 pr. 155 <a href=\"tel:+37063969600\">+370-639-69600<\/a><\/li>\n\n\n\n<li><strong>K\u0142ajpeda<\/strong> - Sausio 15-osios str. 13 <a href=\"tel:+37064707741\">+370-647-07741<\/a><\/li>\n\n\n\n<li><strong>Szawle<\/strong> - Gegu\u017ei\u0173 g. 30 \"Arena\" <a href=\"tel:+37068229052\">+370-682-29052<\/a><\/li>\n<\/ul>\n\n\n\n<p><strong>Nawigacja KIA Litwa, Europa. Najnowsze dyski, mapy.<\/strong><\/p>\n\n\n\n<p>Znajd\u017a sw\u00f3j system nawigacji samochodowej. W razie jakichkolwiek pyta\u0144 lub w\u0105tpliwo\u015bci prosimy o kontakt telefoniczny <a href=\"tel:861777751\">nasz mistrz nawigacji samochodowej pod numerem 8-617-77751<\/a> a my z przyjemno\u015bci\u0105 pomo\u017cemy.<\/p>\n\n\n\n<ul class=\"wp-block-list\"><li><strong>Nawigacja KIA AVN USB (kod k1)<\/strong><\/li><li><strong>KIA navigacija CD (&#8220;Turn by Turn&#8221;) (kodas k2)<\/strong><\/li><li><strong>Nawigacja KIA Sportage SD (kod k3)<\/strong><\/li><\/ul>\n\n\n\n<h2 class=\"wp-block-heading\">Nawigacja KIA na Litw\u0119 i Europ\u0119 dla system\u00f3w AVN USB (kod k1)<\/h2>\n\n\n\n<div class=\"wp-block-columns is-layout-flex wp-container-core-columns-is-layout-9d6595d7 wp-block-columns-is-layout-flex\">\n<div class=\"wp-block-column is-layout-flow wp-block-column-is-layout-flow\">\n<p><strong>Aktualizacja wewn\u0119trznego dysku twardego o najnowsze mapy<\/strong><br>Irlandia, Andora, Austria, Belgia, Czechy, Dania, Wielka Brytania, Estonia, Gibraltar, Grecja, Hiszpania, W\u0142ochy, Chorwacja, Liechtenstein, \u0141otwa, Polska,<strong>Litwa (szczeg\u00f3\u0142y)<\/strong>Luksemburg, Monako, Norwegia, Holandia, Portugalia, Francja, Rosja, San Marino, S\u0142owacja, S\u0142owenia, Finlandia, Szwecja, Szwajcaria, Watykan, W\u0119gry, Niemcy<\/p>\n\n\n\n<p>System jest dost\u0119pny w nast\u0119puj\u0105cych samochodach:<\/p>\n\n\n\n<ul class=\"wp-block-list\"><li>Ceed 2009+<\/li><li>Rio<\/li><li>Sorento 2010+<\/li><li>Sportage 2010+<\/li><li><em>Venga+ 2009<\/em><\/li><\/ul>\n<\/div>\n\n\n\n<div class=\"wp-block-column is-layout-flow wp-block-column-is-layout-flow\">\n<div class=\"wp-block-image\"><figure class=\"aligncenter size-full\"><img loading=\"lazy\" decoding=\"async\" width=\"226\" height=\"123\" src=\"https:\/\/www.taisykla7.lt\/wp-content\/uploads\/2022\/04\/kia-navigacija-avn-usb.png\" alt=\"KIA navigacija Lietuva ir Europa sistemoms AVN USB (kodas k1)\" class=\"wp-image-1189\"\/><\/figure><\/div>\n<\/div>\n<\/div>\n\n\n\n<p><strong>Najnowsze mapy nawigacyjne | Najlepsza cena |<\/strong> Prosimy o kontakt z mistrzem nawigacji pod numerem tel. <strong><a href=\"tel:861777751\">8-617-77751<\/a><\/strong> <a href=\"\/pl\/kontaktai\/\"><strong>Wilno, Kowno, K\u0142ajpeda, Szawle<\/strong><\/a> a my z przyjemno\u015bci\u0105 odpowiemy na wszelkie pytania!<\/p><hr>\n\n\n\n<h2 class=\"wp-block-heading\">KIA navigacija Lietuva ir Europa sistemoms CD (&#8220;Turn by Turn&#8221;) (kodas k2)<\/h2>\n\n\n\n<div class=\"wp-block-columns is-layout-flex wp-container-core-columns-is-layout-9d6595d7 wp-block-columns-is-layout-flex\">\n<div class=\"wp-block-column is-layout-flow wp-block-column-is-layout-flow\">\n<p><strong>P\u0142yty CD z najnowsz\u0105 nawigacj\u0105 i mapami<\/strong><br>CD1 - Belgia, Holandia, Luksemburg<br>CD2 - Austria, Liechtenstein, Szwajcaria, Niemcy, sz. W\u0142ochy<br>CD3 - Europa Wschodnia 1 - Estonia, \u0141otwa, <strong>Litwa (szczeg\u00f3\u0142y)<\/strong><br>CD4 - Europa Wschodnia 2 - Bu\u0142garia, Chorwacja, Czechy, W\u0119gry, Polska, Rumunia, S\u0142owacja, S\u0142owenia<br>CD5 - sh. Francja<br>CD6 - Pan France<br>CD7 - Niemcy<br>CD8 - W\u0142ochy, San Marino, Watykan, Grecja<br>CD9 - Dania, Szwecja, Finlandia, Norwegia<br>CD10 - Hiszpania<br>CD11 - Portugalia<br>CD12 - Anglia, Szkocja, Irlandia<br>CD13 - Mapy g\u0142\u00f3wnych dr\u00f3g europejskich<\/p>\n\n\n\n<p>System jest dost\u0119pny w nast\u0119puj\u0105cych samochodach:<\/p>\n\n\n\n<ul class=\"wp-block-list\"><li><em>W r\u00f3\u017cnych samochodach KIA do 2010 roku.<\/em><\/li><\/ul>\n<\/div>\n\n\n\n<div class=\"wp-block-column is-layout-flow wp-block-column-is-layout-flow\">\n<div class=\"wp-block-image\"><figure class=\"aligncenter size-full\"><img loading=\"lazy\" decoding=\"async\" width=\"205\" height=\"154\" src=\"https:\/\/www.taisykla7.lt\/wp-content\/uploads\/2022\/04\/kia-navigacija-cd-turn-by-turn.png\" alt=\"KIA navigacija Lietuva ir Europa sistemoms CD (&quot;Turn by Turn&quot;) (kodas k2)\" class=\"wp-image-1192\"\/><figcaption>Nawigacja mo\u017ce wygl\u0105da\u0107 inaczej ni\u017c na zdj\u0119ciu. Wystarczy spojrze\u0107 na rocznik samochodu.<\/figcaption><\/figure><\/div>\n<\/div>\n<\/div>\n\n\n\n<p><strong>Najnowsze mapy nawigacyjne | Najlepsza cena |<\/strong> Prosimy o kontakt z mistrzem nawigacji pod numerem tel. <strong><a href=\"tel:861777751\">8-617-77751<\/a><\/strong> <a href=\"\/pl\/kontaktai\/\"><strong>Wilno, Kowno, K\u0142ajpeda, Szawle<\/strong><\/a> a my z przyjemno\u015bci\u0105 odpowiemy na wszelkie pytania!<\/p><hr>\n\n\n\n<h2 class=\"wp-block-heading\">Nawigacja KIA Litwa i Europa dla KIA Sportage z kart\u0105 SD (kod k3)<\/h2>\n\n\n\n<div class=\"wp-block-columns is-layout-flex wp-container-core-columns-is-layout-9d6595d7 wp-block-columns-is-layout-flex\">\n<div class=\"wp-block-column is-layout-flow wp-block-column-is-layout-flow\">\n<p><strong>Najnowsza nawigacja z mapami na karcie SD<\/strong><br>Albania, Andora, Austria, Bia\u0142oru\u015b, Bo\u015bnia i Hercegowina, Bu\u0142garia, Chorwacja, Republika Czeska, Dania, Estonia, Finlandia, Francja, Niemcy, Gibraltar, Grecja, W\u0119gry, Islandia, Irlandia, W\u0142ochy, \u0141otwa, Liechtenstein, <strong>Litwa<\/strong>, Luksemburg, Mo\u0142dawia, Monako, Niderlandy (Holandia), Norwegia, Polska, Portugalia, Rumunia, Rosja, San Marino, Serbia, S\u0142owacja, S\u0142owenia, Hiszpania, Szwecja, Szwajcaria, Turcja, Ukraina, Zjednoczone Kr\u00f3lestwo, Watykan<\/p>\n\n\n\n<p>System jest dost\u0119pny w nast\u0119puj\u0105cych samochodach:<\/p>\n\n\n\n<ul class=\"wp-block-list\"><li><em>KIA Sportage od 2010 r.<\/em><\/li><\/ul>\n<\/div>\n\n\n\n<div class=\"wp-block-column is-layout-flow wp-block-column-is-layout-flow\">\n<div class=\"wp-block-image\"><figure class=\"aligncenter size-full\"><img loading=\"lazy\" decoding=\"async\" width=\"220\" height=\"146\" src=\"https:\/\/www.taisykla7.lt\/wp-content\/uploads\/2022\/04\/KIA-navigacija-Lietuva-ir-Europa-sistemoms-KIA-Sportage-kodas-k3.jpg\" alt=\"KIA navigacija Lietuva ir Europa sistemoms KIA Sportage su SD kortele (kodas k3)\" class=\"wp-image-1193\"\/><figcaption>Nawigacja mo\u017ce wygl\u0105da\u0107 inaczej ni\u017c na zdj\u0119ciu. Wystarczy spojrze\u0107 na rocznik samochodu.<\/figcaption><\/figure><\/div>\n<\/div>\n<\/div>\n\n\n\n<p><strong>Najnowsze mapy nawigacyjne | Najlepsza cena |<\/strong> Prosimy o kontakt z mistrzem nawigacji pod numerem tel. <strong><a href=\"tel:861777751\">8-617-77751<\/a><\/strong> <a href=\"\/pl\/kontaktai\/\"><strong>Wilno, Kowno, K\u0142ajpeda, Szawle<\/strong><\/a> a my z przyjemno\u015bci\u0105 odpowiemy na wszelkie pytania!<\/p><hr>","protected":false},"excerpt":{"rendered":"<p>KIA navigacija Lietuva, Europa. Naujausi diskai, \u017eem\u0117lapiai. KIA navigacija AVN USB (kodas k1) KIA navigacija CD (&#8220;Turn by Turn&#8221;) (kodas k2) KIA Sportage navigacija SD (kodas k3) KIA navigacija Lietuva ir Europa sistemoms AVN USB (kodas k1) Vidinio HDD atnaujinimas naujausiais \u017eem\u0117lapiaisAirija, Andora, Austrija, Belgija, \u010cekija, Danija, D. Britanija, Estija, Gibraltaras, Graikija, Ispanija, Italija, Kroatija,&hellip;&nbsp;<a href=\"https:\/\/www.taisykla7.lt\/pl\/kia-navigacija\/\" rel=\"bookmark\">Dowiedz si\u0119 wi\u0119cej &raquo;<span class=\"screen-reader-text\">Nawigacja KIA<\/span><\/a><\/p>","protected":false},"author":1,"featured_media":0,"parent":0,"menu_order":0,"comment_status":"closed","ping_status":"closed","template":"","meta":{"_uag_custom_page_level_css":"","neve_meta_sidebar":"","neve_meta_container":"","neve_meta_enable_content_width":"","neve_meta_content_width":0,"neve_meta_title_alignment":"","neve_meta_author_avatar":"","neve_post_elements_order":"","neve_meta_disable_header":"","neve_meta_disable_footer":"","neve_meta_disable_title":"","footnotes":""},"class_list":["post-1186","page","type-page","status-publish","hentry"],"yoast_head":"<!-- This site is optimized with the Yoast SEO plugin v27.3 - https:\/\/yoast.com\/product\/yoast-seo-wordpress\/ -->\n<title>KIA navigacija Elektronikos remontas Vilniuje, Kaune, Klaip\u0117doje, \u0160iauliuose<\/title>\n<meta name=\"description\" content=\"KIA navigacija Lietuva, Europa. Naujausi diskai, \u017eem\u0117lapiai. Vilniuje, Kaune, Klaip\u0117doje, \u0160iauliuose. Tel. 8-617-77751\" \/>\n<meta name=\"robots\" content=\"index, follow, max-snippet:-1, max-image-preview:large, max-video-preview:-1\" \/>\n<link rel=\"canonical\" href=\"https:\/\/www.taisykla7.lt\/pl\/kia-navigacija\/\" \/>\n<meta property=\"og:locale\" content=\"pl_PL\" \/>\n<meta property=\"og:type\" content=\"article\" \/>\n<meta property=\"og:title\" content=\"KIA navigacija Elektronikos remontas Vilniuje, Kaune, Klaip\u0117doje, \u0160iauliuose\" \/>\n<meta property=\"og:description\" content=\"KIA navigacija Lietuva, Europa. Naujausi diskai, \u017eem\u0117lapiai. Vilniuje, Kaune, Klaip\u0117doje, \u0160iauliuose. Tel. 8-617-77751\" \/>\n<meta property=\"og:url\" content=\"https:\/\/www.taisykla7.lt\/pl\/kia-navigacija\/\" \/>\n<meta property=\"og:site_name\" content=\"Elektronikos remontas Vilniuje, Kaune, Klaip\u0117doje, \u0160iauliuose\" \/>\n<meta property=\"article:modified_time\" content=\"2022-04-21T21:43:09+00:00\" \/>\n<meta property=\"og:image\" content=\"https:\/\/www.taisykla7.lt\/wp-content\/uploads\/2022\/04\/kia-navigacija-avn-usb.png\" \/>\n<meta name=\"twitter:card\" content=\"summary_large_image\" \/>\n<meta name=\"twitter:label1\" content=\"Szacowany czas czytania\" \/>\n\t<meta name=\"twitter:data1\" content=\"2 minuty\" \/>\n<script type=\"application\/ld+json\" class=\"yoast-schema-graph\">{\"@context\":\"https:\\\/\\\/schema.org\",\"@graph\":[{\"@type\":\"WebPage\",\"@id\":\"https:\\\/\\\/www.taisykla7.lt\\\/kia-navigacija\\\/\",\"url\":\"https:\\\/\\\/www.taisykla7.lt\\\/kia-navigacija\\\/\",\"name\":\"KIA navigacija Elektronikos remontas Vilniuje, Kaune, Klaip\u0117doje, \u0160iauliuose\",\"isPartOf\":{\"@id\":\"https:\\\/\\\/www.taisykla7.lt\\\/#website\"},\"primaryImageOfPage\":{\"@id\":\"https:\\\/\\\/www.taisykla7.lt\\\/kia-navigacija\\\/#primaryimage\"},\"image\":{\"@id\":\"https:\\\/\\\/www.taisykla7.lt\\\/kia-navigacija\\\/#primaryimage\"},\"thumbnailUrl\":\"https:\\\/\\\/www.taisykla7.lt\\\/wp-content\\\/uploads\\\/2022\\\/04\\\/kia-navigacija-avn-usb.png\",\"datePublished\":\"2022-04-21T10:40:43+00:00\",\"dateModified\":\"2022-04-21T21:43:09+00:00\",\"description\":\"KIA navigacija Lietuva, Europa. Naujausi diskai, \u017eem\u0117lapiai. Vilniuje, Kaune, Klaip\u0117doje, \u0160iauliuose. Tel. 8-617-77751\",\"breadcrumb\":{\"@id\":\"https:\\\/\\\/www.taisykla7.lt\\\/kia-navigacija\\\/#breadcrumb\"},\"inLanguage\":\"pl-PL\",\"potentialAction\":[{\"@type\":\"ReadAction\",\"target\":[\"https:\\\/\\\/www.taisykla7.lt\\\/kia-navigacija\\\/\"]}]},{\"@type\":\"ImageObject\",\"inLanguage\":\"pl-PL\",\"@id\":\"https:\\\/\\\/www.taisykla7.lt\\\/kia-navigacija\\\/#primaryimage\",\"url\":\"https:\\\/\\\/www.taisykla7.lt\\\/wp-content\\\/uploads\\\/2022\\\/04\\\/kia-navigacija-avn-usb.png\",\"contentUrl\":\"https:\\\/\\\/www.taisykla7.lt\\\/wp-content\\\/uploads\\\/2022\\\/04\\\/kia-navigacija-avn-usb.png\"},{\"@type\":\"BreadcrumbList\",\"@id\":\"https:\\\/\\\/www.taisykla7.lt\\\/kia-navigacija\\\/#breadcrumb\",\"itemListElement\":[{\"@type\":\"ListItem\",\"position\":1,\"name\":\"Pagrindinis\",\"item\":\"https:\\\/\\\/www.taisykla7.lt\\\/\"},{\"@type\":\"ListItem\",\"position\":2,\"name\":\"KIA navigacija\"}]},{\"@type\":\"WebSite\",\"@id\":\"https:\\\/\\\/www.taisykla7.lt\\\/#website\",\"url\":\"https:\\\/\\\/www.taisykla7.lt\\\/\",\"name\":\"Elektronikos remontas Vilniuje, Kaune, Klaip\u0117doje, \u0160iauliuose\",\"description\":\"Televizori\u0173, paspirtuk\u0173, kompiuteri\u0173, telefon\u0173, kavos aparat\u0173 ir kitos technikos remontas \\\/ taisykla\",\"publisher\":{\"@id\":\"https:\\\/\\\/www.taisykla7.lt\\\/#organization\"},\"potentialAction\":[{\"@type\":\"SearchAction\",\"target\":{\"@type\":\"EntryPoint\",\"urlTemplate\":\"https:\\\/\\\/www.taisykla7.lt\\\/?s={search_term_string}\"},\"query-input\":{\"@type\":\"PropertyValueSpecification\",\"valueRequired\":true,\"valueName\":\"search_term_string\"}}],\"inLanguage\":\"pl-PL\"},{\"@type\":\"Organization\",\"@id\":\"https:\\\/\\\/www.taisykla7.lt\\\/#organization\",\"name\":\"Elektronikos remontas Vilniuje, Kaune, Klaip\u0117doje, \u0160iauliuose\",\"url\":\"https:\\\/\\\/www.taisykla7.lt\\\/\",\"logo\":{\"@type\":\"ImageObject\",\"inLanguage\":\"pl-PL\",\"@id\":\"https:\\\/\\\/www.taisykla7.lt\\\/#\\\/schema\\\/logo\\\/image\\\/\",\"url\":\"https:\\\/\\\/www.taisykla7.lt\\\/wp-content\\\/uploads\\\/2022\\\/04\\\/taisykla7_logo.jpg\",\"contentUrl\":\"https:\\\/\\\/www.taisykla7.lt\\\/wp-content\\\/uploads\\\/2022\\\/04\\\/taisykla7_logo.jpg\",\"width\":400,\"height\":100,\"caption\":\"Elektronikos remontas Vilniuje, Kaune, Klaip\u0117doje, \u0160iauliuose\"},\"image\":{\"@id\":\"https:\\\/\\\/www.taisykla7.lt\\\/#\\\/schema\\\/logo\\\/image\\\/\"}}]}<\/script>\n<!-- \/ Yoast SEO plugin. -->","yoast_head_json":{"title":"KIA navigacija Elektronikos remontas Vilniuje, Kaune, Klaip\u0117doje, \u0160iauliuose","description":"Nawigacja KIA Litwa, Europa. Najnowsze dyski, mapy. W Wilnie, Kownie, K\u0142ajpedzie, Szawlach. Tel. 8-617-77751","robots":{"index":"index","follow":"follow","max-snippet":"max-snippet:-1","max-image-preview":"max-image-preview:large","max-video-preview":"max-video-preview:-1"},"canonical":"https:\/\/www.taisykla7.lt\/pl\/kia-navigacija\/","og_locale":"pl_PL","og_type":"article","og_title":"KIA navigacija Elektronikos remontas Vilniuje, Kaune, Klaip\u0117doje, \u0160iauliuose","og_description":"KIA navigacija Lietuva, Europa. Naujausi diskai, \u017eem\u0117lapiai. Vilniuje, Kaune, Klaip\u0117doje, \u0160iauliuose. Tel. 8-617-77751","og_url":"https:\/\/www.taisykla7.lt\/pl\/kia-navigacija\/","og_site_name":"Elektronikos remontas Vilniuje, Kaune, Klaip\u0117doje, \u0160iauliuose","article_modified_time":"2022-04-21T21:43:09+00:00","og_image":[{"url":"https:\/\/www.taisykla7.lt\/wp-content\/uploads\/2022\/04\/kia-navigacija-avn-usb.png","type":"","width":"","height":""}],"twitter_card":"summary_large_image","twitter_misc":{"Szacowany czas czytania":"2 minuty"},"schema":{"@context":"https:\/\/schema.org","@graph":[{"@type":"WebPage","@id":"https:\/\/www.taisykla7.lt\/kia-navigacija\/","url":"https:\/\/www.taisykla7.lt\/kia-navigacija\/","name":"KIA navigacija Elektronikos remontas Vilniuje, Kaune, Klaip\u0117doje, \u0160iauliuose","isPartOf":{"@id":"https:\/\/www.taisykla7.lt\/#website"},"primaryImageOfPage":{"@id":"https:\/\/www.taisykla7.lt\/kia-navigacija\/#primaryimage"},"image":{"@id":"https:\/\/www.taisykla7.lt\/kia-navigacija\/#primaryimage"},"thumbnailUrl":"https:\/\/www.taisykla7.lt\/wp-content\/uploads\/2022\/04\/kia-navigacija-avn-usb.png","datePublished":"2022-04-21T10:40:43+00:00","dateModified":"2022-04-21T21:43:09+00:00","description":"Nawigacja KIA Litwa, Europa. Najnowsze dyski, mapy. W Wilnie, Kownie, K\u0142ajpedzie, Szawlach. Tel. 8-617-77751","breadcrumb":{"@id":"https:\/\/www.taisykla7.lt\/kia-navigacija\/#breadcrumb"},"inLanguage":"pl-PL","potentialAction":[{"@type":"ReadAction","target":["https:\/\/www.taisykla7.lt\/kia-navigacija\/"]}]},{"@type":"ImageObject","inLanguage":"pl-PL","@id":"https:\/\/www.taisykla7.lt\/kia-navigacija\/#primaryimage","url":"https:\/\/www.taisykla7.lt\/wp-content\/uploads\/2022\/04\/kia-navigacija-avn-usb.png","contentUrl":"https:\/\/www.taisykla7.lt\/wp-content\/uploads\/2022\/04\/kia-navigacija-avn-usb.png"},{"@type":"BreadcrumbList","@id":"https:\/\/www.taisykla7.lt\/kia-navigacija\/#breadcrumb","itemListElement":[{"@type":"ListItem","position":1,"name":"Pagrindinis","item":"https:\/\/www.taisykla7.lt\/"},{"@type":"ListItem","position":2,"name":"KIA navigacija"}]},{"@type":"WebSite","@id":"https:\/\/www.taisykla7.lt\/#website","url":"https:\/\/www.taisykla7.lt\/","name":"Elektronikos remontas Vilniuje, Kaune, Klaip\u0117doje, \u0160iauliuose","description":"Naprawa telewizor\u00f3w, skuter\u00f3w, komputer\u00f3w, telefon\u00f3w, ekspres\u00f3w do kawy i innych urz\u0105dze\u0144.","publisher":{"@id":"https:\/\/www.taisykla7.lt\/#organization"},"potentialAction":[{"@type":"SearchAction","target":{"@type":"EntryPoint","urlTemplate":"https:\/\/www.taisykla7.lt\/?s={search_term_string}"},"query-input":{"@type":"PropertyValueSpecification","valueRequired":true,"valueName":"search_term_string"}}],"inLanguage":"pl-PL"},{"@type":"Organization","@id":"https:\/\/www.taisykla7.lt\/#organization","name":"Elektronikos remontas Vilniuje, Kaune, Klaip\u0117doje, \u0160iauliuose","url":"https:\/\/www.taisykla7.lt\/","logo":{"@type":"ImageObject","inLanguage":"pl-PL","@id":"https:\/\/www.taisykla7.lt\/#\/schema\/logo\/image\/","url":"https:\/\/www.taisykla7.lt\/wp-content\/uploads\/2022\/04\/taisykla7_logo.jpg","contentUrl":"https:\/\/www.taisykla7.lt\/wp-content\/uploads\/2022\/04\/taisykla7_logo.jpg","width":400,"height":100,"caption":"Elektronikos remontas Vilniuje, Kaune, Klaip\u0117doje, \u0160iauliuose"},"image":{"@id":"https:\/\/www.taisykla7.lt\/#\/schema\/logo\/image\/"}}]}},"uagb_featured_image_src":{"full":false,"thumbnail":false,"medium":false,"medium_large":false,"large":false,"1536x1536":false,"2048x2048":false,"trp-custom-language-flag":false,"neve-blog":false},"uagb_author_info":{"display_name":"admin","author_link":"https:\/\/www.taisykla7.lt\/pl\/author\/admin\/"},"uagb_comment_info":0,"uagb_excerpt":"KIA navigacija Lietuva, Europa. Naujausi diskai, \u017eem\u0117lapiai. KIA navigacija AVN USB (kodas k1) KIA navigacija CD (&#8220;Turn by Turn&#8221;) (kodas k2) KIA Sportage navigacija SD (kodas k3) KIA navigacija Lietuva ir Europa sistemoms AVN USB (kodas k1) Vidinio HDD atnaujinimas naujausiais \u017eem\u0117lapiaisAirija, Andora, Austrija, Belgija, \u010cekija, Danija, D. Britanija, Estija, Gibraltaras, Graikija, Ispanija, Italija, Kroatija,&hellip;&nbsp;Dowiedz&hellip;","_links":{"self":[{"href":"https:\/\/www.taisykla7.lt\/pl\/wp-json\/wp\/v2\/pages\/1186","targetHints":{"allow":["GET"]}}],"collection":[{"href":"https:\/\/www.taisykla7.lt\/pl\/wp-json\/wp\/v2\/pages"}],"about":[{"href":"https:\/\/www.taisykla7.lt\/pl\/wp-json\/wp\/v2\/types\/page"}],"author":[{"embeddable":true,"href":"https:\/\/www.taisykla7.lt\/pl\/wp-json\/wp\/v2\/users\/1"}],"replies":[{"embeddable":true,"href":"https:\/\/www.taisykla7.lt\/pl\/wp-json\/wp\/v2\/comments?post=1186"}],"version-history":[{"count":6,"href":"https:\/\/www.taisykla7.lt\/pl\/wp-json\/wp\/v2\/pages\/1186\/revisions"}],"predecessor-version":[{"id":1538,"href":"https:\/\/www.taisykla7.lt\/pl\/wp-json\/wp\/v2\/pages\/1186\/revisions\/1538"}],"wp:attachment":[{"href":"https:\/\/www.taisykla7.lt\/pl\/wp-json\/wp\/v2\/media?parent=1186"}],"curies":[{"name":"wp","href":"https:\/\/api.w.org\/{rel}","templated":true}]}}