{"id":1320,"date":"2022-04-21T15:31:26","date_gmt":"2022-04-21T13:31:26","guid":{"rendered":"https:\/\/www.taisykla7.lt\/?page_id=1320"},"modified":"2022-04-21T23:52:47","modified_gmt":"2022-04-21T21:52:47","slug":"saab-navigacija","status":"publish","type":"page","link":"https:\/\/www.taisykla7.lt\/pl\/saab-navigacija\/","title":{"rendered":"Nawigacja SAAB"},"content":{"rendered":"<ul class=\"wp-block-list\">\n<li><strong>Wilno<\/strong> - Kareivi\u0173 g. 11A \"RIMI\" <a href=\"tel:+37065577057\">+370-655-77057<\/a><\/li>\n\n\n\n<li><strong>Kowno<\/strong> - Savanori\u0173 pr. 155 <a href=\"tel:+37063969600\">+370-639-69600<\/a><\/li>\n\n\n\n<li><strong>K\u0142ajpeda<\/strong> - Sausio 15-osios str. 13 <a href=\"tel:+37064707741\">+370-647-07741<\/a><\/li>\n\n\n\n<li><strong>Szawle<\/strong> - Gegu\u017ei\u0173 g. 30 \"Arena\" <a href=\"tel:+37068229052\">+370-682-29052<\/a><\/li>\n<\/ul>\n\n\n\n<p><strong>Nawigacja SAAB Litwa, Europa. Najnowsze dyski, mapy.<\/strong><\/p>\n\n\n\n<p>Znajd\u017a sw\u00f3j system nawigacji samochodowej. W razie jakichkolwiek pyta\u0144 lub w\u0105tpliwo\u015bci prosimy o kontakt telefoniczny <a href=\"tel:861777751\">nasz mistrz nawigacji samochodowej pod numerem 8-617-77751<\/a> a my z przyjemno\u015bci\u0105 pomo\u017cemy.<\/p>\n\n\n\n<ul class=\"wp-block-list\"><li><strong>Nawigacja SAAB 9-5 Litwa i Europa dla Denso G00\/G01 (KNA 2200\/S\/) z DVD (kod s1)<\/strong><\/li><li><strong>Nawigacja SAAB 9-5 dla system\u00f3w Europa Denso G00\/G01 (KNA 2200\/S\/) z DVD (kod s2)<\/strong><\/li><li><strong>Nawigacja SAAB 9-5 Litwa i Europa dla system\u00f3w Denso z DVD (kod s3)<\/strong><\/li><li><strong>Nawigacja SAAB 9-3 Litwa i Europa dla system\u00f3w Aisin z DVD (kod s4)<\/strong><\/li><li><strong>Nawigacja SAAB dla Europy Aisin z dyskiem twardym (kod s5)<\/strong><\/li><\/ul>\n\n\n\n<h2 class=\"wp-block-heading\">Nawigacja SAAB 9-5 Litwa i Europa dla Denso G00\/G01 (KNA 2200\/S\/) z DVD (kod s1)<\/h2>\n\n\n\n<div class=\"wp-block-columns is-layout-flex wp-container-core-columns-is-layout-9d6595d7 wp-block-columns-is-layout-flex\">\n<div class=\"wp-block-column is-layout-flow wp-block-column-is-layout-flow\">\n<p><strong>DVD z najnowsz\u0105 p\u0142yt\u0105 nawigacyjn\u0105 z mapami:<\/strong><br>Albania, Bia\u0142oru\u015b, Bo\u015bnia i Hercegowina, Bu\u0142garia, Chorwacja, Czechy, Estonia, Grecja, W\u0119gry, \u0141otwa, <strong>Litwa (szczeg\u00f3\u0142y)<\/strong>Macedonia, Mo\u0142dawia, Polska, Rumunia, Serbia i Czarnog\u00f3ra, S\u0142owacja, S\u0142owenia, Ukraina<\/p>\n\n\n\n<p>System jest dost\u0119pny w nast\u0119puj\u0105cych samochodach:<\/p>\n\n\n\n<ul class=\"wp-block-list\"><li>SAAB 9-5 2002-2007<\/li><\/ul>\n<\/div>\n\n\n\n<div class=\"wp-block-column is-layout-flow wp-block-column-is-layout-flow\">\n<div class=\"wp-block-image\"><figure class=\"aligncenter size-full\"><img loading=\"lazy\" decoding=\"async\" width=\"292\" height=\"173\" src=\"https:\/\/www.taisykla7.lt\/wp-content\/uploads\/2022\/04\/SAAB-9-5-navigacija-Lietuva-ir-Europa-sistemoms-Denso-G00G01-KNA-2200S-su-DVD-kodas-s1.jpg\" alt=\"SAAB 9-5 navigacija Lietuva ir Europa sistemoms Denso G00\/G01 (KNA 2200\/S\/) su DVD (kodas s1)\" class=\"wp-image-1321\"\/><\/figure><\/div>\n<\/div>\n<\/div>\n\n\n\n<p><strong>Najnowsze mapy nawigacyjne | Najlepsza cena |<\/strong> Prosimy o kontakt z mistrzem nawigacji pod numerem tel. <strong><a href=\"tel:861777751\">8-617-77751<\/a><\/strong> <a href=\"\/pl\/kontaktai\/\"><strong>Wilno, Kowno, K\u0142ajpeda, Szawle<\/strong><\/a> a my z przyjemno\u015bci\u0105 odpowiemy na wszelkie pytania!<\/p><hr>\n\n\n\n<h2 class=\"wp-block-heading\">Nawigacja SAAB 9-5 dla system\u00f3w Europa Denso G00\/G01 (KNA 2200\/S\/) z DVD (kod s2)<\/h2>\n\n\n\n<div class=\"wp-block-columns is-layout-flex wp-container-core-columns-is-layout-9d6595d7 wp-block-columns-is-layout-flex\">\n<div class=\"wp-block-column is-layout-flow wp-block-column-is-layout-flow\">\n<p><strong>DVD1 najnowsza p\u0142yta nawigacyjna z mapami :<\/strong><br>Austria, Belgia, Szwajcaria, Czechy, Niemcy, Dania, Hiszpania, Francja, Finlandia, Liechtenstein, W\u0142ochy, Irlandia, Luksemburg, Monako, Norwegia, Holandia, Portugalia, San Marino, Szwecja, Wielka Brytania, Watykan<br><strong>DVD2 najnowsza p\u0142yta nawigacyjna z mapami :<\/strong><br>Austria, Andora, Belgia, Szwajcaria, Czechy, Niemcy, Dania, Hiszpania, Francja, Finlandia, Liechtenstein, W\u0142ochy, Irlandia, Luksemburg, Monako, Norwegia, Holandia, Portugalia, San Marino, Szwecja, Wielka Brytania, Watykan<br><strong>Najnowsza p\u0142yta nawigacyjna DVD3 z mapami:<\/strong><br>Austria, Andora, Belgia, Szwajcaria, Czechy, Niemcy, Dania, Hiszpania, Francja, Finlandia, Liechtenstein, W\u0142ochy, Irlandia, Luksemburg, Monako, Norwegia, Holandia, Portugalia, Polska, San Marino, Szwecja, Wielka Brytania, Watykan<\/p>\n\n\n\n<p>System jest dost\u0119pny w nast\u0119puj\u0105cych samochodach:<\/p>\n\n\n\n<ul class=\"wp-block-list\"><li>SAAB 9-5 2002-2007<\/li><\/ul>\n<\/div>\n\n\n\n<div class=\"wp-block-column is-layout-flow wp-block-column-is-layout-flow\">\n<div class=\"wp-block-image\"><figure class=\"aligncenter size-full\"><img loading=\"lazy\" decoding=\"async\" width=\"292\" height=\"173\" src=\"https:\/\/www.taisykla7.lt\/wp-content\/uploads\/2022\/04\/SAAB-9-5-navigacija-Lietuva-ir-Europa-sistemoms-Denso-G00G01-KNA-2200S-su-DVD-kodas-s1.jpg\" alt=\"SAAB 9-5 navigacija Europa sistemoms Denso G00\/G01 (KNA 2200\/S\/) su DVD (kodas s2)\" class=\"wp-image-1321\"\/><\/figure><\/div>\n<\/div>\n<\/div>\n\n\n\n<p><strong>Najnowsze mapy nawigacyjne | Najlepsza cena |<\/strong> Prosimy o kontakt z mistrzem nawigacji pod numerem tel. <strong><a href=\"tel:861777751\">8-617-77751<\/a><\/strong> <a href=\"\/pl\/kontaktai\/\"><strong>Wilno, Kowno, K\u0142ajpeda, Szawle<\/strong><\/a> a my z przyjemno\u015bci\u0105 odpowiemy na wszelkie pytania!<\/p><hr>\n\n\n\n<h2 class=\"wp-block-heading\">Nawigacja SAAB 9-5 Litwa i Europa dla system\u00f3w Denso z DVD (kod s3)<\/h2>\n\n\n\n<div class=\"wp-block-columns is-layout-flex wp-container-core-columns-is-layout-9d6595d7 wp-block-columns-is-layout-flex\">\n<div class=\"wp-block-column is-layout-flow wp-block-column-is-layout-flow\">\n<p><strong>DVD1 najnowsza p\u0142yta nawigacyjna z mapami :<\/strong><br>Austria, Belgia, Szwajcaria, Czechy, Niemcy, Dania, Hiszpania, Francja, Finlandia, Liechtenstein, W\u0142ochy, Irlandia, Luksemburg, Monako, Norwegia, Holandia, Portugalia, San Marino, Szwecja, Wielka Brytania, Watykan<br><strong>DVD2 najnowsza p\u0142yta nawigacyjna z mapami :<\/strong><br>Andora, Francja, Irlandia, Monako, Portugalia, Hiszpania, Wielka Brytania<br><strong>Najnowsza p\u0142yta nawigacyjna DVD3 z mapami:<\/strong><br>najnowsza p\u0142yta nawigacyjna z mapami Albanii, Austrii, Bia\u0142orusi, Bo\u015bni i Hercegowiny, Bu\u0142garii, Chorwacji, Czech, Estonii, Niemiec, Grecji, W\u0119gier, \u0141otwy, <strong>Litwa (szczeg\u00f3\u0142y)<\/strong>Macedonia, Mo\u0142dawia, Czarnog\u00f3ra, Polska, Rumunia, Serbia, S\u0142owacja, S\u0142owenia, Turcja, Ukraina<\/p>\n\n\n\n<p>System jest dost\u0119pny w nast\u0119puj\u0105cych samochodach:<\/p>\n\n\n\n<ul class=\"wp-block-list\"><li>SAAB 9-5 2004-2009<\/li><\/ul>\n<\/div>\n\n\n\n<div class=\"wp-block-column is-layout-flow wp-block-column-is-layout-flow\">\n<div class=\"wp-block-image\"><figure class=\"aligncenter size-full\"><img loading=\"lazy\" decoding=\"async\" width=\"260\" height=\"348\" src=\"https:\/\/www.taisykla7.lt\/wp-content\/uploads\/2022\/04\/SAAB-9-5-navigacija-Lietuva-ir-Europa-sistemoms-Denso-su-DVD-kodas-s3.jpg\" alt=\"SAAB 9-5 navigacija Lietuva ir Europa sistemoms Denso su DVD (kodas s3)\" class=\"wp-image-1323\" srcset=\"https:\/\/www.taisykla7.lt\/wp-content\/uploads\/2022\/04\/SAAB-9-5-navigacija-Lietuva-ir-Europa-sistemoms-Denso-su-DVD-kodas-s3.jpg 260w, https:\/\/www.taisykla7.lt\/wp-content\/uploads\/2022\/04\/SAAB-9-5-navigacija-Lietuva-ir-Europa-sistemoms-Denso-su-DVD-kodas-s3-224x300.jpg 224w\" sizes=\"auto, (max-width: 260px) 100vw, 260px\" \/><\/figure><\/div>\n<\/div>\n<\/div>\n\n\n\n<p><strong>Najnowsze mapy nawigacyjne | Najlepsza cena |<\/strong> Prosimy o kontakt z mistrzem nawigacji pod numerem tel. <strong><a href=\"tel:861777751\">8-617-77751<\/a><\/strong> <a href=\"\/pl\/kontaktai\/\"><strong>Wilno, Kowno, K\u0142ajpeda, Szawle<\/strong><\/a> a my z przyjemno\u015bci\u0105 odpowiemy na wszelkie pytania!<\/p><hr>\n\n\n\n<h2 class=\"wp-block-heading\">Nawigacja SAAB 9-3 Litwa i Europa dla system\u00f3w Aisin z DVD (kod s4)<\/h2>\n\n\n\n<div class=\"wp-block-columns is-layout-flex wp-container-core-columns-is-layout-9d6595d7 wp-block-columns-is-layout-flex\">\n<div class=\"wp-block-column is-layout-flow wp-block-column-is-layout-flow\">\n<p><strong>DVD1 najnowsza p\u0142yta nawigacyjna z mapami :<\/strong><br>Rosja, Ukraina, Czechy, Estonia, Finlandia, W\u0119gry, <strong>Litwa (szczeg\u00f3\u0142y)<\/strong>\u0141otwa, Polska, Rumunia, S\u0142owacja<br><strong>DVD2 najnowsza p\u0142yta nawigacyjna z mapami :<\/strong><br>Wielka Brytania, Irlandia, Holandia, Belgia, Luksemburg, Portugalia, Hiszpania, Andora, Francja, Szwajcaria, Islandia, Liechtenstein, W\u0142ochy, San Marino, Watykan, Monako oraz wyspy Sardynia, Sycylia i Korsyka.<br><strong>Najnowsza p\u0142yta nawigacyjna DVD3 z mapami:<\/strong><br>Austria, Bu\u0142garia, Chorwacja, Czechy, Grecja, W\u0119gry, Liechtenstein, W\u0142ochy, Luksemburg, Monako, Polska, Rumunia, San Marino, S\u0142owacja, S\u0142owenia, Turcja, Szwajcaria, Watykan, Ukraina<br><strong>DVD4 najnowsza p\u0142yta nawigacyjna z mapami:<\/strong><br>Niemcy, Austria, Belgia, Szwajcaria, Liechtenstein, Luksemburg, Holandia, Szwecja, Norwegia, Dania, Finlandia, Polska, <strong>Litwa (szczeg\u00f3\u0142y)<\/strong>\u0141otwa, Estonia, Czechy, S\u0142owacja<\/p>\n\n\n\n<p>System jest dost\u0119pny w nast\u0119puj\u0105cych samochodach:<\/p>\n\n\n\n<ul class=\"wp-block-list\"><li>SAAB 9-3 2005-2009<\/li><\/ul>\n<\/div>\n\n\n\n<div class=\"wp-block-column is-layout-flow wp-block-column-is-layout-flow\">\n<div class=\"wp-block-image\"><figure class=\"aligncenter size-full\"><img loading=\"lazy\" decoding=\"async\" width=\"360\" height=\"270\" src=\"https:\/\/www.taisykla7.lt\/wp-content\/uploads\/2022\/04\/SAAB-9-3-navigacija-Lietuva-ir-Europa-sistemoms-Aisin-su-DVD-kodas-s4.jpg\" alt=\"SAAB 9-3 navigacija Lietuva ir Europa sistemoms Aisin su DVD (kodas s4)\" class=\"wp-image-1325\" srcset=\"https:\/\/www.taisykla7.lt\/wp-content\/uploads\/2022\/04\/SAAB-9-3-navigacija-Lietuva-ir-Europa-sistemoms-Aisin-su-DVD-kodas-s4.jpg 360w, https:\/\/www.taisykla7.lt\/wp-content\/uploads\/2022\/04\/SAAB-9-3-navigacija-Lietuva-ir-Europa-sistemoms-Aisin-su-DVD-kodas-s4-300x225.jpg 300w\" sizes=\"auto, (max-width: 360px) 100vw, 360px\" \/><\/figure><\/div>\n<\/div>\n<\/div>\n\n\n\n<p><strong>Najnowsze mapy nawigacyjne | Najlepsza cena |<\/strong> Prosimy o kontakt z mistrzem nawigacji pod numerem tel. <strong><a href=\"tel:861777751\">8-617-77751<\/a><\/strong> <a href=\"\/pl\/kontaktai\/\"><strong>Wilno, Kowno, K\u0142ajpeda, Szawle<\/strong><\/a> a my z przyjemno\u015bci\u0105 odpowiemy na wszelkie pytania!<\/p><hr>\n\n\n\n<h2 class=\"wp-block-heading\">Nawigacja SAAB dla Europy Aisin z dyskiem twardym (kod s5)<\/h2>\n\n\n\n<div class=\"wp-block-columns is-layout-flex wp-container-core-columns-is-layout-9d6595d7 wp-block-columns-is-layout-flex\">\n<div class=\"wp-block-column is-layout-flow wp-block-column-is-layout-flow\">\n<p><strong>Aktualizacja dysku twardego - najnowsze mapy nawigacyjne:<\/strong> Austria, Belgia, Czechy, Dania, Finlandia, Francja, Niemcy, Irlandia, W\u0142ochy, Luksemburg, Holandia, Norwegia, Portugalia, Hiszpania, Szwecja, Szwajcaria, Wielka Brytania<\/p>\n\n\n\n<p>System jest dost\u0119pny w nast\u0119puj\u0105cych samochodach:<\/p>\n\n\n\n<ul class=\"wp-block-list\"><li>SAAB 9-5 2010-2012<\/li><li>(Chevrolet Volt 2011-2013 \/ Opel Ampera 2011-2013)<\/li><\/ul>\n<\/div>\n\n\n\n<div class=\"wp-block-column is-layout-flow wp-block-column-is-layout-flow\">\n<div class=\"wp-block-image\"><figure class=\"aligncenter size-full\"><img loading=\"lazy\" decoding=\"async\" width=\"401\" height=\"301\" src=\"https:\/\/www.taisykla7.lt\/wp-content\/uploads\/2022\/04\/SAAB-navigacija-Europa-sistemoms-Aisin-su-HDD-kodas-s5.jpg\" alt=\"SAAB navigacija Europa sistemoms Aisin su HDD (kodas s5)\" class=\"wp-image-1326\" srcset=\"https:\/\/www.taisykla7.lt\/wp-content\/uploads\/2022\/04\/SAAB-navigacija-Europa-sistemoms-Aisin-su-HDD-kodas-s5.jpg 401w, https:\/\/www.taisykla7.lt\/wp-content\/uploads\/2022\/04\/SAAB-navigacija-Europa-sistemoms-Aisin-su-HDD-kodas-s5-300x225.jpg 300w\" sizes=\"auto, (max-width: 401px) 100vw, 401px\" \/><figcaption>na<\/figcaption><\/figure><\/div>\n<\/div>\n<\/div>\n\n\n\n<p><strong>Najnowsze mapy nawigacyjne | Najlepsza cena |<\/strong> Prosimy o kontakt z mistrzem nawigacji pod numerem tel. <strong><a href=\"tel:861777751\">8-617-77751<\/a><\/strong> <a href=\"\/pl\/kontaktai\/\"><strong>Wilno, Kowno, K\u0142ajpeda, Szawle<\/strong><\/a> a my z przyjemno\u015bci\u0105 odpowiemy na wszelkie pytania!<\/p><hr>","protected":false},"excerpt":{"rendered":"<p>Nawigacja SAAB Litwa, Europa. Najnowsze p\u0142yty, mapy. SAAB 9-5 nawigacja Litwa i Europa dla Denso G00\/G01 (KNA 2200\/S\/) z DVD (kod s1) SAAB 9-5 nawigacja Europa dla Denso G00\/G01 (KNA 2200\/S\/) z DVD (kod s2) SAAB 9-5 nawigacja Litwa i Europa dla Denso z DVD (kod s3) SAAB 9-3 nawigacja Litwa i Europa dla Aisin...&nbsp;<a href=\"https:\/\/www.taisykla7.lt\/pl\/saab-navigacija\/\" rel=\"bookmark\">Dowiedz si\u0119 wi\u0119cej &raquo;<span class=\"screen-reader-text\">Nawigacja SAAB<\/span><\/a><\/p>","protected":false},"author":1,"featured_media":0,"parent":0,"menu_order":0,"comment_status":"closed","ping_status":"closed","template":"","meta":{"_uag_custom_page_level_css":"","neve_meta_sidebar":"","neve_meta_container":"","neve_meta_enable_content_width":"","neve_meta_content_width":0,"neve_meta_title_alignment":"","neve_meta_author_avatar":"","neve_post_elements_order":"","neve_meta_disable_header":"","neve_meta_disable_footer":"","neve_meta_disable_title":"","footnotes":""},"class_list":["post-1320","page","type-page","status-publish","hentry"],"yoast_head":"<!-- This site is optimized with the Yoast SEO plugin v27.5 - https:\/\/yoast.com\/product\/yoast-seo-wordpress\/ -->\n<title>SAAB navigacija Elektronikos remontas Vilniuje, Kaune, Klaip\u0117doje, \u0160iauliuose<\/title>\n<meta name=\"description\" content=\"SAAB navigacija Lietuva, Europa. Naujausi diskai, \u017eem\u0117lapiai. Vilniuje, Kaune, Klaip\u0117doje, \u0160iauliuose. Tel. 8-617-77751\" \/>\n<meta name=\"robots\" content=\"index, follow, max-snippet:-1, max-image-preview:large, max-video-preview:-1\" \/>\n<link rel=\"canonical\" href=\"https:\/\/www.taisykla7.lt\/pl\/saab-navigacija\/\" \/>\n<meta property=\"og:locale\" content=\"pl_PL\" \/>\n<meta property=\"og:type\" content=\"article\" \/>\n<meta property=\"og:title\" content=\"SAAB navigacija Elektronikos remontas Vilniuje, Kaune, Klaip\u0117doje, \u0160iauliuose\" \/>\n<meta property=\"og:description\" content=\"SAAB navigacija Lietuva, Europa. Naujausi diskai, \u017eem\u0117lapiai. Vilniuje, Kaune, Klaip\u0117doje, \u0160iauliuose. Tel. 8-617-77751\" \/>\n<meta property=\"og:url\" content=\"https:\/\/www.taisykla7.lt\/pl\/saab-navigacija\/\" \/>\n<meta property=\"og:site_name\" content=\"Elektronikos remontas Vilniuje, Kaune, Klaip\u0117doje, \u0160iauliuose\" \/>\n<meta property=\"article:modified_time\" content=\"2022-04-21T21:52:47+00:00\" \/>\n<meta property=\"og:image\" content=\"https:\/\/www.taisykla7.lt\/wp-content\/uploads\/2022\/04\/SAAB-9-5-navigacija-Lietuva-ir-Europa-sistemoms-Denso-G00G01-KNA-2200S-su-DVD-kodas-s1.jpg\" \/>\n<meta name=\"twitter:card\" content=\"summary_large_image\" \/>\n<meta name=\"twitter:label1\" content=\"Szacowany czas czytania\" \/>\n\t<meta name=\"twitter:data1\" content=\"4 minuty\" \/>\n<script type=\"application\/ld+json\" class=\"yoast-schema-graph\">{\"@context\":\"https:\\\/\\\/schema.org\",\"@graph\":[{\"@type\":\"WebPage\",\"@id\":\"https:\\\/\\\/www.taisykla7.lt\\\/saab-navigacija\\\/\",\"url\":\"https:\\\/\\\/www.taisykla7.lt\\\/saab-navigacija\\\/\",\"name\":\"SAAB navigacija Elektronikos remontas Vilniuje, Kaune, Klaip\u0117doje, \u0160iauliuose\",\"isPartOf\":{\"@id\":\"https:\\\/\\\/www.taisykla7.lt\\\/#website\"},\"primaryImageOfPage\":{\"@id\":\"https:\\\/\\\/www.taisykla7.lt\\\/saab-navigacija\\\/#primaryimage\"},\"image\":{\"@id\":\"https:\\\/\\\/www.taisykla7.lt\\\/saab-navigacija\\\/#primaryimage\"},\"thumbnailUrl\":\"https:\\\/\\\/www.taisykla7.lt\\\/wp-content\\\/uploads\\\/2022\\\/04\\\/SAAB-9-5-navigacija-Lietuva-ir-Europa-sistemoms-Denso-G00G01-KNA-2200S-su-DVD-kodas-s1.jpg\",\"datePublished\":\"2022-04-21T13:31:26+00:00\",\"dateModified\":\"2022-04-21T21:52:47+00:00\",\"description\":\"SAAB navigacija Lietuva, Europa. Naujausi diskai, \u017eem\u0117lapiai. Vilniuje, Kaune, Klaip\u0117doje, \u0160iauliuose. Tel. 8-617-77751\",\"breadcrumb\":{\"@id\":\"https:\\\/\\\/www.taisykla7.lt\\\/saab-navigacija\\\/#breadcrumb\"},\"inLanguage\":\"pl-PL\",\"potentialAction\":[{\"@type\":\"ReadAction\",\"target\":[\"https:\\\/\\\/www.taisykla7.lt\\\/saab-navigacija\\\/\"]}]},{\"@type\":\"ImageObject\",\"inLanguage\":\"pl-PL\",\"@id\":\"https:\\\/\\\/www.taisykla7.lt\\\/saab-navigacija\\\/#primaryimage\",\"url\":\"https:\\\/\\\/www.taisykla7.lt\\\/wp-content\\\/uploads\\\/2022\\\/04\\\/SAAB-9-5-navigacija-Lietuva-ir-Europa-sistemoms-Denso-G00G01-KNA-2200S-su-DVD-kodas-s1.jpg\",\"contentUrl\":\"https:\\\/\\\/www.taisykla7.lt\\\/wp-content\\\/uploads\\\/2022\\\/04\\\/SAAB-9-5-navigacija-Lietuva-ir-Europa-sistemoms-Denso-G00G01-KNA-2200S-su-DVD-kodas-s1.jpg\"},{\"@type\":\"BreadcrumbList\",\"@id\":\"https:\\\/\\\/www.taisykla7.lt\\\/saab-navigacija\\\/#breadcrumb\",\"itemListElement\":[{\"@type\":\"ListItem\",\"position\":1,\"name\":\"Pagrindinis\",\"item\":\"https:\\\/\\\/www.taisykla7.lt\\\/\"},{\"@type\":\"ListItem\",\"position\":2,\"name\":\"SAAB navigacija\"}]},{\"@type\":\"WebSite\",\"@id\":\"https:\\\/\\\/www.taisykla7.lt\\\/#website\",\"url\":\"https:\\\/\\\/www.taisykla7.lt\\\/\",\"name\":\"Elektronikos remontas Vilniuje, Kaune, Klaip\u0117doje, \u0160iauliuose\",\"description\":\"Televizori\u0173, paspirtuk\u0173, kompiuteri\u0173, telefon\u0173, kavos aparat\u0173 ir kitos technikos remontas \\\/ taisykla\",\"publisher\":{\"@id\":\"https:\\\/\\\/www.taisykla7.lt\\\/#organization\"},\"potentialAction\":[{\"@type\":\"SearchAction\",\"target\":{\"@type\":\"EntryPoint\",\"urlTemplate\":\"https:\\\/\\\/www.taisykla7.lt\\\/?s={search_term_string}\"},\"query-input\":{\"@type\":\"PropertyValueSpecification\",\"valueRequired\":true,\"valueName\":\"search_term_string\"}}],\"inLanguage\":\"pl-PL\"},{\"@type\":\"Organization\",\"@id\":\"https:\\\/\\\/www.taisykla7.lt\\\/#organization\",\"name\":\"Elektronikos remontas Vilniuje, Kaune, Klaip\u0117doje, \u0160iauliuose\",\"url\":\"https:\\\/\\\/www.taisykla7.lt\\\/\",\"logo\":{\"@type\":\"ImageObject\",\"inLanguage\":\"pl-PL\",\"@id\":\"https:\\\/\\\/www.taisykla7.lt\\\/#\\\/schema\\\/logo\\\/image\\\/\",\"url\":\"https:\\\/\\\/www.taisykla7.lt\\\/wp-content\\\/uploads\\\/2022\\\/04\\\/taisykla7_logo.jpg\",\"contentUrl\":\"https:\\\/\\\/www.taisykla7.lt\\\/wp-content\\\/uploads\\\/2022\\\/04\\\/taisykla7_logo.jpg\",\"width\":400,\"height\":100,\"caption\":\"Elektronikos remontas Vilniuje, Kaune, Klaip\u0117doje, \u0160iauliuose\"},\"image\":{\"@id\":\"https:\\\/\\\/www.taisykla7.lt\\\/#\\\/schema\\\/logo\\\/image\\\/\"}}]}<\/script>\n<!-- \/ Yoast SEO plugin. -->","yoast_head_json":{"title":"SAAB navigacija Elektronikos remontas Vilniuje, Kaune, Klaip\u0117doje, \u0160iauliuose","description":"Nawigacja SAAB Litwa, Europa. Najnowsze dyski, mapy. W Wilnie, Kownie, K\u0142ajpedzie, Szawlach. Tel. 8-617-77751","robots":{"index":"index","follow":"follow","max-snippet":"max-snippet:-1","max-image-preview":"max-image-preview:large","max-video-preview":"max-video-preview:-1"},"canonical":"https:\/\/www.taisykla7.lt\/pl\/saab-navigacija\/","og_locale":"pl_PL","og_type":"article","og_title":"SAAB navigacija Elektronikos remontas Vilniuje, Kaune, Klaip\u0117doje, \u0160iauliuose","og_description":"SAAB navigacija Lietuva, Europa. Naujausi diskai, \u017eem\u0117lapiai. Vilniuje, Kaune, Klaip\u0117doje, \u0160iauliuose. Tel. 8-617-77751","og_url":"https:\/\/www.taisykla7.lt\/pl\/saab-navigacija\/","og_site_name":"Elektronikos remontas Vilniuje, Kaune, Klaip\u0117doje, \u0160iauliuose","article_modified_time":"2022-04-21T21:52:47+00:00","og_image":[{"url":"https:\/\/www.taisykla7.lt\/wp-content\/uploads\/2022\/04\/SAAB-9-5-navigacija-Lietuva-ir-Europa-sistemoms-Denso-G00G01-KNA-2200S-su-DVD-kodas-s1.jpg","type":"","width":"","height":""}],"twitter_card":"summary_large_image","twitter_misc":{"Szacowany czas czytania":"4 minuty"},"schema":{"@context":"https:\/\/schema.org","@graph":[{"@type":"WebPage","@id":"https:\/\/www.taisykla7.lt\/saab-navigacija\/","url":"https:\/\/www.taisykla7.lt\/saab-navigacija\/","name":"SAAB navigacija Elektronikos remontas Vilniuje, Kaune, Klaip\u0117doje, \u0160iauliuose","isPartOf":{"@id":"https:\/\/www.taisykla7.lt\/#website"},"primaryImageOfPage":{"@id":"https:\/\/www.taisykla7.lt\/saab-navigacija\/#primaryimage"},"image":{"@id":"https:\/\/www.taisykla7.lt\/saab-navigacija\/#primaryimage"},"thumbnailUrl":"https:\/\/www.taisykla7.lt\/wp-content\/uploads\/2022\/04\/SAAB-9-5-navigacija-Lietuva-ir-Europa-sistemoms-Denso-G00G01-KNA-2200S-su-DVD-kodas-s1.jpg","datePublished":"2022-04-21T13:31:26+00:00","dateModified":"2022-04-21T21:52:47+00:00","description":"Nawigacja SAAB Litwa, Europa. Najnowsze dyski, mapy. W Wilnie, Kownie, K\u0142ajpedzie, Szawlach. Tel. 8-617-77751","breadcrumb":{"@id":"https:\/\/www.taisykla7.lt\/saab-navigacija\/#breadcrumb"},"inLanguage":"pl-PL","potentialAction":[{"@type":"ReadAction","target":["https:\/\/www.taisykla7.lt\/saab-navigacija\/"]}]},{"@type":"ImageObject","inLanguage":"pl-PL","@id":"https:\/\/www.taisykla7.lt\/saab-navigacija\/#primaryimage","url":"https:\/\/www.taisykla7.lt\/wp-content\/uploads\/2022\/04\/SAAB-9-5-navigacija-Lietuva-ir-Europa-sistemoms-Denso-G00G01-KNA-2200S-su-DVD-kodas-s1.jpg","contentUrl":"https:\/\/www.taisykla7.lt\/wp-content\/uploads\/2022\/04\/SAAB-9-5-navigacija-Lietuva-ir-Europa-sistemoms-Denso-G00G01-KNA-2200S-su-DVD-kodas-s1.jpg"},{"@type":"BreadcrumbList","@id":"https:\/\/www.taisykla7.lt\/saab-navigacija\/#breadcrumb","itemListElement":[{"@type":"ListItem","position":1,"name":"Pagrindinis","item":"https:\/\/www.taisykla7.lt\/"},{"@type":"ListItem","position":2,"name":"SAAB navigacija"}]},{"@type":"WebSite","@id":"https:\/\/www.taisykla7.lt\/#website","url":"https:\/\/www.taisykla7.lt\/","name":"Elektronikos remontas Vilniuje, Kaune, Klaip\u0117doje, \u0160iauliuose","description":"Naprawa telewizor\u00f3w, skuter\u00f3w, komputer\u00f3w, telefon\u00f3w, ekspres\u00f3w do kawy i innych urz\u0105dze\u0144.","publisher":{"@id":"https:\/\/www.taisykla7.lt\/#organization"},"potentialAction":[{"@type":"SearchAction","target":{"@type":"EntryPoint","urlTemplate":"https:\/\/www.taisykla7.lt\/?s={search_term_string}"},"query-input":{"@type":"PropertyValueSpecification","valueRequired":true,"valueName":"search_term_string"}}],"inLanguage":"pl-PL"},{"@type":"Organization","@id":"https:\/\/www.taisykla7.lt\/#organization","name":"Elektronikos remontas Vilniuje, Kaune, Klaip\u0117doje, \u0160iauliuose","url":"https:\/\/www.taisykla7.lt\/","logo":{"@type":"ImageObject","inLanguage":"pl-PL","@id":"https:\/\/www.taisykla7.lt\/#\/schema\/logo\/image\/","url":"https:\/\/www.taisykla7.lt\/wp-content\/uploads\/2022\/04\/taisykla7_logo.jpg","contentUrl":"https:\/\/www.taisykla7.lt\/wp-content\/uploads\/2022\/04\/taisykla7_logo.jpg","width":400,"height":100,"caption":"Elektronikos remontas Vilniuje, Kaune, Klaip\u0117doje, \u0160iauliuose"},"image":{"@id":"https:\/\/www.taisykla7.lt\/#\/schema\/logo\/image\/"}}]}},"uagb_featured_image_src":{"full":false,"thumbnail":false,"medium":false,"medium_large":false,"large":false,"1536x1536":false,"2048x2048":false,"trp-custom-language-flag":false,"neve-blog":false},"uagb_author_info":{"display_name":"admin","author_link":"https:\/\/www.taisykla7.lt\/pl\/author\/admin\/"},"uagb_comment_info":0,"uagb_excerpt":"SAAB navigacija Lietuva, Europa. Naujausi diskai, \u017eem\u0117lapiai. SAAB 9-5 navigacija Lietuva ir Europa sistemoms Denso G00\/G01 (KNA 2200\/S\/) su DVD (kodas s1) SAAB 9-5 navigacija Europa sistemoms Denso G00\/G01 (KNA 2200\/S\/) su DVD (kodas s2) SAAB 9-5 navigacija Lietuva ir Europa sistemoms Denso su DVD (kodas s3) SAAB 9-3 navigacija Lietuva ir Europa sistemoms Aisin&hellip;&nbsp;Dowiedz&hellip;","_links":{"self":[{"href":"https:\/\/www.taisykla7.lt\/pl\/wp-json\/wp\/v2\/pages\/1320","targetHints":{"allow":["GET"]}}],"collection":[{"href":"https:\/\/www.taisykla7.lt\/pl\/wp-json\/wp\/v2\/pages"}],"about":[{"href":"https:\/\/www.taisykla7.lt\/pl\/wp-json\/wp\/v2\/types\/page"}],"author":[{"embeddable":true,"href":"https:\/\/www.taisykla7.lt\/pl\/wp-json\/wp\/v2\/users\/1"}],"replies":[{"embeddable":true,"href":"https:\/\/www.taisykla7.lt\/pl\/wp-json\/wp\/v2\/comments?post=1320"}],"version-history":[{"count":4,"href":"https:\/\/www.taisykla7.lt\/pl\/wp-json\/wp\/v2\/pages\/1320\/revisions"}],"predecessor-version":[{"id":1552,"href":"https:\/\/www.taisykla7.lt\/pl\/wp-json\/wp\/v2\/pages\/1320\/revisions\/1552"}],"wp:attachment":[{"href":"https:\/\/www.taisykla7.lt\/pl\/wp-json\/wp\/v2\/media?parent=1320"}],"curies":[{"name":"wp","href":"https:\/\/api.w.org\/{rel}","templated":true}]}}