{"id":1337,"date":"2022-04-21T15:56:19","date_gmt":"2022-04-21T13:56:19","guid":{"rendered":"https:\/\/www.taisykla7.lt\/?page_id=1337"},"modified":"2022-04-21T23:53:49","modified_gmt":"2022-04-21T21:53:49","slug":"skoda-navigacija","status":"publish","type":"page","link":"https:\/\/www.taisykla7.lt\/pl\/skoda-navigacija\/","title":{"rendered":"Nawigacja \u0160KODA"},"content":{"rendered":"<ul class=\"wp-block-list\">\n<li><strong>Wilno<\/strong> - Kareivi\u0173 g. 11A \"RIMI\" <a href=\"tel:+37065577057\">+370-655-77057<\/a><\/li>\n\n\n\n<li><strong>Kowno<\/strong> - Savanori\u0173 pr. 155 <a href=\"tel:+37063969600\">+370-639-69600<\/a><\/li>\n\n\n\n<li><strong>K\u0142ajpeda<\/strong> - Sausio 15-osios str. 13 <a href=\"tel:+37064707741\">+370-647-07741<\/a><\/li>\n\n\n\n<li><strong>Szawle<\/strong> - Gegu\u017ei\u0173 g. 30 \"Arena\" <a href=\"tel:+37068229052\">+370-682-29052<\/a><\/li>\n<\/ul>\n\n\n\n<p><strong>\u0160KODA Navigation Litwa, Europa.<\/strong> <strong>Najnowsze dyski, mapy.<\/strong><\/p>\n\n\n\n<p>Znajd\u017a sw\u00f3j system nawigacji samochodowej. W razie jakichkolwiek pyta\u0144 lub w\u0105tpliwo\u015bci prosimy o kontakt telefoniczny <a href=\"tel:861777751\">nasz mistrz nawigacji samochodowej pod numerem 8-617-77751<\/a> a my z przyjemno\u015bci\u0105 pomo\u017cemy.<\/p>\n\n\n\n<ul class=\"wp-block-list\"><li><strong>Nawigacja \u0160KODA Litwa i Europa dla RNS Trinax Columbus z DVD (kod sk1)<\/strong><\/li><li><strong>Nawigacja \u0160KODA na Litw\u0119 i Europ\u0119 dla RNS Amundsen z SD (kod sk2)<\/strong><\/li><li><strong>Nawigacja \u0160KODA na Litw\u0119 i Europ\u0119 dla Blaupunkt RNS Amundsen+ z SD (kod sk3)<\/strong><\/li><li><strong>System nawigacji \u0160KODA Nexus DX z CD dla system\u00f3w Europa (kod sk4)<\/strong><\/li><\/ul>\n\n\n\n<h2 class=\"wp-block-heading\">Nawigacja \u0160KODA Litwa i Europa dla RNS Trinax Columbus z DVD (kod sk1)<\/h2>\n\n\n\n<div class=\"wp-block-columns is-layout-flex wp-container-core-columns-is-layout-9d6595d7 wp-block-columns-is-layout-flex\">\n<div class=\"wp-block-column is-layout-flow wp-block-column-is-layout-flow\">\n<p><strong>DVD1 najnowsza p\u0142yta nawigacyjna z mapami:<\/strong><br>Andora, Austria, Belgia, Czechy, Dania, Finlandia, Francja, Grecja, Hiszpania, Holandia, Irlandia, Gibraltar, Liechtenstein, Luksemburg, Niemcy, Polska, Monako, Norwegia, Portugalia, S\u0142owacja, Szwajcaria, Szwecja, Watykan, W\u0119gry, Wielka Brytania, W\u0142ochy.<br><strong>DVD2 najnowsza p\u0142yta nawigacyjna z mapami:<\/strong><br>Albania, Austria, Bia\u0142oru\u015b, Bu\u0142garia, Bo\u015bnia i Hercegowina, Czechy, Dania, Estonia, Grecja, W\u0142ochy, Czarnog\u00f3ra, Chorwacja, Polska, \u0141otwa, <strong>Litwa (szczeg\u00f3\u0142y)<\/strong> Rumunia, Serbia, S\u0142owacja, S\u0142owenia, Finlandia, Szwajcaria, Szwecja, W\u0119gry, Niemcy<\/p>\n\n\n\n<p>System jest dost\u0119pny w nast\u0119puj\u0105cych samochodach:<\/p>\n\n\n\n<ul class=\"wp-block-list\"><li>\u0160koda Superb od 2007 roku<\/li><li>\u0160koda Octavia od 2007 roku<\/li><li>\u0160koda Rapid od 2007 roku<\/li><li>\u0160koda Roomster od 2007 roku<\/li><li>\u0160koda Fabia od 2007 roku<\/li><li>\u0160koda Yeti od 2007 roku<\/li><\/ul>\n<\/div>\n\n\n\n<div class=\"wp-block-column is-layout-flow wp-block-column-is-layout-flow\">\n<div class=\"wp-block-image\"><figure class=\"aligncenter size-full\"><img loading=\"lazy\" decoding=\"async\" width=\"237\" height=\"178\" src=\"https:\/\/www.taisykla7.lt\/wp-content\/uploads\/2022\/04\/SKODA-navigacija-Lietuva-ir-Europa-sistemoms-RNS-Trinax-Columbus-su-DVD-kodas-sk1.jpg\" alt=\"\u0160KODA navigacija Lietuva ir Europa sistemoms RNS Trinax Columbus su DVD (kodas sk1)\" class=\"wp-image-1338\"\/><\/figure><\/div>\n<\/div>\n<\/div>\n\n\n\n<p><strong>Najnowsze mapy nawigacyjne | Najlepsza cena |<\/strong> Prosimy o kontakt z mistrzem nawigacji pod numerem tel. <strong><a href=\"tel:861777751\">8-617-77751<\/a><\/strong> <a href=\"\/pl\/kontaktai\/\"><strong>Wilno, Kowno, K\u0142ajpeda, Szawle<\/strong><\/a> a my z przyjemno\u015bci\u0105 odpowiemy na wszelkie pytania!<\/p><hr>\n\n\n\n<h2 class=\"wp-block-heading\">Nawigacja \u0160KODA Litwa i Europa dla Blaupunkt RNS Amundsen z SD (kod sk2)<\/h2>\n\n\n\n<div class=\"wp-block-columns is-layout-flex wp-container-core-columns-is-layout-9d6595d7 wp-block-columns-is-layout-flex\">\n<div class=\"wp-block-column is-layout-flow wp-block-column-is-layout-flow\">\n<p><strong>SD1 najnowsza nawigacyjna karta SD z mapami<\/strong><br>Andora, Austria, Belgia, Czechy, Dania, Finlandia, Francja, Grecja, Hiszpania, Holandia, Irlandia, Gibraltar, Liechtenstein, Luksemburg, Niemcy, Polska, Monako, Norwegia, Portugalia, S\u0142owacja, Szwajcaria, Szwecja, Watykan, W\u0119gry, Wielka Brytania, W\u0142ochy.<br><strong>Najnowsza karta SD2 do nawigacji z mapami<\/strong><br>Albania, Austria, Bia\u0142oru\u015b, Bu\u0142garia, Bo\u015bnia i Hercegowina, Czechy, Dania, Estonia, Grecja, W\u0142ochy, Czarnog\u00f3ra, Chorwacja, Polska, \u0141otwa, <strong>Litwa (szczeg\u00f3\u0142y)<\/strong>Rumunia, Serbia, S\u0142owacja, S\u0142owenia, Szwajcaria, W\u0119gry, Niemcy<\/p>\n\n\n\n<p>lub starsze mapy<br><strong>P\u0142yty CD z najnowszymi mapami nawigacyjnymi, kt\u00f3re aktualizuj\u0105 kart\u0119 SD<\/strong><br>CD01 G\u0142\u00f3wne mapy drogowe dla 38 kraj\u00f3w europejskich.<br>CD02 Austria, Szwajcaria, Liechtenstein, wschodnia Francja, po\u0142udniowe Niemcy, p\u00f3\u0142nocne W\u0142ochy, W\u0119gry do Budapesztu.<br>CD03 Belgia, Holandia, Luksemburg<br>CD04 Irlandia, Wielka Brytania, w tym Anglia, Irlandia P\u00f3\u0142nocna, Szkocja i Walia.<br>CD05 Niemcy.<br>CD06 Grecja, Chorwacja, S\u0142owenia.<br>CD07 Hiszpania, Portugalia, Gibraltar, Andora.<br>CD08 W\u0142ochy, San Marino, Watykan.<br>CD09 Polska,<strong>Litwa (szczeg\u00f3\u0142y) <\/strong>\u0141otwa, Estonia.<br>CD10 Dania, Norwegia, Finlandia, Szwecja.<br>CD11 Turcja<br>CD12 Francja, Monako.<br>CD13 Czechy, S\u0142owacja, W\u0119gry.<\/p>\n\n\n\n<p>System jest dost\u0119pny w nast\u0119puj\u0105cych samochodach:<\/p>\n\n\n\n<ul class=\"wp-block-list\"><li>\u0160koda Superb od 2009.03<\/li><li>\u0160koda Octavia od 2009.03<\/li><li>Skoda Rapid<\/li><li>\u0160koda Roomster od 2010.01<\/li><li>\u0160koda Fabia od 2010.01<\/li><li>\u0160koda Yeti od 2009.03<\/li><\/ul>\n<\/div>\n\n\n\n<div class=\"wp-block-column is-layout-flow wp-block-column-is-layout-flow\">\n<div class=\"wp-block-image\"><figure class=\"aligncenter size-full\"><img loading=\"lazy\" decoding=\"async\" width=\"222\" height=\"196\" src=\"https:\/\/www.taisykla7.lt\/wp-content\/uploads\/2022\/04\/SKODA-navigacija-Lietuva-ir-Europa-sistemoms-RNS-Amundsen-su-SD-kodas-sk2.jpg\" alt=\"\u0160KODA navigacija Lietuva ir Europa sistemoms Blaupunkt RNS Amundsen su SD (kodas sk2)\" class=\"wp-image-1339\"\/><figcaption>Amundsen i Amundsen+ wygl\u0105daj\u0105 tak samo, ale karty nie pasuj\u0105 do siebie. Ponadto Amundsen+ ma pami\u0119\u0107 wewn\u0119trzn\u0105, a Amundsen nie. Identyfikacja: naci\u015bnij SETUP i przytrzymaj przez 5-10 sekund -&gt; VERSIONS. Je\u015bli wy\u015bwietlane s\u0105 3 linie informacji -&gt; Amundsen, je\u015bli 6 linii -&gt; Amundsen+ lub wersja SW 026x, 04xx -&gt; masz Amundsen, w przeciwnym razie Amundsen+.<\/figcaption><\/figure><\/div>\n<\/div>\n<\/div>\n\n\n\n<p><strong>Najnowsze mapy nawigacyjne | Najlepsza cena |<\/strong> Prosimy o kontakt z mistrzem nawigacji pod numerem tel. <strong><a href=\"tel:861777751\">8-617-77751<\/a><\/strong> <a href=\"\/pl\/kontaktai\/\"><strong>Wilno, Kowno, K\u0142ajpeda, Szawle<\/strong><\/a> a my z przyjemno\u015bci\u0105 odpowiemy na wszelkie pytania!<\/p><hr>\n\n\n\n<h2 class=\"wp-block-heading\">Nawigacja \u0160KODA na Litw\u0119 i Europ\u0119 dla Blaupunkt RNS Amundsen+ z SD (kod sk3)<\/h2>\n\n\n\n<div class=\"wp-block-columns is-layout-flex wp-container-core-columns-is-layout-9d6595d7 wp-block-columns-is-layout-flex\">\n<div class=\"wp-block-column is-layout-flow wp-block-column-is-layout-flow\">\n<p><strong>SD1 najnowsza nawigacyjna karta SD z mapami<\/strong><br>Andora, Austria, Belgia, Czechy, Dania, Finlandia, Francja, Grecja, Hiszpania, Holandia, Irlandia, Gibraltar, Liechtenstein, Luksemburg, Niemcy, Polska, Monako, Norwegia, Portugalia, S\u0142owacja, Szwajcaria, Szwecja, Watykan, W\u0119gry, Wielka Brytania, W\u0142ochy.<br><strong>Najnowsza karta SD2 do nawigacji z mapami<\/strong><br>Albania, Austria, Bia\u0142oru\u015b, Bu\u0142garia, Bo\u015bnia i Hercegowina, Czechy, Dania, Estonia, Grecja, W\u0142ochy, Czarnog\u00f3ra, Chorwacja, Polska, \u0141otwa, <strong>Litwa (szczeg\u00f3\u0142y)<\/strong>Rumunia, Serbia, S\u0142owacja, S\u0142owenia, Szwajcaria, W\u0119gry, Niemcy<\/p>\n\n\n\n<p>System jest dost\u0119pny w nast\u0119puj\u0105cych samochodach:<\/p>\n\n\n\n<ul class=\"wp-block-list\"><li>\u0160koda Superb od 2011 roku<\/li><li>\u0160koda Octavia od 2011 r.<\/li><li>\u0160koda Rapid od 2011 roku<\/li><li>\u0160koda Roomster od 2011 roku<\/li><li>\u0160koda Fabia od 2011 roku<\/li><li>\u0160koda Yeti od 2011 r.<\/li><\/ul>\n<\/div>\n\n\n\n<div class=\"wp-block-column is-layout-flow wp-block-column-is-layout-flow\">\n<div class=\"wp-block-image\"><figure class=\"aligncenter size-full\"><img loading=\"lazy\" decoding=\"async\" width=\"222\" height=\"196\" src=\"https:\/\/www.taisykla7.lt\/wp-content\/uploads\/2022\/04\/SKODA-navigacija-Lietuva-ir-Europa-sistemoms-RNS-Amundsen-su-SD-kodas-sk2.jpg\" alt=\"\u0160KODA navigacija Lietuva ir Europa sistemoms Blaupunkt RNS Amundsen+ su SD (kodas sk3)\" class=\"wp-image-1339\"\/><figcaption>Amundsen i Amundsen+ wygl\u0105daj\u0105 tak samo, ale karty nie pasuj\u0105 do siebie. Ponadto Amundsen+ ma pami\u0119\u0107 wewn\u0119trzn\u0105, a Amundsen nie. Identyfikacja: naci\u015bnij SETUP i przytrzymaj przez 5-10 sekund -&gt; VERSIONS. Je\u015bli wy\u015bwietlane s\u0105 3 linie informacji -&gt; Amundsen, je\u015bli 6 linii -&gt; Amundsen+ lub wersja SW 026x, 04xx -&gt; masz Amundsen, w przeciwnym razie Amundsen+.<\/figcaption><\/figure><\/div>\n<\/div>\n<\/div>\n\n\n\n<p><strong>Najnowsze mapy nawigacyjne | Najlepsza cena |<\/strong> Prosimy o kontakt z mistrzem nawigacji pod numerem tel. <strong><a href=\"tel:861777751\">8-617-77751<\/a><\/strong> <a href=\"\/pl\/kontaktai\/\"><strong>Wilno, Kowno, K\u0142ajpeda, Szawle<\/strong><\/a> a my z przyjemno\u015bci\u0105 odpowiemy na wszelkie pytania!<\/p><hr>\n\n\n\n<h2 class=\"wp-block-heading\">System nawigacji \u0160KODA Nexus DX z CD dla system\u00f3w Europa (kod sk4)<\/h2>\n\n\n\n<div class=\"wp-block-columns is-layout-flex wp-container-core-columns-is-layout-9d6595d7 wp-block-columns-is-layout-flex\">\n<div class=\"wp-block-column is-layout-flow wp-block-column-is-layout-flow\">\n<p><strong>P\u0142yty CD z najnowsz\u0105 nawigacj\u0105 i mapami:<\/strong><br><br><strong>CD01:<\/strong> Austria, Szwajcaria, Liechtenstein, Francja, Niemcy, W\u0142ochy<br><strong>CD02:<\/strong> Belgia, Holandia, Luksemburg<br><strong>CD03:<\/strong> Czechy, <strong>Polska<\/strong><br><strong>CD04:<\/strong> Niemcy<br><strong>CD05:<\/strong> W\u0142ochy, San Marino, Watykan<br><strong>CD06:<\/strong> Finlandia, Szwecja, Norwegia, Dania<br><strong>CD07:<\/strong> Hiszpania, Portugalia<br><strong>CD08:<\/strong> Francja<br><strong>CD09:<\/strong> D.Brytania<br><strong>CD10 MRE:<\/strong> G\u0142\u00f3wne drogi Europy<\/p>\n<\/div>\n\n\n\n<div class=\"wp-block-column is-layout-flow wp-block-column-is-layout-flow\">\n<div class=\"wp-block-image\"><figure class=\"aligncenter size-full\"><img loading=\"lazy\" decoding=\"async\" width=\"180\" height=\"111\" src=\"https:\/\/www.taisykla7.lt\/wp-content\/uploads\/2022\/04\/SKODA-navigacija-Europa-sistemoms-Nexus-DX-su-CD-kodas-sk3-1.jpg\" alt=\"\u0160KODA navigacija Europa sistemoms Nexus DX su CD (kodas sk4)\" class=\"wp-image-1340\"\/><\/figure><\/div>\n\n\n\n<div class=\"wp-block-image\"><figure class=\"aligncenter size-full\"><img loading=\"lazy\" decoding=\"async\" width=\"180\" height=\"113\" src=\"https:\/\/www.taisykla7.lt\/wp-content\/uploads\/2022\/04\/SKODA-navigacija-Europa-sistemoms-Nexus-DX-su-CD-kodas-sk3-2.jpg\" alt=\"\u0160KODA navigacija Europa sistemoms Nexus DX su CD (kodas sk4)\" class=\"wp-image-1341\"\/><\/figure><\/div>\n\n\n\n<div class=\"wp-block-image\"><figure class=\"aligncenter size-full\"><img loading=\"lazy\" decoding=\"async\" width=\"180\" height=\"90\" src=\"https:\/\/www.taisykla7.lt\/wp-content\/uploads\/2022\/04\/SKODA-navigacija-Europa-sistemoms-Nexus-DX-su-CD-kodas-sk3-3.jpg\" alt=\"\u0160KODA navigacija Europa sistemoms Nexus DX su CD (kodas sk4)\" class=\"wp-image-1342\"\/><\/figure><\/div>\n<\/div>\n<\/div>\n\n\n\n<p><strong>Najnowsze mapy nawigacyjne | Najlepsza cena |<\/strong> Prosimy o kontakt z mistrzem nawigacji pod numerem tel. <strong><a href=\"tel:861777751\">8-617-77751<\/a><\/strong> <a href=\"\/pl\/kontaktai\/\"><strong>Wilno, Kowno, K\u0142ajpeda, Szawle<\/strong><\/a> a my z przyjemno\u015bci\u0105 odpowiemy na wszelkie pytania!<\/p><hr>","protected":false},"excerpt":{"rendered":"<p>Nawigacja \u0160KODA Litwa, Europa. Najnowsze p\u0142yty, mapy. \u0160KODA Nawigacja Litwa i Europa dla RNS Trinax Columbus z DVD (kod sk1) \u0160KODA Nawigacja Litwa i Europa dla RNS Amundsen z SD (kod sk2) \u0160KODA Nawigacja Litwa i Europa dla Blaupunkt RNS Amundsen+ z SD (kod sk3) \u0160KODA Nawigacja Europa dla Nexus DX z CD (kod sk4)....&nbsp;<a href=\"https:\/\/www.taisykla7.lt\/pl\/skoda-navigacija\/\" rel=\"bookmark\">Dowiedz si\u0119 wi\u0119cej &raquo;<span class=\"screen-reader-text\">Nawigacja \u0160KODA<\/span><\/a><\/p>","protected":false},"author":1,"featured_media":0,"parent":0,"menu_order":0,"comment_status":"closed","ping_status":"closed","template":"","meta":{"_uag_custom_page_level_css":"","neve_meta_sidebar":"","neve_meta_container":"","neve_meta_enable_content_width":"","neve_meta_content_width":0,"neve_meta_title_alignment":"","neve_meta_author_avatar":"","neve_post_elements_order":"","neve_meta_disable_header":"","neve_meta_disable_footer":"","neve_meta_disable_title":"","footnotes":""},"class_list":["post-1337","page","type-page","status-publish","hentry"],"yoast_head":"<!-- This site is optimized with the Yoast SEO plugin v27.5 - https:\/\/yoast.com\/product\/yoast-seo-wordpress\/ -->\n<title>\u0160KODA navigacija Elektronikos remontas Vilniuje, Kaune, Klaip\u0117doje, \u0160iauliuose<\/title>\n<meta name=\"description\" content=\"\u0160KODA navigacija Lietuva, Europa. Naujausi diskai, \u017eem\u0117lapiai. Vilniuje, Kaune, Klaip\u0117doje, \u0160iauliuose. Tel. 8-617-77751\" \/>\n<meta name=\"robots\" content=\"index, follow, max-snippet:-1, max-image-preview:large, max-video-preview:-1\" \/>\n<link rel=\"canonical\" href=\"https:\/\/www.taisykla7.lt\/pl\/skoda-navigacija\/\" \/>\n<meta property=\"og:locale\" content=\"pl_PL\" \/>\n<meta property=\"og:type\" content=\"article\" \/>\n<meta property=\"og:title\" content=\"\u0160KODA navigacija Elektronikos remontas Vilniuje, Kaune, Klaip\u0117doje, \u0160iauliuose\" \/>\n<meta property=\"og:description\" content=\"\u0160KODA navigacija Lietuva, Europa. Naujausi diskai, \u017eem\u0117lapiai. Vilniuje, Kaune, Klaip\u0117doje, \u0160iauliuose. Tel. 8-617-77751\" \/>\n<meta property=\"og:url\" content=\"https:\/\/www.taisykla7.lt\/pl\/skoda-navigacija\/\" \/>\n<meta property=\"og:site_name\" content=\"Elektronikos remontas Vilniuje, Kaune, Klaip\u0117doje, \u0160iauliuose\" \/>\n<meta property=\"article:modified_time\" content=\"2022-04-21T21:53:49+00:00\" \/>\n<meta property=\"og:image\" content=\"https:\/\/www.taisykla7.lt\/wp-content\/uploads\/2022\/04\/SKODA-navigacija-Lietuva-ir-Europa-sistemoms-RNS-Trinax-Columbus-su-DVD-kodas-sk1.jpg\" \/>\n<meta name=\"twitter:card\" content=\"summary_large_image\" \/>\n<meta name=\"twitter:label1\" content=\"Szacowany czas czytania\" \/>\n\t<meta name=\"twitter:data1\" content=\"4 minuty\" \/>\n<script type=\"application\/ld+json\" class=\"yoast-schema-graph\">{\"@context\":\"https:\\\/\\\/schema.org\",\"@graph\":[{\"@type\":\"WebPage\",\"@id\":\"https:\\\/\\\/www.taisykla7.lt\\\/skoda-navigacija\\\/\",\"url\":\"https:\\\/\\\/www.taisykla7.lt\\\/skoda-navigacija\\\/\",\"name\":\"\u0160KODA navigacija Elektronikos remontas Vilniuje, Kaune, Klaip\u0117doje, \u0160iauliuose\",\"isPartOf\":{\"@id\":\"https:\\\/\\\/www.taisykla7.lt\\\/#website\"},\"primaryImageOfPage\":{\"@id\":\"https:\\\/\\\/www.taisykla7.lt\\\/skoda-navigacija\\\/#primaryimage\"},\"image\":{\"@id\":\"https:\\\/\\\/www.taisykla7.lt\\\/skoda-navigacija\\\/#primaryimage\"},\"thumbnailUrl\":\"https:\\\/\\\/www.taisykla7.lt\\\/wp-content\\\/uploads\\\/2022\\\/04\\\/SKODA-navigacija-Lietuva-ir-Europa-sistemoms-RNS-Trinax-Columbus-su-DVD-kodas-sk1.jpg\",\"datePublished\":\"2022-04-21T13:56:19+00:00\",\"dateModified\":\"2022-04-21T21:53:49+00:00\",\"description\":\"\u0160KODA navigacija Lietuva, Europa. Naujausi diskai, \u017eem\u0117lapiai. Vilniuje, Kaune, Klaip\u0117doje, \u0160iauliuose. Tel. 8-617-77751\",\"breadcrumb\":{\"@id\":\"https:\\\/\\\/www.taisykla7.lt\\\/skoda-navigacija\\\/#breadcrumb\"},\"inLanguage\":\"pl-PL\",\"potentialAction\":[{\"@type\":\"ReadAction\",\"target\":[\"https:\\\/\\\/www.taisykla7.lt\\\/skoda-navigacija\\\/\"]}]},{\"@type\":\"ImageObject\",\"inLanguage\":\"pl-PL\",\"@id\":\"https:\\\/\\\/www.taisykla7.lt\\\/skoda-navigacija\\\/#primaryimage\",\"url\":\"https:\\\/\\\/www.taisykla7.lt\\\/wp-content\\\/uploads\\\/2022\\\/04\\\/SKODA-navigacija-Lietuva-ir-Europa-sistemoms-RNS-Trinax-Columbus-su-DVD-kodas-sk1.jpg\",\"contentUrl\":\"https:\\\/\\\/www.taisykla7.lt\\\/wp-content\\\/uploads\\\/2022\\\/04\\\/SKODA-navigacija-Lietuva-ir-Europa-sistemoms-RNS-Trinax-Columbus-su-DVD-kodas-sk1.jpg\"},{\"@type\":\"BreadcrumbList\",\"@id\":\"https:\\\/\\\/www.taisykla7.lt\\\/skoda-navigacija\\\/#breadcrumb\",\"itemListElement\":[{\"@type\":\"ListItem\",\"position\":1,\"name\":\"Pagrindinis\",\"item\":\"https:\\\/\\\/www.taisykla7.lt\\\/\"},{\"@type\":\"ListItem\",\"position\":2,\"name\":\"\u0160KODA navigacija\"}]},{\"@type\":\"WebSite\",\"@id\":\"https:\\\/\\\/www.taisykla7.lt\\\/#website\",\"url\":\"https:\\\/\\\/www.taisykla7.lt\\\/\",\"name\":\"Elektronikos remontas Vilniuje, Kaune, Klaip\u0117doje, \u0160iauliuose\",\"description\":\"Televizori\u0173, paspirtuk\u0173, kompiuteri\u0173, telefon\u0173, kavos aparat\u0173 ir kitos technikos remontas \\\/ taisykla\",\"publisher\":{\"@id\":\"https:\\\/\\\/www.taisykla7.lt\\\/#organization\"},\"potentialAction\":[{\"@type\":\"SearchAction\",\"target\":{\"@type\":\"EntryPoint\",\"urlTemplate\":\"https:\\\/\\\/www.taisykla7.lt\\\/?s={search_term_string}\"},\"query-input\":{\"@type\":\"PropertyValueSpecification\",\"valueRequired\":true,\"valueName\":\"search_term_string\"}}],\"inLanguage\":\"pl-PL\"},{\"@type\":\"Organization\",\"@id\":\"https:\\\/\\\/www.taisykla7.lt\\\/#organization\",\"name\":\"Elektronikos remontas Vilniuje, Kaune, Klaip\u0117doje, \u0160iauliuose\",\"url\":\"https:\\\/\\\/www.taisykla7.lt\\\/\",\"logo\":{\"@type\":\"ImageObject\",\"inLanguage\":\"pl-PL\",\"@id\":\"https:\\\/\\\/www.taisykla7.lt\\\/#\\\/schema\\\/logo\\\/image\\\/\",\"url\":\"https:\\\/\\\/www.taisykla7.lt\\\/wp-content\\\/uploads\\\/2022\\\/04\\\/taisykla7_logo.jpg\",\"contentUrl\":\"https:\\\/\\\/www.taisykla7.lt\\\/wp-content\\\/uploads\\\/2022\\\/04\\\/taisykla7_logo.jpg\",\"width\":400,\"height\":100,\"caption\":\"Elektronikos remontas Vilniuje, Kaune, Klaip\u0117doje, \u0160iauliuose\"},\"image\":{\"@id\":\"https:\\\/\\\/www.taisykla7.lt\\\/#\\\/schema\\\/logo\\\/image\\\/\"}}]}<\/script>\n<!-- \/ Yoast SEO plugin. -->","yoast_head_json":{"title":"\u0160KODA navigacija Elektronikos remontas Vilniuje, Kaune, Klaip\u0117doje, \u0160iauliuose","description":"Nawigacja \u0160KODA Litwa, Europa. Najnowsze dyski, mapy. W Wilnie, Kownie, K\u0142ajpedzie, Szawlach. Tel. 8-617-77751","robots":{"index":"index","follow":"follow","max-snippet":"max-snippet:-1","max-image-preview":"max-image-preview:large","max-video-preview":"max-video-preview:-1"},"canonical":"https:\/\/www.taisykla7.lt\/pl\/skoda-navigacija\/","og_locale":"pl_PL","og_type":"article","og_title":"\u0160KODA navigacija Elektronikos remontas Vilniuje, Kaune, Klaip\u0117doje, \u0160iauliuose","og_description":"\u0160KODA navigacija Lietuva, Europa. Naujausi diskai, \u017eem\u0117lapiai. Vilniuje, Kaune, Klaip\u0117doje, \u0160iauliuose. Tel. 8-617-77751","og_url":"https:\/\/www.taisykla7.lt\/pl\/skoda-navigacija\/","og_site_name":"Elektronikos remontas Vilniuje, Kaune, Klaip\u0117doje, \u0160iauliuose","article_modified_time":"2022-04-21T21:53:49+00:00","og_image":[{"url":"https:\/\/www.taisykla7.lt\/wp-content\/uploads\/2022\/04\/SKODA-navigacija-Lietuva-ir-Europa-sistemoms-RNS-Trinax-Columbus-su-DVD-kodas-sk1.jpg","type":"","width":"","height":""}],"twitter_card":"summary_large_image","twitter_misc":{"Szacowany czas czytania":"4 minuty"},"schema":{"@context":"https:\/\/schema.org","@graph":[{"@type":"WebPage","@id":"https:\/\/www.taisykla7.lt\/skoda-navigacija\/","url":"https:\/\/www.taisykla7.lt\/skoda-navigacija\/","name":"\u0160KODA navigacija Elektronikos remontas Vilniuje, Kaune, Klaip\u0117doje, \u0160iauliuose","isPartOf":{"@id":"https:\/\/www.taisykla7.lt\/#website"},"primaryImageOfPage":{"@id":"https:\/\/www.taisykla7.lt\/skoda-navigacija\/#primaryimage"},"image":{"@id":"https:\/\/www.taisykla7.lt\/skoda-navigacija\/#primaryimage"},"thumbnailUrl":"https:\/\/www.taisykla7.lt\/wp-content\/uploads\/2022\/04\/SKODA-navigacija-Lietuva-ir-Europa-sistemoms-RNS-Trinax-Columbus-su-DVD-kodas-sk1.jpg","datePublished":"2022-04-21T13:56:19+00:00","dateModified":"2022-04-21T21:53:49+00:00","description":"Nawigacja \u0160KODA Litwa, Europa. Najnowsze dyski, mapy. W Wilnie, Kownie, K\u0142ajpedzie, Szawlach. Tel. 8-617-77751","breadcrumb":{"@id":"https:\/\/www.taisykla7.lt\/skoda-navigacija\/#breadcrumb"},"inLanguage":"pl-PL","potentialAction":[{"@type":"ReadAction","target":["https:\/\/www.taisykla7.lt\/skoda-navigacija\/"]}]},{"@type":"ImageObject","inLanguage":"pl-PL","@id":"https:\/\/www.taisykla7.lt\/skoda-navigacija\/#primaryimage","url":"https:\/\/www.taisykla7.lt\/wp-content\/uploads\/2022\/04\/SKODA-navigacija-Lietuva-ir-Europa-sistemoms-RNS-Trinax-Columbus-su-DVD-kodas-sk1.jpg","contentUrl":"https:\/\/www.taisykla7.lt\/wp-content\/uploads\/2022\/04\/SKODA-navigacija-Lietuva-ir-Europa-sistemoms-RNS-Trinax-Columbus-su-DVD-kodas-sk1.jpg"},{"@type":"BreadcrumbList","@id":"https:\/\/www.taisykla7.lt\/skoda-navigacija\/#breadcrumb","itemListElement":[{"@type":"ListItem","position":1,"name":"Pagrindinis","item":"https:\/\/www.taisykla7.lt\/"},{"@type":"ListItem","position":2,"name":"\u0160KODA navigacija"}]},{"@type":"WebSite","@id":"https:\/\/www.taisykla7.lt\/#website","url":"https:\/\/www.taisykla7.lt\/","name":"Elektronikos remontas Vilniuje, Kaune, Klaip\u0117doje, \u0160iauliuose","description":"Naprawa telewizor\u00f3w, skuter\u00f3w, komputer\u00f3w, telefon\u00f3w, ekspres\u00f3w do kawy i innych urz\u0105dze\u0144.","publisher":{"@id":"https:\/\/www.taisykla7.lt\/#organization"},"potentialAction":[{"@type":"SearchAction","target":{"@type":"EntryPoint","urlTemplate":"https:\/\/www.taisykla7.lt\/?s={search_term_string}"},"query-input":{"@type":"PropertyValueSpecification","valueRequired":true,"valueName":"search_term_string"}}],"inLanguage":"pl-PL"},{"@type":"Organization","@id":"https:\/\/www.taisykla7.lt\/#organization","name":"Elektronikos remontas Vilniuje, Kaune, Klaip\u0117doje, \u0160iauliuose","url":"https:\/\/www.taisykla7.lt\/","logo":{"@type":"ImageObject","inLanguage":"pl-PL","@id":"https:\/\/www.taisykla7.lt\/#\/schema\/logo\/image\/","url":"https:\/\/www.taisykla7.lt\/wp-content\/uploads\/2022\/04\/taisykla7_logo.jpg","contentUrl":"https:\/\/www.taisykla7.lt\/wp-content\/uploads\/2022\/04\/taisykla7_logo.jpg","width":400,"height":100,"caption":"Elektronikos remontas Vilniuje, Kaune, Klaip\u0117doje, \u0160iauliuose"},"image":{"@id":"https:\/\/www.taisykla7.lt\/#\/schema\/logo\/image\/"}}]}},"uagb_featured_image_src":{"full":false,"thumbnail":false,"medium":false,"medium_large":false,"large":false,"1536x1536":false,"2048x2048":false,"trp-custom-language-flag":false,"neve-blog":false},"uagb_author_info":{"display_name":"admin","author_link":"https:\/\/www.taisykla7.lt\/pl\/author\/admin\/"},"uagb_comment_info":0,"uagb_excerpt":"\u0160KODA navigacija Lietuva, Europa. Naujausi diskai, \u017eem\u0117lapiai. \u0160KODA navigacija Lietuva ir Europa sistemoms RNS Trinax Columbus su DVD (kodas sk1) \u0160KODA navigacija Lietuva ir Europa sistemoms RNS Amundsen su SD (kodas sk2) \u0160KODA navigacija Lietuva ir Europa sistemoms Blaupunkt RNS Amundsen+ su SD (kodas sk3) \u0160KODA navigacija Europa sistemoms Nexus DX su CD (kodas sk4)&hellip;&nbsp;Dowiedz&hellip;","_links":{"self":[{"href":"https:\/\/www.taisykla7.lt\/pl\/wp-json\/wp\/v2\/pages\/1337","targetHints":{"allow":["GET"]}}],"collection":[{"href":"https:\/\/www.taisykla7.lt\/pl\/wp-json\/wp\/v2\/pages"}],"about":[{"href":"https:\/\/www.taisykla7.lt\/pl\/wp-json\/wp\/v2\/types\/page"}],"author":[{"embeddable":true,"href":"https:\/\/www.taisykla7.lt\/pl\/wp-json\/wp\/v2\/users\/1"}],"replies":[{"embeddable":true,"href":"https:\/\/www.taisykla7.lt\/pl\/wp-json\/wp\/v2\/comments?post=1337"}],"version-history":[{"count":3,"href":"https:\/\/www.taisykla7.lt\/pl\/wp-json\/wp\/v2\/pages\/1337\/revisions"}],"predecessor-version":[{"id":1554,"href":"https:\/\/www.taisykla7.lt\/pl\/wp-json\/wp\/v2\/pages\/1337\/revisions\/1554"}],"wp:attachment":[{"href":"https:\/\/www.taisykla7.lt\/pl\/wp-json\/wp\/v2\/media?parent=1337"}],"curies":[{"name":"wp","href":"https:\/\/api.w.org\/{rel}","templated":true}]}}