{"id":1344,"date":"2022-04-21T16:00:15","date_gmt":"2022-04-21T14:00:15","guid":{"rendered":"https:\/\/www.taisykla7.lt\/?page_id=1344"},"modified":"2022-04-21T23:54:13","modified_gmt":"2022-04-21T21:54:13","slug":"subaru-navigacija","status":"publish","type":"page","link":"https:\/\/www.taisykla7.lt\/pl\/subaru-navigacija\/","title":{"rendered":"Nawigacja SUBARU"},"content":{"rendered":"<ul class=\"wp-block-list\">\n<li><strong>Wilno<\/strong> - Kareivi\u0173 g. 11A \"RIMI\" <a href=\"tel:+37065577057\">+370-655-77057<\/a><\/li>\n\n\n\n<li><strong>Kowno<\/strong> - Savanori\u0173 pr. 155 <a href=\"tel:+37063969600\">+370-639-69600<\/a><\/li>\n\n\n\n<li><strong>K\u0142ajpeda<\/strong> - Sausio 15-osios str. 13 <a href=\"tel:+37064707741\">+370-647-07741<\/a><\/li>\n\n\n\n<li><strong>Szawle<\/strong> - Gegu\u017ei\u0173 g. 30 \"Arena\" <a href=\"tel:+37068229052\">+370-682-29052<\/a><\/li>\n<\/ul>\n\n\n\n<p><strong>Nawigacja SUBARU Litwa, Europa. Najnowsze dyski, mapy.<\/strong><\/p>\n\n\n\n<p>Znajd\u017a sw\u00f3j system nawigacji samochodowej. W razie jakichkolwiek pyta\u0144 lub w\u0105tpliwo\u015bci prosimy o kontakt telefoniczny <a href=\"tel:861777751\">nasz mistrz nawigacji samochodowej pod numerem 8-617-77751<\/a> a my z przyjemno\u015bci\u0105 pomo\u017cemy.<\/p>\n\n\n\n<ul class=\"wp-block-list\"><li><strong>Nawigacja SUBARU Litwa i Europa dla C2 (Denso) z DVD (kod su1)<\/strong><\/li><li><strong>SUBARU Navigation Litwa i Europa dla system\u00f3w C1 z DVD (kod su2)<\/strong><\/li><li><strong>Nawigacja SUBARU na Litw\u0119 i Europ\u0119 dla system\u00f3w z USA z DVD (kod su3)<\/strong><\/li><li><strong>Nawigacja SUBARU na Litw\u0119 i Europ\u0119 z IGO Harman Kardon SD (kod su4)<\/strong><\/li><\/ul>\n\n\n\n<h2 class=\"wp-block-heading\">Nawigacja SUBARU Litwa i Europa dla C2 (Denso) z DVD (kod su1)<\/h2>\n\n\n\n<div class=\"wp-block-columns is-layout-flex wp-container-core-columns-is-layout-9d6595d7 wp-block-columns-is-layout-flex\">\n<div class=\"wp-block-column is-layout-flow wp-block-column-is-layout-flow\">\n<p><strong>DVD1 najnowsza p\u0142yta nawigacyjna z mapami:<\/strong><br>Austria, Belgia, Szwajcaria, Czechy, Niemcy, Dania, Hiszpania, Francja, Finlandia, Liechtenstein, W\u0142ochy, Irlandia, Luksemburg, Monako, Norwegia, Holandia, Portugalia, San Marino, Szwecja, Wielka Brytania, Watykan<br><strong>DVD2 najnowsza p\u0142yta nawigacyjna z mapami:<\/strong><br>Andora, Francja, Irlandia, Monako, Portugalia, Hiszpania, Wielka Brytania<br><strong>DVD3 najnowsza p\u0142yta nawigacyjna z mapami:<\/strong><br>Albania, Austria, Bia\u0142oru\u015b, Bo\u015bnia i Hercegowina, Bu\u0142garia, Chorwacja, Czechy, Estonia, Niemcy, Grecja, W\u0119gry, \u0141otwa, <strong>Litwa (szczeg\u00f3\u0142y)<\/strong>, Macedonia, Mo\u0142dawia, Czarnog\u00f3ra, Polska, Rumunia, Serbia, S\u0142owacja, S\u0142owenia, Turcja, Ukraina System jest dost\u0119pny w nast\u0119puj\u0105cych samochodach:<\/p>\n\n\n\n<ul class=\"wp-block-list\"><li>Subaru Forester od 2007 r.<\/li><li>Subaru Impreza od 2008 r.<\/li><li>Subaru Legacy od 2007 r.<\/li><li>Subaru Outback od 2007 r.<\/li><\/ul>\n<\/div>\n\n\n\n<div class=\"wp-block-column is-layout-flow wp-block-column-is-layout-flow\">\n<div class=\"wp-block-image\"><figure class=\"aligncenter size-full\"><img loading=\"lazy\" decoding=\"async\" width=\"361\" height=\"257\" src=\"https:\/\/www.taisykla7.lt\/wp-content\/uploads\/2022\/04\/SUBARU-navigacija-Lietuva-ir-Europa-sistemoms-C2-Denso-su-DVD-kodas-su1.jpg\" alt=\"SUBARU navigacija Lietuva ir Europa sistemoms C2 (Denso) su DVD (kodas su1)\" class=\"wp-image-1345\" srcset=\"https:\/\/www.taisykla7.lt\/wp-content\/uploads\/2022\/04\/SUBARU-navigacija-Lietuva-ir-Europa-sistemoms-C2-Denso-su-DVD-kodas-su1.jpg 361w, https:\/\/www.taisykla7.lt\/wp-content\/uploads\/2022\/04\/SUBARU-navigacija-Lietuva-ir-Europa-sistemoms-C2-Denso-su-DVD-kodas-su1-300x214.jpg 300w\" sizes=\"auto, (max-width: 361px) 100vw, 361px\" \/><\/figure><\/div>\n<\/div>\n<\/div>\n\n\n\n<p><strong>Najnowsze mapy nawigacyjne | Najlepsza cena |<\/strong> Prosimy o kontakt z mistrzem nawigacji pod numerem tel. <strong><a href=\"tel:861777751\">8-617-77751<\/a><\/strong> <a href=\"\/pl\/kontaktai\/\"><strong>Wilno, Kowno, K\u0142ajpeda, Szawle<\/strong><\/a> a my z przyjemno\u015bci\u0105 odpowiemy na wszelkie pytania!<\/p><hr>\n\n\n\n<h2 class=\"wp-block-heading\">SUBARU Navigation Litwa i Europa dla system\u00f3w C1 z DVD (kod su2)<\/h2>\n\n\n\n<div class=\"wp-block-columns is-layout-flex wp-container-core-columns-is-layout-9d6595d7 wp-block-columns-is-layout-flex\">\n<div class=\"wp-block-column is-layout-flow wp-block-column-is-layout-flow\">\n<p><strong>DVD1 najnowsza p\u0142yta nawigacyjna z mapami:<\/strong><br>Austria, Belgia, Szwajcaria, Czechy, Niemcy, Dania, Hiszpania, Francja, Finlandia, Liechtenstein, W\u0142ochy, Irlandia, Luksemburg, Monako, Norwegia, Holandia, Portugalia, San Marino, Szwecja, Wielka Brytania, Watykan<br><strong>DVD2 najnowsza p\u0142yta nawigacyjna z mapami:<\/strong><br>Andora, Francja, Irlandia, Monako, Portugalia, Hiszpania, Wielka Brytania<br><strong>DVD2 najnowsza p\u0142yta nawigacyjna z mapami:<\/strong><br>Albania, Austria, Bia\u0142oru\u015b, Bo\u015bnia i Hercegowina, Bu\u0142garia, Chorwacja, Czechy, Estonia, Niemcy, Grecja, W\u0119gry, \u0141otwa, <strong>Litwa (szczeg\u00f3\u0142y)<\/strong>, Macedonia, Mo\u0142dawia, Czarnog\u00f3ra, Polska, Rumunia, Serbia, S\u0142owacja, S\u0142owenia, Turcja, Ukraina System jest dost\u0119pny w nast\u0119puj\u0105cych samochodach:<\/p>\n\n\n\n<ul class=\"wp-block-list\"><li>Subaru Forester 2003-2007<\/li><li>Subaru Impreza 2003-2007<\/li><li>Subaru Legacy 2004-2007<\/li><li>Subaru Outback 2006-2010<\/li><li>Subaru Tribeca 2007-.<\/li><\/ul>\n<\/div>\n\n\n\n<div class=\"wp-block-column is-layout-flow wp-block-column-is-layout-flow\">\n<div class=\"wp-block-image\"><figure class=\"aligncenter size-full\"><img loading=\"lazy\" decoding=\"async\" width=\"361\" height=\"257\" src=\"https:\/\/www.taisykla7.lt\/wp-content\/uploads\/2022\/04\/SUBARU-navigacija-Lietuva-ir-Europa-sistemoms-C2-Denso-su-DVD-kodas-su1.jpg\" alt=\"SUBARU navigacija Lietuva ir Europa sistemoms C1 su DVD (kodas su2)\" class=\"wp-image-1345\" srcset=\"https:\/\/www.taisykla7.lt\/wp-content\/uploads\/2022\/04\/SUBARU-navigacija-Lietuva-ir-Europa-sistemoms-C2-Denso-su-DVD-kodas-su1.jpg 361w, https:\/\/www.taisykla7.lt\/wp-content\/uploads\/2022\/04\/SUBARU-navigacija-Lietuva-ir-Europa-sistemoms-C2-Denso-su-DVD-kodas-su1-300x214.jpg 300w\" sizes=\"auto, (max-width: 361px) 100vw, 361px\" \/><\/figure><\/div>\n<\/div>\n<\/div>\n\n\n\n<p><strong>Najnowsze mapy nawigacyjne | Najlepsza cena |<\/strong> Prosimy o kontakt z mistrzem nawigacji pod numerem tel. <strong><a href=\"tel:861777751\">8-617-77751<\/a><\/strong> <a href=\"\/pl\/kontaktai\/\"><strong>Wilno, Kowno, K\u0142ajpeda, Szawle<\/strong><\/a> a my z przyjemno\u015bci\u0105 odpowiemy na wszelkie pytania!<\/p><hr>\n\n\n\n<h2 class=\"wp-block-heading\">Nawigacja SUBARU na Litw\u0119 i Europ\u0119 dla system\u00f3w z USA z DVD (kod su3)<\/h2>\n\n\n\n<div class=\"wp-block-columns is-layout-flex wp-container-core-columns-is-layout-9d6595d7 wp-block-columns-is-layout-flex\">\n<div class=\"wp-block-column is-layout-flow wp-block-column-is-layout-flow\">\n<p><strong>DVD1 najnowsza p\u0142yta nawigacyjna z mapami:<\/strong><br>Austria, Belgia, Szwajcaria, Czechy, Niemcy, Dania, Hiszpania, Francja, Finlandia, Liechtenstein, W\u0142ochy, Irlandia, Luksemburg, Monako, Norwegia, Holandia, Portugalia, San Marino, Szwecja, Wielka Brytania, Watykan<br><strong>DVD2 najnowsza p\u0142yta nawigacyjna z mapami:<\/strong><br>Andora, Francja, Irlandia, Monako, Portugalia, Hiszpania, Wielka Brytania<br><strong>DVD2 najnowsza p\u0142yta nawigacyjna z mapami:<\/strong><br>Albania, Austria, Bia\u0142oru\u015b, Bo\u015bnia i Hercegowina, Bu\u0142garia, Chorwacja, Czechy, Estonia, Niemcy, Grecja, W\u0119gry, \u0141otwa, <strong>Litwa (szczeg\u00f3\u0142y)<\/strong>, Macedonia, Mo\u0142dawia, Czarnog\u00f3ra, Polska, Rumunia, Serbia, S\u0142owacja, S\u0142owenia, Turcja, Ukraina System jest dost\u0119pny w nast\u0119puj\u0105cych samochodach:<\/p>\n\n\n\n<ul class=\"wp-block-list\"><li>Subaru Forester<\/li><li>Subaru Impreza<\/li><li>Subaru Legacy<\/li><li>Subaru Outback<\/li><li>Subaru Tribeca<\/li><li>Isuzu<\/li><\/ul>\n<\/div>\n\n\n\n<div class=\"wp-block-column is-layout-flow wp-block-column-is-layout-flow\">\n<div class=\"wp-block-image\"><figure class=\"aligncenter size-full\"><img loading=\"lazy\" decoding=\"async\" width=\"361\" height=\"257\" src=\"https:\/\/www.taisykla7.lt\/wp-content\/uploads\/2022\/04\/SUBARU-navigacija-Lietuva-ir-Europa-sistemoms-C2-Denso-su-DVD-kodas-su1.jpg\" alt=\"SUBARU navigacija Lietuva ir Europa sistemoms i\u0161 JAV su DVD (kodas su3)\" class=\"wp-image-1345\" srcset=\"https:\/\/www.taisykla7.lt\/wp-content\/uploads\/2022\/04\/SUBARU-navigacija-Lietuva-ir-Europa-sistemoms-C2-Denso-su-DVD-kodas-su1.jpg 361w, https:\/\/www.taisykla7.lt\/wp-content\/uploads\/2022\/04\/SUBARU-navigacija-Lietuva-ir-Europa-sistemoms-C2-Denso-su-DVD-kodas-su1-300x214.jpg 300w\" sizes=\"auto, (max-width: 361px) 100vw, 361px\" \/><\/figure><\/div>\n<\/div>\n<\/div>\n\n\n\n<p><strong>Najnowsze mapy nawigacyjne | Najlepsza cena |<\/strong> Prosimy o kontakt z mistrzem nawigacji pod numerem tel. <strong><a href=\"tel:861777751\">8-617-77751<\/a><\/strong> <a href=\"\/pl\/kontaktai\/\"><strong>Wilno, Kowno, K\u0142ajpeda, Szawle<\/strong><\/a> a my z przyjemno\u015bci\u0105 odpowiemy na wszelkie pytania!<\/p><hr>\n\n\n\n<h2 class=\"wp-block-heading\">Nawigacja SUBARU na Litw\u0119 i Europ\u0119 z IGO Harman Kardon SD (kod su4)<\/h2>\n\n\n\n<div class=\"wp-block-columns is-layout-flex wp-container-core-columns-is-layout-9d6595d7 wp-block-columns-is-layout-flex\">\n<div class=\"wp-block-column is-layout-flow wp-block-column-is-layout-flow\">\n<p><strong>Aktualizacja oryginalnej dzia\u0142aj\u0105cej karty SD o najnowsze mapy Europy i Rosji<\/strong><\/p>\n\n\n\n<p>System jest dost\u0119pny w nast\u0119puj\u0105cych samochodach:<\/p>\n\n\n\n<ul class=\"wp-block-list\"><li>Tylko Subaru z USA<\/li><li>Subaru Impreza od 2012 r.<\/li><li>Subaru Impreza WRX od 2012 r.<\/li><li>Subaru BRZ od 2013 r.<\/li><li>Subaru XV Crosstrek od 2013 r.<\/li><li>Subaru Forester od po\u0142owy 2012 r.<\/li><li>Subaru Legacy z po\u0142owy 2013 roku.<\/li><li>Subaru Outback od po\u0142owy 2013 r.<\/li><\/ul>\n<\/div>\n\n\n\n<div class=\"wp-block-column is-layout-flow wp-block-column-is-layout-flow\">\n<div class=\"wp-block-image\"><figure class=\"aligncenter size-full\"><img loading=\"lazy\" decoding=\"async\" width=\"617\" height=\"311\" src=\"https:\/\/www.taisykla7.lt\/wp-content\/uploads\/2022\/04\/SUBARU-navigacija-Lietuva-ir-Europa-sistemoms-su-IGO-Harman-Kardon-SD-kodas-su4.jpg\" alt=\"SUBARU navigacija Lietuva ir Europa sistemoms su IGO Harman Kardon SD (kodas su4)\" class=\"wp-image-1346\" srcset=\"https:\/\/www.taisykla7.lt\/wp-content\/uploads\/2022\/04\/SUBARU-navigacija-Lietuva-ir-Europa-sistemoms-su-IGO-Harman-Kardon-SD-kodas-su4.jpg 617w, https:\/\/www.taisykla7.lt\/wp-content\/uploads\/2022\/04\/SUBARU-navigacija-Lietuva-ir-Europa-sistemoms-su-IGO-Harman-Kardon-SD-kodas-su4-300x151.jpg 300w\" sizes=\"auto, (max-width: 617px) 100vw, 617px\" \/><figcaption>Nawigacj\u0119 mo\u017cna rozpozna\u0107 po wygl\u0105dzie.<br>Oryginalna karta robocza jest odnawiana.<\/figcaption><\/figure><\/div>\n<\/div>\n<\/div>\n\n\n\n<p><strong>Najnowsze mapy nawigacyjne | Najlepsza cena |<\/strong> Prosimy o kontakt z mistrzem nawigacji pod numerem tel. <strong><a href=\"tel:861777751\">8-617-77751<\/a><\/strong> <a href=\"\/pl\/kontaktai\/\"><strong>Wilno, Kowno, K\u0142ajpeda, Szawle<\/strong><\/a> a my z przyjemno\u015bci\u0105 odpowiemy na wszelkie pytania!<\/p><hr>","protected":false},"excerpt":{"rendered":"<p>Nawigacja SUBARU Litwa, Europa. Najnowsze p\u0142yty, mapy. Nawigacja SUBARU Litwa i Europa dla system\u00f3w C2 (Denso) z DVD (kod su1) Nawigacja SUBARU Litwa i Europa dla system\u00f3w C1 z DVD (kod su2) Nawigacja SUBARU Litwa i Europa dla system\u00f3w USA z DVD (kod su3) Nawigacja SUBARU Litwa i Europa dla system\u00f3w IGO Harman Kardon SD (kod su4)....&nbsp;<a href=\"https:\/\/www.taisykla7.lt\/pl\/subaru-navigacija\/\" rel=\"bookmark\">Dowiedz si\u0119 wi\u0119cej &raquo;<span class=\"screen-reader-text\">Nawigacja SUBARU<\/span><\/a><\/p>","protected":false},"author":1,"featured_media":0,"parent":0,"menu_order":0,"comment_status":"closed","ping_status":"closed","template":"","meta":{"_uag_custom_page_level_css":"","neve_meta_sidebar":"","neve_meta_container":"","neve_meta_enable_content_width":"","neve_meta_content_width":0,"neve_meta_title_alignment":"","neve_meta_author_avatar":"","neve_post_elements_order":"","neve_meta_disable_header":"","neve_meta_disable_footer":"","neve_meta_disable_title":"","footnotes":""},"class_list":["post-1344","page","type-page","status-publish","hentry"],"yoast_head":"<!-- This site is optimized with the Yoast SEO plugin v27.4 - https:\/\/yoast.com\/product\/yoast-seo-wordpress\/ -->\n<title>SUBARU navigacija Elektronikos remontas Vilniuje, Kaune, Klaip\u0117doje, \u0160iauliuose<\/title>\n<meta name=\"description\" content=\"SUBARU navigacija Lietuva, Europa. Naujausi diskai, \u017eem\u0117lapiai. Vilniuje, Kaune, Klaip\u0117doje, \u0160iauliuose. Tel. 8-617-77751\" \/>\n<meta name=\"robots\" content=\"index, follow, max-snippet:-1, max-image-preview:large, max-video-preview:-1\" \/>\n<link rel=\"canonical\" href=\"https:\/\/www.taisykla7.lt\/pl\/subaru-navigacija\/\" \/>\n<meta property=\"og:locale\" content=\"pl_PL\" \/>\n<meta property=\"og:type\" content=\"article\" \/>\n<meta property=\"og:title\" content=\"SUBARU navigacija Elektronikos remontas Vilniuje, Kaune, Klaip\u0117doje, \u0160iauliuose\" \/>\n<meta property=\"og:description\" content=\"SUBARU navigacija Lietuva, Europa. Naujausi diskai, \u017eem\u0117lapiai. Vilniuje, Kaune, Klaip\u0117doje, \u0160iauliuose. Tel. 8-617-77751\" \/>\n<meta property=\"og:url\" content=\"https:\/\/www.taisykla7.lt\/pl\/subaru-navigacija\/\" \/>\n<meta property=\"og:site_name\" content=\"Elektronikos remontas Vilniuje, Kaune, Klaip\u0117doje, \u0160iauliuose\" \/>\n<meta property=\"article:modified_time\" content=\"2022-04-21T21:54:13+00:00\" \/>\n<meta property=\"og:image\" content=\"https:\/\/www.taisykla7.lt\/wp-content\/uploads\/2022\/04\/SUBARU-navigacija-Lietuva-ir-Europa-sistemoms-C2-Denso-su-DVD-kodas-su1.jpg\" \/>\n<meta name=\"twitter:card\" content=\"summary_large_image\" \/>\n<meta name=\"twitter:label1\" content=\"Szacowany czas czytania\" \/>\n\t<meta name=\"twitter:data1\" content=\"3 minuty\" \/>\n<script type=\"application\/ld+json\" class=\"yoast-schema-graph\">{\"@context\":\"https:\\\/\\\/schema.org\",\"@graph\":[{\"@type\":\"WebPage\",\"@id\":\"https:\\\/\\\/www.taisykla7.lt\\\/subaru-navigacija\\\/\",\"url\":\"https:\\\/\\\/www.taisykla7.lt\\\/subaru-navigacija\\\/\",\"name\":\"SUBARU navigacija Elektronikos remontas Vilniuje, Kaune, Klaip\u0117doje, \u0160iauliuose\",\"isPartOf\":{\"@id\":\"https:\\\/\\\/www.taisykla7.lt\\\/#website\"},\"primaryImageOfPage\":{\"@id\":\"https:\\\/\\\/www.taisykla7.lt\\\/subaru-navigacija\\\/#primaryimage\"},\"image\":{\"@id\":\"https:\\\/\\\/www.taisykla7.lt\\\/subaru-navigacija\\\/#primaryimage\"},\"thumbnailUrl\":\"https:\\\/\\\/www.taisykla7.lt\\\/wp-content\\\/uploads\\\/2022\\\/04\\\/SUBARU-navigacija-Lietuva-ir-Europa-sistemoms-C2-Denso-su-DVD-kodas-su1.jpg\",\"datePublished\":\"2022-04-21T14:00:15+00:00\",\"dateModified\":\"2022-04-21T21:54:13+00:00\",\"description\":\"SUBARU navigacija Lietuva, Europa. Naujausi diskai, \u017eem\u0117lapiai. Vilniuje, Kaune, Klaip\u0117doje, \u0160iauliuose. Tel. 8-617-77751\",\"breadcrumb\":{\"@id\":\"https:\\\/\\\/www.taisykla7.lt\\\/subaru-navigacija\\\/#breadcrumb\"},\"inLanguage\":\"pl-PL\",\"potentialAction\":[{\"@type\":\"ReadAction\",\"target\":[\"https:\\\/\\\/www.taisykla7.lt\\\/subaru-navigacija\\\/\"]}]},{\"@type\":\"ImageObject\",\"inLanguage\":\"pl-PL\",\"@id\":\"https:\\\/\\\/www.taisykla7.lt\\\/subaru-navigacija\\\/#primaryimage\",\"url\":\"https:\\\/\\\/www.taisykla7.lt\\\/wp-content\\\/uploads\\\/2022\\\/04\\\/SUBARU-navigacija-Lietuva-ir-Europa-sistemoms-C2-Denso-su-DVD-kodas-su1.jpg\",\"contentUrl\":\"https:\\\/\\\/www.taisykla7.lt\\\/wp-content\\\/uploads\\\/2022\\\/04\\\/SUBARU-navigacija-Lietuva-ir-Europa-sistemoms-C2-Denso-su-DVD-kodas-su1.jpg\"},{\"@type\":\"BreadcrumbList\",\"@id\":\"https:\\\/\\\/www.taisykla7.lt\\\/subaru-navigacija\\\/#breadcrumb\",\"itemListElement\":[{\"@type\":\"ListItem\",\"position\":1,\"name\":\"Pagrindinis\",\"item\":\"https:\\\/\\\/www.taisykla7.lt\\\/\"},{\"@type\":\"ListItem\",\"position\":2,\"name\":\"SUBARU navigacija\"}]},{\"@type\":\"WebSite\",\"@id\":\"https:\\\/\\\/www.taisykla7.lt\\\/#website\",\"url\":\"https:\\\/\\\/www.taisykla7.lt\\\/\",\"name\":\"Elektronikos remontas Vilniuje, Kaune, Klaip\u0117doje, \u0160iauliuose\",\"description\":\"Televizori\u0173, paspirtuk\u0173, kompiuteri\u0173, telefon\u0173, kavos aparat\u0173 ir kitos technikos remontas \\\/ taisykla\",\"publisher\":{\"@id\":\"https:\\\/\\\/www.taisykla7.lt\\\/#organization\"},\"potentialAction\":[{\"@type\":\"SearchAction\",\"target\":{\"@type\":\"EntryPoint\",\"urlTemplate\":\"https:\\\/\\\/www.taisykla7.lt\\\/?s={search_term_string}\"},\"query-input\":{\"@type\":\"PropertyValueSpecification\",\"valueRequired\":true,\"valueName\":\"search_term_string\"}}],\"inLanguage\":\"pl-PL\"},{\"@type\":\"Organization\",\"@id\":\"https:\\\/\\\/www.taisykla7.lt\\\/#organization\",\"name\":\"Elektronikos remontas Vilniuje, Kaune, Klaip\u0117doje, \u0160iauliuose\",\"url\":\"https:\\\/\\\/www.taisykla7.lt\\\/\",\"logo\":{\"@type\":\"ImageObject\",\"inLanguage\":\"pl-PL\",\"@id\":\"https:\\\/\\\/www.taisykla7.lt\\\/#\\\/schema\\\/logo\\\/image\\\/\",\"url\":\"https:\\\/\\\/www.taisykla7.lt\\\/wp-content\\\/uploads\\\/2022\\\/04\\\/taisykla7_logo.jpg\",\"contentUrl\":\"https:\\\/\\\/www.taisykla7.lt\\\/wp-content\\\/uploads\\\/2022\\\/04\\\/taisykla7_logo.jpg\",\"width\":400,\"height\":100,\"caption\":\"Elektronikos remontas Vilniuje, Kaune, Klaip\u0117doje, \u0160iauliuose\"},\"image\":{\"@id\":\"https:\\\/\\\/www.taisykla7.lt\\\/#\\\/schema\\\/logo\\\/image\\\/\"}}]}<\/script>\n<!-- \/ Yoast SEO plugin. -->","yoast_head_json":{"title":"SUBARU navigacija Elektronikos remontas Vilniuje, Kaune, Klaip\u0117doje, \u0160iauliuose","description":"Nawigacja SUBARU Litwa, Europa. Najnowsze dyski, mapy. W Wilnie, Kownie, K\u0142ajpedzie, Szawlach. Tel. 8-617-77751","robots":{"index":"index","follow":"follow","max-snippet":"max-snippet:-1","max-image-preview":"max-image-preview:large","max-video-preview":"max-video-preview:-1"},"canonical":"https:\/\/www.taisykla7.lt\/pl\/subaru-navigacija\/","og_locale":"pl_PL","og_type":"article","og_title":"SUBARU navigacija Elektronikos remontas Vilniuje, Kaune, Klaip\u0117doje, \u0160iauliuose","og_description":"SUBARU navigacija Lietuva, Europa. Naujausi diskai, \u017eem\u0117lapiai. Vilniuje, Kaune, Klaip\u0117doje, \u0160iauliuose. Tel. 8-617-77751","og_url":"https:\/\/www.taisykla7.lt\/pl\/subaru-navigacija\/","og_site_name":"Elektronikos remontas Vilniuje, Kaune, Klaip\u0117doje, \u0160iauliuose","article_modified_time":"2022-04-21T21:54:13+00:00","og_image":[{"url":"https:\/\/www.taisykla7.lt\/wp-content\/uploads\/2022\/04\/SUBARU-navigacija-Lietuva-ir-Europa-sistemoms-C2-Denso-su-DVD-kodas-su1.jpg","type":"","width":"","height":""}],"twitter_card":"summary_large_image","twitter_misc":{"Szacowany czas czytania":"3 minuty"},"schema":{"@context":"https:\/\/schema.org","@graph":[{"@type":"WebPage","@id":"https:\/\/www.taisykla7.lt\/subaru-navigacija\/","url":"https:\/\/www.taisykla7.lt\/subaru-navigacija\/","name":"SUBARU navigacija Elektronikos remontas Vilniuje, Kaune, Klaip\u0117doje, \u0160iauliuose","isPartOf":{"@id":"https:\/\/www.taisykla7.lt\/#website"},"primaryImageOfPage":{"@id":"https:\/\/www.taisykla7.lt\/subaru-navigacija\/#primaryimage"},"image":{"@id":"https:\/\/www.taisykla7.lt\/subaru-navigacija\/#primaryimage"},"thumbnailUrl":"https:\/\/www.taisykla7.lt\/wp-content\/uploads\/2022\/04\/SUBARU-navigacija-Lietuva-ir-Europa-sistemoms-C2-Denso-su-DVD-kodas-su1.jpg","datePublished":"2022-04-21T14:00:15+00:00","dateModified":"2022-04-21T21:54:13+00:00","description":"Nawigacja SUBARU Litwa, Europa. Najnowsze dyski, mapy. W Wilnie, Kownie, K\u0142ajpedzie, Szawlach. Tel. 8-617-77751","breadcrumb":{"@id":"https:\/\/www.taisykla7.lt\/subaru-navigacija\/#breadcrumb"},"inLanguage":"pl-PL","potentialAction":[{"@type":"ReadAction","target":["https:\/\/www.taisykla7.lt\/subaru-navigacija\/"]}]},{"@type":"ImageObject","inLanguage":"pl-PL","@id":"https:\/\/www.taisykla7.lt\/subaru-navigacija\/#primaryimage","url":"https:\/\/www.taisykla7.lt\/wp-content\/uploads\/2022\/04\/SUBARU-navigacija-Lietuva-ir-Europa-sistemoms-C2-Denso-su-DVD-kodas-su1.jpg","contentUrl":"https:\/\/www.taisykla7.lt\/wp-content\/uploads\/2022\/04\/SUBARU-navigacija-Lietuva-ir-Europa-sistemoms-C2-Denso-su-DVD-kodas-su1.jpg"},{"@type":"BreadcrumbList","@id":"https:\/\/www.taisykla7.lt\/subaru-navigacija\/#breadcrumb","itemListElement":[{"@type":"ListItem","position":1,"name":"Pagrindinis","item":"https:\/\/www.taisykla7.lt\/"},{"@type":"ListItem","position":2,"name":"SUBARU navigacija"}]},{"@type":"WebSite","@id":"https:\/\/www.taisykla7.lt\/#website","url":"https:\/\/www.taisykla7.lt\/","name":"Elektronikos remontas Vilniuje, Kaune, Klaip\u0117doje, \u0160iauliuose","description":"Naprawa telewizor\u00f3w, skuter\u00f3w, komputer\u00f3w, telefon\u00f3w, ekspres\u00f3w do kawy i innych urz\u0105dze\u0144.","publisher":{"@id":"https:\/\/www.taisykla7.lt\/#organization"},"potentialAction":[{"@type":"SearchAction","target":{"@type":"EntryPoint","urlTemplate":"https:\/\/www.taisykla7.lt\/?s={search_term_string}"},"query-input":{"@type":"PropertyValueSpecification","valueRequired":true,"valueName":"search_term_string"}}],"inLanguage":"pl-PL"},{"@type":"Organization","@id":"https:\/\/www.taisykla7.lt\/#organization","name":"Elektronikos remontas Vilniuje, Kaune, Klaip\u0117doje, \u0160iauliuose","url":"https:\/\/www.taisykla7.lt\/","logo":{"@type":"ImageObject","inLanguage":"pl-PL","@id":"https:\/\/www.taisykla7.lt\/#\/schema\/logo\/image\/","url":"https:\/\/www.taisykla7.lt\/wp-content\/uploads\/2022\/04\/taisykla7_logo.jpg","contentUrl":"https:\/\/www.taisykla7.lt\/wp-content\/uploads\/2022\/04\/taisykla7_logo.jpg","width":400,"height":100,"caption":"Elektronikos remontas Vilniuje, Kaune, Klaip\u0117doje, \u0160iauliuose"},"image":{"@id":"https:\/\/www.taisykla7.lt\/#\/schema\/logo\/image\/"}}]}},"uagb_featured_image_src":{"full":false,"thumbnail":false,"medium":false,"medium_large":false,"large":false,"1536x1536":false,"2048x2048":false,"trp-custom-language-flag":false,"neve-blog":false},"uagb_author_info":{"display_name":"admin","author_link":"https:\/\/www.taisykla7.lt\/pl\/author\/admin\/"},"uagb_comment_info":0,"uagb_excerpt":"SUBARU navigacija Lietuva, Europa. Naujausi diskai, \u017eem\u0117lapiai. SUBARU navigacija Lietuva ir Europa sistemoms C2 (Denso) su DVD (kodas su1) SUBARU navigacija Lietuva ir Europa sistemoms C1 su DVD (kodas su2) SUBARU navigacija Lietuva ir Europa sistemoms i\u0161 JAV su DVD (kodas su3) SUBARU navigacija Lietuva ir Europa sistemoms su IGO Harman Kardon SD (kodas su4)&hellip;&nbsp;Dowiedz&hellip;","_links":{"self":[{"href":"https:\/\/www.taisykla7.lt\/pl\/wp-json\/wp\/v2\/pages\/1344","targetHints":{"allow":["GET"]}}],"collection":[{"href":"https:\/\/www.taisykla7.lt\/pl\/wp-json\/wp\/v2\/pages"}],"about":[{"href":"https:\/\/www.taisykla7.lt\/pl\/wp-json\/wp\/v2\/types\/page"}],"author":[{"embeddable":true,"href":"https:\/\/www.taisykla7.lt\/pl\/wp-json\/wp\/v2\/users\/1"}],"replies":[{"embeddable":true,"href":"https:\/\/www.taisykla7.lt\/pl\/wp-json\/wp\/v2\/comments?post=1344"}],"version-history":[{"count":3,"href":"https:\/\/www.taisykla7.lt\/pl\/wp-json\/wp\/v2\/pages\/1344\/revisions"}],"predecessor-version":[{"id":1555,"href":"https:\/\/www.taisykla7.lt\/pl\/wp-json\/wp\/v2\/pages\/1344\/revisions\/1555"}],"wp:attachment":[{"href":"https:\/\/www.taisykla7.lt\/pl\/wp-json\/wp\/v2\/media?parent=1344"}],"curies":[{"name":"wp","href":"https:\/\/api.w.org\/{rel}","templated":true}]}}