{"id":1048,"date":"2022-04-20T21:28:23","date_gmt":"2022-04-20T19:28:23","guid":{"rendered":"https:\/\/www.taisykla7.lt\/?page_id=1048"},"modified":"2024-12-07T00:07:03","modified_gmt":"2024-12-06T21:07:03","slug":"tomtom-garmin-igo-atnaujinimas","status":"publish","type":"page","link":"https:\/\/www.taisykla7.lt\/ru\/tomtom-garmin-igo-atnaujinimas\/","title":{"rendered":"\u041e\u0431\u043d\u043e\u0432\u043b\u0435\u043d\u0438\u0435 TomTom, Garmin, iGo"},"content":{"rendered":"<ul class=\"wp-block-list\">\n<li><strong>\u0412\u0438\u043b\u044c\u043d\u044e\u0441<\/strong> - Kareivi\u0173 g. 11A \"RIMI\" <a href=\"\/ru\/\u0442\u0435\u043b:+37065577057\/\">+370-655-77057<\/a><\/li>\n\n\n\n<li><strong>\u041a\u0430\u0443\u043d\u0430\u0441<\/strong> - 155 Savanori\u0173 Ave. <a href=\"\/ru\/\u0442\u0435\u043b:+37063969600\/\">+370-639-69600<\/a><\/li>\n\n\n\n<li><strong>\u041a\u043b\u0430\u0439\u043f\u0435\u0434\u0430<\/strong> - \u0421\u0430\u0443\u0441\u0438\u043e 15-\u043e\u0441\u0438\u043e\u0441 \u0443\u043b. 13 <a href=\"\/ru\/\u0442\u0435\u043b:+37064707741\/\">+370-647-07741<\/a><\/li>\n\n\n\n<li><strong>\u0428\u044f\u0443\u043b\u044f\u0439<\/strong> - Gegu\u017ei\u0173 g. 30 \"\u0410\u0440\u0435\u043d\u0430\" <a href=\"\/ru\/\u0442\u0435\u043b:+37068229052\/\">+370-682-29052<\/a><\/li>\n<\/ul>\n\n\n\n<p>Taisykla7 \u0434\u043b\u044f \u0432\u0441\u0435\u0445 \u0442\u0438\u043f\u043e\u0432 \u043f\u043e\u0440\u0442\u0430\u0442\u0438\u0432\u043d\u044b\u0445 \u043d\u0430\u0432\u0438\u0433\u0430\u0446\u0438\u043e\u043d\u043d\u044b\u0445 \u0443\u0441\u0442\u0440\u043e\u0439\u0441\u0442\u0432 (PND) <strong>\u0420\u0435\u043c\u043e\u043d\u0442 \u0438 \u043c\u043e\u0434\u0435\u0440\u043d\u0438\u0437\u0430\u0446\u0438\u044f TomTom, Garmin, iGo <\/strong>\u0438 \u0434\u0440\u0443\u0433\u0438\u0435. \u041c\u044b \u043e\u0431\u043d\u043e\u0432\u043b\u044f\u0435\u043c \u043f\u043e\u0441\u043b\u0435\u0434\u043d\u0438\u0435 \u043a\u0430\u0440\u0442\u044b \u041b\u0438\u0442\u0432\u044b \u0438 \u0415\u0432\u0440\u043e\u043f\u044b. \u041c\u044b \u043c\u043e\u0436\u0435\u043c \u0437\u0430\u043f\u0438\u0441\u0430\u0442\u044c \u0434\u043e\u0440\u043e\u0436\u043d\u044b\u0435 \u043a\u0430\u0440\u0442\u044b \u043a\u0430\u043a \u0434\u043b\u044f \u043b\u0435\u0433\u043a\u043e\u0432\u044b\u0445, \u0442\u0430\u043a \u0438 \u0434\u043b\u044f \u0433\u0440\u0443\u0437\u043e\u0432\u044b\u0445 \u0430\u0432\u0442\u043e\u043c\u043e\u0431\u0438\u043b\u0435\u0439.<\/p>\n\n\n\n<ul class=\"wp-block-list\">\n<li><strong>\u041e\u0431\u043d\u043e\u0432\u043b\u0435\u043d\u0438\u0435 \u043d\u0430\u0432\u0438\u0433\u0430\u0446\u0438\u043e\u043d\u043d\u044b\u0445 \u043a\u0430\u0440\u0442 TomTom<\/strong><\/li>\n\n\n\n<li><strong>\u0420\u0435\u043c\u043e\u043d\u0442 \u043d\u0430\u0432\u0438\u0433\u0430\u0442\u043e\u0440\u043e\u0432 TomTom<\/strong><\/li>\n\n\n\n<li>\u041e\u0431\u043d\u043e\u0432\u043b\u0435\u043d\u0438\u0435 \u043d\u0430\u0432\u0438\u0433\u0430\u0446\u0438\u043e\u043d\u043d\u043e\u0439 \u043a\u0430\u0440\u0442\u044b Garmin<\/li>\n\n\n\n<li>\u0420\u0435\u043c\u043e\u043d\u0442 \u043d\u0430\u0432\u0438\u0433\u0430\u0442\u043e\u0440\u043e\u0432 Garmin<\/li>\n\n\n\n<li><strong>\u041e\u0431\u043d\u043e\u0432\u043b\u0435\u043d\u0438\u0435 \u0438 \u0440\u0435\u043c\u043e\u043d\u0442 \u043d\u0430\u0432\u0438\u0433\u0430\u0446\u0438\u043e\u043d\u043d\u044b\u0445 \u0443\u0441\u0442\u0440\u043e\u0439\u0441\u0442\u0432 \u0441 \u043a\u0430\u0440\u0442\u0430\u043c\u0438 iGo<\/strong><\/li>\n<\/ul>\n\n\n\n<p>\u041c\u044b \u0442\u0430\u043a\u0436\u0435 \u0437\u0430\u043f\u0438\u0441\u044b\u0432\u0430\u0435\u043c \u043d\u0430\u0432\u0438\u0433\u0430\u0446\u0438\u044e \u043d\u0430 iPhone, Samsung Galaxy \u0438 \u0434\u0440\u0443\u0433\u0438\u0445 \u0442\u0435\u043b\u0435\u0444\u043e\u043d\u0430\u0445, \u0432\u044b\u043f\u043e\u043b\u043d\u044f\u0435\u043c \u0440\u0430\u0437\u043b\u0438\u0447\u043d\u044b\u0435 \u0440\u0435\u043c\u043e\u043d\u0442\u043d\u044b\u0435 \u0440\u0430\u0431\u043e\u0442\u044b.<\/p>\n\n\n\n<ul class=\"wp-block-list\">\n<li>\u0417\u0430\u043c\u0435\u043d\u0430 \u0440\u0430\u0437\u0431\u0438\u0442\u044b\u0445 \u043d\u0430\u0432\u0438\u0433\u0430\u0446\u0438\u043e\u043d\u043d\u044b\u0445 \u044d\u043a\u0440\u0430\u043d\u043e\u0432<\/li>\n\n\n\n<li>\u041f\u0435\u0440\u0435\u043c\u043e\u043d\u0442\u0430\u0436 \u0441\u043b\u043e\u043c\u0430\u043d\u043d\u044b\u0445 \u0440\u043e\u0437\u0435\u0442\u043e\u043a<\/li>\n\n\n\n<li>\u0417\u0430\u043f\u0438\u0441\u044c \u0440\u0430\u0434\u0430\u0440\u043e\u0432, \u043a\u0430\u043c\u0435\u0440 \u043a\u043e\u043d\u0442\u0440\u043e\u043b\u044f \u0441\u043a\u043e\u0440\u043e\u0441\u0442\u0438, \u043e\u0440\u0438\u0435\u043d\u0442\u0438\u0440\u043e\u0432<\/li>\n\n\n\n<li>\u041f\u0435\u0440\u0435\u0437\u0430\u043f\u0438\u0441\u044c \u043f\u0440\u043e\u0433\u0440\u0430\u043c\u043c\u043d\u043e\u0433\u043e \u043e\u0431\u0435\u0441\u043f\u0435\u0447\u0435\u043d\u0438\u044f<\/li>\n\n\n\n<li>\u0420\u0435\u0430\u043b\u0438\u0437\u0430\u0446\u0438\u044f \u043b\u0438\u0442\u043e\u0432\u0441\u043a\u043e\u0433\u043e \u044f\u0437\u044b\u043a\u0430, \u0433\u043e\u043b\u043e\u0441\u0430<\/li>\n\n\n\n<li>\u0423\u0441\u0442\u0440\u0430\u043d\u0435\u043d\u0438\u0435 \u0432\u0441\u0435\u0445 \u043f\u0440\u043e\u0433\u0440\u0430\u043c\u043c\u043d\u044b\u0445 \u0438 \u0442\u0435\u0445\u043d\u0438\u0447\u0435\u0441\u043a\u0438\u0445 \u043d\u0435\u0438\u0441\u043f\u0440\u0430\u0432\u043d\u043e\u0441\u0442\u0435\u0439<\/li>\n<\/ul>\n\n\n\n<p><strong>\u041c\u044b \u0432\u0441\u0435\u0433\u0434\u0430 \u043f\u0440\u043e\u0432\u043e\u0434\u0438\u043c \u043f\u0435\u0440\u0432\u0438\u0447\u043d\u0443\u044e \u0434\u0438\u0430\u0433\u043d\u043e\u0441\u0442\u0438\u043a\u0443 \u0432 \u0442\u0435\u0447\u0435\u043d\u0438\u0435 1 \u0440\u0430\u0431\u043e\u0447\u0435\u0433\u043e \u0434\u043d\u044f \u0434\u043e \u043d\u0430\u0447\u0430\u043b\u0430 \u0440\u0435\u043c\u043e\u043d\u0442\u0430<\/strong>. <strong>\u041d\u0443\u0436\u043d\u0430 \u0431\u043e\u043b\u0435\u0435 \u043f\u043e\u0434\u0440\u043e\u0431\u043d\u0430\u044f \u0438\u043d\u0444\u043e\u0440\u043c\u0430\u0446\u0438\u044f? <a href=\"\/ru\/kontaktai\/\">\u0421\u0432\u044f\u0436\u0438\u0442\u0435\u0441\u044c \u0441 \u043d\u0430\u043c\u0438<\/a>.<\/strong><\/p>\n\n\n\n<figure class=\"wp-block-image size-full\"><img loading=\"lazy\" decoding=\"async\" width=\"640\" height=\"378\" src=\"https:\/\/www.taisykla7.lt\/wp-content\/uploads\/2022\/04\/tomtom_atnaujinimas.jpg\" alt=\"tomtom atnaujinimas\" class=\"wp-image-1050\" srcset=\"https:\/\/www.taisykla7.lt\/wp-content\/uploads\/2022\/04\/tomtom_atnaujinimas.jpg 640w, https:\/\/www.taisykla7.lt\/wp-content\/uploads\/2022\/04\/tomtom_atnaujinimas-300x177.jpg 300w\" sizes=\"auto, (max-width: 640px) 100vw, 640px\" \/><\/figure>\n\n\n\n<h2 class=\"wp-block-heading\">\u041e\u0431\u043d\u043e\u0432\u043b\u0435\u043d\u0438\u0435 \u0438 \u0440\u0435\u043c\u043e\u043d\u0442 iGo \/ Garmin \/ TomTom - \u043f\u0440\u0430\u0439\u0441-\u043b\u0438\u0441\u0442<\/h2>\n\n\n\n<p>\u042d\u0442\u043e \u043e\u0440\u0438\u0435\u043d\u0442\u0438\u0440\u043e\u0432\u043e\u0447\u043d\u044b\u0435 \u0446\u0435\u043d\u044b. \u0426\u0435\u043d\u044b \u043d\u0435 \u0432\u043a\u043b\u044e\u0447\u0430\u044e\u0442 \u0437\u0430\u043f\u0447\u0430\u0441\u0442\u0438. \u0422\u043e\u0447\u043d\u044b\u0435 \u0446\u0435\u043d\u044b \u0437\u0430\u0432\u0438\u0441\u044f\u0442 \u043e\u0442 \u0441\u043f\u0435\u0446\u0438\u0444\u0438\u043a\u0438 \u043d\u0435\u0438\u0441\u043f\u0440\u0430\u0432\u043d\u043e\u0441\u0442\u0438 - \u0438\u043d\u043e\u0433\u0434\u0430 \u0434\u0435\u0442\u0430\u043b\u044c \u043c\u043e\u0436\u043d\u043e \u043e\u0442\u0440\u0435\u043c\u043e\u043d\u0442\u0438\u0440\u043e\u0432\u0430\u0442\u044c, \u0438\u043d\u043e\u0433\u0434\u0430 \u0435\u0435 \u043d\u0443\u0436\u043d\u043e \u0437\u0430\u043c\u0435\u043d\u0438\u0442\u044c (\u0446\u0435\u043d\u044b \u043d\u0430 \u0434\u0435\u0442\u0430\u043b\u0438 \u0434\u043b\u044f \u043a\u0430\u0436\u0434\u043e\u0433\u043e \u043d\u0430\u0432\u0438\u0433\u0430\u0442\u043e\u0440\u0430 \u0440\u0430\u0437\u043d\u044b\u0435, \u0434\u043b\u044f \u043e\u043f\u0440\u0435\u0434\u0435\u043b\u0435\u043d\u0438\u044f \u0446\u0435\u043d\u044b \u0442\u0440\u0435\u0431\u0443\u0435\u0442\u0441\u044f \u0440\u0430\u0437\u0431\u043e\u0440\u043a\u0430 \u043d\u0430\u0432\u0438\u0433\u0430\u0442\u043e\u0440\u0430). \u0414\u0438\u0430\u0433\u043d\u043e\u0441\u0442\u0438\u043a\u0430, \u043a\u0430\u043a \u043f\u0440\u0430\u0432\u0438\u043b\u043e, \u043f\u0440\u043e\u0432\u043e\u0434\u0438\u0442\u0441\u044f \u0432 \u0442\u043e\u0442 \u0436\u0435 \u0434\u0435\u043d\u044c, \u0435\u0441\u043b\u0438 \u0434\u0435\u0442\u0430\u043b\u044c \u043f\u0440\u0438\u0432\u0435\u0437\u0435\u043d\u0430 \u0434\u043e \u043e\u0431\u0435\u0434\u0430. \u0412 \u043f\u0440\u043e\u0442\u0438\u0432\u043d\u043e\u043c \u0441\u043b\u0443\u0447\u0430\u0435 - \u043d\u0430 \u0441\u043b\u0435\u0434\u0443\u044e\u0449\u0438\u0439 \u0440\u0430\u0431\u043e\u0447\u0438\u0439 \u0434\u0435\u043d\u044c. \u041f\u043e\u0441\u043b\u0435\u0434\u0438\u0430\u0433\u043d\u043e\u0441\u0442\u0438\u0447\u0435\u0441\u043a\u0438\u0435 \u0440\u0430\u0431\u043e\u0442\u044b \u043e\u0431\u044b\u0447\u043d\u043e \u0432\u044b\u043f\u043e\u043b\u043d\u044f\u044e\u0442\u0441\u044f \u0432 \u0442\u0435\u0447\u0435\u043d\u0438\u0435 1-5 \u0440\u0430\u0431\u043e\u0447\u0438\u0445 \u0434\u043d\u0435\u0439. \u0415\u0441\u043b\u0438 \u043d\u0435\u043e\u0431\u0445\u043e\u0434\u0438\u043c\u043e \u0437\u0430\u043a\u0430\u0437\u0430\u0442\u044c \u043a\u043e\u043d\u043a\u0440\u0435\u0442\u043d\u044b\u0435 \u0434\u0435\u0442\u0430\u043b\u0438, \u0440\u0430\u0431\u043e\u0442\u0430 \u043c\u043e\u0436\u0435\u0442 \u0437\u0430\u043d\u044f\u0442\u044c \u0431\u043e\u043b\u044c\u0448\u0435 \u0432\u0440\u0435\u043c\u0435\u043d\u0438.<\/p>\n\n\n\n<ul class=\"wp-block-list\">\n<li><strong>5 eur<\/strong> - \u0434\u0438\u0430\u0433\u043d\u043e\u0441\u0442\u0438\u043a\u0430, \u0441\u0440\u043e\u043a\u0438 \u0443\u0441\u0442\u0440\u0430\u043d\u0435\u043d\u0438\u044f \u043d\u0435\u0438\u0441\u043f\u0440\u0430\u0432\u043d\u043e\u0441\u0442\u0435\u0439 \u0438 \u0440\u0435\u043c\u043e\u043d\u0442\u0430, \u043f\u043e \u0442\u0435\u043b\u0435\u0444\u043e\u043d\u0443<\/li>\n\n\n\n<li><strong>\u043e\u0442 \u20ac15<\/strong> - \u0437\u0430\u043c\u0435\u043d\u0443 \u0438\u043b\u0438 \u0440\u0435\u043c\u043e\u043d\u0442 \u0440\u043e\u0437\u0435\u0442\u043a\u0438 \u0438\u043b\u0438 \u0434\u0440\u0443\u0433\u043e\u0439 \u0440\u043e\u0437\u0435\u0442\u043a\u0438 (\u043e\u0431\u044b\u0447\u043d\u043e \u0441\u043b\u043e\u043c\u0430\u043d\u043d\u043e\u0439)<\/li>\n\n\n\n<li><strong>\u043e\u0442 10 \u0435\u0432\u0440\u043e<\/strong> - \u0437\u0430\u043c\u0435\u043d\u0430 \u044d\u043a\u0440\u0430\u043d\u0430 (\u043c\u0430\u0442\u0440\u0438\u0446\u044b)<\/li>\n\n\n\n<li><strong>\u043e\u0442 12 \u0435\u0432\u0440\u043e<\/strong> - \u043e\u0431\u043d\u043e\u0432\u043b\u0435\u043d\u0438\u0435 \u0438\u043b\u0438 \u0437\u0430\u043f\u0438\u0441\u044c \u043d\u0430\u0432\u0438\u0433\u0430\u0446\u0438\u0438 iGo \u0434\u043b\u044f \u0440\u0430\u0437\u043b\u0438\u0447\u043d\u044b\u0445 \u043f\u0440\u043e\u0438\u0437\u0432\u043e\u0434\u0438\u0442\u0435\u043b\u0435\u0439<\/li>\n\n\n\n<li><strong>64 \u0435\u0432\u0440\u043e<\/strong> - \u041e\u0431\u043d\u043e\u0432\u043b\u0435\u043d\u0438\u0435 \u043d\u0430\u0432\u0438\u0433\u0430\u0446\u0438\u0438 TomTom, Garmin (\u0432\u043a\u043b\u044e\u0447\u0430\u0435\u0442 \u0441\u0442\u043e\u0438\u043c\u043e\u0441\u0442\u044c \u043d\u0435\u043e\u0431\u0445\u043e\u0434\u0438\u043c\u043e\u0439 \u043b\u0438\u0446\u0435\u043d\u0437\u0438\u0438)<\/li>\n<\/ul>\n\n\n\n<p><a href=\"https:\/\/www.igonavigation.com\/\" target=\"_blank\" rel=\"noreferrer noopener\">\u041f\u043e\u0441\u043b\u0435\u0434\u043d\u044f\u044f \u0438\u043d\u0444\u043e\u0440\u043c\u0430\u0446\u0438\u044f \u043e \u043a\u0430\u0440\u0442\u0430\u0445 iGO.<\/a><\/p>","protected":false},"excerpt":{"rendered":"<p>Taisykla7 \u0440\u0435\u043c\u043e\u043d\u0442\u0438\u0440\u0443\u0435\u0442 \u0438 \u043e\u0431\u043d\u043e\u0432\u043b\u044f\u0435\u0442 \u0432\u0441\u0435 \u0442\u0438\u043f\u044b \u043f\u043e\u0440\u0442\u0430\u0442\u0438\u0432\u043d\u044b\u0445 \u043d\u0430\u0432\u0438\u0433\u0430\u0446\u0438\u043e\u043d\u043d\u044b\u0445 \u0443\u0441\u0442\u0440\u043e\u0439\u0441\u0442\u0432 (PND) - TomTom, Garmin, iGo \u0438 \u0434\u0440\u0443\u0433\u0438\u0435. \u041c\u044b \u043e\u0431\u043d\u043e\u0432\u043b\u044f\u0435\u043c \u043d\u043e\u0432\u0435\u0439\u0448\u0438\u0435 \u043a\u0430\u0440\u0442\u044b \u041b\u0438\u0442\u0432\u044b \u0438 \u0415\u0432\u0440\u043e\u043f\u044b. \u041c\u044b \u043c\u043e\u0436\u0435\u043c \u0437\u0430\u043f\u0438\u0441\u0430\u0442\u044c \u043a\u0430\u0440\u0442\u044b \u0434\u043e\u0440\u043e\u0433 \u043a\u0430\u043a \u0434\u043b\u044f \u043b\u0435\u0433\u043a\u043e\u0432\u044b\u0445, \u0442\u0430\u043a \u0438 \u0434\u043b\u044f \u0433\u0440\u0443\u0437\u043e\u0432\u044b\u0445 \u0430\u0432\u0442\u043e\u043c\u043e\u0431\u0438\u043b\u0435\u0439. \u041c\u044b \u0442\u0430\u043a\u0436\u0435 \u0437\u0430\u043f\u0438\u0441\u044b\u0432\u0430\u0435\u043c \u043d\u0430\u0432\u0438\u0433\u0430\u0446\u0438\u044e \u043d\u0430 iPhone, Samsung Galaxy \u0438 \u0434\u0440\u0443\u0433\u0438\u0435 \u0442\u0435\u043b\u0435\u0444\u043e\u043d\u044b \u0438 \u0432\u044b\u043f\u043e\u043b\u043d\u044f\u0435\u043c \u0440\u0430\u0437\u043b\u0438\u0447\u043d\u044b\u0435 \u0440\u0435\u043c\u043e\u043d\u0442\u043d\u044b\u0435 \u0440\u0430\u0431\u043e\u0442\u044b. iGo \/ Garmin \/ TomTom \u043e\u0431\u043d\u043e\u0432\u043b\u044f\u0435\u043c \u0438...&nbsp;<a href=\"https:\/\/www.taisykla7.lt\/ru\/tomtom-garmin-igo-atnaujinimas\/\" rel=\"bookmark\">\u0427\u0438\u0442\u0430\u0442\u044c \u0434\u0430\u043b\u0435\u0435 \"<span class=\"screen-reader-text\">\u041e\u0431\u043d\u043e\u0432\u043b\u0435\u043d\u0438\u0435 TomTom, Garmin, iGo<\/span><\/a><\/p>","protected":false},"author":1,"featured_media":0,"parent":0,"menu_order":0,"comment_status":"closed","ping_status":"closed","template":"","meta":{"_uag_custom_page_level_css":"","neve_meta_sidebar":"","neve_meta_container":"","neve_meta_enable_content_width":"","neve_meta_content_width":0,"neve_meta_title_alignment":"","neve_meta_author_avatar":"","neve_post_elements_order":"","neve_meta_disable_header":"","neve_meta_disable_footer":"","neve_meta_disable_title":"","footnotes":""},"class_list":["post-1048","page","type-page","status-publish","hentry"],"yoast_head":"<!-- This site is optimized with the Yoast SEO plugin v27.3 - https:\/\/yoast.com\/product\/yoast-seo-wordpress\/ -->\n<title>TomTom, Garmin, iGo atnaujinimas Elektronikos remontas Vilniuje, Kaune, Klaip\u0117doje, \u0160iauliuose<\/title>\n<meta name=\"description\" content=\"TomTom, Garmin, iGo remontas ir \u017eem\u0117lapi\u0173 atnaujinimas. Vilniuj, Kaune, Klaip\u0117doje, \u0160iauliuose. Tel. 8-639-69600\" \/>\n<meta name=\"robots\" content=\"index, follow, max-snippet:-1, max-image-preview:large, max-video-preview:-1\" \/>\n<link rel=\"canonical\" href=\"https:\/\/www.taisykla7.lt\/ru\/tomtom-garmin-igo-atnaujinimas\/\" \/>\n<meta property=\"og:locale\" content=\"ru_RU\" \/>\n<meta property=\"og:type\" content=\"article\" \/>\n<meta property=\"og:title\" content=\"TomTom, Garmin, iGo atnaujinimas Elektronikos remontas Vilniuje, Kaune, Klaip\u0117doje, \u0160iauliuose\" \/>\n<meta property=\"og:description\" content=\"TomTom, Garmin, iGo remontas ir \u017eem\u0117lapi\u0173 atnaujinimas. Vilniuj, Kaune, Klaip\u0117doje, \u0160iauliuose. Tel. 8-639-69600\" \/>\n<meta property=\"og:url\" content=\"https:\/\/www.taisykla7.lt\/ru\/tomtom-garmin-igo-atnaujinimas\/\" \/>\n<meta property=\"og:site_name\" content=\"Elektronikos remontas Vilniuje, Kaune, Klaip\u0117doje, \u0160iauliuose\" \/>\n<meta property=\"article:modified_time\" content=\"2024-12-06T21:07:03+00:00\" \/>\n<meta property=\"og:image\" content=\"https:\/\/www.taisykla7.lt\/wp-content\/uploads\/2022\/04\/tomtom_atnaujinimas.jpg\" \/>\n\t<meta property=\"og:image:width\" content=\"640\" \/>\n\t<meta property=\"og:image:height\" content=\"378\" \/>\n\t<meta property=\"og:image:type\" content=\"image\/jpeg\" \/>\n<meta name=\"twitter:card\" content=\"summary_large_image\" \/>\n<meta name=\"twitter:label1\" content=\"\u041f\u0440\u0438\u043c\u0435\u0440\u043d\u043e\u0435 \u0432\u0440\u0435\u043c\u044f \u0434\u043b\u044f \u0447\u0442\u0435\u043d\u0438\u044f\" \/>\n\t<meta name=\"twitter:data1\" content=\"2 \u043c\u0438\u043d\u0443\u0442\u044b\" \/>\n<script type=\"application\/ld+json\" class=\"yoast-schema-graph\">{\"@context\":\"https:\\\/\\\/schema.org\",\"@graph\":[{\"@type\":\"WebPage\",\"@id\":\"https:\\\/\\\/www.taisykla7.lt\\\/tomtom-garmin-igo-atnaujinimas\\\/\",\"url\":\"https:\\\/\\\/www.taisykla7.lt\\\/tomtom-garmin-igo-atnaujinimas\\\/\",\"name\":\"TomTom, Garmin, iGo atnaujinimas Elektronikos remontas Vilniuje, Kaune, Klaip\u0117doje, \u0160iauliuose\",\"isPartOf\":{\"@id\":\"https:\\\/\\\/www.taisykla7.lt\\\/#website\"},\"primaryImageOfPage\":{\"@id\":\"https:\\\/\\\/www.taisykla7.lt\\\/tomtom-garmin-igo-atnaujinimas\\\/#primaryimage\"},\"image\":{\"@id\":\"https:\\\/\\\/www.taisykla7.lt\\\/tomtom-garmin-igo-atnaujinimas\\\/#primaryimage\"},\"thumbnailUrl\":\"https:\\\/\\\/www.taisykla7.lt\\\/wp-content\\\/uploads\\\/2022\\\/04\\\/tomtom_atnaujinimas.jpg\",\"datePublished\":\"2022-04-20T19:28:23+00:00\",\"dateModified\":\"2024-12-06T21:07:03+00:00\",\"description\":\"TomTom, Garmin, iGo remontas ir \u017eem\u0117lapi\u0173 atnaujinimas. Vilniuj, Kaune, Klaip\u0117doje, \u0160iauliuose. Tel. 8-639-69600\",\"breadcrumb\":{\"@id\":\"https:\\\/\\\/www.taisykla7.lt\\\/tomtom-garmin-igo-atnaujinimas\\\/#breadcrumb\"},\"inLanguage\":\"ru-RU\",\"potentialAction\":[{\"@type\":\"ReadAction\",\"target\":[\"https:\\\/\\\/www.taisykla7.lt\\\/tomtom-garmin-igo-atnaujinimas\\\/\"]}]},{\"@type\":\"ImageObject\",\"inLanguage\":\"ru-RU\",\"@id\":\"https:\\\/\\\/www.taisykla7.lt\\\/tomtom-garmin-igo-atnaujinimas\\\/#primaryimage\",\"url\":\"https:\\\/\\\/www.taisykla7.lt\\\/wp-content\\\/uploads\\\/2022\\\/04\\\/tomtom_atnaujinimas.jpg\",\"contentUrl\":\"https:\\\/\\\/www.taisykla7.lt\\\/wp-content\\\/uploads\\\/2022\\\/04\\\/tomtom_atnaujinimas.jpg\"},{\"@type\":\"BreadcrumbList\",\"@id\":\"https:\\\/\\\/www.taisykla7.lt\\\/tomtom-garmin-igo-atnaujinimas\\\/#breadcrumb\",\"itemListElement\":[{\"@type\":\"ListItem\",\"position\":1,\"name\":\"Pagrindinis\",\"item\":\"https:\\\/\\\/www.taisykla7.lt\\\/\"},{\"@type\":\"ListItem\",\"position\":2,\"name\":\"TomTom, Garmin, iGo atnaujinimas\"}]},{\"@type\":\"WebSite\",\"@id\":\"https:\\\/\\\/www.taisykla7.lt\\\/#website\",\"url\":\"https:\\\/\\\/www.taisykla7.lt\\\/\",\"name\":\"Elektronikos remontas Vilniuje, Kaune, Klaip\u0117doje, \u0160iauliuose\",\"description\":\"Televizori\u0173, paspirtuk\u0173, kompiuteri\u0173, telefon\u0173, kavos aparat\u0173 ir kitos technikos remontas \\\/ taisykla\",\"publisher\":{\"@id\":\"https:\\\/\\\/www.taisykla7.lt\\\/#organization\"},\"potentialAction\":[{\"@type\":\"SearchAction\",\"target\":{\"@type\":\"EntryPoint\",\"urlTemplate\":\"https:\\\/\\\/www.taisykla7.lt\\\/?s={search_term_string}\"},\"query-input\":{\"@type\":\"PropertyValueSpecification\",\"valueRequired\":true,\"valueName\":\"search_term_string\"}}],\"inLanguage\":\"ru-RU\"},{\"@type\":\"Organization\",\"@id\":\"https:\\\/\\\/www.taisykla7.lt\\\/#organization\",\"name\":\"Elektronikos remontas Vilniuje, Kaune, Klaip\u0117doje, \u0160iauliuose\",\"url\":\"https:\\\/\\\/www.taisykla7.lt\\\/\",\"logo\":{\"@type\":\"ImageObject\",\"inLanguage\":\"ru-RU\",\"@id\":\"https:\\\/\\\/www.taisykla7.lt\\\/#\\\/schema\\\/logo\\\/image\\\/\",\"url\":\"https:\\\/\\\/www.taisykla7.lt\\\/wp-content\\\/uploads\\\/2022\\\/04\\\/taisykla7_logo.jpg\",\"contentUrl\":\"https:\\\/\\\/www.taisykla7.lt\\\/wp-content\\\/uploads\\\/2022\\\/04\\\/taisykla7_logo.jpg\",\"width\":400,\"height\":100,\"caption\":\"Elektronikos remontas Vilniuje, Kaune, Klaip\u0117doje, \u0160iauliuose\"},\"image\":{\"@id\":\"https:\\\/\\\/www.taisykla7.lt\\\/#\\\/schema\\\/logo\\\/image\\\/\"}}]}<\/script>\n<!-- \/ Yoast SEO plugin. -->","yoast_head_json":{"title":"TomTom, Garmin, iGo atnaujinimas Elektronikos remontas Vilniuje, Kaune, Klaip\u0117doje, \u0160iauliuose","description":"\u0420\u0435\u043c\u043e\u043d\u0442 \u0438 \u043e\u0431\u043d\u043e\u0432\u043b\u0435\u043d\u0438\u0435 \u043a\u0430\u0440\u0442 TomTom, Garmin, iGo. \u0412\u0438\u043b\u044c\u043d\u044e\u0441, \u041a\u0430\u0443\u043d\u0430\u0441, \u041a\u043b\u0430\u0439\u043f\u0435\u0434\u0430, \u0428\u044f\u0443\u043b\u044f\u0439. \u0422\u0435\u043b. 8-639-69600","robots":{"index":"index","follow":"follow","max-snippet":"max-snippet:-1","max-image-preview":"max-image-preview:large","max-video-preview":"max-video-preview:-1"},"canonical":"https:\/\/www.taisykla7.lt\/ru\/tomtom-garmin-igo-atnaujinimas\/","og_locale":"ru_RU","og_type":"article","og_title":"TomTom, Garmin, iGo atnaujinimas Elektronikos remontas Vilniuje, Kaune, Klaip\u0117doje, \u0160iauliuose","og_description":"TomTom, Garmin, iGo remontas ir \u017eem\u0117lapi\u0173 atnaujinimas. Vilniuj, Kaune, Klaip\u0117doje, \u0160iauliuose. Tel. 8-639-69600","og_url":"https:\/\/www.taisykla7.lt\/ru\/tomtom-garmin-igo-atnaujinimas\/","og_site_name":"Elektronikos remontas Vilniuje, Kaune, Klaip\u0117doje, \u0160iauliuose","article_modified_time":"2024-12-06T21:07:03+00:00","og_image":[{"width":640,"height":378,"url":"https:\/\/www.taisykla7.lt\/wp-content\/uploads\/2022\/04\/tomtom_atnaujinimas.jpg","type":"image\/jpeg"}],"twitter_card":"summary_large_image","twitter_misc":{"\u041f\u0440\u0438\u043c\u0435\u0440\u043d\u043e\u0435 \u0432\u0440\u0435\u043c\u044f \u0434\u043b\u044f \u0447\u0442\u0435\u043d\u0438\u044f":"2 \u043c\u0438\u043d\u0443\u0442\u044b"},"schema":{"@context":"https:\/\/schema.org","@graph":[{"@type":"WebPage","@id":"https:\/\/www.taisykla7.lt\/tomtom-garmin-igo-atnaujinimas\/","url":"https:\/\/www.taisykla7.lt\/tomtom-garmin-igo-atnaujinimas\/","name":"TomTom, Garmin, iGo atnaujinimas Elektronikos remontas Vilniuje, Kaune, Klaip\u0117doje, \u0160iauliuose","isPartOf":{"@id":"https:\/\/www.taisykla7.lt\/#website"},"primaryImageOfPage":{"@id":"https:\/\/www.taisykla7.lt\/tomtom-garmin-igo-atnaujinimas\/#primaryimage"},"image":{"@id":"https:\/\/www.taisykla7.lt\/tomtom-garmin-igo-atnaujinimas\/#primaryimage"},"thumbnailUrl":"https:\/\/www.taisykla7.lt\/wp-content\/uploads\/2022\/04\/tomtom_atnaujinimas.jpg","datePublished":"2022-04-20T19:28:23+00:00","dateModified":"2024-12-06T21:07:03+00:00","description":"\u0420\u0435\u043c\u043e\u043d\u0442 \u0438 \u043e\u0431\u043d\u043e\u0432\u043b\u0435\u043d\u0438\u0435 \u043a\u0430\u0440\u0442 TomTom, Garmin, iGo. \u0412\u0438\u043b\u044c\u043d\u044e\u0441, \u041a\u0430\u0443\u043d\u0430\u0441, \u041a\u043b\u0430\u0439\u043f\u0435\u0434\u0430, \u0428\u044f\u0443\u043b\u044f\u0439. \u0422\u0435\u043b. 8-639-69600","breadcrumb":{"@id":"https:\/\/www.taisykla7.lt\/tomtom-garmin-igo-atnaujinimas\/#breadcrumb"},"inLanguage":"ru-RU","potentialAction":[{"@type":"ReadAction","target":["https:\/\/www.taisykla7.lt\/tomtom-garmin-igo-atnaujinimas\/"]}]},{"@type":"ImageObject","inLanguage":"ru-RU","@id":"https:\/\/www.taisykla7.lt\/tomtom-garmin-igo-atnaujinimas\/#primaryimage","url":"https:\/\/www.taisykla7.lt\/wp-content\/uploads\/2022\/04\/tomtom_atnaujinimas.jpg","contentUrl":"https:\/\/www.taisykla7.lt\/wp-content\/uploads\/2022\/04\/tomtom_atnaujinimas.jpg"},{"@type":"BreadcrumbList","@id":"https:\/\/www.taisykla7.lt\/tomtom-garmin-igo-atnaujinimas\/#breadcrumb","itemListElement":[{"@type":"ListItem","position":1,"name":"Pagrindinis","item":"https:\/\/www.taisykla7.lt\/"},{"@type":"ListItem","position":2,"name":"TomTom, Garmin, iGo atnaujinimas"}]},{"@type":"WebSite","@id":"https:\/\/www.taisykla7.lt\/#website","url":"https:\/\/www.taisykla7.lt\/","name":"Elektronikos remontas Vilniuje, Kaune, Klaip\u0117doje, \u0160iauliuose","description":"\u0420\u0435\u043c\u043e\u043d\u0442\/\u0432\u043e\u0441\u0441\u0442\u0430\u043d\u043e\u0432\u043b\u0435\u043d\u0438\u0435 \u0442\u0435\u043b\u0435\u0432\u0438\u0437\u043e\u0440\u043e\u0432, \u0441\u043a\u0443\u0442\u0435\u0440\u043e\u0432, \u043a\u043e\u043c\u043f\u044c\u044e\u0442\u0435\u0440\u043e\u0432, \u0442\u0435\u043b\u0435\u0444\u043e\u043d\u043e\u0432, \u043a\u043e\u0444\u0435\u0432\u0430\u0440\u043e\u043a \u0438 \u0434\u0440\u0443\u0433\u043e\u0439 \u0431\u044b\u0442\u043e\u0432\u043e\u0439 \u0442\u0435\u0445\u043d\u0438\u043a\u0438","publisher":{"@id":"https:\/\/www.taisykla7.lt\/#organization"},"potentialAction":[{"@type":"SearchAction","target":{"@type":"EntryPoint","urlTemplate":"https:\/\/www.taisykla7.lt\/?s={search_term_string}"},"query-input":{"@type":"PropertyValueSpecification","valueRequired":true,"valueName":"search_term_string"}}],"inLanguage":"ru-RU"},{"@type":"Organization","@id":"https:\/\/www.taisykla7.lt\/#organization","name":"Elektronikos remontas Vilniuje, Kaune, Klaip\u0117doje, \u0160iauliuose","url":"https:\/\/www.taisykla7.lt\/","logo":{"@type":"ImageObject","inLanguage":"ru-RU","@id":"https:\/\/www.taisykla7.lt\/#\/schema\/logo\/image\/","url":"https:\/\/www.taisykla7.lt\/wp-content\/uploads\/2022\/04\/taisykla7_logo.jpg","contentUrl":"https:\/\/www.taisykla7.lt\/wp-content\/uploads\/2022\/04\/taisykla7_logo.jpg","width":400,"height":100,"caption":"Elektronikos remontas Vilniuje, Kaune, Klaip\u0117doje, \u0160iauliuose"},"image":{"@id":"https:\/\/www.taisykla7.lt\/#\/schema\/logo\/image\/"}}]}},"uagb_featured_image_src":{"full":false,"thumbnail":false,"medium":false,"medium_large":false,"large":false,"1536x1536":false,"2048x2048":false,"trp-custom-language-flag":false,"neve-blog":false},"uagb_author_info":{"display_name":"admin","author_link":"https:\/\/www.taisykla7.lt\/ru\/author\/admin\/"},"uagb_comment_info":0,"uagb_excerpt":"Taisykla7 atliekamas vis\u0173 tip\u0173 ne\u0161iojam\u0173 navigacijos prietais\u0173 (PND) remontas ir atnaujinimas: TomTom, Garmin, iGo ir kit\u0173. Atnaujiname naujausiais Lietuvos ir Europos \u017eem\u0117lapiais. Galime \u012fra\u0161yti tiek lengv\u0173j\u0173 automobili\u0173, tiek sunkiasvori\u0173 automobili\u0173 keli\u0173 \u017eem\u0117lapius. Taip pat \u012fra\u0161ome navigacijas \u012f iPhone, Samsung Galaxy ir kitus telefonus bei atliekame \u012fvairius remonto darbus. iGo \/ Garmin \/ TomTom atnaujinimas ir&hellip;&nbsp;\u041f\u043e\u0434\u0440\u043e\u0431\u043d\u0435\u0435&hellip;","_links":{"self":[{"href":"https:\/\/www.taisykla7.lt\/ru\/wp-json\/wp\/v2\/pages\/1048","targetHints":{"allow":["GET"]}}],"collection":[{"href":"https:\/\/www.taisykla7.lt\/ru\/wp-json\/wp\/v2\/pages"}],"about":[{"href":"https:\/\/www.taisykla7.lt\/ru\/wp-json\/wp\/v2\/types\/page"}],"author":[{"embeddable":true,"href":"https:\/\/www.taisykla7.lt\/ru\/wp-json\/wp\/v2\/users\/1"}],"replies":[{"embeddable":true,"href":"https:\/\/www.taisykla7.lt\/ru\/wp-json\/wp\/v2\/comments?post=1048"}],"version-history":[{"count":7,"href":"https:\/\/www.taisykla7.lt\/ru\/wp-json\/wp\/v2\/pages\/1048\/revisions"}],"predecessor-version":[{"id":5013,"href":"https:\/\/www.taisykla7.lt\/ru\/wp-json\/wp\/v2\/pages\/1048\/revisions\/5013"}],"wp:attachment":[{"href":"https:\/\/www.taisykla7.lt\/ru\/wp-json\/wp\/v2\/media?parent=1048"}],"curies":[{"name":"wp","href":"https:\/\/api.w.org\/{rel}","templated":true}]}}