{"id":1160,"date":"2022-04-20T23:15:58","date_gmt":"2022-04-20T21:15:58","guid":{"rendered":"https:\/\/www.taisykla7.lt\/?page_id=1160"},"modified":"2022-04-21T23:41:44","modified_gmt":"2022-04-21T21:41:44","slug":"hyundai-navigacija","status":"publish","type":"page","link":"https:\/\/www.taisykla7.lt\/ru\/hyundai-navigacija\/","title":{"rendered":"\u041d\u0430\u0432\u0438\u0433\u0430\u0446\u0438\u044f HYUNDAI"},"content":{"rendered":"<ul class=\"wp-block-list\">\n<li><strong>\u0412\u0438\u043b\u044c\u043d\u044e\u0441<\/strong> - Kareivi\u0173 g. 11A \"RIMI\" <a href=\"\/ru\/\u0442\u0435\u043b:+37065577057\/\">+370-655-77057<\/a><\/li>\n\n\n\n<li><strong>\u041a\u0430\u0443\u043d\u0430\u0441<\/strong> - 155 Savanori\u0173 Ave. <a href=\"\/ru\/\u0442\u0435\u043b:+37063969600\/\">+370-639-69600<\/a><\/li>\n\n\n\n<li><strong>\u041a\u043b\u0430\u0439\u043f\u0435\u0434\u0430<\/strong> - \u0421\u0430\u0443\u0441\u0438\u043e 15-\u043e\u0441\u0438\u043e\u0441 \u0443\u043b. 13 <a href=\"\/ru\/\u0442\u0435\u043b:+37064707741\/\">+370-647-07741<\/a><\/li>\n\n\n\n<li><strong>\u0428\u044f\u0443\u043b\u044f\u0439<\/strong> - Gegu\u017ei\u0173 g. 30 \"\u0410\u0440\u0435\u043d\u0430\" <a href=\"\/ru\/\u0442\u0435\u043b:+37068229052\/\">+370-682-29052<\/a><\/li>\n<\/ul>\n\n\n\n<p><strong>\u041d\u0430\u0432\u0438\u0433\u0430\u0446\u0438\u044f HYUNDAI \u041b\u0438\u0442\u0432\u0430, \u0415\u0432\u0440\u043e\u043f\u0430. \u041f\u043e\u0441\u043b\u0435\u0434\u043d\u0438\u0435 \u0434\u0438\u0441\u043a\u0438, \u043a\u0430\u0440\u0442\u044b<\/strong>.<\/p>\n\n\n\n<p>\u041d\u0430\u0439\u0434\u0438\u0442\u0435 \u043d\u0430\u0432\u0438\u0433\u0430\u0446\u0438\u043e\u043d\u043d\u0443\u044e \u0441\u0438\u0441\u0442\u0435\u043c\u0443 \u0432\u0430\u0448\u0435\u0433\u043e \u0430\u0432\u0442\u043e\u043c\u043e\u0431\u0438\u043b\u044f. \u0415\u0441\u043b\u0438 \u0443 \u0432\u0430\u0441 \u0432\u043e\u0437\u043d\u0438\u043a\u043b\u0438 \u0432\u043e\u043f\u0440\u043e\u0441\u044b \u0438\u043b\u0438 \u043f\u0440\u043e\u0431\u043b\u0435\u043c\u044b, \u0437\u0432\u043e\u043d\u0438\u0442\u0435 \u043f\u043e \u0442\u0435\u043b\u0435\u0444\u043e\u043d\u0443 <a href=\"tel:861777751\">\u043d\u0430\u0448 \u043c\u0430\u0441\u0442\u0435\u0440 \u043f\u043e \u0430\u0432\u0442\u043e\u043c\u043e\u0431\u0438\u043b\u044c\u043d\u043e\u0439 \u043d\u0430\u0432\u0438\u0433\u0430\u0446\u0438\u0438 \u043f\u043e \u0442\u0435\u043b\u0435\u0444\u043e\u043d\u0443 8-617-77751<\/a> \u0438 \u043c\u044b \u0431\u0443\u0434\u0435\u043c \u0440\u0430\u0434\u044b \u043f\u043e\u043c\u043e\u0447\u044c.<\/p>\n\n\n\n<ul class=\"wp-block-list\"><li><strong>HYUNDAI Navigation USB (\u043a\u043e\u0434 hy1)<\/strong><\/li><li><strong>HYUNDAI navigacija CD (&#8220;Turn by Turn&#8221;) (kodas hy2)<\/strong><\/li><\/ul>\n\n\n\n<h2 class=\"wp-block-heading\">HYUNDAI Navigation \u041b\u0438\u0442\u0432\u0430 \u0438 \u0415\u0432\u0440\u043e\u043f\u0430 \u0434\u043b\u044f \u0441\u0438\u0441\u0442\u0435\u043c USB (\u043a\u043e\u0434 hy1)<\/h2>\n\n\n\n<div class=\"wp-block-columns is-layout-flex wp-container-core-columns-is-layout-9d6595d7 wp-block-columns-is-layout-flex\">\n<div class=\"wp-block-column is-layout-flow wp-block-column-is-layout-flow\">\n<p><strong>\u0421\u043b\u0443\u0436\u0431\u0430 \u043e\u0431\u043d\u043e\u0432\u043b\u0435\u043d\u0438\u044f \u0441 \u0432\u043d\u0443\u0442\u0440\u0435\u043d\u043d\u0435\u0433\u043e HDD \u043f\u043e\u0441\u043b\u0435\u0434\u043d\u0438\u043c\u0438 \u043a\u0430\u0440\u0442\u0430\u043c\u0438. \u041e\u0431\u043d\u043e\u0432\u043b\u0435\u043d\u0438\u0435 \u0441 USB.<\/strong><br>\u0418\u0440\u043b\u0430\u043d\u0434\u0438\u044f, \u0410\u043d\u0434\u043e\u0440\u0440\u0430, \u0410\u0432\u0441\u0442\u0440\u0438\u044f, \u0411\u0435\u043b\u044c\u0433\u0438\u044f, \u0427\u0435\u0448\u0441\u043a\u0430\u044f \u0420\u0435\u0441\u043f\u0443\u0431\u043b\u0438\u043a\u0430, \u0414\u0430\u043d\u0438\u044f, \u0412\u0435\u043b\u0438\u043a\u043e\u0431\u0440\u0438\u0442\u0430\u043d\u0438\u044f, \u042d\u0441\u0442\u043e\u043d\u0438\u044f, \u0413\u0438\u0431\u0440\u0430\u043b\u0442\u0430\u0440, \u0413\u0440\u0435\u0446\u0438\u044f, \u0418\u0441\u043f\u0430\u043d\u0438\u044f, \u0418\u0442\u0430\u043b\u0438\u044f, \u0425\u043e\u0440\u0432\u0430\u0442\u0438\u044f, \u041b\u0438\u0445\u0442\u0435\u043d\u0448\u0442\u0435\u0439\u043d, \u041b\u0430\u0442\u0432\u0438\u044f, \u041f\u043e\u043b\u044c\u0448\u0430,<strong>\u041b\u0438\u0442\u0432\u0430 (\u043f\u043e\u0434\u0440\u043e\u0431\u043d\u043e)<\/strong>, \u041b\u044e\u043a\u0441\u0435\u043c\u0431\u0443\u0440\u0433, \u041c\u043e\u043d\u0430\u043a\u043e, \u041d\u043e\u0440\u0432\u0435\u0433\u0438\u044f, \u041d\u0438\u0434\u0435\u0440\u043b\u0430\u043d\u0434\u044b, \u041f\u043e\u0440\u0442\u0443\u0433\u0430\u043b\u0438\u044f, \u0424\u0440\u0430\u043d\u0446\u0438\u044f, \u0420\u043e\u0441\u0441\u0438\u044f, \u0421\u0430\u043d-\u041c\u0430\u0440\u0438\u043d\u043e, \u0421\u043b\u043e\u0432\u0430\u043a\u0438\u044f, \u0421\u043b\u043e\u0432\u0435\u043d\u0438\u044f, \u0424\u0438\u043d\u043b\u044f\u043d\u0434\u0438\u044f, \u0428\u0432\u0435\u0446\u0438\u044f, \u0428\u0432\u0435\u0439\u0446\u0430\u0440\u0438\u044f, \u0412\u0430\u0442\u0438\u043a\u0430\u043d, \u0412\u0435\u043d\u0433\u0440\u0438\u044f, \u0413\u0435\u0440\u043c\u0430\u043d\u0438\u044f<\/p>\n\n\n\n<p>\u0421\u0438\u0441\u0442\u0435\u043c\u0430 \u0434\u043e\u0441\u0442\u0443\u043f\u043d\u0430 \u043d\u0430 \u0441\u043b\u0435\u0434\u0443\u044e\u0449\u0438\u0445 \u0430\u0432\u0442\u043e\u043c\u043e\u0431\u0438\u043b\u044f\u0445:<\/p>\n\n\n\n<ul class=\"wp-block-list\"><li>Hyundai ix 35 (\u0441 2010 \u0433\u043e\u0434\u0430)<\/li><li>Hyundai Santa Fe (\u0441 2010 \u0433\u043e\u0434\u0430)<\/li><li>Hyundai ix 20 (\u0441 2010 \u0433\u043e\u0434\u0430)<\/li><li>Hyundai i30 (\u0441 2010 \u0433\u043e\u0434\u0430)<\/li><li>Hyundai i40 (\u0441 2011 \u0433\u043e\u0434\u0430)<\/li><li><em>Hyundai Veloster (\u0441 2011 \u0433\u043e\u0434\u0430)<\/em><\/li><\/ul>\n<\/div>\n\n\n\n<div class=\"wp-block-column is-layout-flow wp-block-column-is-layout-flow\">\n<div class=\"wp-block-image\"><figure class=\"aligncenter size-full\"><img loading=\"lazy\" decoding=\"async\" width=\"210\" height=\"175\" src=\"https:\/\/www.taisykla7.lt\/wp-content\/uploads\/2022\/04\/hyundai-navigacija-usb.png\" alt=\"HYUNDAI navigacija Lietuva ir Europa sistemoms USB (kodas hy1)\" class=\"wp-image-1161\"\/><\/figure><\/div>\n<\/div>\n<\/div>\n\n\n\n<p><strong>\u041d\u043e\u0432\u0435\u0439\u0448\u0438\u0435 \u043d\u0430\u0432\u0438\u0433\u0430\u0446\u0438\u043e\u043d\u043d\u044b\u0435 \u043a\u0430\u0440\u0442\u044b | \u041b\u0443\u0447\u0448\u0430\u044f \u0446\u0435\u043d\u0430 |<\/strong> \u041f\u043e\u0436\u0430\u043b\u0443\u0439\u0441\u0442\u0430, \u0441\u0432\u044f\u0436\u0438\u0442\u0435\u0441\u044c \u0441 \u043d\u0430\u0432\u0438\u0433\u0430\u0446\u0438\u043e\u043d\u043d\u044b\u043c \u043c\u0430\u0441\u0442\u0435\u0440\u043e\u043c \u043f\u043e \u0442\u0435\u043b. <strong><a href=\"tel:861777751\">8-617-77751<\/a><\/strong> <a href=\"\/ru\/kontaktai\/\"><strong>\u0412\u0438\u043b\u044c\u043d\u044e\u0441, \u041a\u0430\u0443\u043d\u0430\u0441, \u041a\u043b\u0430\u0439\u043f\u0435\u0434\u0430, \u0428\u044f\u0443\u043b\u044f\u0439<\/strong><\/a> \u0438 \u043c\u044b \u0431\u0443\u0434\u0435\u043c \u0440\u0430\u0434\u044b \u043e\u0442\u0432\u0435\u0442\u0438\u0442\u044c \u043d\u0430 \u043b\u044e\u0431\u044b\u0435 \u0432\u0430\u0448\u0438 \u0432\u043e\u043f\u0440\u043e\u0441\u044b!<\/p><hr>\n\n\n\n<h2 class=\"wp-block-heading\">HYUNDAI navigacija Lietuva ir Europa sistemoms CD (&#8220;Turn by Turn&#8221;) (kodas hy2)<\/h2>\n\n\n\n<div class=\"wp-block-columns is-layout-flex wp-container-core-columns-is-layout-9d6595d7 wp-block-columns-is-layout-flex\">\n<div class=\"wp-block-column is-layout-flow wp-block-column-is-layout-flow\">\n<p><strong>\u041d\u043e\u0432\u0435\u0439\u0448\u0438\u0435 \u043d\u0430\u0432\u0438\u0433\u0430\u0446\u0438\u043e\u043d\u043d\u044b\u0435 \u0434\u0438\u0441\u043a\u0438 \u0441 \u043a\u0430\u0440\u0442\u0430\u043c\u0438<\/strong><br>CD1 - \u0411\u0435\u043b\u044c\u0433\u0438\u044f, \u041d\u0438\u0434\u0435\u0440\u043b\u0430\u043d\u0434\u044b, \u041b\u044e\u043a\u0441\u0435\u043c\u0431\u0443\u0440\u0433<br>CD2 - \u0410\u0443\u0441\u0440\u0442\u0438\u0438, \u041b\u0438\u0445\u0442\u0435\u043d\u0448\u0442\u0435\u0439\u043d, \u0428\u0432\u0435\u0439\u0446\u0430\u0440\u0438\u044f, \u043f. \u0413\u0435\u0440\u043c\u0430\u043d\u0438\u044f, \u0448. \u0418\u0442\u0430\u043b\u0438\u044f<br>CD3 - \u0411\u043e\u043b\u0433\u0430\u0440\u0438\u044f, \u0427\u0435\u0445\u0438\u044f, \u042d\u0441\u0442\u043e\u043d\u0438\u044f, \u0425\u043e\u0440\u0432\u0430\u0442\u0438\u044f, \u041b\u0430\u0442\u0432\u0438\u044f,<strong>\u041b\u0438\u0442\u0432\u0430 (\u043f\u043e\u0434\u0440\u043e\u0431\u043d\u043e)<\/strong>, \u041f\u043e\u043b\u044c\u0448\u0430, \u0420\u0443\u043c\u044b\u043d\u0438\u044f, \u0421\u043b\u043e\u0432\u0430\u043a\u0438\u044f, \u0421\u043b\u043e\u0432\u0435\u043d\u0438\u044f, \u0412\u0435\u043d\u0433\u0440\u0438\u044f<br>CD4 - \u0448. \u0424\u0440\u0430\u043d\u0446\u0438\u044f<br>CD5 - \u041c\u0435\u0441\u044c\u0435 \u0424\u0440\u0430\u043d\u0441<br>CD6 - \u0410\u043d\u0433\u043b\u0438\u044f, \u0428\u043e\u0442\u043b\u0430\u043d\u0434\u0438\u044f, \u0418\u0440\u043b\u0430\u043d\u0434\u0438\u044f<br>CD7 - \u0413\u0435\u0440\u043c\u0430\u043d\u0438\u044f<br>CD8 - \u0418\u0442\u0430\u043b\u0438\u044f, \u0421\u0430\u043d-\u041c\u0430\u0440\u0438\u043d\u043e, \u0412\u0430\u0442\u0438\u043a\u0430\u043d, \u0413\u0440\u0435\u0446\u0438\u044f<br>CD9 - \u0414\u0430\u043d\u0438\u044f, \u0428\u0432\u0435\u0446\u0438\u044f, \u0424\u0438\u043d\u043b\u044f\u043d\u0434\u0438\u044f, \u041d\u043e\u0440\u0432\u0435\u0433\u0438\u044f<br>CD10 - \u0418\u0441\u043f\u0430\u043d\u0438\u044f, \u041f\u043e\u0440\u0442\u0443\u0433\u0430\u043b\u0438\u044f<br>CD11 - \u041a\u0430\u0440\u0442\u044b \u043e\u0441\u043d\u043e\u0432\u043d\u044b\u0445 \u0435\u0432\u0440\u043e\u043f\u0435\u0439\u0441\u043a\u0438\u0445 \u0434\u043e\u0440\u043e\u0433<\/p>\n\n\n\n<p>\u0421\u0438\u0441\u0442\u0435\u043c\u0430 \u0434\u043e\u0441\u0442\u0443\u043f\u043d\u0430 \u043d\u0430 \u0441\u043b\u0435\u0434\u0443\u044e\u0449\u0438\u0445 \u0430\u0432\u0442\u043e\u043c\u043e\u0431\u0438\u043b\u044f\u0445:<\/p>\n\n\n\n<ul class=\"wp-block-list\"><li><em>\u041d\u0430 \u0440\u0430\u0437\u043b\u0438\u0447\u043d\u044b\u0445 \u0430\u0432\u0442\u043e\u043c\u043e\u0431\u0438\u043b\u044f\u0445 Hyundai \u0434\u043e 2010 \u0433\u043e\u0434\u0430.<\/em><\/li><\/ul>\n<\/div>\n\n\n\n<div class=\"wp-block-column is-layout-flow wp-block-column-is-layout-flow\">\n<div class=\"wp-block-image\"><figure class=\"aligncenter size-full\"><img loading=\"lazy\" decoding=\"async\" width=\"237\" height=\"266\" src=\"https:\/\/www.taisykla7.lt\/wp-content\/uploads\/2022\/04\/hyundai-navigacija-cd-turn-by-turn.png\" alt=\"HYUNDAI navigacija Lietuva ir Europa sistemoms CD (&quot;Turn by Turn&quot;) (kodas hy2)\" class=\"wp-image-1162\"\/><figcaption>\u041d\u0430\u0432\u0438\u0433\u0430\u0446\u0438\u044f \u043c\u043e\u0436\u0435\u0442 \u0432\u044b\u0433\u043b\u044f\u0434\u0435\u0442\u044c \u043d\u0435 \u0442\u0430\u043a, \u043a\u0430\u043a \u043d\u0430 \u0444\u043e\u0442\u043e\u0433\u0440\u0430\u0444\u0438\u0438. \u041f\u0440\u043e\u0441\u0442\u043e \u043f\u043e\u0441\u043c\u043e\u0442\u0440\u0438\u0442\u0435 \u043d\u0430 \u0433\u043e\u0434 \u0432\u044b\u043f\u0443\u0441\u043a\u0430 \u0430\u0432\u0442\u043e\u043c\u043e\u0431\u0438\u043b\u044f.<\/figcaption><\/figure><\/div>\n<\/div>\n<\/div>\n\n\n\n<p><strong>\u041d\u043e\u0432\u0435\u0439\u0448\u0438\u0435 \u043d\u0430\u0432\u0438\u0433\u0430\u0446\u0438\u043e\u043d\u043d\u044b\u0435 \u043a\u0430\u0440\u0442\u044b | \u041b\u0443\u0447\u0448\u0430\u044f \u0446\u0435\u043d\u0430 |<\/strong> \u041f\u043e\u0436\u0430\u043b\u0443\u0439\u0441\u0442\u0430, \u0441\u0432\u044f\u0436\u0438\u0442\u0435\u0441\u044c \u0441 \u043d\u0430\u0432\u0438\u0433\u0430\u0446\u0438\u043e\u043d\u043d\u044b\u043c \u043c\u0430\u0441\u0442\u0435\u0440\u043e\u043c \u043f\u043e \u0442\u0435\u043b. <strong><a href=\"tel:861777751\">8-617-77751<\/a><\/strong> <a href=\"\/ru\/kontaktai\/\"><strong>\u0412\u0438\u043b\u044c\u043d\u044e\u0441, \u041a\u0430\u0443\u043d\u0430\u0441, \u041a\u043b\u0430\u0439\u043f\u0435\u0434\u0430, \u0428\u044f\u0443\u043b\u044f\u0439<\/strong><\/a> \u0438 \u043c\u044b \u0431\u0443\u0434\u0435\u043c \u0440\u0430\u0434\u044b \u043e\u0442\u0432\u0435\u0442\u0438\u0442\u044c \u043d\u0430 \u043b\u044e\u0431\u044b\u0435 \u0432\u0430\u0448\u0438 \u0432\u043e\u043f\u0440\u043e\u0441\u044b!<\/p><hr>","protected":false},"excerpt":{"rendered":"<p>HYUNDAI navigacija Lietuva, Europa. Naujausi diskai, \u017eem\u0117lapiai. HYUNDAI navigacija USB (kodas hy1) HYUNDAI navigacija CD (&#8220;Turn by Turn&#8221;) (kodas hy2) HYUNDAI navigacija Lietuva ir Europa sistemoms USB (kodas hy1) Vidinio HDD atnaujinimo paslauga naujausiais \u017eem\u0117lapiais. Atnaujinama i\u0161 USB.Airija, Andora, Austrija, Belgija, \u010cekija, Danija, D. Britanija, Estija, Gibraltaras, Graikija, Ispanija, Italija, Kroatija, Lichten\u0161teinas, Latvija, Lenkija,Lietuva (detalus),&hellip;&nbsp;<a href=\"https:\/\/www.taisykla7.lt\/ru\/hyundai-navigacija\/\" rel=\"bookmark\">\u0427\u0438\u0442\u0430\u0442\u044c \u0434\u0430\u043b\u0435\u0435 \"<span class=\"screen-reader-text\">\u041d\u0430\u0432\u0438\u0433\u0430\u0446\u0438\u044f HYUNDAI<\/span><\/a><\/p>","protected":false},"author":1,"featured_media":0,"parent":0,"menu_order":0,"comment_status":"closed","ping_status":"closed","template":"","meta":{"_uag_custom_page_level_css":"","neve_meta_sidebar":"","neve_meta_container":"","neve_meta_enable_content_width":"","neve_meta_content_width":0,"neve_meta_title_alignment":"","neve_meta_author_avatar":"","neve_post_elements_order":"","neve_meta_disable_header":"","neve_meta_disable_footer":"","neve_meta_disable_title":"","footnotes":""},"class_list":["post-1160","page","type-page","status-publish","hentry"],"yoast_head":"<!-- This site is optimized with the Yoast SEO plugin v27.3 - https:\/\/yoast.com\/product\/yoast-seo-wordpress\/ -->\n<title>HYUNDAI navigacija Elektronikos remontas Vilniuje, Kaune, Klaip\u0117doje, \u0160iauliuose<\/title>\n<meta name=\"description\" content=\"HYUNDAI navigacija Lietuva, Europa. Naujausi diskai, \u017eem\u0117lapiai. Vilniuje, Kaune, Klaip\u0117doje, \u0160iauliuose. Tel. 8-617-77751\" \/>\n<meta name=\"robots\" content=\"index, follow, max-snippet:-1, max-image-preview:large, max-video-preview:-1\" \/>\n<link rel=\"canonical\" href=\"https:\/\/www.taisykla7.lt\/ru\/hyundai-navigacija\/\" \/>\n<meta property=\"og:locale\" content=\"ru_RU\" \/>\n<meta property=\"og:type\" content=\"article\" \/>\n<meta property=\"og:title\" content=\"HYUNDAI navigacija Elektronikos remontas Vilniuje, Kaune, Klaip\u0117doje, \u0160iauliuose\" \/>\n<meta property=\"og:description\" content=\"HYUNDAI navigacija Lietuva, Europa. Naujausi diskai, \u017eem\u0117lapiai. Vilniuje, Kaune, Klaip\u0117doje, \u0160iauliuose. Tel. 8-617-77751\" \/>\n<meta property=\"og:url\" content=\"https:\/\/www.taisykla7.lt\/ru\/hyundai-navigacija\/\" \/>\n<meta property=\"og:site_name\" content=\"Elektronikos remontas Vilniuje, Kaune, Klaip\u0117doje, \u0160iauliuose\" \/>\n<meta property=\"article:modified_time\" content=\"2022-04-21T21:41:44+00:00\" \/>\n<meta property=\"og:image\" content=\"https:\/\/www.taisykla7.lt\/wp-content\/uploads\/2022\/04\/hyundai-navigacija-usb.png\" \/>\n<meta name=\"twitter:card\" content=\"summary_large_image\" \/>\n<meta name=\"twitter:label1\" content=\"\u041f\u0440\u0438\u043c\u0435\u0440\u043d\u043e\u0435 \u0432\u0440\u0435\u043c\u044f \u0434\u043b\u044f \u0447\u0442\u0435\u043d\u0438\u044f\" \/>\n\t<meta name=\"twitter:data1\" content=\"2 \u043c\u0438\u043d\u0443\u0442\u044b\" \/>\n<script type=\"application\/ld+json\" class=\"yoast-schema-graph\">{\"@context\":\"https:\\\/\\\/schema.org\",\"@graph\":[{\"@type\":\"WebPage\",\"@id\":\"https:\\\/\\\/www.taisykla7.lt\\\/hyundai-navigacija\\\/\",\"url\":\"https:\\\/\\\/www.taisykla7.lt\\\/hyundai-navigacija\\\/\",\"name\":\"HYUNDAI navigacija Elektronikos remontas Vilniuje, Kaune, Klaip\u0117doje, \u0160iauliuose\",\"isPartOf\":{\"@id\":\"https:\\\/\\\/www.taisykla7.lt\\\/#website\"},\"primaryImageOfPage\":{\"@id\":\"https:\\\/\\\/www.taisykla7.lt\\\/hyundai-navigacija\\\/#primaryimage\"},\"image\":{\"@id\":\"https:\\\/\\\/www.taisykla7.lt\\\/hyundai-navigacija\\\/#primaryimage\"},\"thumbnailUrl\":\"https:\\\/\\\/www.taisykla7.lt\\\/wp-content\\\/uploads\\\/2022\\\/04\\\/hyundai-navigacija-usb.png\",\"datePublished\":\"2022-04-20T21:15:58+00:00\",\"dateModified\":\"2022-04-21T21:41:44+00:00\",\"description\":\"HYUNDAI navigacija Lietuva, Europa. Naujausi diskai, \u017eem\u0117lapiai. Vilniuje, Kaune, Klaip\u0117doje, \u0160iauliuose. Tel. 8-617-77751\",\"breadcrumb\":{\"@id\":\"https:\\\/\\\/www.taisykla7.lt\\\/hyundai-navigacija\\\/#breadcrumb\"},\"inLanguage\":\"ru-RU\",\"potentialAction\":[{\"@type\":\"ReadAction\",\"target\":[\"https:\\\/\\\/www.taisykla7.lt\\\/hyundai-navigacija\\\/\"]}]},{\"@type\":\"ImageObject\",\"inLanguage\":\"ru-RU\",\"@id\":\"https:\\\/\\\/www.taisykla7.lt\\\/hyundai-navigacija\\\/#primaryimage\",\"url\":\"https:\\\/\\\/www.taisykla7.lt\\\/wp-content\\\/uploads\\\/2022\\\/04\\\/hyundai-navigacija-usb.png\",\"contentUrl\":\"https:\\\/\\\/www.taisykla7.lt\\\/wp-content\\\/uploads\\\/2022\\\/04\\\/hyundai-navigacija-usb.png\"},{\"@type\":\"BreadcrumbList\",\"@id\":\"https:\\\/\\\/www.taisykla7.lt\\\/hyundai-navigacija\\\/#breadcrumb\",\"itemListElement\":[{\"@type\":\"ListItem\",\"position\":1,\"name\":\"Pagrindinis\",\"item\":\"https:\\\/\\\/www.taisykla7.lt\\\/\"},{\"@type\":\"ListItem\",\"position\":2,\"name\":\"HYUNDAI navigacija\"}]},{\"@type\":\"WebSite\",\"@id\":\"https:\\\/\\\/www.taisykla7.lt\\\/#website\",\"url\":\"https:\\\/\\\/www.taisykla7.lt\\\/\",\"name\":\"Elektronikos remontas Vilniuje, Kaune, Klaip\u0117doje, \u0160iauliuose\",\"description\":\"Televizori\u0173, paspirtuk\u0173, kompiuteri\u0173, telefon\u0173, kavos aparat\u0173 ir kitos technikos remontas \\\/ taisykla\",\"publisher\":{\"@id\":\"https:\\\/\\\/www.taisykla7.lt\\\/#organization\"},\"potentialAction\":[{\"@type\":\"SearchAction\",\"target\":{\"@type\":\"EntryPoint\",\"urlTemplate\":\"https:\\\/\\\/www.taisykla7.lt\\\/?s={search_term_string}\"},\"query-input\":{\"@type\":\"PropertyValueSpecification\",\"valueRequired\":true,\"valueName\":\"search_term_string\"}}],\"inLanguage\":\"ru-RU\"},{\"@type\":\"Organization\",\"@id\":\"https:\\\/\\\/www.taisykla7.lt\\\/#organization\",\"name\":\"Elektronikos remontas Vilniuje, Kaune, Klaip\u0117doje, \u0160iauliuose\",\"url\":\"https:\\\/\\\/www.taisykla7.lt\\\/\",\"logo\":{\"@type\":\"ImageObject\",\"inLanguage\":\"ru-RU\",\"@id\":\"https:\\\/\\\/www.taisykla7.lt\\\/#\\\/schema\\\/logo\\\/image\\\/\",\"url\":\"https:\\\/\\\/www.taisykla7.lt\\\/wp-content\\\/uploads\\\/2022\\\/04\\\/taisykla7_logo.jpg\",\"contentUrl\":\"https:\\\/\\\/www.taisykla7.lt\\\/wp-content\\\/uploads\\\/2022\\\/04\\\/taisykla7_logo.jpg\",\"width\":400,\"height\":100,\"caption\":\"Elektronikos remontas Vilniuje, Kaune, Klaip\u0117doje, \u0160iauliuose\"},\"image\":{\"@id\":\"https:\\\/\\\/www.taisykla7.lt\\\/#\\\/schema\\\/logo\\\/image\\\/\"}}]}<\/script>\n<!-- \/ Yoast SEO plugin. -->","yoast_head_json":{"title":"HYUNDAI navigacija Elektronikos remontas Vilniuje, Kaune, Klaip\u0117doje, \u0160iauliuose","description":"HYUNDAI \u043d\u0430\u0432\u0438\u0433\u0430\u0446\u0438\u044f \u041b\u0438\u0442\u0432\u0430, \u0415\u0432\u0440\u043e\u043f\u0430. \u041f\u043e\u0441\u043b\u0435\u0434\u043d\u0438\u0435 \u0434\u0438\u0441\u043a\u0438, \u043a\u0430\u0440\u0442\u044b. \u0412 \u0412\u0438\u043b\u044c\u043d\u044e\u0441\u0435, \u041a\u0430\u0443\u043d\u0430\u0441\u0435, \u041a\u043b\u0430\u0439\u043f\u0435\u0434\u0435, \u0428\u044f\u0443\u043b\u044f\u0435. \u0422\u0435\u043b. 8-617-77751","robots":{"index":"index","follow":"follow","max-snippet":"max-snippet:-1","max-image-preview":"max-image-preview:large","max-video-preview":"max-video-preview:-1"},"canonical":"https:\/\/www.taisykla7.lt\/ru\/hyundai-navigacija\/","og_locale":"ru_RU","og_type":"article","og_title":"HYUNDAI navigacija Elektronikos remontas Vilniuje, Kaune, Klaip\u0117doje, \u0160iauliuose","og_description":"HYUNDAI navigacija Lietuva, Europa. Naujausi diskai, \u017eem\u0117lapiai. Vilniuje, Kaune, Klaip\u0117doje, \u0160iauliuose. Tel. 8-617-77751","og_url":"https:\/\/www.taisykla7.lt\/ru\/hyundai-navigacija\/","og_site_name":"Elektronikos remontas Vilniuje, Kaune, Klaip\u0117doje, \u0160iauliuose","article_modified_time":"2022-04-21T21:41:44+00:00","og_image":[{"url":"https:\/\/www.taisykla7.lt\/wp-content\/uploads\/2022\/04\/hyundai-navigacija-usb.png","type":"","width":"","height":""}],"twitter_card":"summary_large_image","twitter_misc":{"\u041f\u0440\u0438\u043c\u0435\u0440\u043d\u043e\u0435 \u0432\u0440\u0435\u043c\u044f \u0434\u043b\u044f \u0447\u0442\u0435\u043d\u0438\u044f":"2 \u043c\u0438\u043d\u0443\u0442\u044b"},"schema":{"@context":"https:\/\/schema.org","@graph":[{"@type":"WebPage","@id":"https:\/\/www.taisykla7.lt\/hyundai-navigacija\/","url":"https:\/\/www.taisykla7.lt\/hyundai-navigacija\/","name":"HYUNDAI navigacija Elektronikos remontas Vilniuje, Kaune, Klaip\u0117doje, \u0160iauliuose","isPartOf":{"@id":"https:\/\/www.taisykla7.lt\/#website"},"primaryImageOfPage":{"@id":"https:\/\/www.taisykla7.lt\/hyundai-navigacija\/#primaryimage"},"image":{"@id":"https:\/\/www.taisykla7.lt\/hyundai-navigacija\/#primaryimage"},"thumbnailUrl":"https:\/\/www.taisykla7.lt\/wp-content\/uploads\/2022\/04\/hyundai-navigacija-usb.png","datePublished":"2022-04-20T21:15:58+00:00","dateModified":"2022-04-21T21:41:44+00:00","description":"HYUNDAI \u043d\u0430\u0432\u0438\u0433\u0430\u0446\u0438\u044f \u041b\u0438\u0442\u0432\u0430, \u0415\u0432\u0440\u043e\u043f\u0430. \u041f\u043e\u0441\u043b\u0435\u0434\u043d\u0438\u0435 \u0434\u0438\u0441\u043a\u0438, \u043a\u0430\u0440\u0442\u044b. \u0412 \u0412\u0438\u043b\u044c\u043d\u044e\u0441\u0435, \u041a\u0430\u0443\u043d\u0430\u0441\u0435, \u041a\u043b\u0430\u0439\u043f\u0435\u0434\u0435, \u0428\u044f\u0443\u043b\u044f\u0435. \u0422\u0435\u043b. 8-617-77751","breadcrumb":{"@id":"https:\/\/www.taisykla7.lt\/hyundai-navigacija\/#breadcrumb"},"inLanguage":"ru-RU","potentialAction":[{"@type":"ReadAction","target":["https:\/\/www.taisykla7.lt\/hyundai-navigacija\/"]}]},{"@type":"ImageObject","inLanguage":"ru-RU","@id":"https:\/\/www.taisykla7.lt\/hyundai-navigacija\/#primaryimage","url":"https:\/\/www.taisykla7.lt\/wp-content\/uploads\/2022\/04\/hyundai-navigacija-usb.png","contentUrl":"https:\/\/www.taisykla7.lt\/wp-content\/uploads\/2022\/04\/hyundai-navigacija-usb.png"},{"@type":"BreadcrumbList","@id":"https:\/\/www.taisykla7.lt\/hyundai-navigacija\/#breadcrumb","itemListElement":[{"@type":"ListItem","position":1,"name":"Pagrindinis","item":"https:\/\/www.taisykla7.lt\/"},{"@type":"ListItem","position":2,"name":"HYUNDAI navigacija"}]},{"@type":"WebSite","@id":"https:\/\/www.taisykla7.lt\/#website","url":"https:\/\/www.taisykla7.lt\/","name":"Elektronikos remontas Vilniuje, Kaune, Klaip\u0117doje, \u0160iauliuose","description":"\u0420\u0435\u043c\u043e\u043d\u0442\/\u0432\u043e\u0441\u0441\u0442\u0430\u043d\u043e\u0432\u043b\u0435\u043d\u0438\u0435 \u0442\u0435\u043b\u0435\u0432\u0438\u0437\u043e\u0440\u043e\u0432, \u0441\u043a\u0443\u0442\u0435\u0440\u043e\u0432, \u043a\u043e\u043c\u043f\u044c\u044e\u0442\u0435\u0440\u043e\u0432, \u0442\u0435\u043b\u0435\u0444\u043e\u043d\u043e\u0432, \u043a\u043e\u0444\u0435\u0432\u0430\u0440\u043e\u043a \u0438 \u0434\u0440\u0443\u0433\u043e\u0439 \u0431\u044b\u0442\u043e\u0432\u043e\u0439 \u0442\u0435\u0445\u043d\u0438\u043a\u0438","publisher":{"@id":"https:\/\/www.taisykla7.lt\/#organization"},"potentialAction":[{"@type":"SearchAction","target":{"@type":"EntryPoint","urlTemplate":"https:\/\/www.taisykla7.lt\/?s={search_term_string}"},"query-input":{"@type":"PropertyValueSpecification","valueRequired":true,"valueName":"search_term_string"}}],"inLanguage":"ru-RU"},{"@type":"Organization","@id":"https:\/\/www.taisykla7.lt\/#organization","name":"Elektronikos remontas Vilniuje, Kaune, Klaip\u0117doje, \u0160iauliuose","url":"https:\/\/www.taisykla7.lt\/","logo":{"@type":"ImageObject","inLanguage":"ru-RU","@id":"https:\/\/www.taisykla7.lt\/#\/schema\/logo\/image\/","url":"https:\/\/www.taisykla7.lt\/wp-content\/uploads\/2022\/04\/taisykla7_logo.jpg","contentUrl":"https:\/\/www.taisykla7.lt\/wp-content\/uploads\/2022\/04\/taisykla7_logo.jpg","width":400,"height":100,"caption":"Elektronikos remontas Vilniuje, Kaune, Klaip\u0117doje, \u0160iauliuose"},"image":{"@id":"https:\/\/www.taisykla7.lt\/#\/schema\/logo\/image\/"}}]}},"uagb_featured_image_src":{"full":false,"thumbnail":false,"medium":false,"medium_large":false,"large":false,"1536x1536":false,"2048x2048":false,"trp-custom-language-flag":false,"neve-blog":false},"uagb_author_info":{"display_name":"admin","author_link":"https:\/\/www.taisykla7.lt\/ru\/author\/admin\/"},"uagb_comment_info":0,"uagb_excerpt":"HYUNDAI navigacija Lietuva, Europa. Naujausi diskai, \u017eem\u0117lapiai. HYUNDAI navigacija USB (kodas hy1) HYUNDAI navigacija CD (&#8220;Turn by Turn&#8221;) (kodas hy2) HYUNDAI navigacija Lietuva ir Europa sistemoms USB (kodas hy1) Vidinio HDD atnaujinimo paslauga naujausiais \u017eem\u0117lapiais. Atnaujinama i\u0161 USB.Airija, Andora, Austrija, Belgija, \u010cekija, Danija, D. Britanija, Estija, Gibraltaras, Graikija, Ispanija, Italija, Kroatija, Lichten\u0161teinas, Latvija, Lenkija,Lietuva (detalus),&hellip;&nbsp;\u041f\u043e\u0434\u0440\u043e\u0431\u043d\u0435\u0435&hellip;","_links":{"self":[{"href":"https:\/\/www.taisykla7.lt\/ru\/wp-json\/wp\/v2\/pages\/1160","targetHints":{"allow":["GET"]}}],"collection":[{"href":"https:\/\/www.taisykla7.lt\/ru\/wp-json\/wp\/v2\/pages"}],"about":[{"href":"https:\/\/www.taisykla7.lt\/ru\/wp-json\/wp\/v2\/types\/page"}],"author":[{"embeddable":true,"href":"https:\/\/www.taisykla7.lt\/ru\/wp-json\/wp\/v2\/users\/1"}],"replies":[{"embeddable":true,"href":"https:\/\/www.taisykla7.lt\/ru\/wp-json\/wp\/v2\/comments?post=1160"}],"version-history":[{"count":4,"href":"https:\/\/www.taisykla7.lt\/ru\/wp-json\/wp\/v2\/pages\/1160\/revisions"}],"predecessor-version":[{"id":1535,"href":"https:\/\/www.taisykla7.lt\/ru\/wp-json\/wp\/v2\/pages\/1160\/revisions\/1535"}],"wp:attachment":[{"href":"https:\/\/www.taisykla7.lt\/ru\/wp-json\/wp\/v2\/media?parent=1160"}],"curies":[{"name":"wp","href":"https:\/\/api.w.org\/{rel}","templated":true}]}}