{"id":1582,"date":"2022-04-26T16:35:21","date_gmt":"2022-04-26T14:35:21","guid":{"rendered":"https:\/\/www.taisykla7.lt\/?page_id=1582"},"modified":"2026-02-03T11:14:46","modified_gmt":"2026-02-03T09:14:46","slug":"buitines-technikos-remontas","status":"publish","type":"page","link":"https:\/\/www.taisykla7.lt\/ru\/buitines-technikos-remontas\/","title":{"rendered":"Profesionalus buitin\u0117s technikos remontas Vilniuje, Kaune, Klaip\u0117doje ir \u0160iauliuose"},"content":{"rendered":"<div class=\"wp-block-uagb-container uagb-block-164e43ec alignfull uagb-is-root-container\"><div class=\"uagb-container-inner-blocks-wrap\">\n<div class=\"wp-block-uagb-container uagb-block-667408bf\">\n<p><strong>Sugedo televizorius, dulki\u0173 siurblys ar siuvimo ma\u0161ina?<\/strong> <\/p>\n\n\n\n<p><strong>\u201eTaisykla7&#8243;<\/strong> \u2013 tai patyr\u0119 meistrai, kurie jau daugel\u012f met\u0173 s\u0117kmingai remontuoja \u012fvairi\u0105 buitin\u0119 technik\u0105 visoje Lietuvoje.<\/p>\n\n\n\n<h3 class=\"wp-block-heading\">\u2705 Kod\u0117l renkasi mus?<\/h3>\n\n\n\n<ul class=\"wp-block-list\">\n<li><strong>Garantija darbams<\/strong> \u2013 u\u017e atliktus darbus suteikiame garantij\u0105<\/li>\n\n\n\n<li><strong>Skaidrios kainos<\/strong> \u2013 kain\u0105 \u017einosite prie\u0161 pradedant remont\u0105<\/li>\n\n\n\n<li><strong>Originalios detal\u0117s<\/strong> \u2013 naudojame tik kokybi\u0161kas atsargines dalis<\/li>\n<\/ul>\n\n\n\n<h3 class=\"wp-block-heading\"><br>\ud83d\udd27 Remontuojame:<\/h3>\n\n\n\n<ul class=\"wp-block-list\">\n<li><a href=\"\/ru\/televizoriu-remontas\/\">\u0420\u0435\u043c\u043e\u043d\u0442 \u0442\u0435\u043b\u0435\u0432\u0438\u0437\u043e\u0440\u043e\u0432<\/a><\/li>\n\n\n\n<li><a href=\"\/ru\/kavos-aparatu-remontas\/\">\u0420\u0435\u043c\u043e\u043d\u0442 \u043a\u043e\u0444\u0435\u043c\u0430\u0448\u0438\u043d<\/a><\/li>\n\n\n\n<li><a href=\"\/ru\/dulkiu-siurbliu-remontas\/\">\u0420\u0435\u043c\u043e\u043d\u0442 \u043f\u044b\u043b\u0435\u0441\u043e\u0441\u043e\u0432<\/a><\/li>\n\n\n\n<li><a href=\"\/ru\/lygintuvu-remontas\/\">\u0420\u0435\u043c\u043e\u043d\u0442 \u0443\u0442\u044e\u0433\u043e\u0432<\/a><\/li>\n\n\n\n<li><a href=\"\/ru\/siuvimo-masinu-remontas\/\">\u0420\u0435\u043c\u043e\u043d\u0442 \u0448\u0432\u0435\u0439\u043d\u044b\u0445 \u043c\u0430\u0448\u0438\u043d<\/a><\/li>\n\n\n\n<li><a href=\"\/ru\/robotu-siurbliu-remontas\/\">\u0420\u0435\u043c\u043e\u043d\u0442 \u0440\u043e\u0431\u043e\u0442\u0438\u0437\u0438\u0440\u043e\u0432\u0430\u043d\u043d\u044b\u0445 \u043d\u0430\u0441\u043e\u0441\u043e\u0432<\/a><\/li>\n\n\n\n<li><a href=\"\/ru\/garso-technikos-remontas\/\">\u0420\u0435\u043c\u043e\u043d\u0442 \u0430\u0443\u0434\u0438\u043e\u0430\u043f\u043f\u0430\u0440\u0430\u0442\u0443\u0440\u044b<\/a><\/li>\n\n\n\n<li><a href=\"\/ru\/fotoaparatu-remontas\/\">\u0420\u0435\u043c\u043e\u043d\u0442 \u0444\u043e\u0442\u043e\u0430\u043f\u043f\u0430\u0440\u0430\u0442\u043e\u0432 \u0438 \u0432\u0438\u0434\u0435\u043e\u043a\u0430\u043c\u0435\u0440<\/a><\/li>\n<\/ul>\n\n\n\n<figure class=\"wp-block-image size-full\"><img loading=\"lazy\" decoding=\"async\" width=\"612\" height=\"408\" src=\"https:\/\/www.taisykla7.lt\/wp-content\/uploads\/2026\/02\/repair1.jpg\" alt=\"\" class=\"wp-image-10092\" srcset=\"https:\/\/www.taisykla7.lt\/wp-content\/uploads\/2026\/02\/repair1.jpg 612w, https:\/\/www.taisykla7.lt\/wp-content\/uploads\/2026\/02\/repair1-300x200.jpg 300w, https:\/\/www.taisykla7.lt\/wp-content\/uploads\/2026\/02\/repair1-18x12.jpg 18w\" sizes=\"auto, (max-width: 612px) 100vw, 612px\" \/><\/figure>\n<\/div>\n\n\n\n<div class=\"wp-block-uagb-container uagb-block-f79165f5\">\n<figure class=\"wp-block-image size-full\"><img loading=\"lazy\" decoding=\"async\" width=\"612\" height=\"408\" src=\"https:\/\/www.taisykla7.lt\/wp-content\/uploads\/2026\/02\/garso-technika.jpg\" alt=\"\" class=\"wp-image-10090\" srcset=\"https:\/\/www.taisykla7.lt\/wp-content\/uploads\/2026\/02\/garso-technika.jpg 612w, https:\/\/www.taisykla7.lt\/wp-content\/uploads\/2026\/02\/garso-technika-300x200.jpg 300w, https:\/\/www.taisykla7.lt\/wp-content\/uploads\/2026\/02\/garso-technika-18x12.jpg 18w\" sizes=\"auto, (max-width: 612px) 100vw, 612px\" \/><\/figure>\n\n\n\n<ul class=\"wp-block-list\">\n<li><strong>\u0412\u0438\u043b\u044c\u043d\u044e\u0441<\/strong> - Kareivi\u0173 g. 11A \"RIMI\" <a href=\"\/ru\/\u0442\u0435\u043b:+37065577057\/\">+370-655-77057<\/a><\/li>\n\n\n\n<li><strong>\u041a\u0430\u0443\u043d\u0430\u0441<\/strong> - 155 Savanori\u0173 Ave. <a href=\"\/ru\/\u0442\u0435\u043b:+37063969600\/\">+370-639-69600<\/a><\/li>\n\n\n\n<li><strong>\u041a\u043b\u0430\u0439\u043f\u0435\u0434\u0430<\/strong> - \u0421\u0430\u0443\u0441\u0438\u043e 15-\u043e\u0441\u0438\u043e\u0441 \u0443\u043b. 13 <a href=\"\/ru\/\u0442\u0435\u043b:+37064707741\/\">+370-647-07741<\/a><\/li>\n\n\n\n<li><strong>\u0428\u044f\u0443\u043b\u044f\u0439<\/strong> - Gegu\u017ei\u0173 g. 30 \"\u0410\u0440\u0435\u043d\u0430\" <a href=\"\/ru\/\u0442\u0435\u043b:+37068229052\/\">+370-682-29052<\/a><\/li>\n<\/ul>\n<\/div>\n<\/div><\/div>\n\n\n\n<h2 class=\"wp-block-heading\">Da\u017eniausiai u\u017eduodami klausimai (DUK)<\/h2>\n\n\n<div class=\"wp-block-uagb-faq uagb-faq__outer-wrap uagb-block-a60a80b5 uagb-faq-icon-row uagb-faq-layout-accordion uagb-faq-expand-first-true uagb-faq-inactive-other-true uagb-faq__wrap uagb-buttons-layout-wrap uagb-faq-equal-height\" data-faqtoggle=\"true\" role=\"tablist\"><div class=\"wp-block-uagb-faq-child uagb-faq-child__outer-wrap uagb-faq-item uagb-block-6d84b509\" role=\"tab\" tabindex=\"0\"><div class=\"uagb-faq-questions-button uagb-faq-questions\">\t\t\t<span class=\"uagb-icon uagb-faq-icon-wrap\">\n\t\t\t\t\t\t\t\t<svg xmlns=\"https:\/\/www.w3.org\/2000\/svg\" viewbox= \"0 0 448 512\"><path d=\"M432 256c0 17.69-14.33 32.01-32 32.01H256v144c0 17.69-14.33 31.99-32 31.99s-32-14.3-32-31.99v-144H48c-17.67 0-32-14.32-32-32.01s14.33-31.99 32-31.99H192v-144c0-17.69 14.33-32.01 32-32.01s32 14.32 32 32.01v144h144C417.7 224 432 238.3 432 256z\"><\/path><\/svg>\n\t\t\t\t\t\t\t<\/span>\n\t\t\t\t\t\t<span class=\"uagb-icon-active uagb-faq-icon-wrap\">\n\t\t\t\t\t\t\t\t<svg xmlns=\"https:\/\/www.w3.org\/2000\/svg\" viewbox= \"0 0 448 512\"><path d=\"M400 288h-352c-17.69 0-32-14.32-32-32.01s14.31-31.99 32-31.99h352c17.69 0 32 14.3 32 31.99S417.7 288 400 288z\"><\/path><\/svg>\n\t\t\t\t\t\t\t<\/span>\n\t\t\t<span class=\"uagb-question\">Koki\u0105 buitin\u0119 technik\u0105 remontuojate?<\/span><\/div><div class=\"uagb-faq-content\"><p>Remontuojame televizorius, kavos aparatus, lygintuvus ir kit\u0105 buitin\u0119 technik\u0105. Dirbame su visais populiariais gamintojais: Bosch, Siemens, Samsung, LG, Electrolux, Whirlpool, Beko, AEG ir kitais.<\/p><\/div><\/div><div class=\"wp-block-uagb-faq-child uagb-faq-child__outer-wrap uagb-faq-item uagb-block-6b9eba76\" role=\"tab\" tabindex=\"0\"><div class=\"uagb-faq-questions-button uagb-faq-questions\">\t\t\t<span class=\"uagb-icon uagb-faq-icon-wrap\">\n\t\t\t\t\t\t\t\t<svg xmlns=\"https:\/\/www.w3.org\/2000\/svg\" viewbox= \"0 0 448 512\"><path d=\"M432 256c0 17.69-14.33 32.01-32 32.01H256v144c0 17.69-14.33 31.99-32 31.99s-32-14.3-32-31.99v-144H48c-17.67 0-32-14.32-32-32.01s14.33-31.99 32-31.99H192v-144c0-17.69 14.33-32.01 32-32.01s32 14.32 32 32.01v144h144C417.7 224 432 238.3 432 256z\"><\/path><\/svg>\n\t\t\t\t\t\t\t<\/span>\n\t\t\t\t\t\t<span class=\"uagb-icon-active uagb-faq-icon-wrap\">\n\t\t\t\t\t\t\t\t<svg xmlns=\"https:\/\/www.w3.org\/2000\/svg\" viewbox= \"0 0 448 512\"><path d=\"M400 288h-352c-17.69 0-32-14.32-32-32.01s14.31-31.99 32-31.99h352c17.69 0 32 14.3 32 31.99S417.7 288 400 288z\"><\/path><\/svg>\n\t\t\t\t\t\t\t<\/span>\n\t\t\t<span class=\"uagb-question\">Ar suteikiate garantij\u0105 atliktam remontui?<\/span><\/div><div class=\"uagb-faq-content\"><p>Taip, visiems atliktiems remonto darbams suteikiame 2 m\u0117n. garantij\u0105. Garantinis laikotarpis pradedamas skai\u010diuoti nuo remonto atlikimo datos.<\/p><\/div><\/div><div class=\"wp-block-uagb-faq-child uagb-faq-child__outer-wrap uagb-faq-item uagb-block-7600eeb1\" role=\"tab\" tabindex=\"0\"><div class=\"uagb-faq-questions-button uagb-faq-questions\">\t\t\t<span class=\"uagb-icon uagb-faq-icon-wrap\">\n\t\t\t\t\t\t\t\t<svg xmlns=\"https:\/\/www.w3.org\/2000\/svg\" viewbox= \"0 0 448 512\"><path d=\"M432 256c0 17.69-14.33 32.01-32 32.01H256v144c0 17.69-14.33 31.99-32 31.99s-32-14.3-32-31.99v-144H48c-17.67 0-32-14.32-32-32.01s14.33-31.99 32-31.99H192v-144c0-17.69 14.33-32.01 32-32.01s32 14.32 32 32.01v144h144C417.7 224 432 238.3 432 256z\"><\/path><\/svg>\n\t\t\t\t\t\t\t<\/span>\n\t\t\t\t\t\t<span class=\"uagb-icon-active uagb-faq-icon-wrap\">\n\t\t\t\t\t\t\t\t<svg xmlns=\"https:\/\/www.w3.org\/2000\/svg\" viewbox= \"0 0 448 512\"><path d=\"M400 288h-352c-17.69 0-32-14.32-32-32.01s14.31-31.99 32-31.99h352c17.69 0 32 14.3 32 31.99S417.7 288 400 288z\"><\/path><\/svg>\n\t\t\t\t\t\t\t<\/span>\n\t\t\t<span class=\"uagb-question\">Kiek trunka buitin\u0117s technikos remontas?<\/span><\/div><div class=\"uagb-faq-content\"><p>Dauguma remonto darb\u0173 atliekami per 3-5 darbo dienas. Jei reikia u\u017esakyti specifin\u0119 detal\u0119, remontas gali u\u017etrukti ilgiau.<\/p><\/div><\/div><div class=\"wp-block-uagb-faq-child uagb-faq-child__outer-wrap uagb-faq-item uagb-block-6b492386\" role=\"tab\" tabindex=\"0\"><div class=\"uagb-faq-questions-button uagb-faq-questions\">\t\t\t<span class=\"uagb-icon uagb-faq-icon-wrap\">\n\t\t\t\t\t\t\t\t<svg xmlns=\"https:\/\/www.w3.org\/2000\/svg\" viewbox= \"0 0 448 512\"><path d=\"M432 256c0 17.69-14.33 32.01-32 32.01H256v144c0 17.69-14.33 31.99-32 31.99s-32-14.3-32-31.99v-144H48c-17.67 0-32-14.32-32-32.01s14.33-31.99 32-31.99H192v-144c0-17.69 14.33-32.01 32-32.01s32 14.32 32 32.01v144h144C417.7 224 432 238.3 432 256z\"><\/path><\/svg>\n\t\t\t\t\t\t\t<\/span>\n\t\t\t\t\t\t<span class=\"uagb-icon-active uagb-faq-icon-wrap\">\n\t\t\t\t\t\t\t\t<svg xmlns=\"https:\/\/www.w3.org\/2000\/svg\" viewbox= \"0 0 448 512\"><path d=\"M400 288h-352c-17.69 0-32-14.32-32-32.01s14.31-31.99 32-31.99h352c17.69 0 32 14.3 32 31.99S417.7 288 400 288z\"><\/path><\/svg>\n\t\t\t\t\t\t\t<\/span>\n\t\t\t<span class=\"uagb-question\">Ar remontuojate sen\u0105 buitin\u0119 technik\u0105?<\/span><\/div><div class=\"uagb-faq-content\"><p>Taip, remontuojame ir senesni\u0173 modeli\u0173 buitin\u0119 technik\u0105. Ta\u010diau jei technika labai sena (daugiau nei 15 met\u0173), gali b\u016bti sunku rasti originalias detales. Tokiu atveju meistras \u012fvertins, ar remontas ekonomi\u0161kai apsimoka, ir patars, ar geriau taisyti, ar \u012fsigyti nauj\u0105 prietais\u0105.<\/p><\/div><\/div><div class=\"wp-block-uagb-faq-child uagb-faq-child__outer-wrap uagb-faq-item uagb-block-5620dafc\" role=\"tab\" tabindex=\"0\"><div class=\"uagb-faq-questions-button uagb-faq-questions\">\t\t\t<span class=\"uagb-icon uagb-faq-icon-wrap\">\n\t\t\t\t\t\t\t\t<svg xmlns=\"https:\/\/www.w3.org\/2000\/svg\" viewbox= \"0 0 448 512\"><path d=\"M432 256c0 17.69-14.33 32.01-32 32.01H256v144c0 17.69-14.33 31.99-32 31.99s-32-14.3-32-31.99v-144H48c-17.67 0-32-14.32-32-32.01s14.33-31.99 32-31.99H192v-144c0-17.69 14.33-32.01 32-32.01s32 14.32 32 32.01v144h144C417.7 224 432 238.3 432 256z\"><\/path><\/svg>\n\t\t\t\t\t\t\t<\/span>\n\t\t\t\t\t\t<span class=\"uagb-icon-active uagb-faq-icon-wrap\">\n\t\t\t\t\t\t\t\t<svg xmlns=\"https:\/\/www.w3.org\/2000\/svg\" viewbox= \"0 0 448 512\"><path d=\"M400 288h-352c-17.69 0-32-14.32-32-32.01s14.31-31.99 32-31.99h352c17.69 0 32 14.3 32 31.99S417.7 288 400 288z\"><\/path><\/svg>\n\t\t\t\t\t\t\t<\/span>\n\t\t\t<span class=\"uagb-question\">Ar diagnostika yra mokama?<\/span><\/div><div class=\"uagb-faq-content\"><p>Diagnostika yra mokama, kaina 10 Eur. ir atliekama per 1-2 darbo dienas.  Apie visas kainas informuojame i\u0161 anksto, tod\u0117l nemaloni\u0173 siurpriz\u0173 nebus.<\/p><\/div><\/div><div class=\"wp-block-uagb-faq-child uagb-faq-child__outer-wrap uagb-faq-item uagb-block-d6c7ef2c\" role=\"tab\" tabindex=\"0\"><div class=\"uagb-faq-questions-button uagb-faq-questions\">\t\t\t<span class=\"uagb-icon uagb-faq-icon-wrap\">\n\t\t\t\t\t\t\t\t<svg xmlns=\"https:\/\/www.w3.org\/2000\/svg\" viewbox= \"0 0 448 512\"><path d=\"M432 256c0 17.69-14.33 32.01-32 32.01H256v144c0 17.69-14.33 31.99-32 31.99s-32-14.3-32-31.99v-144H48c-17.67 0-32-14.32-32-32.01s14.33-31.99 32-31.99H192v-144c0-17.69 14.33-32.01 32-32.01s32 14.32 32 32.01v144h144C417.7 224 432 238.3 432 256z\"><\/path><\/svg>\n\t\t\t\t\t\t\t<\/span>\n\t\t\t\t\t\t<span class=\"uagb-icon-active uagb-faq-icon-wrap\">\n\t\t\t\t\t\t\t\t<svg xmlns=\"https:\/\/www.w3.org\/2000\/svg\" viewbox= \"0 0 448 512\"><path d=\"M400 288h-352c-17.69 0-32-14.32-32-32.01s14.31-31.99 32-31.99h352c17.69 0 32 14.3 32 31.99S417.7 288 400 288z\"><\/path><\/svg>\n\t\t\t\t\t\t\t<\/span>\n\t\t\t<span class=\"uagb-question\">Ar dirbate savaitgaliais?<\/span><\/div><div class=\"uagb-faq-content\"><p>Ne ,savaitgaliais nedirbame. Dirbame darbo dienomis nuo 9:00 iki 18:00.<\/p><\/div><\/div><div class=\"wp-block-uagb-faq-child uagb-faq-child__outer-wrap uagb-faq-item uagb-block-1facef39\" role=\"tab\" tabindex=\"0\"><div class=\"uagb-faq-questions-button uagb-faq-questions\">\t\t\t<span class=\"uagb-icon uagb-faq-icon-wrap\">\n\t\t\t\t\t\t\t\t<svg xmlns=\"https:\/\/www.w3.org\/2000\/svg\" viewbox= \"0 0 448 512\"><path d=\"M432 256c0 17.69-14.33 32.01-32 32.01H256v144c0 17.69-14.33 31.99-32 31.99s-32-14.3-32-31.99v-144H48c-17.67 0-32-14.32-32-32.01s14.33-31.99 32-31.99H192v-144c0-17.69 14.33-32.01 32-32.01s32 14.32 32 32.01v144h144C417.7 224 432 238.3 432 256z\"><\/path><\/svg>\n\t\t\t\t\t\t\t<\/span>\n\t\t\t\t\t\t<span class=\"uagb-icon-active uagb-faq-icon-wrap\">\n\t\t\t\t\t\t\t\t<svg xmlns=\"https:\/\/www.w3.org\/2000\/svg\" viewbox= \"0 0 448 512\"><path d=\"M400 288h-352c-17.69 0-32-14.32-32-32.01s14.31-31.99 32-31.99h352c17.69 0 32 14.3 32 31.99S417.7 288 400 288z\"><\/path><\/svg>\n\t\t\t\t\t\t\t<\/span>\n\t\t\t<span class=\"uagb-question\">K\u0105 daryti, jei po remonto gedimas pasikartojo?<\/span><\/div><div class=\"uagb-faq-content\"><p>Jei gedimas pasikartojo garantinio laikotarpio metu, sutaisysime nemokamai. Jei problema kita nei buvo taisyta, bus taikoma standartin\u0117 diagnostikos ir remonto kaina.<\/p><\/div><\/div><\/div>","protected":false},"excerpt":{"rendered":"<p>Sugedo televizorius, dulki\u0173 siurblys ar siuvimo ma\u0161ina? \u201eTaisykla7&#8243; \u2013 tai patyr\u0119 meistrai, kurie jau daugel\u012f met\u0173 s\u0117kmingai remontuoja \u012fvairi\u0105 buitin\u0119 technik\u0105 visoje Lietuvoje. \u2705 Kod\u0117l renkasi mus? \ud83d\udd27 Remontuojame: Da\u017eniausiai u\u017eduodami klausimai (DUK)<\/p>","protected":false},"author":1,"featured_media":0,"parent":0,"menu_order":0,"comment_status":"closed","ping_status":"closed","template":"","meta":{"_uag_custom_page_level_css":"","neve_meta_sidebar":"","neve_meta_container":"","neve_meta_enable_content_width":"","neve_meta_content_width":0,"neve_meta_title_alignment":"","neve_meta_author_avatar":"","neve_post_elements_order":"","neve_meta_disable_header":"","neve_meta_disable_footer":"","neve_meta_disable_title":"","footnotes":""},"class_list":["post-1582","page","type-page","status-publish","hentry"],"yoast_head":"<!-- This site is optimized with the Yoast SEO plugin v27.4 - https:\/\/yoast.com\/product\/yoast-seo-wordpress\/ -->\n<title>Profesionalus buitin\u0117s technikos remontas Vilniuje, Kaune, Klaip\u0117doje ir \u0160iauliuose Elektronikos remontas Vilniuje, Kaune, Klaip\u0117doje, \u0160iauliuose<\/title>\n<meta name=\"description\" content=\"Elektronikos remontas Vilniuje, Kaune, Klaip\u0117doje, \u0160iauliuose\" \/>\n<meta name=\"robots\" content=\"index, follow, max-snippet:-1, max-image-preview:large, max-video-preview:-1\" \/>\n<link rel=\"canonical\" href=\"https:\/\/www.taisykla7.lt\/ru\/buitines-technikos-remontas\/\" \/>\n<meta property=\"og:locale\" content=\"ru_RU\" \/>\n<meta property=\"og:type\" content=\"article\" \/>\n<meta property=\"og:title\" content=\"Profesionalus buitin\u0117s technikos remontas Vilniuje, Kaune, Klaip\u0117doje ir \u0160iauliuose Elektronikos remontas Vilniuje, Kaune, Klaip\u0117doje, \u0160iauliuose\" \/>\n<meta property=\"og:description\" content=\"Elektronikos remontas Vilniuje, Kaune, Klaip\u0117doje, \u0160iauliuose\" \/>\n<meta property=\"og:url\" content=\"https:\/\/www.taisykla7.lt\/ru\/buitines-technikos-remontas\/\" \/>\n<meta property=\"og:site_name\" content=\"Elektronikos remontas Vilniuje, Kaune, Klaip\u0117doje, \u0160iauliuose\" \/>\n<meta property=\"article:modified_time\" content=\"2026-02-03T09:14:46+00:00\" \/>\n<meta property=\"og:image\" content=\"https:\/\/www.taisykla7.lt\/wp-content\/uploads\/2026\/02\/repair1.jpg\" \/>\n\t<meta property=\"og:image:width\" content=\"612\" \/>\n\t<meta property=\"og:image:height\" content=\"408\" \/>\n\t<meta property=\"og:image:type\" content=\"image\/jpeg\" \/>\n<meta name=\"twitter:card\" content=\"summary_large_image\" \/>\n<meta name=\"twitter:label1\" content=\"\u041f\u0440\u0438\u043c\u0435\u0440\u043d\u043e\u0435 \u0432\u0440\u0435\u043c\u044f \u0434\u043b\u044f \u0447\u0442\u0435\u043d\u0438\u044f\" \/>\n\t<meta name=\"twitter:data1\" content=\"1 \u043c\u0438\u043d\u0443\u0442\u0430\" \/>\n<script type=\"application\/ld+json\" class=\"yoast-schema-graph\">{\"@context\":\"https:\\\/\\\/schema.org\",\"@graph\":[{\"@type\":\"WebPage\",\"@id\":\"https:\\\/\\\/www.taisykla7.lt\\\/buitines-technikos-remontas\\\/\",\"url\":\"https:\\\/\\\/www.taisykla7.lt\\\/buitines-technikos-remontas\\\/\",\"name\":\"Profesionalus buitin\u0117s technikos remontas Vilniuje, Kaune, Klaip\u0117doje ir \u0160iauliuose Elektronikos remontas Vilniuje, Kaune, Klaip\u0117doje, \u0160iauliuose\",\"isPartOf\":{\"@id\":\"https:\\\/\\\/www.taisykla7.lt\\\/#website\"},\"primaryImageOfPage\":{\"@id\":\"https:\\\/\\\/www.taisykla7.lt\\\/buitines-technikos-remontas\\\/#primaryimage\"},\"image\":{\"@id\":\"https:\\\/\\\/www.taisykla7.lt\\\/buitines-technikos-remontas\\\/#primaryimage\"},\"thumbnailUrl\":\"https:\\\/\\\/www.taisykla7.lt\\\/wp-content\\\/uploads\\\/2026\\\/02\\\/repair1.jpg\",\"datePublished\":\"2022-04-26T14:35:21+00:00\",\"dateModified\":\"2026-02-03T09:14:46+00:00\",\"description\":\"Elektronikos remontas Vilniuje, Kaune, Klaip\u0117doje, \u0160iauliuose\",\"breadcrumb\":{\"@id\":\"https:\\\/\\\/www.taisykla7.lt\\\/buitines-technikos-remontas\\\/#breadcrumb\"},\"inLanguage\":\"ru-RU\",\"potentialAction\":[{\"@type\":\"ReadAction\",\"target\":[\"https:\\\/\\\/www.taisykla7.lt\\\/buitines-technikos-remontas\\\/\"]}]},{\"@type\":\"ImageObject\",\"inLanguage\":\"ru-RU\",\"@id\":\"https:\\\/\\\/www.taisykla7.lt\\\/buitines-technikos-remontas\\\/#primaryimage\",\"url\":\"https:\\\/\\\/www.taisykla7.lt\\\/wp-content\\\/uploads\\\/2026\\\/02\\\/repair1.jpg\",\"contentUrl\":\"https:\\\/\\\/www.taisykla7.lt\\\/wp-content\\\/uploads\\\/2026\\\/02\\\/repair1.jpg\"},{\"@type\":\"BreadcrumbList\",\"@id\":\"https:\\\/\\\/www.taisykla7.lt\\\/buitines-technikos-remontas\\\/#breadcrumb\",\"itemListElement\":[{\"@type\":\"ListItem\",\"position\":1,\"name\":\"Pagrindinis\",\"item\":\"https:\\\/\\\/www.taisykla7.lt\\\/\"},{\"@type\":\"ListItem\",\"position\":2,\"name\":\"Profesionalus buitin\u0117s technikos remontas Vilniuje, Kaune, Klaip\u0117doje ir \u0160iauliuose\"}]},{\"@type\":\"WebSite\",\"@id\":\"https:\\\/\\\/www.taisykla7.lt\\\/#website\",\"url\":\"https:\\\/\\\/www.taisykla7.lt\\\/\",\"name\":\"Elektronikos remontas Vilniuje, Kaune, Klaip\u0117doje, \u0160iauliuose\",\"description\":\"Televizori\u0173, paspirtuk\u0173, kompiuteri\u0173, telefon\u0173, kavos aparat\u0173 ir kitos technikos remontas \\\/ taisykla\",\"publisher\":{\"@id\":\"https:\\\/\\\/www.taisykla7.lt\\\/#organization\"},\"potentialAction\":[{\"@type\":\"SearchAction\",\"target\":{\"@type\":\"EntryPoint\",\"urlTemplate\":\"https:\\\/\\\/www.taisykla7.lt\\\/?s={search_term_string}\"},\"query-input\":{\"@type\":\"PropertyValueSpecification\",\"valueRequired\":true,\"valueName\":\"search_term_string\"}}],\"inLanguage\":\"ru-RU\"},{\"@type\":\"Organization\",\"@id\":\"https:\\\/\\\/www.taisykla7.lt\\\/#organization\",\"name\":\"Elektronikos remontas Vilniuje, Kaune, Klaip\u0117doje, \u0160iauliuose\",\"url\":\"https:\\\/\\\/www.taisykla7.lt\\\/\",\"logo\":{\"@type\":\"ImageObject\",\"inLanguage\":\"ru-RU\",\"@id\":\"https:\\\/\\\/www.taisykla7.lt\\\/#\\\/schema\\\/logo\\\/image\\\/\",\"url\":\"https:\\\/\\\/www.taisykla7.lt\\\/wp-content\\\/uploads\\\/2022\\\/04\\\/taisykla7_logo.jpg\",\"contentUrl\":\"https:\\\/\\\/www.taisykla7.lt\\\/wp-content\\\/uploads\\\/2022\\\/04\\\/taisykla7_logo.jpg\",\"width\":400,\"height\":100,\"caption\":\"Elektronikos remontas Vilniuje, Kaune, Klaip\u0117doje, \u0160iauliuose\"},\"image\":{\"@id\":\"https:\\\/\\\/www.taisykla7.lt\\\/#\\\/schema\\\/logo\\\/image\\\/\"}}]}<\/script>\n<!-- \/ Yoast SEO plugin. -->","yoast_head_json":{"title":"Profesionalus buitin\u0117s technikos remontas Vilniuje, Kaune, Klaip\u0117doje ir \u0160iauliuose Elektronikos remontas Vilniuje, Kaune, Klaip\u0117doje, \u0160iauliuose","description":"Elektronikos remontas Vilniuje, Kaune, Klaip\u0117doje, \u0160iauliuose","robots":{"index":"index","follow":"follow","max-snippet":"max-snippet:-1","max-image-preview":"max-image-preview:large","max-video-preview":"max-video-preview:-1"},"canonical":"https:\/\/www.taisykla7.lt\/ru\/buitines-technikos-remontas\/","og_locale":"ru_RU","og_type":"article","og_title":"Profesionalus buitin\u0117s technikos remontas Vilniuje, Kaune, Klaip\u0117doje ir \u0160iauliuose Elektronikos remontas Vilniuje, Kaune, Klaip\u0117doje, \u0160iauliuose","og_description":"Elektronikos remontas Vilniuje, Kaune, Klaip\u0117doje, \u0160iauliuose","og_url":"https:\/\/www.taisykla7.lt\/ru\/buitines-technikos-remontas\/","og_site_name":"Elektronikos remontas Vilniuje, Kaune, Klaip\u0117doje, \u0160iauliuose","article_modified_time":"2026-02-03T09:14:46+00:00","og_image":[{"width":612,"height":408,"url":"https:\/\/www.taisykla7.lt\/wp-content\/uploads\/2026\/02\/repair1.jpg","type":"image\/jpeg"}],"twitter_card":"summary_large_image","twitter_misc":{"\u041f\u0440\u0438\u043c\u0435\u0440\u043d\u043e\u0435 \u0432\u0440\u0435\u043c\u044f \u0434\u043b\u044f \u0447\u0442\u0435\u043d\u0438\u044f":"1 \u043c\u0438\u043d\u0443\u0442\u0430"},"schema":{"@context":"https:\/\/schema.org","@graph":[{"@type":"WebPage","@id":"https:\/\/www.taisykla7.lt\/buitines-technikos-remontas\/","url":"https:\/\/www.taisykla7.lt\/buitines-technikos-remontas\/","name":"Profesionalus buitin\u0117s technikos remontas Vilniuje, Kaune, Klaip\u0117doje ir \u0160iauliuose Elektronikos remontas Vilniuje, Kaune, Klaip\u0117doje, \u0160iauliuose","isPartOf":{"@id":"https:\/\/www.taisykla7.lt\/#website"},"primaryImageOfPage":{"@id":"https:\/\/www.taisykla7.lt\/buitines-technikos-remontas\/#primaryimage"},"image":{"@id":"https:\/\/www.taisykla7.lt\/buitines-technikos-remontas\/#primaryimage"},"thumbnailUrl":"https:\/\/www.taisykla7.lt\/wp-content\/uploads\/2026\/02\/repair1.jpg","datePublished":"2022-04-26T14:35:21+00:00","dateModified":"2026-02-03T09:14:46+00:00","description":"Elektronikos remontas Vilniuje, Kaune, Klaip\u0117doje, \u0160iauliuose","breadcrumb":{"@id":"https:\/\/www.taisykla7.lt\/buitines-technikos-remontas\/#breadcrumb"},"inLanguage":"ru-RU","potentialAction":[{"@type":"ReadAction","target":["https:\/\/www.taisykla7.lt\/buitines-technikos-remontas\/"]}]},{"@type":"ImageObject","inLanguage":"ru-RU","@id":"https:\/\/www.taisykla7.lt\/buitines-technikos-remontas\/#primaryimage","url":"https:\/\/www.taisykla7.lt\/wp-content\/uploads\/2026\/02\/repair1.jpg","contentUrl":"https:\/\/www.taisykla7.lt\/wp-content\/uploads\/2026\/02\/repair1.jpg"},{"@type":"BreadcrumbList","@id":"https:\/\/www.taisykla7.lt\/buitines-technikos-remontas\/#breadcrumb","itemListElement":[{"@type":"ListItem","position":1,"name":"Pagrindinis","item":"https:\/\/www.taisykla7.lt\/"},{"@type":"ListItem","position":2,"name":"Profesionalus buitin\u0117s technikos remontas Vilniuje, Kaune, Klaip\u0117doje ir \u0160iauliuose"}]},{"@type":"WebSite","@id":"https:\/\/www.taisykla7.lt\/#website","url":"https:\/\/www.taisykla7.lt\/","name":"Elektronikos remontas Vilniuje, Kaune, Klaip\u0117doje, \u0160iauliuose","description":"\u0420\u0435\u043c\u043e\u043d\u0442\/\u0432\u043e\u0441\u0441\u0442\u0430\u043d\u043e\u0432\u043b\u0435\u043d\u0438\u0435 \u0442\u0435\u043b\u0435\u0432\u0438\u0437\u043e\u0440\u043e\u0432, \u0441\u043a\u0443\u0442\u0435\u0440\u043e\u0432, \u043a\u043e\u043c\u043f\u044c\u044e\u0442\u0435\u0440\u043e\u0432, \u0442\u0435\u043b\u0435\u0444\u043e\u043d\u043e\u0432, \u043a\u043e\u0444\u0435\u0432\u0430\u0440\u043e\u043a \u0438 \u0434\u0440\u0443\u0433\u043e\u0439 \u0431\u044b\u0442\u043e\u0432\u043e\u0439 \u0442\u0435\u0445\u043d\u0438\u043a\u0438","publisher":{"@id":"https:\/\/www.taisykla7.lt\/#organization"},"potentialAction":[{"@type":"SearchAction","target":{"@type":"EntryPoint","urlTemplate":"https:\/\/www.taisykla7.lt\/?s={search_term_string}"},"query-input":{"@type":"PropertyValueSpecification","valueRequired":true,"valueName":"search_term_string"}}],"inLanguage":"ru-RU"},{"@type":"Organization","@id":"https:\/\/www.taisykla7.lt\/#organization","name":"Elektronikos remontas Vilniuje, Kaune, Klaip\u0117doje, \u0160iauliuose","url":"https:\/\/www.taisykla7.lt\/","logo":{"@type":"ImageObject","inLanguage":"ru-RU","@id":"https:\/\/www.taisykla7.lt\/#\/schema\/logo\/image\/","url":"https:\/\/www.taisykla7.lt\/wp-content\/uploads\/2022\/04\/taisykla7_logo.jpg","contentUrl":"https:\/\/www.taisykla7.lt\/wp-content\/uploads\/2022\/04\/taisykla7_logo.jpg","width":400,"height":100,"caption":"Elektronikos remontas Vilniuje, Kaune, Klaip\u0117doje, \u0160iauliuose"},"image":{"@id":"https:\/\/www.taisykla7.lt\/#\/schema\/logo\/image\/"}}]}},"uagb_featured_image_src":{"full":false,"thumbnail":false,"medium":false,"medium_large":false,"large":false,"1536x1536":false,"2048x2048":false,"trp-custom-language-flag":false,"neve-blog":false},"uagb_author_info":{"display_name":"admin","author_link":"https:\/\/www.taisykla7.lt\/ru\/author\/admin\/"},"uagb_comment_info":0,"uagb_excerpt":"Sugedo televizorius, dulki\u0173 siurblys ar siuvimo ma\u0161ina? \u201eTaisykla7&#8243; \u2013 tai patyr\u0119 meistrai, kurie jau daugel\u012f met\u0173 s\u0117kmingai remontuoja \u012fvairi\u0105 buitin\u0119 technik\u0105 visoje Lietuvoje. \u2705 Kod\u0117l renkasi mus? \ud83d\udd27 Remontuojame: Da\u017eniausiai u\u017eduodami klausimai (DUK)","_links":{"self":[{"href":"https:\/\/www.taisykla7.lt\/ru\/wp-json\/wp\/v2\/pages\/1582","targetHints":{"allow":["GET"]}}],"collection":[{"href":"https:\/\/www.taisykla7.lt\/ru\/wp-json\/wp\/v2\/pages"}],"about":[{"href":"https:\/\/www.taisykla7.lt\/ru\/wp-json\/wp\/v2\/types\/page"}],"author":[{"embeddable":true,"href":"https:\/\/www.taisykla7.lt\/ru\/wp-json\/wp\/v2\/users\/1"}],"replies":[{"embeddable":true,"href":"https:\/\/www.taisykla7.lt\/ru\/wp-json\/wp\/v2\/comments?post=1582"}],"version-history":[{"count":11,"href":"https:\/\/www.taisykla7.lt\/ru\/wp-json\/wp\/v2\/pages\/1582\/revisions"}],"predecessor-version":[{"id":10146,"href":"https:\/\/www.taisykla7.lt\/ru\/wp-json\/wp\/v2\/pages\/1582\/revisions\/10146"}],"wp:attachment":[{"href":"https:\/\/www.taisykla7.lt\/ru\/wp-json\/wp\/v2\/media?parent=1582"}],"curies":[{"name":"wp","href":"https:\/\/api.w.org\/{rel}","templated":true}]}}