{"id":1245,"date":"2022-04-21T13:45:16","date_gmt":"2022-04-21T11:45:16","guid":{"rendered":"https:\/\/www.taisykla7.lt\/?page_id=1245"},"modified":"2022-04-21T23:47:06","modified_gmt":"2022-04-21T21:47:06","slug":"mini-navigacija","status":"publish","type":"page","link":"https:\/\/www.taisykla7.lt\/uk\/mini-navigacija\/","title":{"rendered":"\u041d\u0430\u0432\u0456\u0433\u0430\u0446\u0456\u044f MINI"},"content":{"rendered":"<ul class=\"wp-block-list\">\n<li><strong>\u0412\u0456\u043b\u044c\u043d\u044e\u0441<\/strong> - Kareivi\u0173 g. 11A \"RIMI\" <a href=\"\/uk\/\u0442\u0435\u043b:+37065577057\/\">+370-655-77057<\/a><\/li>\n\n\n\n<li><strong>\u041a\u0430\u0443\u043d\u0430\u0441<\/strong> - 155 Savanori\u0173 Ave. <a href=\"\/uk\/\u0442\u0435\u043b:+37063969600\/\">+370-639-69600<\/a><\/li>\n\n\n\n<li><strong>\u041a\u043b\u0430\u0439\u043f\u0435\u0434\u0430<\/strong> - Sausio 15-osios \u0432\u0443\u043b. 13 <a href=\"\/uk\/\u0442\u0435\u043b:+37064707741\/\">+370-647-07741<\/a><\/li>\n\n\n\n<li><strong>\u0428\u044f\u0443\u043b\u044f\u0439<\/strong> - Gegu\u017ei\u0173 g. 30 \"Arena\" <a href=\"\/uk\/\u0442\u0435\u043b:+37068229052\/\">+370-682-29052<\/a><\/li>\n<\/ul>\n\n\n\n<p><strong>\u041d\u0430\u0432\u0456\u0433\u0430\u0446\u0456\u044f MINI \u041b\u0438\u0442\u0432\u0430, \u0404\u0432\u0440\u043e\u043f\u0430. \u041e\u0441\u0442\u0430\u043d\u043d\u0456 \u0434\u0438\u0441\u043a\u0438, \u043a\u0430\u0440\u0442\u0438.<\/strong><\/p>\n\n\n\n<p>\u0417\u043d\u0430\u0439\u0434\u0456\u0442\u044c \u0441\u0432\u043e\u044e \u0430\u0432\u0442\u043e\u043c\u043e\u0431\u0456\u043b\u044c\u043d\u0443 \u043d\u0430\u0432\u0456\u0433\u0430\u0446\u0456\u0439\u043d\u0443 \u0441\u0438\u0441\u0442\u0435\u043c\u0443. \u042f\u043a\u0449\u043e \u0443 \u0432\u0430\u0441 \u0432\u0438\u043d\u0438\u043a\u043b\u0438 \u0437\u0430\u043f\u0438\u0442\u0430\u043d\u043d\u044f \u0430\u0431\u043e \u043f\u0440\u043e\u0431\u043b\u0435\u043c\u0438, \u0442\u0435\u043b\u0435\u0444\u043e\u043d\u0443\u0439\u0442\u0435 \u0437\u0430 \u043d\u043e\u043c\u0435\u0440\u043e\u043c <a href=\"tel:861777751\">\u043d\u0430\u0448\u043e\u0433\u043e \u043c\u0430\u0439\u0441\u0442\u0440\u0430 \u0437 \u0430\u0432\u0442\u043e\u043c\u043e\u0431\u0456\u043b\u044c\u043d\u043e\u0457 \u043d\u0430\u0432\u0456\u0433\u0430\u0446\u0456\u0457 \u0437\u0430 \u0442\u0435\u043b\u0435\u0444\u043e\u043d\u043e\u043c 8-617-77751<\/a> \u0456 \u043c\u0438 \u0431\u0443\u0434\u0435\u043c\u043e \u0440\u0430\u0434\u0456 \u0434\u043e\u043f\u043e\u043c\u043e\u0433\u0442\u0438.<\/p>\n\n\n\n<ul class=\"wp-block-list\"><li><strong>\u041d\u0430\u0432\u0456\u0433\u0430\u0446\u0456\u044f MINI \u043f\u043e \u041b\u0438\u0442\u0432\u0456 \u0442\u0430 \u0404\u0432\u0440\u043e\u043f\u0456 (\u043a\u043e\u0434 mi1)<\/strong><\/li><\/ul>\n\n\n\n<h2 class=\"wp-block-heading\">\u041d\u0430\u0432\u0456\u0433\u0430\u0446\u0456\u044f MINI \u043f\u043e \u041b\u0438\u0442\u0432\u0456 \u0442\u0430 \u0404\u0432\u0440\u043e\u043f\u0456 (\u043a\u043e\u0434 mi1)<\/h2>\n\n\n\n<div class=\"wp-block-columns is-layout-flex wp-container-core-columns-is-layout-9d6595d7 wp-block-columns-is-layout-flex\">\n<div class=\"wp-block-column is-layout-flow wp-block-column-is-layout-flow\">\n<p><strong>\u041a\u043e\u043c\u043f\u0430\u043a\u0442-\u0434\u0438\u0441\u043a\u0438 \u0437 \u043d\u0430\u0439\u043d\u043e\u0432\u0456\u0448\u0438\u043c\u0438 \u043d\u0430\u0432\u0456\u0433\u0430\u0446\u0456\u0439\u043d\u0438\u043c\u0438 \u0434\u0438\u0441\u043a\u0430\u043c\u0438 \u0437 \u043a\u0430\u0440\u0442\u0430\u043c\u0438:<\/strong><\/p>\n\n\n\n<p><strong>CD1:<\/strong>\u0411\u0435\u043b\u044c\u0433\u0456\u044f, \u041d\u0456\u0434\u0435\u0440\u043b\u0430\u043d\u0434\u0438, \u041b\u044e\u043a\u0441\u0435\u043c\u0431\u0443\u0440\u0433<br><strong>CD2:<\/strong>\u0410\u0432\u0441\u0442\u0440\u0456\u044f, \u041b\u0456\u0445\u0442\u0435\u043d\u0448\u0442\u0435\u0439\u043d, \u0428\u0432\u0435\u0439\u0446\u0430\u0440\u0456\u044f, \u041d\u0456\u043c\u0435\u0447\u0447\u0438\u043d\u0430, \u0406\u0442\u0430\u043b\u0456\u044f<br><strong>CD3:<\/strong>\u0421\u0445\u0456\u0434\u043d\u0430 \u0404\u0432\u0440\u043e\u043f\u0430 1: \u0415\u0441\u0442\u043e\u043d\u0456\u044f, \u041b\u0430\u0442\u0432\u0456\u044f, <strong>\u041b\u0438\u0442\u0432\u0430 (\u0434\u043e\u043a\u043b\u0430\u0434\u043d\u0456\u0448\u0435)<\/strong><br><strong>CD4:<\/strong>\u0421\u0445\u0456\u0434\u043d\u0430 \u0404\u0432\u0440\u043e\u043f\u0430 2: \u0411\u043e\u043b\u0433\u0430\u0440\u0456\u044f, \u0425\u043e\u0440\u0432\u0430\u0442\u0456\u044f, \u0427\u0435\u0441\u044c\u043a\u0430 \u0420\u0435\u0441\u043f\u0443\u0431\u043b\u0456\u043a\u0430, \u0423\u0433\u043e\u0440\u0449\u0438\u043d\u0430, \u041f\u043e\u043b\u044c\u0449\u0430, \u0420\u0443\u043c\u0443\u043d\u0456\u044f, \u0421\u043b\u043e\u0432\u0430\u0447\u0447\u0438\u043d\u0430, \u0421\u043b\u043e\u0432\u0435\u043d\u0456\u044f, \u0427\u0435\u0445\u0456\u044f<br><strong>CD5:<\/strong>\u041f\u0456\u0432\u043d\u0456\u0447\u043d\u0430 \u0424\u0440\u0430\u043d\u0446\u0456\u044f<br><strong>CD6:<\/strong>\u041f\u0456\u0432\u0434\u0435\u043d\u043d\u0430 \u0424\u0440\u0430\u043d\u0446\u0456\u044f<br><strong>CD7:<\/strong>\u041d\u0456\u043c\u0435\u0447\u0447\u0438\u043d\u0430<br><strong>CD8:<\/strong>\u0406\u0442\u0430\u043b\u0456\u044f, \u0421\u0430\u043d-\u041c\u0430\u0440\u0438\u043d\u043e, \u0412\u0430\u0442\u0438\u043a\u0430\u043d, \u0413\u0440\u0435\u0446\u0456\u044f<br><strong>CD9:<\/strong>\u0414\u0430\u043d\u0456\u044f, \u0428\u0432\u0435\u0446\u0456\u044f, \u0424\u0456\u043d\u043b\u044f\u043d\u0434\u0456\u044f, \u041d\u043e\u0440\u0432\u0435\u0433\u0456\u044f<br><strong>CD10:<\/strong>\u0406\u0441\u043f\u0430\u043d\u0456\u044f<br><strong>CD11:<\/strong>\u041f\u043e\u0440\u0442\u0443\u0433\u0430\u043b\u0456\u044f<br><strong>CD12:<\/strong>\u0410\u043d\u0433\u043b\u0456\u044f, \u0428\u043e\u0442\u043b\u0430\u043d\u0434\u0456\u044f, \u0406\u0440\u043b\u0430\u043d\u0434\u0456\u044f<br><strong>CD13:<\/strong>\u041a\u0430\u0440\u0442\u0438 \u043e\u0441\u043d\u043e\u0432\u043d\u0438\u0445 \u0434\u043e\u0440\u0456\u0433 \u0404\u0432\u0440\u043e\u043f\u0438<\/p>\n\n\n\n<hr class=\"wp-block-separator\"\/>\n\n\n\n<p>\u0421\u0438\u0441\u0442\u0435\u043c\u0430 \u0434\u043e\u0441\u0442\u0443\u043f\u043d\u0430 \u043d\u0430 \u043d\u0430\u0441\u0442\u0443\u043f\u043d\u0438\u0445 \u0430\u0432\u0442\u043e\u043c\u043e\u0431\u0456\u043b\u044f\u0445:<\/p>\n\n\n\n<ul class=\"wp-block-list\"><li>\u0414\u043b\u044f \u0432\u0441\u0456\u0445 \u043c\u043e\u0434\u0435\u043b\u0435\u0439 \u0437 \u043a\u043e\u043b\u044c\u043e\u0440\u043e\u0432\u0438\u043c \u0434\u0438\u0441\u043f\u043b\u0435\u0454\u043c \u0434\u043e 2005.09<\/li><\/ul>\n<\/div>\n\n\n\n<div class=\"wp-block-column is-layout-flow wp-block-column-is-layout-flow\">\n<div class=\"wp-block-image\"><figure class=\"aligncenter size-full\"><img loading=\"lazy\" decoding=\"async\" width=\"252\" height=\"168\" src=\"https:\/\/www.taisykla7.lt\/wp-content\/uploads\/2022\/04\/MINI-navigacija-Lietuva-ir-Europa-kodas-mi1.jpg\" alt=\"MINI navigacija Lietuva ir Europa (kodas mi1)\" class=\"wp-image-1246\"\/><\/figure><\/div>\n<\/div>\n<\/div>\n\n\n\n<p><strong>\u041d\u0430\u0439\u043d\u043e\u0432\u0456\u0448\u0456 \u043d\u0430\u0432\u0456\u0433\u0430\u0446\u0456\u0439\u043d\u0456 \u043a\u0430\u0440\u0442\u0438 | \u041d\u0430\u0439\u043a\u0440\u0430\u0449\u0430 \u0446\u0456\u043d\u0430<\/strong> \u0417\u0432\u0435\u0440\u0442\u0430\u0439\u0442\u0435\u0441\u044f \u0434\u043e \u043c\u0430\u0439\u0441\u0442\u0440\u0430 \u043d\u0430\u0432\u0456\u0433\u0430\u0446\u0456\u0457 \u0437\u0430 \u0442\u0435\u043b. <strong><a href=\"tel:861777751\">8-617-77751<\/a><\/strong> <a href=\"\/uk\/kontaktai\/\"><strong>\u0412\u0456\u043b\u044c\u043d\u044e\u0441, \u041a\u0430\u0443\u043d\u0430\u0441, \u041a\u043b\u0430\u0439\u043f\u0435\u0434\u0430, \u0428\u044f\u0443\u043b\u044f\u0439<\/strong><\/a> \u0456 \u043c\u0438 \u0431\u0443\u0434\u0435\u043c\u043e \u0440\u0430\u0434\u0456 \u0432\u0456\u0434\u043f\u043e\u0432\u0456\u0441\u0442\u0438 \u043d\u0430 \u0431\u0443\u0434\u044c-\u044f\u043a\u0456 \u0432\u0430\u0448\u0456 \u0437\u0430\u043f\u0438\u0442\u0430\u043d\u043d\u044f!<\/p><hr>","protected":false},"excerpt":{"rendered":"<p>\u041d\u0430\u0432\u0456\u0433\u0430\u0446\u0456\u044f MINI \u041b\u0438\u0442\u0432\u0430, \u0404\u0432\u0440\u043e\u043f\u0430. \u041d\u0430\u0439\u043d\u043e\u0432\u0456\u0448\u0456 \u0434\u0438\u0441\u043a\u0438, \u043a\u0430\u0440\u0442\u0438. MINI \u041d\u0430\u0432\u0456\u0433\u0430\u0446\u0456\u044f \u041b\u0438\u0442\u0432\u0430 \u0442\u0430 \u0404\u0432\u0440\u043e\u043f\u0430 (\u043a\u043e\u0434 mi1) MINI \u041d\u0430\u0432\u0456\u0433\u0430\u0446\u0456\u044f \u041b\u0438\u0442\u0432\u0430 \u0442\u0430 \u0404\u0432\u0440\u043e\u043f\u0430 (\u043a\u043e\u0434 mi1) CD \u041d\u0430\u0439\u043d\u043e\u0432\u0456\u0448\u0456 \u043d\u0430\u0432\u0456\u0433\u0430\u0446\u0456\u0439\u043d\u0456 \u0434\u0438\u0441\u043a\u0438 \u0437 \u043a\u0430\u0440\u0442\u0430\u043c\u0438.\u0423\u0433\u043e\u0440\u0449\u0438\u043d\u0430CD3:\u0421\u0445\u0456\u0434\u043d\u0430 \u0404\u0432\u0440\u043e\u043f\u0430 1: \u0415\u0441\u0442\u043e\u043d\u0456\u044f, \u041b\u0430\u0442\u0432\u0456\u044f, \u041b\u0438\u0442\u0432\u0430 (\u0434\u0435\u0442\u0430\u043b\u044c\u043d\u0430)CD4:\u0421\u0445\u0456\u0434\u043d\u0430 \u0404\u0432\u0440\u043e\u043f\u0430 2: \u0411\u043e\u043b\u0433\u0430\u0440\u0456\u044f, \u0427\u0435\u0445\u0456\u044f, \u0425\u043e\u0440\u0432\u0430\u0442\u0456\u044f, \u0423\u0433\u043e\u0440\u0449\u0438\u043d\u0430, \u041f\u043e\u043b\u044c\u0449\u0430, \u0420\u0443\u043c\u0443\u043d\u0456\u044f, \u0421\u043b\u043e\u0432\u0430\u0447\u0447\u0438\u043d\u0430, \u0421\u043b\u043e\u0432\u0435\u043d\u0456\u044fCD5:\u041f\u0456\u0432\u043d\u0456\u0447\u043d\u0430 \u0424\u0440\u0430\u043d\u0446\u0456\u044fCD6:\u041f\u0456\u0432\u0434\u0435\u043d\u043d\u0430 \u0424\u0440\u0430\u043d\u0446\u0456\u044fCD7:\u041d\u0456\u043c\u0435\u0447\u0447\u0438\u043d\u0430CD8:\u0406\u0442\u0430\u043b\u0456\u044f, \u0421\u0430\u043d-\u041c\u0430\u0440\u0438\u043d\u043e, \u0412\u0430\u0442\u0438\u043a\u0430\u043d,...&nbsp;<a href=\"https:\/\/www.taisykla7.lt\/uk\/mini-navigacija\/\" rel=\"bookmark\">\u0427\u0438\u0442\u0430\u0442\u0438 \u0434\u0430\u043b\u0456 \"<span class=\"screen-reader-text\">\u041d\u0430\u0432\u0456\u0433\u0430\u0446\u0456\u044f MINI<\/span><\/a><\/p>","protected":false},"author":1,"featured_media":0,"parent":0,"menu_order":0,"comment_status":"closed","ping_status":"closed","template":"","meta":{"_uag_custom_page_level_css":"","neve_meta_sidebar":"","neve_meta_container":"","neve_meta_enable_content_width":"","neve_meta_content_width":0,"neve_meta_title_alignment":"","neve_meta_author_avatar":"","neve_post_elements_order":"","neve_meta_disable_header":"","neve_meta_disable_footer":"","neve_meta_disable_title":"","footnotes":""},"class_list":["post-1245","page","type-page","status-publish","hentry"],"yoast_head":"<!-- This site is optimized with the Yoast SEO plugin v27.3 - https:\/\/yoast.com\/product\/yoast-seo-wordpress\/ -->\n<title>MINI navigacija Elektronikos remontas Vilniuje, Kaune, Klaip\u0117doje, \u0160iauliuose<\/title>\n<meta name=\"description\" content=\"MINI navigacija Lietuva, Europa. Naujausi diskai, \u017eem\u0117lapiai. Vilniuje, Kaune, Klaip\u0117doje, \u0160iauliuose. Tel. 8-617-77751\" \/>\n<meta name=\"robots\" content=\"index, follow, max-snippet:-1, max-image-preview:large, max-video-preview:-1\" \/>\n<link rel=\"canonical\" href=\"https:\/\/www.taisykla7.lt\/uk\/mini-navigacija\/\" \/>\n<meta property=\"og:locale\" content=\"uk_UA\" \/>\n<meta property=\"og:type\" content=\"article\" \/>\n<meta property=\"og:title\" content=\"MINI navigacija Elektronikos remontas Vilniuje, Kaune, Klaip\u0117doje, \u0160iauliuose\" \/>\n<meta property=\"og:description\" content=\"MINI navigacija Lietuva, Europa. Naujausi diskai, \u017eem\u0117lapiai. Vilniuje, Kaune, Klaip\u0117doje, \u0160iauliuose. Tel. 8-617-77751\" \/>\n<meta property=\"og:url\" content=\"https:\/\/www.taisykla7.lt\/uk\/mini-navigacija\/\" \/>\n<meta property=\"og:site_name\" content=\"Elektronikos remontas Vilniuje, Kaune, Klaip\u0117doje, \u0160iauliuose\" \/>\n<meta property=\"article:modified_time\" content=\"2022-04-21T21:47:06+00:00\" \/>\n<meta property=\"og:image\" content=\"https:\/\/www.taisykla7.lt\/wp-content\/uploads\/2022\/04\/MINI-navigacija-Lietuva-ir-Europa-kodas-mi1.jpg\" \/>\n<meta name=\"twitter:card\" content=\"summary_large_image\" \/>\n<meta name=\"twitter:label1\" content=\"\u041f\u0440\u0438\u0431\u043b. \u0447\u0430\u0441 \u0447\u0438\u0442\u0430\u043d\u043d\u044f\" \/>\n\t<meta name=\"twitter:data1\" content=\"1 \u0445\u0432\u0438\u043b\u0438\u043d\u0430\" \/>\n<script type=\"application\/ld+json\" class=\"yoast-schema-graph\">{\"@context\":\"https:\\\/\\\/schema.org\",\"@graph\":[{\"@type\":\"WebPage\",\"@id\":\"https:\\\/\\\/www.taisykla7.lt\\\/mini-navigacija\\\/\",\"url\":\"https:\\\/\\\/www.taisykla7.lt\\\/mini-navigacija\\\/\",\"name\":\"MINI navigacija Elektronikos remontas Vilniuje, Kaune, Klaip\u0117doje, \u0160iauliuose\",\"isPartOf\":{\"@id\":\"https:\\\/\\\/www.taisykla7.lt\\\/#website\"},\"primaryImageOfPage\":{\"@id\":\"https:\\\/\\\/www.taisykla7.lt\\\/mini-navigacija\\\/#primaryimage\"},\"image\":{\"@id\":\"https:\\\/\\\/www.taisykla7.lt\\\/mini-navigacija\\\/#primaryimage\"},\"thumbnailUrl\":\"https:\\\/\\\/www.taisykla7.lt\\\/wp-content\\\/uploads\\\/2022\\\/04\\\/MINI-navigacija-Lietuva-ir-Europa-kodas-mi1.jpg\",\"datePublished\":\"2022-04-21T11:45:16+00:00\",\"dateModified\":\"2022-04-21T21:47:06+00:00\",\"description\":\"MINI navigacija Lietuva, Europa. Naujausi diskai, \u017eem\u0117lapiai. Vilniuje, Kaune, Klaip\u0117doje, \u0160iauliuose. Tel. 8-617-77751\",\"breadcrumb\":{\"@id\":\"https:\\\/\\\/www.taisykla7.lt\\\/mini-navigacija\\\/#breadcrumb\"},\"inLanguage\":\"uk\",\"potentialAction\":[{\"@type\":\"ReadAction\",\"target\":[\"https:\\\/\\\/www.taisykla7.lt\\\/mini-navigacija\\\/\"]}]},{\"@type\":\"ImageObject\",\"inLanguage\":\"uk\",\"@id\":\"https:\\\/\\\/www.taisykla7.lt\\\/mini-navigacija\\\/#primaryimage\",\"url\":\"https:\\\/\\\/www.taisykla7.lt\\\/wp-content\\\/uploads\\\/2022\\\/04\\\/MINI-navigacija-Lietuva-ir-Europa-kodas-mi1.jpg\",\"contentUrl\":\"https:\\\/\\\/www.taisykla7.lt\\\/wp-content\\\/uploads\\\/2022\\\/04\\\/MINI-navigacija-Lietuva-ir-Europa-kodas-mi1.jpg\"},{\"@type\":\"BreadcrumbList\",\"@id\":\"https:\\\/\\\/www.taisykla7.lt\\\/mini-navigacija\\\/#breadcrumb\",\"itemListElement\":[{\"@type\":\"ListItem\",\"position\":1,\"name\":\"Pagrindinis\",\"item\":\"https:\\\/\\\/www.taisykla7.lt\\\/\"},{\"@type\":\"ListItem\",\"position\":2,\"name\":\"MINI navigacija\"}]},{\"@type\":\"WebSite\",\"@id\":\"https:\\\/\\\/www.taisykla7.lt\\\/#website\",\"url\":\"https:\\\/\\\/www.taisykla7.lt\\\/\",\"name\":\"Elektronikos remontas Vilniuje, Kaune, Klaip\u0117doje, \u0160iauliuose\",\"description\":\"Televizori\u0173, paspirtuk\u0173, kompiuteri\u0173, telefon\u0173, kavos aparat\u0173 ir kitos technikos remontas \\\/ taisykla\",\"publisher\":{\"@id\":\"https:\\\/\\\/www.taisykla7.lt\\\/#organization\"},\"potentialAction\":[{\"@type\":\"SearchAction\",\"target\":{\"@type\":\"EntryPoint\",\"urlTemplate\":\"https:\\\/\\\/www.taisykla7.lt\\\/?s={search_term_string}\"},\"query-input\":{\"@type\":\"PropertyValueSpecification\",\"valueRequired\":true,\"valueName\":\"search_term_string\"}}],\"inLanguage\":\"uk\"},{\"@type\":\"Organization\",\"@id\":\"https:\\\/\\\/www.taisykla7.lt\\\/#organization\",\"name\":\"Elektronikos remontas Vilniuje, Kaune, Klaip\u0117doje, \u0160iauliuose\",\"url\":\"https:\\\/\\\/www.taisykla7.lt\\\/\",\"logo\":{\"@type\":\"ImageObject\",\"inLanguage\":\"uk\",\"@id\":\"https:\\\/\\\/www.taisykla7.lt\\\/#\\\/schema\\\/logo\\\/image\\\/\",\"url\":\"https:\\\/\\\/www.taisykla7.lt\\\/wp-content\\\/uploads\\\/2022\\\/04\\\/taisykla7_logo.jpg\",\"contentUrl\":\"https:\\\/\\\/www.taisykla7.lt\\\/wp-content\\\/uploads\\\/2022\\\/04\\\/taisykla7_logo.jpg\",\"width\":400,\"height\":100,\"caption\":\"Elektronikos remontas Vilniuje, Kaune, Klaip\u0117doje, \u0160iauliuose\"},\"image\":{\"@id\":\"https:\\\/\\\/www.taisykla7.lt\\\/#\\\/schema\\\/logo\\\/image\\\/\"}}]}<\/script>\n<!-- \/ Yoast SEO plugin. -->","yoast_head_json":{"title":"MINI navigacija Elektronikos remontas Vilniuje, Kaune, Klaip\u0117doje, \u0160iauliuose","description":"\u041d\u0430\u0432\u0456\u0433\u0430\u0446\u0456\u044f MINI \u041b\u0438\u0442\u0432\u0430, \u0404\u0432\u0440\u043e\u043f\u0430. \u041d\u0430\u0439\u043d\u043e\u0432\u0456\u0448\u0456 \u0434\u0438\u0441\u043a\u0438, \u043a\u0430\u0440\u0442\u0438. \u0423 \u0412\u0456\u043b\u044c\u043d\u044e\u0441\u0456, \u041a\u0430\u0443\u043d\u0430\u0441\u0456, \u041a\u043b\u0430\u0439\u043f\u0435\u0434\u0456, \u0428\u044f\u0443\u043b\u044f\u0457. \u0422\u0435\u043b. 8-617-77751","robots":{"index":"index","follow":"follow","max-snippet":"max-snippet:-1","max-image-preview":"max-image-preview:large","max-video-preview":"max-video-preview:-1"},"canonical":"https:\/\/www.taisykla7.lt\/uk\/mini-navigacija\/","og_locale":"uk_UA","og_type":"article","og_title":"MINI navigacija Elektronikos remontas Vilniuje, Kaune, Klaip\u0117doje, \u0160iauliuose","og_description":"MINI navigacija Lietuva, Europa. Naujausi diskai, \u017eem\u0117lapiai. Vilniuje, Kaune, Klaip\u0117doje, \u0160iauliuose. Tel. 8-617-77751","og_url":"https:\/\/www.taisykla7.lt\/uk\/mini-navigacija\/","og_site_name":"Elektronikos remontas Vilniuje, Kaune, Klaip\u0117doje, \u0160iauliuose","article_modified_time":"2022-04-21T21:47:06+00:00","og_image":[{"url":"https:\/\/www.taisykla7.lt\/wp-content\/uploads\/2022\/04\/MINI-navigacija-Lietuva-ir-Europa-kodas-mi1.jpg","type":"","width":"","height":""}],"twitter_card":"summary_large_image","twitter_misc":{"\u041f\u0440\u0438\u0431\u043b. \u0447\u0430\u0441 \u0447\u0438\u0442\u0430\u043d\u043d\u044f":"1 \u0445\u0432\u0438\u043b\u0438\u043d\u0430"},"schema":{"@context":"https:\/\/schema.org","@graph":[{"@type":"WebPage","@id":"https:\/\/www.taisykla7.lt\/mini-navigacija\/","url":"https:\/\/www.taisykla7.lt\/mini-navigacija\/","name":"MINI navigacija Elektronikos remontas Vilniuje, Kaune, Klaip\u0117doje, \u0160iauliuose","isPartOf":{"@id":"https:\/\/www.taisykla7.lt\/#website"},"primaryImageOfPage":{"@id":"https:\/\/www.taisykla7.lt\/mini-navigacija\/#primaryimage"},"image":{"@id":"https:\/\/www.taisykla7.lt\/mini-navigacija\/#primaryimage"},"thumbnailUrl":"https:\/\/www.taisykla7.lt\/wp-content\/uploads\/2022\/04\/MINI-navigacija-Lietuva-ir-Europa-kodas-mi1.jpg","datePublished":"2022-04-21T11:45:16+00:00","dateModified":"2022-04-21T21:47:06+00:00","description":"\u041d\u0430\u0432\u0456\u0433\u0430\u0446\u0456\u044f MINI \u041b\u0438\u0442\u0432\u0430, \u0404\u0432\u0440\u043e\u043f\u0430. \u041d\u0430\u0439\u043d\u043e\u0432\u0456\u0448\u0456 \u0434\u0438\u0441\u043a\u0438, \u043a\u0430\u0440\u0442\u0438. \u0423 \u0412\u0456\u043b\u044c\u043d\u044e\u0441\u0456, \u041a\u0430\u0443\u043d\u0430\u0441\u0456, \u041a\u043b\u0430\u0439\u043f\u0435\u0434\u0456, \u0428\u044f\u0443\u043b\u044f\u0457. \u0422\u0435\u043b. 8-617-77751","breadcrumb":{"@id":"https:\/\/www.taisykla7.lt\/mini-navigacija\/#breadcrumb"},"inLanguage":"uk","potentialAction":[{"@type":"ReadAction","target":["https:\/\/www.taisykla7.lt\/mini-navigacija\/"]}]},{"@type":"ImageObject","inLanguage":"uk","@id":"https:\/\/www.taisykla7.lt\/mini-navigacija\/#primaryimage","url":"https:\/\/www.taisykla7.lt\/wp-content\/uploads\/2022\/04\/MINI-navigacija-Lietuva-ir-Europa-kodas-mi1.jpg","contentUrl":"https:\/\/www.taisykla7.lt\/wp-content\/uploads\/2022\/04\/MINI-navigacija-Lietuva-ir-Europa-kodas-mi1.jpg"},{"@type":"BreadcrumbList","@id":"https:\/\/www.taisykla7.lt\/mini-navigacija\/#breadcrumb","itemListElement":[{"@type":"ListItem","position":1,"name":"Pagrindinis","item":"https:\/\/www.taisykla7.lt\/"},{"@type":"ListItem","position":2,"name":"MINI navigacija"}]},{"@type":"WebSite","@id":"https:\/\/www.taisykla7.lt\/#website","url":"https:\/\/www.taisykla7.lt\/","name":"Elektronikos remontas Vilniuje, Kaune, Klaip\u0117doje, \u0160iauliuose","description":"\u0420\u0435\u043c\u043e\u043d\u0442\/\u0432\u0456\u0434\u043d\u043e\u0432\u043b\u0435\u043d\u043d\u044f \u0442\u0435\u043b\u0435\u0432\u0456\u0437\u043e\u0440\u0456\u0432, \u0441\u043a\u0443\u0442\u0435\u0440\u0456\u0432, \u043a\u043e\u043c\u043f'\u044e\u0442\u0435\u0440\u0456\u0432, \u0442\u0435\u043b\u0435\u0444\u043e\u043d\u0456\u0432, \u043a\u0430\u0432\u043e\u0432\u0430\u0440\u043e\u043a \u0442\u0430 \u0456\u043d\u0448\u043e\u0457 \u0442\u0435\u0445\u043d\u0456\u043a\u0438","publisher":{"@id":"https:\/\/www.taisykla7.lt\/#organization"},"potentialAction":[{"@type":"SearchAction","target":{"@type":"EntryPoint","urlTemplate":"https:\/\/www.taisykla7.lt\/?s={search_term_string}"},"query-input":{"@type":"PropertyValueSpecification","valueRequired":true,"valueName":"search_term_string"}}],"inLanguage":"uk"},{"@type":"Organization","@id":"https:\/\/www.taisykla7.lt\/#organization","name":"Elektronikos remontas Vilniuje, Kaune, Klaip\u0117doje, \u0160iauliuose","url":"https:\/\/www.taisykla7.lt\/","logo":{"@type":"ImageObject","inLanguage":"uk","@id":"https:\/\/www.taisykla7.lt\/#\/schema\/logo\/image\/","url":"https:\/\/www.taisykla7.lt\/wp-content\/uploads\/2022\/04\/taisykla7_logo.jpg","contentUrl":"https:\/\/www.taisykla7.lt\/wp-content\/uploads\/2022\/04\/taisykla7_logo.jpg","width":400,"height":100,"caption":"Elektronikos remontas Vilniuje, Kaune, Klaip\u0117doje, \u0160iauliuose"},"image":{"@id":"https:\/\/www.taisykla7.lt\/#\/schema\/logo\/image\/"}}]}},"uagb_featured_image_src":{"full":false,"thumbnail":false,"medium":false,"medium_large":false,"large":false,"1536x1536":false,"2048x2048":false,"trp-custom-language-flag":false,"neve-blog":false},"uagb_author_info":{"display_name":"admin","author_link":"https:\/\/www.taisykla7.lt\/uk\/author\/admin\/"},"uagb_comment_info":0,"uagb_excerpt":"MINI navigacija Lietuva, Europa. Naujausi diskai, \u017eem\u0117lapiai. MINI navigacija Lietuva ir Europa (kodas mi1) MINI navigacija Lietuva ir Europa (kodas mi1) CD naujausi navigacijos diskai su \u017eem\u0117lapiais: CD1:Belgija, Olandija, LiuksemburgasCD2:Austrija, Lichten\u0161teinas, \u0160veicarija, p.Vokietija, \u0161.ItalijaCD3:Ryt\u0173 Europa 1: Estija, Latvija, Lietuva (detalus)CD4:Ryt\u0173 Europa 2: Bulgarija, \u010cekija, Kroatija, Lenkija, Rumunija, Slovakija, Slov\u0117nija, VengrijaCD5:Pranc\u016bzija \u0161iaurin\u0117CD6:Pranc\u016bzija pietin\u0117CD7:VokietijaCD8:Italija, San Marinas, Vatikanas,&hellip;&nbsp;\u0427\u0438\u0442\u0430\u0442\u0438&hellip;","_links":{"self":[{"href":"https:\/\/www.taisykla7.lt\/uk\/wp-json\/wp\/v2\/pages\/1245","targetHints":{"allow":["GET"]}}],"collection":[{"href":"https:\/\/www.taisykla7.lt\/uk\/wp-json\/wp\/v2\/pages"}],"about":[{"href":"https:\/\/www.taisykla7.lt\/uk\/wp-json\/wp\/v2\/types\/page"}],"author":[{"embeddable":true,"href":"https:\/\/www.taisykla7.lt\/uk\/wp-json\/wp\/v2\/users\/1"}],"replies":[{"embeddable":true,"href":"https:\/\/www.taisykla7.lt\/uk\/wp-json\/wp\/v2\/comments?post=1245"}],"version-history":[{"count":3,"href":"https:\/\/www.taisykla7.lt\/uk\/wp-json\/wp\/v2\/pages\/1245\/revisions"}],"predecessor-version":[{"id":1545,"href":"https:\/\/www.taisykla7.lt\/uk\/wp-json\/wp\/v2\/pages\/1245\/revisions\/1545"}],"wp:attachment":[{"href":"https:\/\/www.taisykla7.lt\/uk\/wp-json\/wp\/v2\/media?parent=1245"}],"curies":[{"name":"wp","href":"https:\/\/api.w.org\/{rel}","templated":true}]}}