{"id":398,"date":"2021-10-15T08:57:51","date_gmt":"2021-10-15T08:57:51","guid":{"rendered":"https:\/\/demosites.io\/neve-3\/?page_id=398"},"modified":"2025-03-09T23:00:00","modified_gmt":"2025-03-09T20:00:00","slug":"kontaktai","status":"publish","type":"page","link":"https:\/\/www.taisykla7.lt\/uk\/kontaktai\/","title":{"rendered":"\u041a\u043e\u043d\u0442\u0430\u043a\u0442\u0438"},"content":{"rendered":"<div class=\"wp-block-columns is-layout-flex wp-container-core-columns-is-layout-9d6595d7 wp-block-columns-is-layout-flex\">\n<div class=\"wp-block-column is-layout-flow wp-block-column-is-layout-flow\">\n<p>\u0412\u0438 \u043c\u043e\u0436\u0435\u0442\u0435 \u0437\u043d\u0430\u0439\u0442\u0438 \u0433\u0456\u043b\u043a\u0438 Taisykla7 \u0437\u0430 \u0430\u0434\u0440\u0435\u0441\u0430\u043c\u0438 <strong><a href=\"#Vilniuje\">\u0412\u0456\u043b\u044c\u043d\u044e\u0441<\/a>, <a href=\"#Kaune\">\u041a\u0430\u0443\u043d\u0430\u0441<\/a>, <a href=\"#Klaipedoje\">\u041a\u043b\u0430\u0439\u043f\u0435\u0434\u0430<\/a>, <a href=\"#Siauliuose\">\u0428\u044f\u0443\u043b\u044f\u0439<\/a><\/strong>.<br>Kontaktai reklamai (<strong>straipsniai su nuoroda<\/strong> <strong>\/ partneryst\u0117<\/strong>) <a href=\"mailto:reklama@taisykla7.lt\">reklama@taisykla7.lt<\/a><\/p>\n\n\n\n<div class=\"wp-block-columns is-layout-flex wp-container-core-columns-is-layout-9d6595d7 wp-block-columns-is-layout-flex\">\n<div class=\"wp-block-column is-layout-flow wp-block-column-is-layout-flow\">\n<a id=\"Vilniuje\"><\/a><h2>Vilnius (\u017dirm\u016bnai)<\/h2>\n\n\n\n<p>Kareivi\u0173 g. 11A, \u043c\u0430\u0433\u0430\u0437\u0438\u043d RIMI - \u0432\u0438\u0432\u0456\u0441\u043a\u0430 ELMEISTRAI, LT09109<br>\u041f\u041d-\u0412\u0421 09.00-18.00<br><a href=\"\/uk\/\u0442\u0435\u043b:+37065577057\/\">Tel. +370 (655) 77057<\/a><br>D\u0117l autonavigacij\u0173 +370 (617) 77751<br><a href=\"mailto:vilnius@taisykla7.lt\">vilnius@taisykla7.lt<\/a><\/p>\n\n\n\n<p><\/p>\n<\/div>\n\n\n\n<div class=\"wp-block-column is-layout-flow wp-block-column-is-layout-flow\">\n<figure class=\"wp-block-image size-full\"><img loading=\"lazy\" decoding=\"async\" width=\"448\" height=\"336\" src=\"https:\/\/www.taisykla7.lt\/wp-content\/uploads\/2022\/04\/taisykla7-vilnius.jpg\" alt=\"taisykla7 vilnius\" class=\"wp-image-599\" srcset=\"https:\/\/www.taisykla7.lt\/wp-content\/uploads\/2022\/04\/taisykla7-vilnius.jpg 448w, https:\/\/www.taisykla7.lt\/wp-content\/uploads\/2022\/04\/taisykla7-vilnius-300x225.jpg 300w\" sizes=\"auto, (max-width: 448px) 100vw, 448px\" \/><\/figure>\n<\/div>\n<\/div>\n\n\n\n<div class=\"wp-block-columns is-layout-flex wp-container-core-columns-is-layout-9d6595d7 wp-block-columns-is-layout-flex\">\n<div class=\"wp-block-column is-layout-flow wp-block-column-is-layout-flow\">\n<a id=\"Kaune\"><\/a><h2>\u041a\u0430\u0443\u043d\u0430\u0441 (\u0416\u044f\u043b\u044f\u043a\u0430\u043b\u043d\u0456\u0441)<\/h2>\n\n\n\n<p>Savanori\u0173 pr. 155, LT50174<br>\u041f\u041d-\u0412\u0421 09.00-18.00<br><a href=\"\/uk\/\u0442\u0435\u043b:+37063969600\/\">Tel. +370 (639) 69600<\/a><br>D\u0117l autonavigacij\u0173 +370 (617) 77751<br><a href=\"mailto:kaunas@taisykla7.lt\">kaunas@taisykla7.lt<\/a><\/p>\n\n\n\n<p><em>Mes esame &#8220;Zanavyk\u0173&#8221; turgaus pus\u0117je \u0161alia picerijos &#8220;Bzz&#8221; ir &#8220;Gro\u017eio galerijos&#8221;. Orientyras &#8211; ma\u017edaug kitoje gatv\u0117s pus\u0117je yra buv\u0119s klubas &#8220;Los patrankos&#8221; ar dar seniau buv\u0119s kinoteatras &#8220;Pasaka&#8221;. M\u016bs\u0173 pastate yra buv\u0119s pa\u0161tas.<\/em><\/p>\n<\/div>\n\n\n\n<div class=\"wp-block-column is-layout-flow wp-block-column-is-layout-flow\">\n<figure class=\"wp-block-image size-full\"><img loading=\"lazy\" decoding=\"async\" width=\"448\" height=\"336\" src=\"https:\/\/www.taisykla7.lt\/wp-content\/uploads\/2022\/04\/taisykla7-kaunas.jpg\" alt=\"taisykla7 kaunas\" class=\"wp-image-601\" srcset=\"https:\/\/www.taisykla7.lt\/wp-content\/uploads\/2022\/04\/taisykla7-kaunas.jpg 448w, https:\/\/www.taisykla7.lt\/wp-content\/uploads\/2022\/04\/taisykla7-kaunas-300x225.jpg 300w\" sizes=\"auto, (max-width: 448px) 100vw, 448px\" \/><\/figure>\n<\/div>\n<\/div>\n<\/div>\n<\/div>\n\n\n\n<div class=\"wp-block-columns is-layout-flex wp-container-core-columns-is-layout-9d6595d7 wp-block-columns-is-layout-flex\">\n<div class=\"wp-block-column is-layout-flow wp-block-column-is-layout-flow\">\n<a id=\"Klaipedoje\"><\/a><h2>\u041a\u043b\u0430\u0439\u043f\u0435\u0434\u0430<\/h2>\n\n\n\n<p>Sausio 15-osios g. 13, LT91136<br>\u041f\u041d-\u0412\u0421 09.00-18.00<br><a href=\"\/uk\/\u0442\u0435\u043b:+37064707741\/\">Tel. +370 (647) 07741<\/a><br>D\u0117l autonavigacij\u0173 +370 (617) 77751<br><a href=\"mailto:klaipeda@taisykla7.lt\">klaipeda@taisykla7.lt<\/a><\/p>\n\n\n\n<p><em>Sustokite &#8220;Avitelos&#8221; aik\u0161tel\u0117je i\u0161 Sausios 15-osios g. pus\u0117s ir mus rasite penkiaauk\u0161\u010dio pirmame auk\u0161te (m\u016bs\u0173 namas remiasi \u012f &#8220;Avitel\u0105&#8221;). \u012e\u0117jimas i\u0161 kiemo pus\u0117s. Pamatysite ant sienos rakto formos reklam\u0105 &#8220;Taisykla7&#8221;.<\/em><\/p>\n<\/div>\n\n\n\n<div class=\"wp-block-column is-layout-flow wp-block-column-is-layout-flow\">\n<figure class=\"wp-block-image size-full\"><img loading=\"lazy\" decoding=\"async\" width=\"448\" height=\"336\" src=\"https:\/\/www.taisykla7.lt\/wp-content\/uploads\/2022\/04\/taisykla7-klaipeda.jpg\" alt=\"taisykla7 klaip\u0117da\" class=\"wp-image-602\" srcset=\"https:\/\/www.taisykla7.lt\/wp-content\/uploads\/2022\/04\/taisykla7-klaipeda.jpg 448w, https:\/\/www.taisykla7.lt\/wp-content\/uploads\/2022\/04\/taisykla7-klaipeda-300x225.jpg 300w\" sizes=\"auto, (max-width: 448px) 100vw, 448px\" \/><\/figure>\n<\/div>\n<\/div>\n\n\n\n<div class=\"wp-block-columns is-layout-flex wp-container-core-columns-is-layout-9d6595d7 wp-block-columns-is-layout-flex\">\n<div class=\"wp-block-column is-layout-flow wp-block-column-is-layout-flow\">\n<a id=\"Siauliuose\"><\/a><h2>\u0428\u044f\u0443\u043b\u044f\u0439 (PC Arena)<\/h2>\n\n\n\n<p>Gegu\u017ei\u0173 g. 30, LT78346<br>\u041f\u041d-\u0412\u0421 09.00-18.00<br><a href=\"\/uk\/\u0442\u0435\u043b:+37068229052\/\">Tel. +370 (682) 29052<\/a><br>D\u0117l autonavigacij\u0173 +370 (617) 77751<br><a href=\"mailto:siauliai@taisykla7.lt\">siauliai@taisykla7.lt<\/a><\/p>\n\n\n\n<p>\u0417\u0443\u043f\u0438\u043d\u043a\u0430 \u043d\u0430 \u043f\u0430\u0440\u043a\u043e\u0432\u0446\u0456 \u0441\u0443\u043f\u0435\u0440\u043c\u0430\u0440\u043a\u0435\u0442\u0443. \u0412\u0445\u0456\u0434 \u0431\u043b\u0438\u0436\u0447\u0435 \u0437 \u0431\u043e\u043a\u0443 \u0410\u043a\u0440\u043e\u043f\u043e\u043b\u044f. <em>\u0412\u0438 \u0437\u043d\u0430\u0439\u0434\u0435\u0442\u0435 \u043d\u0430\u0441 \u0431\u0456\u043b\u044f KIKA \/ JYSK.<\/em><\/p>\n<\/div>\n\n\n\n<div class=\"wp-block-column is-layout-flow wp-block-column-is-layout-flow\">\n<figure class=\"wp-block-image size-full\"><img loading=\"lazy\" decoding=\"async\" width=\"448\" height=\"336\" src=\"https:\/\/www.taisykla7.lt\/wp-content\/uploads\/2022\/04\/taisykla7-siauliai.jpg\" alt=\"taisykla7 \u0161iauliai\" class=\"wp-image-604\" srcset=\"https:\/\/www.taisykla7.lt\/wp-content\/uploads\/2022\/04\/taisykla7-siauliai.jpg 448w, https:\/\/www.taisykla7.lt\/wp-content\/uploads\/2022\/04\/taisykla7-siauliai-300x225.jpg 300w\" sizes=\"auto, (max-width: 448px) 100vw, 448px\" \/><\/figure>\n<\/div>\n<\/div>\n\n\n\n<p><\/p>","protected":false},"excerpt":{"rendered":"<p>Taisykla7 filialus rasite Vilniuje, Kaune, Klaip\u0117doje, \u0160iauliuose.Kontaktai reklamai (straipsniai su nuoroda \/ partneryst\u0117) reklama@taisykla7.lt Vilnius (\u017dirm\u016bnai) Kareivi\u0173 g. 11A, RIMI parduotuv\u0117 &#8211; i\u0161kaba ELMEISTRAI, LT09109I-V 09.00-18.00 val.Tel. +370 (655) 77057D\u0117l autonavigacij\u0173 +370 (617) 77751vilnius@taisykla7.lt Kaunas (\u017daliakalnis) Savanori\u0173 pr. 155, LT50174I-V 09.00-18.00 val.Tel. +370 (639) 69600D\u0117l autonavigacij\u0173 +370 (617) 77751kaunas@taisykla7.lt Mes esame &#8220;Zanavyk\u0173&#8221; turgaus pus\u0117je \u0161alia&hellip;&nbsp;<a href=\"https:\/\/www.taisykla7.lt\/uk\/kontaktai\/\" rel=\"bookmark\">\u0427\u0438\u0442\u0430\u0442\u0438 \u0434\u0430\u043b\u0456 \"<span class=\"screen-reader-text\">\u041a\u043e\u043d\u0442\u0430\u043a\u0442\u0438<\/span><\/a><\/p>","protected":false},"author":1,"featured_media":0,"parent":0,"menu_order":0,"comment_status":"closed","ping_status":"closed","template":"","meta":{"_uag_custom_page_level_css":"","neve_meta_sidebar":"","neve_meta_container":"contained","neve_meta_enable_content_width":"off","neve_meta_content_width":100,"neve_meta_title_alignment":"left","neve_meta_author_avatar":"","neve_post_elements_order":"","neve_meta_disable_header":"","neve_meta_disable_footer":"","neve_meta_disable_title":"off","footnotes":""},"class_list":["post-398","page","type-page","status-publish","hentry"],"yoast_head":"<!-- This site is optimized with the Yoast SEO plugin v27.4 - https:\/\/yoast.com\/product\/yoast-seo-wordpress\/ -->\n<title>Kontaktai Elektronikos remontas Vilniuje, Kaune, Klaip\u0117doje, \u0160iauliuose<\/title>\n<meta name=\"description\" content=\"Taisykla7 filialus rasite Vilniuje 8 (655) 77057, Kaune 8 (639) 69600, Klaip\u0117doje 8 (647) 07741, \u0160iauliuose 8 (682) 29052\" \/>\n<meta name=\"robots\" content=\"index, follow, max-snippet:-1, max-image-preview:large, max-video-preview:-1\" \/>\n<link rel=\"canonical\" href=\"https:\/\/www.taisykla7.lt\/uk\/kontaktai\/\" \/>\n<meta property=\"og:locale\" content=\"uk_UA\" \/>\n<meta property=\"og:type\" content=\"article\" \/>\n<meta property=\"og:title\" content=\"Kontaktai Elektronikos remontas Vilniuje, Kaune, Klaip\u0117doje, \u0160iauliuose\" \/>\n<meta property=\"og:description\" content=\"Taisykla7 filialus rasite Vilniuje 8 (655) 77057, Kaune 8 (639) 69600, Klaip\u0117doje 8 (647) 07741, \u0160iauliuose 8 (682) 29052\" \/>\n<meta property=\"og:url\" content=\"https:\/\/www.taisykla7.lt\/uk\/kontaktai\/\" \/>\n<meta property=\"og:site_name\" content=\"Elektronikos remontas Vilniuje, Kaune, Klaip\u0117doje, \u0160iauliuose\" \/>\n<meta property=\"article:modified_time\" content=\"2025-03-09T20:00:00+00:00\" \/>\n<meta property=\"og:image\" content=\"https:\/\/www.taisykla7.lt\/wp-content\/uploads\/2022\/04\/taisykla7-vilnius.jpg\" \/>\n\t<meta property=\"og:image:width\" content=\"448\" \/>\n\t<meta property=\"og:image:height\" content=\"336\" \/>\n\t<meta property=\"og:image:type\" content=\"image\/jpeg\" \/>\n<meta name=\"twitter:card\" content=\"summary_large_image\" \/>\n<meta name=\"twitter:label1\" content=\"\u041f\u0440\u0438\u0431\u043b. \u0447\u0430\u0441 \u0447\u0438\u0442\u0430\u043d\u043d\u044f\" \/>\n\t<meta name=\"twitter:data1\" content=\"2 \u0445\u0432\u0438\u043b\u0438\u043d\u0438\" \/>\n<script type=\"application\/ld+json\" class=\"yoast-schema-graph\">{\"@context\":\"https:\\\/\\\/schema.org\",\"@graph\":[{\"@type\":\"WebPage\",\"@id\":\"https:\\\/\\\/www.taisykla7.lt\\\/kontaktai\\\/\",\"url\":\"https:\\\/\\\/www.taisykla7.lt\\\/kontaktai\\\/\",\"name\":\"Kontaktai Elektronikos remontas Vilniuje, Kaune, Klaip\u0117doje, \u0160iauliuose\",\"isPartOf\":{\"@id\":\"https:\\\/\\\/www.taisykla7.lt\\\/#website\"},\"primaryImageOfPage\":{\"@id\":\"https:\\\/\\\/www.taisykla7.lt\\\/kontaktai\\\/#primaryimage\"},\"image\":{\"@id\":\"https:\\\/\\\/www.taisykla7.lt\\\/kontaktai\\\/#primaryimage\"},\"thumbnailUrl\":\"https:\\\/\\\/www.taisykla7.lt\\\/wp-content\\\/uploads\\\/2022\\\/04\\\/taisykla7-vilnius.jpg\",\"datePublished\":\"2021-10-15T08:57:51+00:00\",\"dateModified\":\"2025-03-09T20:00:00+00:00\",\"description\":\"Taisykla7 filialus rasite Vilniuje 8 (655) 77057, Kaune 8 (639) 69600, Klaip\u0117doje 8 (647) 07741, \u0160iauliuose 8 (682) 29052\",\"breadcrumb\":{\"@id\":\"https:\\\/\\\/www.taisykla7.lt\\\/kontaktai\\\/#breadcrumb\"},\"inLanguage\":\"uk\",\"potentialAction\":[{\"@type\":\"ReadAction\",\"target\":[\"https:\\\/\\\/www.taisykla7.lt\\\/kontaktai\\\/\"]}]},{\"@type\":\"ImageObject\",\"inLanguage\":\"uk\",\"@id\":\"https:\\\/\\\/www.taisykla7.lt\\\/kontaktai\\\/#primaryimage\",\"url\":\"https:\\\/\\\/www.taisykla7.lt\\\/wp-content\\\/uploads\\\/2022\\\/04\\\/taisykla7-vilnius.jpg\",\"contentUrl\":\"https:\\\/\\\/www.taisykla7.lt\\\/wp-content\\\/uploads\\\/2022\\\/04\\\/taisykla7-vilnius.jpg\"},{\"@type\":\"BreadcrumbList\",\"@id\":\"https:\\\/\\\/www.taisykla7.lt\\\/kontaktai\\\/#breadcrumb\",\"itemListElement\":[{\"@type\":\"ListItem\",\"position\":1,\"name\":\"Pagrindinis\",\"item\":\"https:\\\/\\\/www.taisykla7.lt\\\/\"},{\"@type\":\"ListItem\",\"position\":2,\"name\":\"Kontaktai\"}]},{\"@type\":\"WebSite\",\"@id\":\"https:\\\/\\\/www.taisykla7.lt\\\/#website\",\"url\":\"https:\\\/\\\/www.taisykla7.lt\\\/\",\"name\":\"Elektronikos remontas Vilniuje, Kaune, Klaip\u0117doje, \u0160iauliuose\",\"description\":\"Televizori\u0173, paspirtuk\u0173, kompiuteri\u0173, telefon\u0173, kavos aparat\u0173 ir kitos technikos remontas \\\/ taisykla\",\"publisher\":{\"@id\":\"https:\\\/\\\/www.taisykla7.lt\\\/#organization\"},\"potentialAction\":[{\"@type\":\"SearchAction\",\"target\":{\"@type\":\"EntryPoint\",\"urlTemplate\":\"https:\\\/\\\/www.taisykla7.lt\\\/?s={search_term_string}\"},\"query-input\":{\"@type\":\"PropertyValueSpecification\",\"valueRequired\":true,\"valueName\":\"search_term_string\"}}],\"inLanguage\":\"uk\"},{\"@type\":\"Organization\",\"@id\":\"https:\\\/\\\/www.taisykla7.lt\\\/#organization\",\"name\":\"Elektronikos remontas Vilniuje, Kaune, Klaip\u0117doje, \u0160iauliuose\",\"url\":\"https:\\\/\\\/www.taisykla7.lt\\\/\",\"logo\":{\"@type\":\"ImageObject\",\"inLanguage\":\"uk\",\"@id\":\"https:\\\/\\\/www.taisykla7.lt\\\/#\\\/schema\\\/logo\\\/image\\\/\",\"url\":\"https:\\\/\\\/www.taisykla7.lt\\\/wp-content\\\/uploads\\\/2022\\\/04\\\/taisykla7_logo.jpg\",\"contentUrl\":\"https:\\\/\\\/www.taisykla7.lt\\\/wp-content\\\/uploads\\\/2022\\\/04\\\/taisykla7_logo.jpg\",\"width\":400,\"height\":100,\"caption\":\"Elektronikos remontas Vilniuje, Kaune, Klaip\u0117doje, \u0160iauliuose\"},\"image\":{\"@id\":\"https:\\\/\\\/www.taisykla7.lt\\\/#\\\/schema\\\/logo\\\/image\\\/\"}}]}<\/script>\n<!-- \/ Yoast SEO plugin. -->","yoast_head_json":{"title":"Kontaktai Elektronikos remontas Vilniuje, Kaune, Klaip\u0117doje, \u0160iauliuose","description":"\u0412\u0456\u0434\u0434\u0456\u043b\u0435\u043d\u043d\u044f Taisykla7 \u043c\u043e\u0436\u043d\u0430 \u0437\u043d\u0430\u0439\u0442\u0438 \u0443 \u0412\u0456\u043b\u044c\u043d\u044e\u0441\u0456 8 (655) 77057, \u041a\u0430\u0443\u043d\u0430\u0441\u0456 8 (639) 69600, \u041a\u043b\u0430\u0439\u043f\u0435\u0434\u0456 8 (647) 07741, \u0428\u044f\u0443\u043b\u044f\u0457 8 (682) 29052","robots":{"index":"index","follow":"follow","max-snippet":"max-snippet:-1","max-image-preview":"max-image-preview:large","max-video-preview":"max-video-preview:-1"},"canonical":"https:\/\/www.taisykla7.lt\/uk\/kontaktai\/","og_locale":"uk_UA","og_type":"article","og_title":"Kontaktai Elektronikos remontas Vilniuje, Kaune, Klaip\u0117doje, \u0160iauliuose","og_description":"Taisykla7 filialus rasite Vilniuje 8 (655) 77057, Kaune 8 (639) 69600, Klaip\u0117doje 8 (647) 07741, \u0160iauliuose 8 (682) 29052","og_url":"https:\/\/www.taisykla7.lt\/uk\/kontaktai\/","og_site_name":"Elektronikos remontas Vilniuje, Kaune, Klaip\u0117doje, \u0160iauliuose","article_modified_time":"2025-03-09T20:00:00+00:00","og_image":[{"width":448,"height":336,"url":"https:\/\/www.taisykla7.lt\/wp-content\/uploads\/2022\/04\/taisykla7-vilnius.jpg","type":"image\/jpeg"}],"twitter_card":"summary_large_image","twitter_misc":{"\u041f\u0440\u0438\u0431\u043b. \u0447\u0430\u0441 \u0447\u0438\u0442\u0430\u043d\u043d\u044f":"2 \u0445\u0432\u0438\u043b\u0438\u043d\u0438"},"schema":{"@context":"https:\/\/schema.org","@graph":[{"@type":"WebPage","@id":"https:\/\/www.taisykla7.lt\/kontaktai\/","url":"https:\/\/www.taisykla7.lt\/kontaktai\/","name":"Kontaktai Elektronikos remontas Vilniuje, Kaune, Klaip\u0117doje, \u0160iauliuose","isPartOf":{"@id":"https:\/\/www.taisykla7.lt\/#website"},"primaryImageOfPage":{"@id":"https:\/\/www.taisykla7.lt\/kontaktai\/#primaryimage"},"image":{"@id":"https:\/\/www.taisykla7.lt\/kontaktai\/#primaryimage"},"thumbnailUrl":"https:\/\/www.taisykla7.lt\/wp-content\/uploads\/2022\/04\/taisykla7-vilnius.jpg","datePublished":"2021-10-15T08:57:51+00:00","dateModified":"2025-03-09T20:00:00+00:00","description":"\u0412\u0456\u0434\u0434\u0456\u043b\u0435\u043d\u043d\u044f Taisykla7 \u043c\u043e\u0436\u043d\u0430 \u0437\u043d\u0430\u0439\u0442\u0438 \u0443 \u0412\u0456\u043b\u044c\u043d\u044e\u0441\u0456 8 (655) 77057, \u041a\u0430\u0443\u043d\u0430\u0441\u0456 8 (639) 69600, \u041a\u043b\u0430\u0439\u043f\u0435\u0434\u0456 8 (647) 07741, \u0428\u044f\u0443\u043b\u044f\u0457 8 (682) 29052","breadcrumb":{"@id":"https:\/\/www.taisykla7.lt\/kontaktai\/#breadcrumb"},"inLanguage":"uk","potentialAction":[{"@type":"ReadAction","target":["https:\/\/www.taisykla7.lt\/kontaktai\/"]}]},{"@type":"ImageObject","inLanguage":"uk","@id":"https:\/\/www.taisykla7.lt\/kontaktai\/#primaryimage","url":"https:\/\/www.taisykla7.lt\/wp-content\/uploads\/2022\/04\/taisykla7-vilnius.jpg","contentUrl":"https:\/\/www.taisykla7.lt\/wp-content\/uploads\/2022\/04\/taisykla7-vilnius.jpg"},{"@type":"BreadcrumbList","@id":"https:\/\/www.taisykla7.lt\/kontaktai\/#breadcrumb","itemListElement":[{"@type":"ListItem","position":1,"name":"Pagrindinis","item":"https:\/\/www.taisykla7.lt\/"},{"@type":"ListItem","position":2,"name":"Kontaktai"}]},{"@type":"WebSite","@id":"https:\/\/www.taisykla7.lt\/#website","url":"https:\/\/www.taisykla7.lt\/","name":"Elektronikos remontas Vilniuje, Kaune, Klaip\u0117doje, \u0160iauliuose","description":"\u0420\u0435\u043c\u043e\u043d\u0442\/\u0432\u0456\u0434\u043d\u043e\u0432\u043b\u0435\u043d\u043d\u044f \u0442\u0435\u043b\u0435\u0432\u0456\u0437\u043e\u0440\u0456\u0432, \u0441\u043a\u0443\u0442\u0435\u0440\u0456\u0432, \u043a\u043e\u043c\u043f'\u044e\u0442\u0435\u0440\u0456\u0432, \u0442\u0435\u043b\u0435\u0444\u043e\u043d\u0456\u0432, \u043a\u0430\u0432\u043e\u0432\u0430\u0440\u043e\u043a \u0442\u0430 \u0456\u043d\u0448\u043e\u0457 \u0442\u0435\u0445\u043d\u0456\u043a\u0438","publisher":{"@id":"https:\/\/www.taisykla7.lt\/#organization"},"potentialAction":[{"@type":"SearchAction","target":{"@type":"EntryPoint","urlTemplate":"https:\/\/www.taisykla7.lt\/?s={search_term_string}"},"query-input":{"@type":"PropertyValueSpecification","valueRequired":true,"valueName":"search_term_string"}}],"inLanguage":"uk"},{"@type":"Organization","@id":"https:\/\/www.taisykla7.lt\/#organization","name":"Elektronikos remontas Vilniuje, Kaune, Klaip\u0117doje, \u0160iauliuose","url":"https:\/\/www.taisykla7.lt\/","logo":{"@type":"ImageObject","inLanguage":"uk","@id":"https:\/\/www.taisykla7.lt\/#\/schema\/logo\/image\/","url":"https:\/\/www.taisykla7.lt\/wp-content\/uploads\/2022\/04\/taisykla7_logo.jpg","contentUrl":"https:\/\/www.taisykla7.lt\/wp-content\/uploads\/2022\/04\/taisykla7_logo.jpg","width":400,"height":100,"caption":"Elektronikos remontas Vilniuje, Kaune, Klaip\u0117doje, \u0160iauliuose"},"image":{"@id":"https:\/\/www.taisykla7.lt\/#\/schema\/logo\/image\/"}}]}},"uagb_featured_image_src":{"full":false,"thumbnail":false,"medium":false,"medium_large":false,"large":false,"1536x1536":false,"2048x2048":false,"trp-custom-language-flag":false,"neve-blog":false},"uagb_author_info":{"display_name":"admin","author_link":"https:\/\/www.taisykla7.lt\/uk\/author\/admin\/"},"uagb_comment_info":0,"uagb_excerpt":"Taisykla7 filialus rasite Vilniuje, Kaune, Klaip\u0117doje, \u0160iauliuose.Kontaktai reklamai (straipsniai su nuoroda \/ partneryst\u0117) reklama@taisykla7.lt Vilnius (\u017dirm\u016bnai) Kareivi\u0173 g. 11A, RIMI parduotuv\u0117 &#8211; i\u0161kaba ELMEISTRAI, LT09109I-V 09.00-18.00 val.Tel. +370 (655) 77057D\u0117l autonavigacij\u0173 +370 (617) 77751vilnius@taisykla7.lt Kaunas (\u017daliakalnis) Savanori\u0173 pr. 155, LT50174I-V 09.00-18.00 val.Tel. +370 (639) 69600D\u0117l autonavigacij\u0173 +370 (617) 77751kaunas@taisykla7.lt Mes esame &#8220;Zanavyk\u0173&#8221; turgaus pus\u0117je \u0161alia&hellip;&nbsp;\u0427\u0438\u0442\u0430\u0442\u0438&hellip;","_links":{"self":[{"href":"https:\/\/www.taisykla7.lt\/uk\/wp-json\/wp\/v2\/pages\/398","targetHints":{"allow":["GET"]}}],"collection":[{"href":"https:\/\/www.taisykla7.lt\/uk\/wp-json\/wp\/v2\/pages"}],"about":[{"href":"https:\/\/www.taisykla7.lt\/uk\/wp-json\/wp\/v2\/types\/page"}],"author":[{"embeddable":true,"href":"https:\/\/www.taisykla7.lt\/uk\/wp-json\/wp\/v2\/users\/1"}],"replies":[{"embeddable":true,"href":"https:\/\/www.taisykla7.lt\/uk\/wp-json\/wp\/v2\/comments?post=398"}],"version-history":[{"count":38,"href":"https:\/\/www.taisykla7.lt\/uk\/wp-json\/wp\/v2\/pages\/398\/revisions"}],"predecessor-version":[{"id":5873,"href":"https:\/\/www.taisykla7.lt\/uk\/wp-json\/wp\/v2\/pages\/398\/revisions\/5873"}],"wp:attachment":[{"href":"https:\/\/www.taisykla7.lt\/uk\/wp-json\/wp\/v2\/media?parent=398"}],"curies":[{"name":"wp","href":"https:\/\/api.w.org\/{rel}","templated":true}]}}