{"id":516,"date":"2022-04-18T17:52:58","date_gmt":"2022-04-18T15:52:58","guid":{"rendered":"https:\/\/www.taisykla7.lt\/?page_id=516"},"modified":"2022-12-21T14:27:38","modified_gmt":"2022-12-21T11:27:38","slug":"vaizdo-ploksciu-remontas","status":"publish","type":"page","link":"https:\/\/www.taisykla7.lt\/uk\/vaizdo-ploksciu-remontas\/","title":{"rendered":"\u0420\u0435\u043c\u043e\u043d\u0442 \u0432\u0456\u0434\u0435\u043e\u043f\u0430\u043d\u0435\u043b\u0435\u0439"},"content":{"rendered":"<ul class=\"wp-block-list\">\n<li><strong>\u0412\u0456\u043b\u044c\u043d\u044e\u0441<\/strong> - Kareivi\u0173 g. 11A \"RIMI\" <a href=\"\/uk\/\u0442\u0435\u043b:+37065577057\/\">+370-655-77057<\/a><\/li>\n\n\n\n<li><strong>\u041a\u0430\u0443\u043d\u0430\u0441<\/strong> - 155 Savanori\u0173 Ave. <a href=\"\/uk\/\u0442\u0435\u043b:+37063969600\/\">+370-639-69600<\/a><\/li>\n\n\n\n<li><strong>\u041a\u043b\u0430\u0439\u043f\u0435\u0434\u0430<\/strong> - Sausio 15-osios \u0432\u0443\u043b. 13 <a href=\"\/uk\/\u0442\u0435\u043b:+37064707741\/\">+370-647-07741<\/a><\/li>\n\n\n\n<li><strong>\u0428\u044f\u0443\u043b\u044f\u0439<\/strong> - Gegu\u017ei\u0173 g. 30 \"Arena\" <a href=\"\/uk\/\u0442\u0435\u043b:+37068229052\/\">+370-682-29052<\/a><\/li>\n<\/ul>\n\n\n\n<p>\u041f\u0440\u043e\u0444\u0435\u0441\u0456\u0439\u043d\u0435 \u043e\u0431\u0441\u043b\u0443\u0433\u043e\u0432\u0443\u0432\u0430\u043d\u043d\u044f \u0432\u0441\u0456\u0445 \u0442\u0438\u043f\u0456\u0432 \u0441\u0442\u0430\u0446\u0456\u043e\u043d\u0430\u0440\u043d\u0438\u0445 \u0456 \u043f\u043e\u0440\u0442\u0430\u0442\u0438\u0432\u043d\u0438\u0445 \u043f\u0440\u0438\u0441\u0442\u0440\u043e\u0457\u0432 <strong>\u0440\u0435\u043c\u043e\u043d\u0442 \u043a\u043e\u043c\u043f'\u044e\u0442\u0435\u0440\u043d\u0438\u0445 \u0432\u0456\u0434\u0435\u043e\u043a\u0430\u0440\u0442 (\u0440\u0435\u043c\u043e\u043d\u0442 VGA \/ BGA)<\/strong>. \u0414\u043b\u044f \u0440\u0435\u043c\u043e\u043d\u0442\u0443 \u043c\u0438 \u0432\u0438\u043a\u043e\u0440\u0438\u0441\u0442\u043e\u0432\u0443\u0454\u043c\u043e \u0441\u0435\u0440\u0442\u0438\u0444\u0456\u043a\u043e\u0432\u0430\u043d\u0435 \u0441\u0443\u0447\u0430\u0441\u043d\u0435 \u043e\u0431\u043b\u0430\u0434\u043d\u0430\u043d\u043d\u044f, \u0442\u043e\u043c\u0443 \u043c\u043e\u0436\u0435\u043c\u043e \u0432\u0438\u043a\u043e\u043d\u0430\u0442\u0438 \u0440\u0435\u043c\u043e\u043d\u0442 \u0431\u0443\u0434\u044c-\u044f\u043a\u043e\u0457 \u0441\u043a\u043b\u0430\u0434\u043d\u043e\u0441\u0442\u0456.<\/p>\n\n\n\n<ul class=\"wp-block-list\">\n<li><strong>\u041f\u0435\u0440\u0435\u043f\u0440\u043e\u0433\u0440\u0430\u043c\u0443\u0432\u0430\u043d\u043d\u044f \u0432\u0456\u0434\u0435\u043e\u043f\u0430\u043c'\u044f\u0442\u0456<\/strong><\/li>\n\n\n\n<li><strong>\u041f\u0435\u0440\u0435\u043f\u043b\u0430\u0432\u043b\u0435\u043d\u043d\u044f \u043c\u0456\u043a\u0440\u043e\u0441\u0445\u0435\u043c BGA<\/strong><\/li>\n\n\n\n<li><strong>\u041f\u0435\u0440\u0435\u043f\u0440\u043e\u0433\u0440\u0430\u043c\u0443\u0432\u0430\u043d\u043d\u044f EC\/KBC, BIOS, EEPROM \u0442\u0430 \u0456\u043d\u0448\u0438\u0445 \u043a\u043e\u043d\u0442\u0440\u043e\u043b\u0435\u0440\u0456\u0432<\/strong><\/li>\n\n\n\n<li><strong>\u0420\u0435\u043c\u043e\u043d\u0442 \u043b\u0430\u043d\u0446\u044e\u0433\u0456\u0432<\/strong><\/li>\n\n\n\n<li><strong>\u0417\u0430\u043c\u0456\u043d\u0430 \u0437\u043b\u0430\u043c\u0430\u043d\u0438\u0445 \u043a\u043e\u043c\u043f\u043e\u043d\u0435\u043d\u0442\u0456\u0432<\/strong><\/li>\n<\/ul>\n\n\n\n<p>\u041c\u0438 \u043f\u0440\u0430\u0446\u044e\u0454\u043c\u043e \u043f\u0440\u0430\u043a\u0442\u0438\u0447\u043d\u043e \u0437 \u0443\u0441\u0456\u043c\u0430 \u0432\u0438\u0440\u043e\u0431\u043d\u0438\u043a\u0430\u043c\u0438 <strong>Gigabyte, Asus, MSI, Dell, HP, KFA2, Lenovo, TUL, Zotac. \u0427\u0456\u043f\u0441\u0435\u0442\u0438 nVidia GeForce, Intel, AMD<\/strong> \u0442\u0430 \u0456\u043d\u0448\u0456.<\/p>\n\n\n\n<p>\u041f\u0435\u0440\u0448\u0438\u043c \u043a\u0440\u043e\u043a\u043e\u043c \u043f\u0435\u0440\u0435\u0434 \u0440\u0435\u043c\u043e\u043d\u0442\u043e\u043c \u0454 \u0434\u0456\u0430\u0433\u043d\u043e\u0441\u0442\u0438\u043a\u0430. \u0417\u0430 \u0434\u0456\u0430\u0433\u043d\u043e\u0441\u0442\u0438\u043a\u0443 \u0432\u0456\u0434\u0435\u043e\u043a\u0430\u0440\u0442 \u0441\u0442\u044f\u0433\u0443\u0454\u0442\u044c\u0441\u044f \u043d\u0435\u0432\u0435\u043b\u0438\u043a\u0430 \u043f\u043b\u0430\u0442\u0430, \u044f\u043a\u0430 \u043e\u0431\u0433\u043e\u0432\u043e\u0440\u044e\u0454\u0442\u044c\u0441\u044f \u0437 \u043c\u0430\u0439\u0441\u0442\u0440\u043e\u043c.<\/p>\n\n\n\n<figure class=\"wp-block-image size-full\"><img loading=\"lazy\" decoding=\"async\" width=\"600\" height=\"287\" src=\"https:\/\/www.taisykla7.lt\/wp-content\/uploads\/2022\/09\/vaizdo_plokste_600.jpg\" alt=\"vaizdo plok\u0161t\u0117 remontui\" class=\"wp-image-1733\" srcset=\"https:\/\/www.taisykla7.lt\/wp-content\/uploads\/2022\/09\/vaizdo_plokste_600.jpg 600w, https:\/\/www.taisykla7.lt\/wp-content\/uploads\/2022\/09\/vaizdo_plokste_600-300x144.jpg 300w\" sizes=\"auto, (max-width: 600px) 100vw, 600px\" \/><\/figure>\n\n\n\n<h2 class=\"wp-block-heading\">\u041f\u0440\u0430\u0439\u0441-\u043b\u0438\u0441\u0442 - \u0420\u0435\u043c\u043e\u043d\u0442 \u0432\u0456\u0434\u0435\u043e\u043f\u043b\u0430\u0442<\/h2>\n\n\n\n<figure class=\"wp-block-table\"><table><tbody><tr><th>\u0421\u0435\u0440\u0432\u0456\u0441<\/th><th>\u0426\u0456\u043d\u0430<\/th><th>\u0413\u0430\u0440\u0430\u043d\u0442\u0456\u044f<\/th><\/tr><tr><td>\u0412\u0438\u044f\u0432\u043b\u0435\u043d\u043d\u044f \u043d\u0435\u0441\u043f\u0440\u0430\u0432\u043d\u043e\u0441\u0442\u0435\u0439 \u0432\u0456\u0434\u0435\u043e\u043a\u0430\u0440\u0442\u0438 (\u0434\u0456\u0430\u0433\u043d\u043e\u0441\u0442\u0438\u043a\u0430)<\/td><td>20 \u20ac<\/td><td>&#8211;<\/td><\/tr><tr><td>\u041c\u0435\u0445\u0430\u043d\u0456\u0447\u043d\u0438\u0439 \u0440\u0435\u043c\u043e\u043d\u0442 (\u0437\u043b\u0430\u043c\u0430\u043d\u0456 \u043a\u043e\u043c\u043f\u043e\u043d\u0435\u043d\u0442\u0438)<\/td><td>\u0412\u0456\u0434 20 \u20ac<\/td><td>2 \u043c\u0456\u0441\u044f\u0446\u0456.<\/td><\/tr><tr><td>\u0420\u0435\u043c\u043e\u043d\u0442 \u0435\u043b\u0435\u043a\u0442\u0440\u0438\u043a\u0438 (\u043d\u0435 \u043f\u0440\u0430\u0446\u044e\u0454 \u0432\u0437\u0430\u0433\u0430\u043b\u0456 \/ \u0437\u0430\u0432\u0438\u0441\u0430\u0454 \u043f\u0456\u0434 \u043d\u0430\u0432\u0430\u043d\u0442\u0430\u0436\u0435\u043d\u043d\u044f\u043c \/ \u043f\u043e\u0433\u0430\u043d\u0456 \u043a\u043e\u043d\u0434\u0435\u043d\u0441\u0430\u0442\u043e\u0440\u0438 \/ \u0432\u0435\u043d\u0442\u0438\u043b\u044f\u0442\u043e\u0440 \u043e\u0431\u0435\u0440\u0442\u0430\u0454\u0442\u044c\u0441\u044f, \u0430\u043b\u0435 \u043d\u0435 \u0434\u0430\u0454 \u0437\u043e\u0431\u0440\u0430\u0436\u0435\u043d\u043d\u044f \u0456 \u0442.\u0434. \u043d\u0435\u0441\u043f\u0440\u0430\u0432\u043d\u043e\u0441\u0442\u0456)<\/td><td>\u0412\u0456\u0434 20 \u20ac<\/td><td>2 \u043c\u0456\u0441\u044f\u0446\u0456.<\/td><\/tr><tr><td>\u0410\u043a\u0442 \u043f\u0440\u043e \u0434\u0435\u0444\u0435\u043a\u0442 \u0432\u0456\u0434\u0435\u043e\u043a\u0430\u0440\u0442\u0438 \u0432 \u0441\u0442\u0440\u0430\u0445\u043e\u0432\u0443 \u043a\u043e\u043c\u043f\u0430\u043d\u0456\u044e (\u043e\u043f\u043b\u0430\u0447\u0443\u0454\u0442\u044c\u0441\u044f \u0441\u0442\u0440\u0430\u0445\u043e\u0432\u043e\u044e)<\/td><td>25 \u20ac<\/td><td>&#8211;<\/td><\/tr><\/tbody><\/table><\/figure>\n\n\n\n<p>\u0426\u0456\u043a\u0430\u0432\u043e, \u044f\u043a \u0432\u0456\u0434\u0431\u0443\u0432\u0430\u0454\u0442\u044c\u0441\u044f \u0440\u043e\u0431\u043e\u0442\u0430? \u0427\u0438\u0442\u0430\u0442\u0438 \u0434\u0430\u043b\u0456 <a href=\"https:\/\/www.instructables.com\/How-to-fix-a-graphics-card\/\" target=\"_blank\" rel=\"noreferrer noopener\">\u0442\u0443\u0442.<\/a>.<\/p>\n\n\n\n<p>\u0412\u0456\u0434\u0435\u043e\u043a\u0430\u0440\u0442\u0430 \u0437\u043b\u0430\u043c\u0430\u043d\u0430? <a href=\"\/uk\/kontaktai\/\">\u041a\u043e\u043d\u0442\u0430\u043a\u0442\u0438<\/a>!<\/p>","protected":false},"excerpt":{"rendered":"<p>\u041f\u0440\u043e\u0444\u0435\u0441\u0456\u0439\u043d\u0438\u0439 \u0440\u0435\u043c\u043e\u043d\u0442 \u0432\u0456\u0434\u0435\u043e\u043a\u0430\u0440\u0442 (\u0440\u0435\u043c\u043e\u043d\u0442 VGA \/ BGA) \u0434\u043b\u044f \u0432\u0441\u0456\u0445 \u0442\u0438\u043f\u0456\u0432 \u0441\u0442\u0430\u0446\u0456\u043e\u043d\u0430\u0440\u043d\u0438\u0445 \u0456 \u043f\u043e\u0440\u0442\u0430\u0442\u0438\u0432\u043d\u0438\u0445 \u043a\u043e\u043c\u043f'\u044e\u0442\u0435\u0440\u0456\u0432. \u0414\u043b\u044f \u0440\u0435\u043c\u043e\u043d\u0442\u0443 \u043c\u0438 \u0432\u0438\u043a\u043e\u0440\u0438\u0441\u0442\u043e\u0432\u0443\u0454\u043c\u043e \u0441\u0435\u0440\u0442\u0438\u0444\u0456\u043a\u043e\u0432\u0430\u043d\u0435 \u0441\u0443\u0447\u0430\u0441\u043d\u0435 \u043e\u0431\u043b\u0430\u0434\u043d\u0430\u043d\u043d\u044f, \u0442\u043e\u043c\u0443 \u043c\u043e\u0436\u0435\u043c\u043e \u0432\u0438\u043a\u043e\u043d\u0430\u0442\u0438 \u0440\u0435\u043c\u043e\u043d\u0442 \u0431\u0443\u0434\u044c-\u044f\u043a\u043e\u0457 \u0441\u043a\u043b\u0430\u0434\u043d\u043e\u0441\u0442\u0456. \u041c\u0438 \u043f\u0440\u0430\u0446\u044e\u0454\u043c\u043e \u043f\u0440\u0430\u043a\u0442\u0438\u0447\u043d\u043e \u0437 \u0443\u0441\u0456\u043c\u0430 \u0432\u0438\u0440\u043e\u0431\u043d\u0438\u043a\u0430\u043c\u0438 Gigabyte, Asus, MSI, Dell, HP, KFA2, Lenovo, TUL, Zotac. \u0427\u0456\u043f\u0441\u0435\u0442\u0438 nVidia GeForce, Intel, AMD \u0442\u0430 \u0456\u043d\u0448\u0456. \u041f\u0435\u0440\u0435\u0434 \u0440\u0435\u043c\u043e\u043d\u0442\u043e\u043c \u043f\u0440\u043e\u0432\u043e\u0434\u0438\u0442\u044c\u0441\u044f \u0434\u0456\u0430\u0433\u043d\u043e\u0441\u0442\u0438\u043a\u0430....&nbsp;<a href=\"https:\/\/www.taisykla7.lt\/uk\/vaizdo-ploksciu-remontas\/\" rel=\"bookmark\">\u0427\u0438\u0442\u0430\u0442\u0438 \u0434\u0430\u043b\u0456 \"<span class=\"screen-reader-text\">\u0420\u0435\u043c\u043e\u043d\u0442 \u0432\u0456\u0434\u0435\u043e\u043f\u0430\u043d\u0435\u043b\u0435\u0439<\/span><\/a><\/p>","protected":false},"author":1,"featured_media":0,"parent":0,"menu_order":0,"comment_status":"closed","ping_status":"closed","template":"","meta":{"_uag_custom_page_level_css":"","neve_meta_sidebar":"","neve_meta_container":"","neve_meta_enable_content_width":"","neve_meta_content_width":0,"neve_meta_title_alignment":"","neve_meta_author_avatar":"","neve_post_elements_order":"","neve_meta_disable_header":"","neve_meta_disable_footer":"","neve_meta_disable_title":"","footnotes":""},"class_list":["post-516","page","type-page","status-publish","hentry"],"yoast_head":"<!-- This site is optimized with the Yoast SEO plugin v27.5 - https:\/\/yoast.com\/product\/yoast-seo-wordpress\/ -->\n<title>Vaizdo plok\u0161\u010di\u0173 remontas Elektronikos remontas Vilniuje, Kaune, Klaip\u0117doje, \u0160iauliuose<\/title>\n<meta name=\"description\" content=\"Patikimas ir profesionalus vaizdo plok\u0161\u010di\u0173 remontas Vilniuje, Kaune, Klaip\u0117doje, \u0160iauliuose. Tel. 8-639-69600\" \/>\n<meta name=\"robots\" content=\"index, follow, max-snippet:-1, max-image-preview:large, max-video-preview:-1\" \/>\n<link rel=\"canonical\" href=\"https:\/\/www.taisykla7.lt\/uk\/vaizdo-ploksciu-remontas\/\" \/>\n<meta property=\"og:locale\" content=\"uk_UA\" \/>\n<meta property=\"og:type\" content=\"article\" \/>\n<meta property=\"og:title\" content=\"Vaizdo plok\u0161\u010di\u0173 remontas Elektronikos remontas Vilniuje, Kaune, Klaip\u0117doje, \u0160iauliuose\" \/>\n<meta property=\"og:description\" content=\"Patikimas ir profesionalus vaizdo plok\u0161\u010di\u0173 remontas Vilniuje, Kaune, Klaip\u0117doje, \u0160iauliuose. Tel. 8-639-69600\" \/>\n<meta property=\"og:url\" content=\"https:\/\/www.taisykla7.lt\/uk\/vaizdo-ploksciu-remontas\/\" \/>\n<meta property=\"og:site_name\" content=\"Elektronikos remontas Vilniuje, Kaune, Klaip\u0117doje, \u0160iauliuose\" \/>\n<meta property=\"article:modified_time\" content=\"2022-12-21T11:27:38+00:00\" \/>\n<meta property=\"og:image\" content=\"https:\/\/www.taisykla7.lt\/wp-content\/uploads\/2022\/09\/vaizdo_plokste_600.jpg\" \/>\n<meta name=\"twitter:card\" content=\"summary_large_image\" \/>\n<meta name=\"twitter:label1\" content=\"\u041f\u0440\u0438\u0431\u043b. \u0447\u0430\u0441 \u0447\u0438\u0442\u0430\u043d\u043d\u044f\" \/>\n\t<meta name=\"twitter:data1\" content=\"1 \u0445\u0432\u0438\u043b\u0438\u043d\u0430\" \/>\n<script type=\"application\/ld+json\" class=\"yoast-schema-graph\">{\"@context\":\"https:\\\/\\\/schema.org\",\"@graph\":[{\"@type\":\"WebPage\",\"@id\":\"https:\\\/\\\/www.taisykla7.lt\\\/vaizdo-ploksciu-remontas\\\/\",\"url\":\"https:\\\/\\\/www.taisykla7.lt\\\/vaizdo-ploksciu-remontas\\\/\",\"name\":\"Vaizdo plok\u0161\u010di\u0173 remontas Elektronikos remontas Vilniuje, Kaune, Klaip\u0117doje, \u0160iauliuose\",\"isPartOf\":{\"@id\":\"https:\\\/\\\/www.taisykla7.lt\\\/#website\"},\"primaryImageOfPage\":{\"@id\":\"https:\\\/\\\/www.taisykla7.lt\\\/vaizdo-ploksciu-remontas\\\/#primaryimage\"},\"image\":{\"@id\":\"https:\\\/\\\/www.taisykla7.lt\\\/vaizdo-ploksciu-remontas\\\/#primaryimage\"},\"thumbnailUrl\":\"https:\\\/\\\/www.taisykla7.lt\\\/wp-content\\\/uploads\\\/2022\\\/09\\\/vaizdo_plokste_600.jpg\",\"datePublished\":\"2022-04-18T15:52:58+00:00\",\"dateModified\":\"2022-12-21T11:27:38+00:00\",\"description\":\"Patikimas ir profesionalus vaizdo plok\u0161\u010di\u0173 remontas Vilniuje, Kaune, Klaip\u0117doje, \u0160iauliuose. Tel. 8-639-69600\",\"breadcrumb\":{\"@id\":\"https:\\\/\\\/www.taisykla7.lt\\\/vaizdo-ploksciu-remontas\\\/#breadcrumb\"},\"inLanguage\":\"uk\",\"potentialAction\":[{\"@type\":\"ReadAction\",\"target\":[\"https:\\\/\\\/www.taisykla7.lt\\\/vaizdo-ploksciu-remontas\\\/\"]}]},{\"@type\":\"ImageObject\",\"inLanguage\":\"uk\",\"@id\":\"https:\\\/\\\/www.taisykla7.lt\\\/vaizdo-ploksciu-remontas\\\/#primaryimage\",\"url\":\"https:\\\/\\\/www.taisykla7.lt\\\/wp-content\\\/uploads\\\/2022\\\/09\\\/vaizdo_plokste_600.jpg\",\"contentUrl\":\"https:\\\/\\\/www.taisykla7.lt\\\/wp-content\\\/uploads\\\/2022\\\/09\\\/vaizdo_plokste_600.jpg\"},{\"@type\":\"BreadcrumbList\",\"@id\":\"https:\\\/\\\/www.taisykla7.lt\\\/vaizdo-ploksciu-remontas\\\/#breadcrumb\",\"itemListElement\":[{\"@type\":\"ListItem\",\"position\":1,\"name\":\"Pagrindinis\",\"item\":\"https:\\\/\\\/www.taisykla7.lt\\\/\"},{\"@type\":\"ListItem\",\"position\":2,\"name\":\"Vaizdo plok\u0161\u010di\u0173 remontas\"}]},{\"@type\":\"WebSite\",\"@id\":\"https:\\\/\\\/www.taisykla7.lt\\\/#website\",\"url\":\"https:\\\/\\\/www.taisykla7.lt\\\/\",\"name\":\"Elektronikos remontas Vilniuje, Kaune, Klaip\u0117doje, \u0160iauliuose\",\"description\":\"Televizori\u0173, paspirtuk\u0173, kompiuteri\u0173, telefon\u0173, kavos aparat\u0173 ir kitos technikos remontas \\\/ taisykla\",\"publisher\":{\"@id\":\"https:\\\/\\\/www.taisykla7.lt\\\/#organization\"},\"potentialAction\":[{\"@type\":\"SearchAction\",\"target\":{\"@type\":\"EntryPoint\",\"urlTemplate\":\"https:\\\/\\\/www.taisykla7.lt\\\/?s={search_term_string}\"},\"query-input\":{\"@type\":\"PropertyValueSpecification\",\"valueRequired\":true,\"valueName\":\"search_term_string\"}}],\"inLanguage\":\"uk\"},{\"@type\":\"Organization\",\"@id\":\"https:\\\/\\\/www.taisykla7.lt\\\/#organization\",\"name\":\"Elektronikos remontas Vilniuje, Kaune, Klaip\u0117doje, \u0160iauliuose\",\"url\":\"https:\\\/\\\/www.taisykla7.lt\\\/\",\"logo\":{\"@type\":\"ImageObject\",\"inLanguage\":\"uk\",\"@id\":\"https:\\\/\\\/www.taisykla7.lt\\\/#\\\/schema\\\/logo\\\/image\\\/\",\"url\":\"https:\\\/\\\/www.taisykla7.lt\\\/wp-content\\\/uploads\\\/2022\\\/04\\\/taisykla7_logo.jpg\",\"contentUrl\":\"https:\\\/\\\/www.taisykla7.lt\\\/wp-content\\\/uploads\\\/2022\\\/04\\\/taisykla7_logo.jpg\",\"width\":400,\"height\":100,\"caption\":\"Elektronikos remontas Vilniuje, Kaune, Klaip\u0117doje, \u0160iauliuose\"},\"image\":{\"@id\":\"https:\\\/\\\/www.taisykla7.lt\\\/#\\\/schema\\\/logo\\\/image\\\/\"}}]}<\/script>\n<!-- \/ Yoast SEO plugin. -->","yoast_head_json":{"title":"Vaizdo plok\u0161\u010di\u0173 remontas Elektronikos remontas Vilniuje, Kaune, Klaip\u0117doje, \u0160iauliuose","description":"\u041d\u0430\u0434\u0456\u0439\u043d\u0438\u0439 \u0442\u0430 \u043f\u0440\u043e\u0444\u0435\u0441\u0456\u0439\u043d\u0438\u0439 \u0440\u0435\u043c\u043e\u043d\u0442 \u0432\u0456\u0434\u0435\u043e\u043f\u043b\u0430\u0442 \u0443 \u0412\u0456\u043b\u044c\u043d\u044e\u0441\u0456, \u041a\u0430\u0443\u043d\u0430\u0441\u0456, \u041a\u043b\u0430\u0439\u043f\u0435\u0434\u0456, \u0428\u044f\u0443\u043b\u044f\u0457. \u0422\u0435\u043b. 8-639-69600","robots":{"index":"index","follow":"follow","max-snippet":"max-snippet:-1","max-image-preview":"max-image-preview:large","max-video-preview":"max-video-preview:-1"},"canonical":"https:\/\/www.taisykla7.lt\/uk\/vaizdo-ploksciu-remontas\/","og_locale":"uk_UA","og_type":"article","og_title":"Vaizdo plok\u0161\u010di\u0173 remontas Elektronikos remontas Vilniuje, Kaune, Klaip\u0117doje, \u0160iauliuose","og_description":"Patikimas ir profesionalus vaizdo plok\u0161\u010di\u0173 remontas Vilniuje, Kaune, Klaip\u0117doje, \u0160iauliuose. Tel. 8-639-69600","og_url":"https:\/\/www.taisykla7.lt\/uk\/vaizdo-ploksciu-remontas\/","og_site_name":"Elektronikos remontas Vilniuje, Kaune, Klaip\u0117doje, \u0160iauliuose","article_modified_time":"2022-12-21T11:27:38+00:00","og_image":[{"url":"https:\/\/www.taisykla7.lt\/wp-content\/uploads\/2022\/09\/vaizdo_plokste_600.jpg","type":"","width":"","height":""}],"twitter_card":"summary_large_image","twitter_misc":{"\u041f\u0440\u0438\u0431\u043b. \u0447\u0430\u0441 \u0447\u0438\u0442\u0430\u043d\u043d\u044f":"1 \u0445\u0432\u0438\u043b\u0438\u043d\u0430"},"schema":{"@context":"https:\/\/schema.org","@graph":[{"@type":"WebPage","@id":"https:\/\/www.taisykla7.lt\/vaizdo-ploksciu-remontas\/","url":"https:\/\/www.taisykla7.lt\/vaizdo-ploksciu-remontas\/","name":"Vaizdo plok\u0161\u010di\u0173 remontas Elektronikos remontas Vilniuje, Kaune, Klaip\u0117doje, \u0160iauliuose","isPartOf":{"@id":"https:\/\/www.taisykla7.lt\/#website"},"primaryImageOfPage":{"@id":"https:\/\/www.taisykla7.lt\/vaizdo-ploksciu-remontas\/#primaryimage"},"image":{"@id":"https:\/\/www.taisykla7.lt\/vaizdo-ploksciu-remontas\/#primaryimage"},"thumbnailUrl":"https:\/\/www.taisykla7.lt\/wp-content\/uploads\/2022\/09\/vaizdo_plokste_600.jpg","datePublished":"2022-04-18T15:52:58+00:00","dateModified":"2022-12-21T11:27:38+00:00","description":"\u041d\u0430\u0434\u0456\u0439\u043d\u0438\u0439 \u0442\u0430 \u043f\u0440\u043e\u0444\u0435\u0441\u0456\u0439\u043d\u0438\u0439 \u0440\u0435\u043c\u043e\u043d\u0442 \u0432\u0456\u0434\u0435\u043e\u043f\u043b\u0430\u0442 \u0443 \u0412\u0456\u043b\u044c\u043d\u044e\u0441\u0456, \u041a\u0430\u0443\u043d\u0430\u0441\u0456, \u041a\u043b\u0430\u0439\u043f\u0435\u0434\u0456, \u0428\u044f\u0443\u043b\u044f\u0457. \u0422\u0435\u043b. 8-639-69600","breadcrumb":{"@id":"https:\/\/www.taisykla7.lt\/vaizdo-ploksciu-remontas\/#breadcrumb"},"inLanguage":"uk","potentialAction":[{"@type":"ReadAction","target":["https:\/\/www.taisykla7.lt\/vaizdo-ploksciu-remontas\/"]}]},{"@type":"ImageObject","inLanguage":"uk","@id":"https:\/\/www.taisykla7.lt\/vaizdo-ploksciu-remontas\/#primaryimage","url":"https:\/\/www.taisykla7.lt\/wp-content\/uploads\/2022\/09\/vaizdo_plokste_600.jpg","contentUrl":"https:\/\/www.taisykla7.lt\/wp-content\/uploads\/2022\/09\/vaizdo_plokste_600.jpg"},{"@type":"BreadcrumbList","@id":"https:\/\/www.taisykla7.lt\/vaizdo-ploksciu-remontas\/#breadcrumb","itemListElement":[{"@type":"ListItem","position":1,"name":"Pagrindinis","item":"https:\/\/www.taisykla7.lt\/"},{"@type":"ListItem","position":2,"name":"Vaizdo plok\u0161\u010di\u0173 remontas"}]},{"@type":"WebSite","@id":"https:\/\/www.taisykla7.lt\/#website","url":"https:\/\/www.taisykla7.lt\/","name":"Elektronikos remontas Vilniuje, Kaune, Klaip\u0117doje, \u0160iauliuose","description":"\u0420\u0435\u043c\u043e\u043d\u0442\/\u0432\u0456\u0434\u043d\u043e\u0432\u043b\u0435\u043d\u043d\u044f \u0442\u0435\u043b\u0435\u0432\u0456\u0437\u043e\u0440\u0456\u0432, \u0441\u043a\u0443\u0442\u0435\u0440\u0456\u0432, \u043a\u043e\u043c\u043f'\u044e\u0442\u0435\u0440\u0456\u0432, \u0442\u0435\u043b\u0435\u0444\u043e\u043d\u0456\u0432, \u043a\u0430\u0432\u043e\u0432\u0430\u0440\u043e\u043a \u0442\u0430 \u0456\u043d\u0448\u043e\u0457 \u0442\u0435\u0445\u043d\u0456\u043a\u0438","publisher":{"@id":"https:\/\/www.taisykla7.lt\/#organization"},"potentialAction":[{"@type":"SearchAction","target":{"@type":"EntryPoint","urlTemplate":"https:\/\/www.taisykla7.lt\/?s={search_term_string}"},"query-input":{"@type":"PropertyValueSpecification","valueRequired":true,"valueName":"search_term_string"}}],"inLanguage":"uk"},{"@type":"Organization","@id":"https:\/\/www.taisykla7.lt\/#organization","name":"Elektronikos remontas Vilniuje, Kaune, Klaip\u0117doje, \u0160iauliuose","url":"https:\/\/www.taisykla7.lt\/","logo":{"@type":"ImageObject","inLanguage":"uk","@id":"https:\/\/www.taisykla7.lt\/#\/schema\/logo\/image\/","url":"https:\/\/www.taisykla7.lt\/wp-content\/uploads\/2022\/04\/taisykla7_logo.jpg","contentUrl":"https:\/\/www.taisykla7.lt\/wp-content\/uploads\/2022\/04\/taisykla7_logo.jpg","width":400,"height":100,"caption":"Elektronikos remontas Vilniuje, Kaune, Klaip\u0117doje, \u0160iauliuose"},"image":{"@id":"https:\/\/www.taisykla7.lt\/#\/schema\/logo\/image\/"}}]}},"uagb_featured_image_src":{"full":false,"thumbnail":false,"medium":false,"medium_large":false,"large":false,"1536x1536":false,"2048x2048":false,"trp-custom-language-flag":false,"neve-blog":false},"uagb_author_info":{"display_name":"admin","author_link":"https:\/\/www.taisykla7.lt\/uk\/author\/admin\/"},"uagb_comment_info":0,"uagb_excerpt":"Profesionaliai atliekamas vis\u0173 tip\u0173 stacionari\u0173 ir ne\u0161iojam\u0173j\u0173 kompiuteri\u0173 vaizdo plok\u0161\u010di\u0173 remontas (VGA \/ BGA remontas). Remontui naudojame sertifikuot\u0105 moderni\u0105 \u012frang\u0105, tod\u0117l galime atlikti bet kokio sud\u0117tingumo remonto darbus. Dirbame prakti\u0161kai su visais gamintojais Gigabyte, Asus, MSI, Dell, HP, KFA2, Lenovo, TUL, Zotac. Lustais nVidia GeForce, Intel, AMD ir kitais. Prie\u0161 remont\u0105 pirma yra atliekama diagnostika.&hellip;&nbsp;\u0427\u0438\u0442\u0430\u0442\u0438&hellip;","_links":{"self":[{"href":"https:\/\/www.taisykla7.lt\/uk\/wp-json\/wp\/v2\/pages\/516","targetHints":{"allow":["GET"]}}],"collection":[{"href":"https:\/\/www.taisykla7.lt\/uk\/wp-json\/wp\/v2\/pages"}],"about":[{"href":"https:\/\/www.taisykla7.lt\/uk\/wp-json\/wp\/v2\/types\/page"}],"author":[{"embeddable":true,"href":"https:\/\/www.taisykla7.lt\/uk\/wp-json\/wp\/v2\/users\/1"}],"replies":[{"embeddable":true,"href":"https:\/\/www.taisykla7.lt\/uk\/wp-json\/wp\/v2\/comments?post=516"}],"version-history":[{"count":5,"href":"https:\/\/www.taisykla7.lt\/uk\/wp-json\/wp\/v2\/pages\/516\/revisions"}],"predecessor-version":[{"id":1797,"href":"https:\/\/www.taisykla7.lt\/uk\/wp-json\/wp\/v2\/pages\/516\/revisions\/1797"}],"wp:attachment":[{"href":"https:\/\/www.taisykla7.lt\/uk\/wp-json\/wp\/v2\/media?parent=516"}],"curies":[{"name":"wp","href":"https:\/\/api.w.org\/{rel}","templated":true}]}}